{"id":194,"date":"2023-01-25T04:02:00","date_gmt":"2023-01-25T04:02:00","guid":{"rendered":"https:\/\/quloi.com\/?page_id=194"},"modified":"2024-05-03T06:55:12","modified_gmt":"2024-05-03T06:55:12","slug":"cultura-quloi","status":"publish","type":"page","link":"https:\/\/quloi.com\/mx\/cultura-quloi\/","title":{"rendered":"Cultura"},"content":{"rendered":"<p>[et_pb_section fb_built=&#8221;1&#8243; custom_padding_last_edited=&#8221;on|tablet&#8221; _builder_version=&#8221;4.20.4&#8243; _module_preset=&#8221;1315e8f6-e38e-4400-89e7-be4a988fcfa5&#8243; background_color=&#8221;#08192d&#8221; background_enable_image=&#8221;off&#8221; custom_padding=&#8221;2px||2px||true|false&#8221; custom_padding_tablet=&#8221;2vh||2vh||true|false&#8221; custom_padding_phone=&#8221;2vh||2vh||true|false&#8221; global_colors_info=&#8221;{}&#8221;][et_pb_row column_structure=&#8221;1_2,1_2&#8243; use_custom_gutter=&#8221;on&#8221; gutter_width=&#8221;2&#8243; make_equal=&#8221;on&#8221; _builder_version=&#8221;4.19.4&#8243; _module_preset=&#8221;default&#8221; custom_css_main_element=&#8221;align-items:center;&#8221; global_colors_info=&#8221;{}&#8221;][et_pb_column type=&#8221;1_2&#8243; _builder_version=&#8221;4.19.4&#8243; _module_preset=&#8221;default&#8221; global_colors_info=&#8221;{}&#8221;][et_pb_text content_tablet=&#8221;<\/p>\n<h1><span>\u00a1Act\u00faa.<br \/>Cuida.<br \/>Disfruta!<\/span><\/h1>\n<p>&#8221; content_phone=&#8221;<\/p>\n<h1><span>\u00a1Act\u00faa.<br \/>Cuida.<br \/>Disfruta!<\/span><\/h1>\n<p>&#8221; content_last_edited=&#8221;on|phone&#8221; _builder_version=&#8221;4.24.2&#8243; _module_preset=&#8221;64afd568-2ca1-47ae-a5bc-f3c8376ba97f&#8221; header_text_align=&#8221;left&#8221; header_text_color=&#8221;#FFFFFF&#8221; header_font_size=&#8221;55px&#8221; header_2_font=&#8221;Poppins|800|||||||&#8221; header_2_text_align=&#8221;left&#8221; header_2_text_color=&#8221;#424242&#8243; header_2_font_size=&#8221;44px&#8221; header_2_line_height=&#8221;1.3em&#8221; header_text_align_tablet=&#8221;center&#8221; header_text_align_phone=&#8221;center&#8221; header_text_align_last_edited=&#8221;on|desktop&#8221; header_font_size_tablet=&#8221;55px&#8221; header_font_size_phone=&#8221;45px&#8221; header_font_size_last_edited=&#8221;on|phone&#8221; header_2_font_size_tablet=&#8221;44px&#8221; header_2_font_size_phone=&#8221;35px&#8221; header_2_font_size_last_edited=&#8221;on|phone&#8221; global_colors_info=&#8221;{}&#8221;]<\/p>\n<h1><span>\u00a1Act\u00faa.<br \/>Cuida.<br \/>Disfruta!<\/span><\/h1>\n<p>[\/et_pb_text][\/et_pb_column][et_pb_column type=&#8221;1_2&#8243; _builder_version=&#8221;4.19.4&#8243; _module_preset=&#8221;default&#8221; global_colors_info=&#8221;{}&#8221;][et_pb_image src=&#8221;https:\/\/quloi.com\/wp-content\/uploads\/2023\/01\/Image-header-culture-01-2.png&#8221; title_text=&#8221;Image-header-culture-01&#8243; _builder_version=&#8221;4.19.4&#8243; _module_preset=&#8221;60fb2d10-a6a4-40da-8f64-6ad2b1775104&#8243; global_colors_info=&#8221;{}&#8221;][\/et_pb_image][\/et_pb_column][\/et_pb_row][\/et_pb_section][et_pb_section fb_built=&#8221;1&#8243; _builder_version=&#8221;4.20.4&#8243; _module_preset=&#8221;1315e8f6-e38e-4400-89e7-be4a988fcfa5&#8243; background_color=&#8221;#f3f7fa&#8221; background_enable_image=&#8221;off&#8221; custom_padding=&#8221;8vh||8vh||true|false&#8221; global_colors_info=&#8221;{}&#8221;][et_pb_row _builder_version=&#8221;4.19.4&#8243; _module_preset=&#8221;default&#8221; custom_padding=&#8221;||27px|||&#8221; global_colors_info=&#8221;{}&#8221;][et_pb_column type=&#8221;4_4&#8243; _builder_version=&#8221;4.19.4&#8243; _module_preset=&#8221;default&#8221; global_colors_info=&#8221;{}&#8221;][et_pb_text content_tablet=&#8221;<\/p>\n<h2><span>Nuestra cultura nos permite transformar la creatividad, la innovaci\u00f3n, la inclusividad en<br \/>nuestros productos.<\/span><\/h2>\n<p>&#8221; content_phone=&#8221;<\/p>\n<h2><span>Nuestra cultura nos permite transformar<br \/>la creatividad, la innovaci\u00f3n, la inclusividad en<br \/>nuestros productos.<\/span><\/h2>\n<p>&#8221; content_last_edited=&#8221;on|phone&#8221; _builder_version=&#8221;4.24.2&#8243; _module_preset=&#8221;bd593af9-12e1-4761-9e94-dc29e77b7987&#8243; header_2_text_align=&#8221;center&#8221; header_2_text_color=&#8221;#1d3e69&#8243; header_2_font_size=&#8221;45px&#8221; header_2_line_height=&#8221;1.2em&#8221; text_orientation=&#8221;center&#8221; custom_margin=&#8221;0px||||false|false&#8221; custom_padding=&#8221;0px||||false|false&#8221; header_2_font_size_tablet=&#8221;45px&#8221; header_2_font_size_phone=&#8221;30px&#8221; header_2_font_size_last_edited=&#8221;on|phone&#8221; border_width_bottom=&#8221;2px&#8221; border_color_bottom=&#8221;#FFFFFF&#8221; global_colors_info=&#8221;{}&#8221;]<\/p>\n<h2><span>Nuestra cultura nos permite transformar la creatividad, la innovaci\u00f3n, la inclusividad<br \/>en nuestros productos.<\/span><\/h2>\n<p>[\/et_pb_text][\/et_pb_column][\/et_pb_row][et_pb_row make_equal=&#8221;on&#8221; _builder_version=&#8221;4.19.4&#8243; _module_preset=&#8221;default&#8221; custom_css_main_element=&#8221;align-items:center;&#8221; global_colors_info=&#8221;{}&#8221;][et_pb_column type=&#8221;4_4&#8243; _builder_version=&#8221;4.19.4&#8243; _module_preset=&#8221;default&#8221; global_colors_info=&#8221;{}&#8221;][et_pb_text content_tablet=&#8221;<\/p>\n<p><span>Quloi %91kloh-ee%93 es una Startup tecnol\u00f3gica que se enfoca en soluciones log\u00edsticas cuantificadas para revolucionar el mercado del sistema de gesti\u00f3n de transporte global de $11 mil millones. Quloi combina aprendizaje autom\u00e1tico, inteligencia artificial y experiencia en log\u00edstica para ofrecer lo que m\u00e1s importa: soluciones que optimizan el flujo de productos, la velocidad de la cadena de suministro y la reducci\u00f3n de costos. Nuestra promesa, como una fuerza disruptiva, es operar un negocio exitoso de optimizaci\u00f3n log\u00edstica al satisfacer la multidimensionalidad de las necesidades de nuestros clientes.<\/span><\/p>\n<p>&#8221; content_phone=&#8221;<\/p>\n<p><span>Quloi %91kloh-ee%93 es una Startup tecnol\u00f3gica que se enfoca en soluciones log\u00edsticas cuantificadas para revolucionar el mercado del sistema de gesti\u00f3n de transporte global de $11 mil millones. Quloi combina aprendizaje autom\u00e1tico, inteligencia artificial y experiencia en log\u00edstica para ofrecer lo que m\u00e1s importa: soluciones que optimizan el flujo de productos, la velocidad de la cadena de suministro y la reducci\u00f3n de costos. Nuestra promesa, como una fuerza disruptiva, es operar un negocio exitoso de optimizaci\u00f3n log\u00edstica al satisfacer la multidimensionalidad de las necesidades de nuestros clientes.<\/span><\/p>\n<p>&#8221; content_last_edited=&#8221;on|desktop&#8221; _builder_version=&#8221;4.24.2&#8243; _module_preset=&#8221;8e50be40-41ff-480c-b26a-75dc68d4c4a4&#8243; text_orientation=&#8221;center&#8221; custom_margin=&#8221;||20px||false|false&#8221; global_colors_info=&#8221;{}&#8221;]<\/p>\n<p><span>Quloi [kloh-ee] es una Startup tecnol\u00f3gica que se enfoca en soluciones log\u00edsticas cuantificadas para revolucionar el mercado del sistema de gesti\u00f3n de transporte global de $11 mil millones. Quloi combina aprendizaje autom\u00e1tico, inteligencia artificial y experiencia en log\u00edstica para ofrecer lo que m\u00e1s importa: soluciones que optimizan el flujo de productos, la velocidad de la cadena de suministro y la reducci\u00f3n de costos. Nuestra promesa, como una fuerza disruptiva, es operar un negocio exitoso de optimizaci\u00f3n log\u00edstica al satisfacer la multidimensionalidad de las necesidades de nuestros clientes.<\/span><\/p>\n<p>[\/et_pb_text][\/et_pb_column][\/et_pb_row][\/et_pb_section][et_pb_section fb_built=&#8221;1&#8243; custom_padding_last_edited=&#8221;on|desktop&#8221; _builder_version=&#8221;4.20.2&#8243; _module_preset=&#8221;90ec0c7b-2cbc-49c2-aea2-8186cd5310a4&#8243; background_color=&#8221;#424242&#8243; background_image=&#8221;https:\/\/quloi.com\/wp-content\/uploads\/2023\/01\/ImageBuiltByLogisticsProfessionals.png&#8221; custom_padding=&#8221;18vh||18vh||true|false&#8221; custom_padding_tablet=&#8221;8vh||8vh||true|false&#8221; custom_padding_phone=&#8221;8vh||8vh||true|false&#8221; global_colors_info=&#8221;{}&#8221;][et_pb_row _builder_version=&#8221;4.20.2&#8243; _module_preset=&#8221;default&#8221; global_colors_info=&#8221;{}&#8221;][et_pb_column type=&#8221;4_4&#8243; _builder_version=&#8221;4.19.4&#8243; _module_preset=&#8221;default&#8221; global_colors_info=&#8221;{}&#8221;][et_pb_text _builder_version=&#8221;4.24.2&#8243; _module_preset=&#8221;bd593af9-12e1-4761-9e94-dc29e77b7987&#8243; header_2_text_align=&#8221;center&#8221; header_2_text_color=&#8221;#FFFFFF&#8221; header_2_font_size=&#8221;30px&#8221; header_2_line_height=&#8221;1.2em&#8221; text_orientation=&#8221;center&#8221; custom_margin=&#8221;||0px||false|false&#8221; custom_padding=&#8221;||0px||false|false&#8221; header_2_font_size_tablet=&#8221;45px&#8221; header_2_font_size_phone=&#8221;45px&#8221; header_2_font_size_last_edited=&#8221;on|tablet&#8221; border_style_all=&#8221;none&#8221; border_width_bottom=&#8221;2px&#8221; border_color_bottom=&#8221;#FFFFFF&#8221; border_radii_last_edited=&#8221;off|desktop&#8221; global_colors_info=&#8221;{}&#8221;]<\/p>\n<h2><span>Construido por profesionales<br \/>de la log\u00edstica<\/span><\/h2>\n<p>[\/et_pb_text][\/et_pb_column][\/et_pb_row][et_pb_row make_equal=&#8221;on&#8221; _builder_version=&#8221;4.19.4&#8243; _module_preset=&#8221;default&#8221; custom_padding=&#8221;0px|||||&#8221; custom_css_main_element=&#8221;align-items:center;&#8221; global_colors_info=&#8221;{}&#8221;][et_pb_column type=&#8221;4_4&#8243; _builder_version=&#8221;4.19.4&#8243; _module_preset=&#8221;default&#8221; global_colors_info=&#8221;{}&#8221;][et_pb_text content_tablet=&#8221;<\/p>\n<p><span>Quloi es una reciente escisi\u00f3n de la divisi\u00f3n de tecnolog\u00eda de un proveedor log\u00edstico global,<br \/>creada para enfocarse en estrategias exitosas de software \u00e1gil en el creciente vertical de log\u00edstica SaaS.<\/span><\/p>\n<p>&#8221; content_phone=&#8221;<\/p>\n<p><span>Quloi es una reciente escisi\u00f3n de la divisi\u00f3n de tecnolog\u00eda de un proveedor log\u00edstico global, creada para enfocarse en estrategias exitosas de software \u00e1gil en el creciente vertical de log\u00edstica SaaS.<\/span><\/p>\n<p>&#8221; content_last_edited=&#8221;on|phone&#8221; _builder_version=&#8221;4.24.2&#8243; _module_preset=&#8221;8e50be40-41ff-480c-b26a-75dc68d4c4a4&#8243; text_text_color=&#8221;#FFFFFF&#8221; text_orientation=&#8221;center&#8221; custom_margin=&#8221;0px||20px||false|false&#8221; custom_padding=&#8221;0px||||false|false&#8221; global_colors_info=&#8221;{}&#8221;]<\/p>\n<p><span>Quloi es una reciente escisi\u00f3n de la divisi\u00f3n de tecnolog\u00eda de un proveedor log\u00edstico global,<br \/>creada para enfocarse en estrategias exitosas de software \u00e1gil en el creciente vertical de log\u00edstica SaaS.<\/span><\/p>\n<p>[\/et_pb_text][\/et_pb_column][\/et_pb_row][\/et_pb_section][et_pb_section fb_built=&#8221;1&#8243; _builder_version=&#8221;4.19.4&#8243; _module_preset=&#8221;1315e8f6-e38e-4400-89e7-be4a988fcfa5&#8243; background_enable_image=&#8221;off&#8221; custom_padding=&#8221;10vh||10vh||true|false&#8221; global_colors_info=&#8221;{}&#8221;][et_pb_row _builder_version=&#8221;4.24.2&#8243; _module_preset=&#8221;default&#8221; max_width=&#8221;80%&#8221; global_colors_info=&#8221;{}&#8221;][et_pb_column type=&#8221;4_4&#8243; _builder_version=&#8221;4.19.4&#8243; _module_preset=&#8221;default&#8221; global_colors_info=&#8221;{}&#8221;][et_pb_image src=&#8221;https:\/\/quloi.com\/mx\/wp-content\/uploads\/sites\/2\/2024\/04\/Cultura.png&#8221; title_text=&#8221;Cultura&#8221; align=&#8221;center&#8221; _builder_version=&#8221;4.24.2&#8243; _module_preset=&#8221;60fb2d10-a6a4-40da-8f64-6ad2b1775104&#8243; scroll_fade_enable=&#8221;off&#8221; global_colors_info=&#8221;{}&#8221;][\/et_pb_image][\/et_pb_column][\/et_pb_row][et_pb_row make_equal=&#8221;on&#8221; _builder_version=&#8221;4.19.4&#8243; _module_preset=&#8221;default&#8221; custom_css_main_element=&#8221;align-items:center;&#8221; global_colors_info=&#8221;{}&#8221;][et_pb_column type=&#8221;4_4&#8243; _builder_version=&#8221;4.19.4&#8243; _module_preset=&#8221;default&#8221; global_colors_info=&#8221;{}&#8221;][et_pb_text content_tablet=&#8221;<\/p>\n<h2><span style=%22color: #1d3e69;%22><span>Aprende Sobre Nuestras Qualidades:<br \/>\u00a1Es Parte de Nuestro ADN!<\/span><\/span><\/h2>\n<p>&#8221; content_phone=&#8221;<\/p>\n<h2><span style=%22color: #1d3e69;%22><span>Aprende Sobre Nuestras Qualidades:<br \/>\u00a1Es Parte de Nuestro ADN!<\/span><\/span><\/h2>\n<p>&#8221; content_last_edited=&#8221;on|phone&#8221; _builder_version=&#8221;4.24.2&#8243; _module_preset=&#8221;bd593af9-12e1-4761-9e94-dc29e77b7987&#8243; header_2_text_align=&#8221;center&#8221; header_2_font_size=&#8221;45px&#8221; header_2_line_height=&#8221;1.2em&#8221; custom_padding=&#8221;||20px||false|false&#8221; custom_padding_tablet=&#8221;||20px||false|false&#8221; custom_padding_phone=&#8221;||20px||false|false&#8221; custom_padding_last_edited=&#8221;on|phone&#8221; header_2_font_size_tablet=&#8221;45px&#8221; header_2_font_size_phone=&#8221;35px&#8221; header_2_font_size_last_edited=&#8221;on|phone&#8221; global_colors_info=&#8221;{}&#8221;]<\/p>\n<h2><span style=\"color: #1d3e69;\"><span>Aprende Sobre Nuestras Cualidades:<br \/>\u00a1Es Parte de Nuestro ADN!<\/span><\/span><\/h2>\n<p>[\/et_pb_text][\/et_pb_column][\/et_pb_row][\/et_pb_section][et_pb_section fb_built=&#8221;1&#8243; _builder_version=&#8221;4.20.4&#8243; _module_preset=&#8221;1315e8f6-e38e-4400-89e7-be4a988fcfa5&#8243; background_color=&#8221;#f3f7fa&#8221; background_enable_image=&#8221;off&#8221; custom_padding=&#8221;10vh||10vh||true|false&#8221; locked=&#8221;off&#8221; global_colors_info=&#8221;{}&#8221;][et_pb_row column_structure=&#8221;2_5,3_5&#8243; make_equal=&#8221;on&#8221; _builder_version=&#8221;4.20.2&#8243; _module_preset=&#8221;default&#8221; max_width=&#8221;1500px&#8221; custom_css_main_element=&#8221;align-items:center;&#8221; global_colors_info=&#8221;{}&#8221;][et_pb_column type=&#8221;2_5&#8243; _builder_version=&#8221;4.19.4&#8243; _module_preset=&#8221;default&#8221; global_colors_info=&#8221;{}&#8221;][et_pb_text _builder_version=&#8221;4.24.2&#8243; _module_preset=&#8221;bd593af9-12e1-4761-9e94-dc29e77b7987&#8243; header_2_font_size=&#8221;35px&#8221; header_2_line_height=&#8221;1.2em&#8221; header_2_font_size_tablet=&#8221;45px&#8221; header_2_font_size_phone=&#8221;35px&#8221; header_2_font_size_last_edited=&#8221;on|tablet&#8221; global_colors_info=&#8221;{}&#8221;]<\/p>\n<h2 style=\"text-align: left;\"><span style=\"color: #1d3e69;\">Nuestra Gente<\/span><\/h2>\n<p>[\/et_pb_text][\/et_pb_column][et_pb_column type=&#8221;3_5&#8243; _builder_version=&#8221;4.19.4&#8243; _module_preset=&#8221;default&#8221; global_colors_info=&#8221;{}&#8221;][et_pb_text _builder_version=&#8221;4.19.4&#8243; _module_preset=&#8221;8e50be40-41ff-480c-b26a-75dc68d4c4a4&#8243; custom_margin=&#8221;||20px||false|false&#8221; global_colors_info=&#8221;{}&#8221;]<\/p>\n<p><span>Nuestro capital humano es el activo m\u00e1s valioso que tenemos y son los pilares de nuestra organizaci\u00f3n. Quloi valora y fomenta la diversidad y la inclusi\u00f3n. Creemos que cada opini\u00f3n cuenta y que cada contribuci\u00f3n realizada es un paso hacia el progreso. Amamos a nuestra gente y la pasi\u00f3n que llevan consigo por su trabajo.<\/span><\/p>\n<p>[\/et_pb_text][\/et_pb_column][\/et_pb_row][\/et_pb_section][et_pb_section fb_built=&#8221;1&#8243; _builder_version=&#8221;4.19.4&#8243; _module_preset=&#8221;1315e8f6-e38e-4400-89e7-be4a988fcfa5&#8243; background_enable_color=&#8221;off&#8221; background_enable_image=&#8221;off&#8221; custom_padding=&#8221;10vh||10vh||true|false&#8221; locked=&#8221;off&#8221; global_colors_info=&#8221;{}&#8221;][et_pb_row column_structure=&#8221;3_5,2_5&#8243; make_equal=&#8221;on&#8221; module_class=&#8221;custom_row&#8221; _builder_version=&#8221;4.20.2&#8243; _module_preset=&#8221;default&#8221; max_width=&#8221;1500px&#8221; custom_css_main_element=&#8221;align-items:center;&#8221; global_colors_info=&#8221;{}&#8221;][et_pb_column type=&#8221;3_5&#8243; module_class=&#8221;second-on-mobile&#8221; _builder_version=&#8221;4.20.2&#8243; _module_preset=&#8221;default&#8221; global_colors_info=&#8221;{}&#8221;][et_pb_text content_tablet=&#8221;<\/p>\n<h2 style=%22text-align: left;%22><span>Diversidad, inclusividad e igualdad de oportunidades<\/span><\/h2>\n<p>&#8221; content_phone=&#8221;<\/p>\n<h2 style=%22text-align: left;%22><span>Diversidad, inclusividad e igualdad de oportunidades<\/span><\/h2>\n<p>&#8221; content_last_edited=&#8221;on|tablet&#8221; disabled_on=&#8221;off|off|on&#8221; _builder_version=&#8221;4.24.2&#8243; _module_preset=&#8221;bd593af9-12e1-4761-9e94-dc29e77b7987&#8243; header_2_text_align=&#8221;right&#8221; header_2_text_color=&#8221;#1d3e69&#8243; header_2_font_size=&#8221;45px&#8221; header_2_line_height=&#8221;1.2em&#8221; width=&#8221;100%&#8221; custom_margin=&#8221;-12px||||false|false&#8221; custom_padding=&#8221;0px||||false|false&#8221; header_2_font_size_tablet=&#8221;45px&#8221; header_2_font_size_phone=&#8221;35px&#8221; header_2_font_size_last_edited=&#8221;on|phone&#8221; global_colors_info=&#8221;{}&#8221;]<\/p>\n<h2><span>Diversidad, inclusividad e igualdad de oportunidades<\/span><\/h2>\n<p>[\/et_pb_text][et_pb_text _builder_version=&#8221;4.20.2&#8243; _module_preset=&#8221;8e50be40-41ff-480c-b26a-75dc68d4c4a4&#8243; custom_margin=&#8221;||20px||false|false&#8221; global_colors_info=&#8221;{}&#8221;]<\/p>\n<p>Quloi se compromete a fomentar, cultivar y preservar una cultura de Diversidad e Inclusi\u00f3n y permitir que los miembros disfruten de igualdad de oportunidades en Quloi.<\/p>\n<p>Nos esforzamos por garantizar que cada miembro est\u00e9 capacitado para dar lo mejor de s\u00ed en el trabajo y tenga oportunidades de progreso en su carrera.<\/p>\n<p>Nuestro enfoque en la diversidad e inclusividad de la empresa se aplica, pero no se limita, a nuestras pr\u00e1cticas y pol\u00edticas de reclutamiento y selecci\u00f3n, compensaci\u00f3n y beneficios, desarrollo profesional y formaci\u00f3n, ascensos, traslados, oportunidades en el lugar de trabajo, despidos, terminaciones y el continuo desarrollo de un entorno laboral basado en el principio de equidad de g\u00e9nero y diversidad.<\/p>\n<p>[\/et_pb_text][\/et_pb_column][et_pb_column type=&#8221;2_5&#8243; module_class=&#8221;first-on-mobile&#8221; _builder_version=&#8221;4.20.2&#8243; _module_preset=&#8221;default&#8221; global_colors_info=&#8221;{}&#8221;][et_pb_text disabled_on=&#8221;on|on|off&#8221; _builder_version=&#8221;4.24.2&#8243; _module_preset=&#8221;bd593af9-12e1-4761-9e94-dc29e77b7987&#8243; header_2_text_align=&#8221;right&#8221; header_2_text_color=&#8221;#1d3e69&#8243; header_2_font_size=&#8221;45px&#8221; header_2_line_height=&#8221;1.2em&#8221; width=&#8221;100%&#8221; custom_margin=&#8221;-12px||||false|false&#8221; custom_padding=&#8221;0px||||false|false&#8221; header_2_font_size_tablet=&#8221;45px&#8221; header_2_font_size_phone=&#8221;35px&#8221; header_2_font_size_last_edited=&#8221;on|phone&#8221; global_colors_info=&#8221;{}&#8221;]<\/p>\n<h2><span>Diversidad, inclusividad e igualdad de oportunidades<\/span><\/h2>\n<p>[\/et_pb_text][\/et_pb_column][\/et_pb_row][\/et_pb_section]<\/p>\n","protected":false},"excerpt":{"rendered":"<p>\u00a1Act\u00faa.Cuida.Disfruta!Nuestra cultura nos permite transformar la creatividad, la innovaci\u00f3n, la inclusividaden nuestros productos.Quloi [kloh-ee] es una Startup tecnol\u00f3gica que se enfoca en soluciones log\u00edsticas cuantificadas para revolucionar el mercado del sistema de gesti\u00f3n de transporte global de $11 mil millones. Quloi combina aprendizaje autom\u00e1tico, inteligencia artificial y experiencia en log\u00edstica para ofrecer lo que m\u00e1s [&hellip;]<\/p>\n","protected":false},"author":4,"featured_media":0,"parent":0,"menu_order":0,"comment_status":"closed","ping_status":"closed","template":"","meta":{"_et_pb_use_builder":"on","_et_pb_old_content":"<!-- wp:divi\/placeholder \/-->","_et_gb_content_width":""},"_links":{"self":[{"href":"https:\/\/quloi.com\/mx\/wp-json\/wp\/v2\/pages\/194"}],"collection":[{"href":"https:\/\/quloi.com\/mx\/wp-json\/wp\/v2\/pages"}],"about":[{"href":"https:\/\/quloi.com\/mx\/wp-json\/wp\/v2\/types\/page"}],"author":[{"embeddable":true,"href":"https:\/\/quloi.com\/mx\/wp-json\/wp\/v2\/users\/4"}],"replies":[{"embeddable":true,"href":"https:\/\/quloi.com\/mx\/wp-json\/wp\/v2\/comments?post=194"}],"version-history":[{"count":16,"href":"https:\/\/quloi.com\/mx\/wp-json\/wp\/v2\/pages\/194\/revisions"}],"predecessor-version":[{"id":6266,"href":"https:\/\/quloi.com\/mx\/wp-json\/wp\/v2\/pages\/194\/revisions\/6266"}],"wp:attachment":[{"href":"https:\/\/quloi.com\/mx\/wp-json\/wp\/v2\/media?parent=194"}],"curies":[{"name":"wp","href":"https:\/\/api.w.org\/{rel}","templated":true}]}}