{"id":2422,"date":"2023-04-26T17:53:02","date_gmt":"2023-04-26T17:53:02","guid":{"rendered":"https:\/\/www.quloi.com\/?page_id=2422"},"modified":"2025-08-05T19:53:33","modified_gmt":"2025-08-05T19:53:33","slug":"whitepaper","status":"publish","type":"page","link":"https:\/\/quloi.com\/mx\/recursos\/whitepaper\/","title":{"rendered":"Whitepaper"},"content":{"rendered":"<p>[et_pb_section fb_built=&#8221;1&#8243; _builder_version=&#8221;4.20.4&#8243; _module_preset=&#8221;514b1389-6764-4eff-a532-985feea8d06c&#8221; background_color=&#8221;#f3f7fa&#8221; min_height=&#8221;442.5px&#8221; custom_margin=&#8221;||||false|false&#8221; custom_padding=&#8221;6vh||14vh||false|false&#8221; global_colors_info=&#8221;{}&#8221;][et_pb_row column_structure=&#8221;1_2,1_2&#8243; _builder_version=&#8221;4.23.4&#8243; _module_preset=&#8221;default&#8221; max_width=&#8221;80%&#8221; global_colors_info=&#8221;{}&#8221;][et_pb_column type=&#8221;1_2&#8243; _builder_version=&#8221;4.23.1&#8243; _module_preset=&#8221;default&#8221; global_colors_info=&#8221;{}&#8221;][et_pb_text content_tablet=&#8221;<\/p>\n<h1>Whitepapers<\/h1>\n<\/p>\n<p>&#8221; content_phone=&#8221;<\/p>\n<h1>Whitepaper<\/h1>\n<p>&#8221; content_last_edited=&#8221;on|tablet&#8221; _builder_version=&#8221;4.24.2&#8243; _module_preset=&#8221;b617b9b1-0794-4dfa-810c-5d1ab1cf9107&#8243; header_font=&#8221;|700|||||||&#8221; header_text_color=&#8221;#1d3e69&#8243; header_font_size=&#8221;55px&#8221; header_line_height=&#8221;1.1em&#8221; custom_margin=&#8221;30px||20px||false|false&#8221; custom_margin_tablet=&#8221;20px||||false|false&#8221; custom_margin_phone=&#8221;20px||||false|false&#8221; custom_margin_last_edited=&#8221;on|tablet&#8221; animation_style=&#8221;slide&#8221; animation_direction=&#8221;top&#8221; header_font_tablet=&#8221;&#8221; header_font_phone=&#8221;&#8221; header_font_last_edited=&#8221;on|tablet&#8221; header_font_size_tablet=&#8221;55px&#8221; header_font_size_phone=&#8221;35px&#8221; header_font_size_last_edited=&#8221;on|phone&#8221; global_colors_info=&#8221;{}&#8221;]<\/p>\n<h1>Whitepapers<\/h1>\n<p>[\/et_pb_text][et_pb_text content_tablet=&#8221;<\/p>\n<p><span>Entendemos que mantenerse actualizado e informado<br \/>es crucial en la industria log\u00edstica en constante evoluci\u00f3n.<br \/>Por eso, hemos recopilado una gran cantidad de recursos<br \/>para ayudarlo a navegar por los desaf\u00edos y<br \/>oportunidades del mundo log\u00edstico.<\/span><\/p>\n<p>&#8221; content_phone=&#8221;<\/p>\n<p><span>Entendemos que mantenerse actualizado e informado<br \/>es crucial en la industria log\u00edstica en constante evoluci\u00f3n.<br \/>Por eso, hemos recopilado una gran cantidad de recursos<br \/>para ayudarlo a navegar por los desaf\u00edos y oportunidades del mundo log\u00edstico.<\/span><\/p>\n<p>&#8221; content_last_edited=&#8221;on|phone&#8221; _builder_version=&#8221;4.24.2&#8243; _module_preset=&#8221;b617b9b1-0794-4dfa-810c-5d1ab1cf9107&#8243; text_font_size=&#8221;18px&#8221; animation_style=&#8221;slide&#8221; animation_direction=&#8221;left&#8221; text_font_size_tablet=&#8221;&#8221; text_font_size_phone=&#8221;&#8221; text_font_size_last_edited=&#8221;on|phone&#8221; global_colors_info=&#8221;{}&#8221;]<\/p>\n<p><span>Entendemos que mantenerse actualizado e informado<br \/>es crucial en la industria log\u00edstica en constante evoluci\u00f3n.<br \/>Por eso, hemos recopilado una gran cantidad de recursos<br \/>para ayudarlo a navegar por los desaf\u00edos y<br \/>oportunidades del mundo log\u00edstico.<\/span><\/p>\n<p>[\/et_pb_text][et_pb_button button_url=&#8221;https:\/\/quloi.com\/mx\/agendar-demo\/&#8221; button_text=&#8221;Agendar una Demo&#8221; _builder_version=&#8221;4.24.2&#8243; _module_preset=&#8221;default&#8221; custom_button=&#8221;on&#8221; button_text_size=&#8221;18px&#8221; button_text_color=&#8221;#FFFFFF&#8221; button_bg_color=&#8221;#3b80e0&#8243; button_border_width=&#8221;0px&#8221; button_border_radius=&#8221;30px&#8221; button_use_icon=&#8221;off&#8221; custom_margin=&#8221;30px||||false|false&#8221; custom_padding=&#8221;10px||10px||false|false&#8221; animation_style=&#8221;slide&#8221; animation_direction=&#8221;right&#8221; button_text_size_tablet=&#8221;18px&#8221; button_text_size_phone=&#8221;16px&#8221; button_text_size_last_edited=&#8221;on|desktop&#8221; global_colors_info=&#8221;{}&#8221;][\/et_pb_button][\/et_pb_column][et_pb_column type=&#8221;1_2&#8243; _builder_version=&#8221;4.23.1&#8243; _module_preset=&#8221;default&#8221; global_colors_info=&#8221;{}&#8221;][et_pb_image src=&#8221;https:\/\/quloi.com\/mx\/wp-content\/uploads\/sites\/2\/2024\/04\/WhitepaperSeccion-Grafico.gif&#8221; title_text=&#8221;WhitepaperSeccion-Grafico&#8221; _builder_version=&#8221;4.24.2&#8243; _module_preset=&#8221;default&#8221; custom_padding=&#8221;30px||||false|false&#8221; custom_padding_tablet=&#8221;30px||||false|false&#8221; custom_padding_phone=&#8221;30px||||false|false&#8221; custom_padding_last_edited=&#8221;on|desktop&#8221; animation_style=&#8221;slide&#8221; animation_direction=&#8221;bottom&#8221; global_colors_info=&#8221;{}&#8221;][\/et_pb_image][\/et_pb_column][\/et_pb_row][\/et_pb_section][et_pb_section fb_built=&#8221;1&#8243; _builder_version=&#8221;4.24.2&#8243; _module_preset=&#8221;514b1389-6764-4eff-a532-985feea8d06c&#8221; background_color=&#8221;#08192d&#8221; global_colors_info=&#8221;{}&#8221;][et_pb_row use_custom_gutter=&#8221;on&#8221; _builder_version=&#8221;4.24.2&#8243; _module_preset=&#8221;default&#8221; width=&#8221;81%&#8221; max_width=&#8221;80%&#8221; global_colors_info=&#8221;{}&#8221;][et_pb_column type=&#8221;4_4&#8243; _builder_version=&#8221;4.23.1&#8243; _module_preset=&#8221;default&#8221; global_colors_info=&#8221;{}&#8221;][et_pb_text content_tablet=&#8221;<\/p>\n<h2 style=%22text-align: left;%22><span style=%22color: #ffffff;%22><span>Centro de Recursos Log\u00edsticos: Su Destino \u00danico para Perspectivas y Herramientas de Gesti\u00f3n de la Cadena de Suministro<\/span><\/span><\/h2>\n<p>&#8221; content_phone=&#8221;<\/p>\n<h2 style=%22text-align: left;%22><span style=%22color: #ffffff;%22><span>Centro de Recursos Log\u00edsticos: Su Destino \u00danico para Perspectivas y Herramientas de Gesti\u00f3n de la Cadena de Suministro<\/span><\/span><\/h2>\n<p>&#8221; content_last_edited=&#8221;on|phone&#8221; _builder_version=&#8221;4.24.2&#8243; _module_preset=&#8221;b617b9b1-0794-4dfa-810c-5d1ab1cf9107&#8243; header_text_color=&#8221;#1d3e69&#8243; header_font_size=&#8221;48px&#8221; header_line_height=&#8221;1.1em&#8221; header_2_text_color=&#8221;#007dfe&#8221; header_2_font_size=&#8221;45px&#8221; header_2_line_height=&#8221;1.1em&#8221; custom_margin=&#8221;20px||||false|false&#8221; custom_margin_tablet=&#8221;60px||||false|false&#8221; custom_margin_phone=&#8221;20px||||false|false&#8221; custom_margin_last_edited=&#8221;on|phone&#8221; animation_style=&#8221;slide&#8221; animation_direction=&#8221;bottom&#8221; header_2_font_size_tablet=&#8221;45px&#8221; header_2_font_size_phone=&#8221;30px&#8221; header_2_font_size_last_edited=&#8221;on|phone&#8221; header_2_line_height_tablet=&#8221;1.1em&#8221; header_2_line_height_phone=&#8221;1.1em&#8221; header_2_line_height_last_edited=&#8221;on|phone&#8221; global_colors_info=&#8221;{}&#8221;]<\/p>\n<h2 style=\"text-align: center;\"><span style=\"color: #ffffff;\"><span>Centro de Recursos Log\u00edsticos: Su Destino \u00danico para Perspectivas y Herramientas de Gesti\u00f3n de la Cadena de Suministro<\/span><\/span><\/h2>\n<p>[\/et_pb_text][\/et_pb_column][\/et_pb_row][\/et_pb_section][et_pb_section fb_built=&#8221;1&#8243; module_id=&#8221;TilBoxesSec&#8221; _builder_version=&#8221;4.24.2&#8243; _module_preset=&#8221;514b1389-6764-4eff-a532-985feea8d06c&#8221; background_color=&#8221;#f3f7fa&#8221; min_height=&#8221;546.6px&#8221; custom_padding=&#8221;4vh||4vh||true|false&#8221; global_colors_info=&#8221;{}&#8221;][et_pb_row column_structure=&#8221;1_3,1_3,1_3&#8243; _builder_version=&#8221;4.24.2&#8243; _module_preset=&#8221;default&#8221; max_width=&#8221;1500px&#8221; global_colors_info=&#8221;{}&#8221;][et_pb_column type=&#8221;1_3&#8243; _builder_version=&#8221;4.24.2&#8243; _module_preset=&#8221;default&#8221; global_colors_info=&#8221;{}&#8221;][tile_boxes heading=&#8221;Cadena de Suministro Integrada Ya No Es Una Opcion para los Fabricantes &#8211; Quloi &#8211; Whitepaper&#8221; articledate=&#8221;12\/14\/2023&#8243; category=&#8221;Whitepaper&#8221; image=&#8221;https:\/\/quloi.com\/mx\/wp-content\/uploads\/sites\/2\/2024\/04\/Fabricantes.png&#8221; readmorelink=&#8221;https:\/\/quloi.com\/mx\/recursos\/whitepaper\/cadena-de-suministro-integrada-ya-no-es-una-opcion-para-los-fabricantes\/&#8221; _builder_version=&#8221;4.24.2&#8243; _module_preset=&#8221;default&#8221; hover_enabled=&#8221;0&#8243; global_colors_info=&#8221;{}&#8221; sticky_enabled=&#8221;0&#8243;][\/tile_boxes][tile_boxes heading=&#8221;Pasos Para Lograr una Cadena de Suministro Digital&#8221; articledate=&#8221;10\/02\/2023&#8243; category=&#8221;Whitepaper&#8221; image=&#8221;https:\/\/quloi.com\/mx\/wp-content\/uploads\/sites\/2\/2024\/04\/Pasos-Para-Lograr-Una-Cadena-De-Suministro-Digital.webp&#8221; readmorelink=&#8221;https:\/\/quloi.com\/mx\/recursos\/whitepaper\/pasos-para-lograr-una-cadena-de-suministro-digital-en-un-mundo-empresarial-siempre-cambiante\/&#8221; _builder_version=&#8221;4.24.2&#8243; _module_preset=&#8221;default&#8221; global_colors_info=&#8221;{}&#8221;][\/tile_boxes][tile_boxes heading=&#8221;Una Estructura Integral de Desarrollo de Proveedores&#8221; articledate=&#8221;07\/31\/2023&#8243; category=&#8221;Whitepaper&#8221; image=&#8221;https:\/\/quloi.com\/mx\/wp-content\/uploads\/sites\/2\/2024\/04\/Estructura.webp&#8221; readmorelink=&#8221;https:\/\/quloi.com\/mx\/una-estructura-integral-de-desarrollo-de-proveedores-para-asociaciones-mejoradas\/&#8221; _builder_version=&#8221;4.24.2&#8243; _module_preset=&#8221;default&#8221; global_colors_info=&#8221;{}&#8221;][\/tile_boxes][tile_boxes heading=&#8221;Soluciones de Cadena de Suministro Textil para Mayor Eficiencia&#8221; articledate=&#8221;23\/11\/2024&#8243; category=&#8221;Whitepaper&#8221; image=&#8221;https:\/\/quloi.com\/mx\/wp-content\/uploads\/sites\/2\/2024\/11\/CadenaSuministro-Soluciones.jpg&#8221; readmorelink=&#8221;https:\/\/quloi.com\/mx\/recursos\/whitepaper\/soluciones-de-cadena-de-suministro-textil-para-mayor-eficiencia\/&#8221; _builder_version=&#8221;4.24.2&#8243; _module_preset=&#8221;default&#8221; global_colors_info=&#8221;{}&#8221;][\/tile_boxes][\/et_pb_column][et_pb_column type=&#8221;1_3&#8243; _builder_version=&#8221;4.24.2&#8243; _module_preset=&#8221;default&#8221; global_colors_info=&#8221;{}&#8221;][tile_boxes heading=&#8221;Desempe\u00f1o del Proveedor e Impacto Financiero: Conectando los Puntos&#8221; articledate=&#8221;10\/27\/23&#8243; category=&#8221;Whitepaper&#8221; image=&#8221;https:\/\/quloi.com\/mx\/wp-content\/uploads\/sites\/2\/2024\/04\/DesempenoProveedores-Card.webp&#8221; readmorelink=&#8221;https:\/\/quloi.com\/mx\/recursos\/whitepaper\/desempeno-del-proveedor-e-impacto-financiero-conectando-los-puntos\/&#8221; _builder_version=&#8221;4.24.2&#8243; _module_preset=&#8221;default&#8221; global_colors_info=&#8221;{}&#8221;][\/tile_boxes][tile_boxes heading=&#8221;Reducir los Costos Ocultos En Su Cadena De Suministro&#8221; articledate=&#8221;07\/31\/2023&#8243; category=&#8221;Whitepaper&#8221; image=&#8221;https:\/\/quloi.com\/mx\/wp-content\/uploads\/sites\/2\/2024\/04\/ElimineCostosCadenaSuministro.webp&#8221; readmorelink=&#8221;https:\/\/quloi.com\/mx\/recursos\/whitepaper\/elimina-los-costos-ocultos-de-tu-cadena-de-suministro\/&#8221; _builder_version=&#8221;4.24.2&#8243; _module_preset=&#8221;default&#8221; global_colors_info=&#8221;{}&#8221;][\/tile_boxes][tile_boxes heading=&#8221;Visibilidad al Valor&#8221; articledate=&#8221;04\/20\/2024&#8243; category=&#8221;Whitepaper&#8221; image=&#8221;https:\/\/quloi.com\/mx\/wp-content\/uploads\/sites\/2\/2024\/06\/Whitepaper-Visibilidad.jpg&#8221; readmorelink=&#8221;https:\/\/quloi.com\/mx\/recursos\/whitepaper\/visibilidad-al-valor\/&#8221; _builder_version=&#8221;4.24.2&#8243; _module_preset=&#8221;default&#8221; hover_enabled=&#8221;0&#8243; global_colors_info=&#8221;{}&#8221; sticky_enabled=&#8221;0&#8243;][\/tile_boxes][\/et_pb_column][et_pb_column type=&#8221;1_3&#8243; _builder_version=&#8221;4.24.2&#8243; _module_preset=&#8221;default&#8221; global_colors_info=&#8221;{}&#8221;][tile_boxes heading=&#8221;La Digitalizacion De La Cadena De Suministro Comienza Con La Primera Milla&#8221; articledate=&#8221;06\/20\/2023&#8243; category=&#8221;Whitepaper&#8221; image=&#8221;https:\/\/quloi.com\/mx\/wp-content\/uploads\/sites\/2\/2024\/04\/DigitalizacionComienzaPrimeraMilla.png&#8221; readmorelink=&#8221;https:\/\/quloi.com\/mx\/recursos\/whitepaper\/la-digitalizacion-de-la-cadena-de-suministro-comienza-con-la-primera-milla\/&#8221; _builder_version=&#8221;4.24.2&#8243; _module_preset=&#8221;default&#8221; hover_enabled=&#8221;0&#8243; global_colors_info=&#8221;{}&#8221; sticky_enabled=&#8221;0&#8243;][\/tile_boxes][tile_boxes heading=&#8221;Automatizaci\u00f3n de Procesos de \u00d3rdenes de Compra&#8221; articledate=&#8221;09\/20\/2023&#8243; category=&#8221;Whitepaper&#8221; image=&#8221;https:\/\/quloi.com\/mx\/wp-content\/uploads\/sites\/2\/2024\/04\/OptimizacionProcesoOrdenesDeCompra-quloi.webp&#8221; readmorelink=&#8221;https:\/\/quloi.com\/mx\/recursos\/whitepaper\/optimice-sus-operaciones-de-cadena-de-suministro-con-la-gestion-de-ordenes-de-compra\/&#8221; _builder_version=&#8221;4.24.2&#8243; _module_preset=&#8221;default&#8221; global_colors_info=&#8221;{}&#8221;][\/tile_boxes][tile_boxes heading=&#8221;Superando los Obst\u00e1culos de Visibilidad y Colaboraci\u00f3n&#8221; articledate=&#8221;22\/07\/2024&#8243; category=&#8221;Whitepaper&#8221; image=&#8221;https:\/\/quloi.com\/mx\/wp-content\/uploads\/sites\/2\/2024\/07\/Superando-Obstaculos-Visibilidad.jpg&#8221; readmorelink=&#8221;https:\/\/quloi.com\/mx\/recursos\/whitepaper\/superando-los-obstaculos-de-visibilidad-y-colaboracion-en-la-cadena-de-suministro&#8221; _builder_version=&#8221;4.24.2&#8243; _module_preset=&#8221;default&#8221; global_colors_info=&#8221;{}&#8221;][\/tile_boxes][\/et_pb_column][\/et_pb_row][\/et_pb_section][et_pb_section fb_built=&#8221;1&#8243; _builder_version=&#8221;4.24.0&#8243; _module_preset=&#8221;514b1389-6764-4eff-a532-985feea8d06c&#8221; background_color=&#8221;#0b3b72&#8243; global_colors_info=&#8221;{}&#8221;][et_pb_row _builder_version=&#8221;4.23.1&#8243; _module_preset=&#8221;default&#8221; width=&#8221;90%&#8221; max_width=&#8221;80%&#8221; global_colors_info=&#8221;{}&#8221;][et_pb_column type=&#8221;4_4&#8243; _builder_version=&#8221;4.23.1&#8243; _module_preset=&#8221;default&#8221; global_colors_info=&#8221;{}&#8221;][et_pb_text content_tablet=&#8221;<\/p>\n<h2 style=%22text-align: left;%22>\u00a1Comience su Transformaci\u00f3n de la<br \/>Cadena de Suministro Hoy Mismo!<\/h2>\n<p>&#8221; content_phone=&#8221;<\/p>\n<h2 style=%22text-align: left;%22>\u00a1Comience su Transformaci\u00f3n<br \/>de la Cadena de Suministro<br \/>Hoy Mismo!<\/h2>\n<p>&#8221; content_last_edited=&#8221;on|phone&#8221; _builder_version=&#8221;4.24.2&#8243; _module_preset=&#8221;b617b9b1-0794-4dfa-810c-5d1ab1cf9107&#8243; header_text_color=&#8221;#1d3e69&#8243; header_font_size=&#8221;48px&#8221; header_line_height=&#8221;1.2em&#8221; header_2_text_color=&#8221;#FFFFFF&#8221; header_2_font_size=&#8221;45px&#8221; header_2_line_height=&#8221;1.1em&#8221; custom_margin=&#8221;20px||||false|false&#8221; animation_style=&#8221;slide&#8221; animation_direction=&#8221;left&#8221; header_font_size_tablet=&#8221;48px&#8221; header_font_size_phone=&#8221;35px&#8221; header_font_size_last_edited=&#8221;on|phone&#8221; header_line_height_tablet=&#8221;1.2em&#8221; header_line_height_phone=&#8221;1.2em&#8221; header_line_height_last_edited=&#8221;on|phone&#8221; header_2_font_size_tablet=&#8221;45px&#8221; header_2_font_size_phone=&#8221;30px&#8221; header_2_font_size_last_edited=&#8221;on|phone&#8221; global_colors_info=&#8221;{}&#8221;]<\/p>\n<h2 style=\"text-align: center;\">\u00a1Comience su Transformaci\u00f3n de la<br \/>Cadena de Suministro Hoy Mismo!<\/h2>\n<p>[\/et_pb_text][et_pb_button button_url=&#8221;https:\/\/quloi.com\/mx\/agendar-demo\/&#8221; button_text=&#8221;Agendar una Demo&#8221; button_alignment=&#8221;center&#8221; button_alignment_tablet=&#8221;center&#8221; button_alignment_phone=&#8221;left&#8221; button_alignment_last_edited=&#8221;on|desktop&#8221; _builder_version=&#8221;4.24.2&#8243; _module_preset=&#8221;default&#8221; custom_button=&#8221;on&#8221; button_text_size=&#8221;18px&#8221; button_text_color=&#8221;#0b3b72&#8243; button_bg_color=&#8221;#FFFFFF&#8221; button_border_width=&#8221;0px&#8221; button_border_radius=&#8221;24px&#8221; custom_padding=&#8221;10px||10px||false|false&#8221; animation_style=&#8221;slide&#8221; animation_direction=&#8221;bottom&#8221; button_text_size_tablet=&#8221;18px&#8221; button_text_size_phone=&#8221;16px&#8221; button_text_size_last_edited=&#8221;on|phone&#8221; global_colors_info=&#8221;{}&#8221; custom_css_main_element_last_edited=&#8221;on|tablet&#8221; custom_css_main_element_tablet=&#8221;width: 100%;||text-align:center;&#8221; custom_css_main_element_phone=&#8221;width: 100%;||text-align:center;&#8221;][\/et_pb_button][\/et_pb_column][\/et_pb_row][\/et_pb_section]<\/p>\n","protected":false},"excerpt":{"rendered":"<p>WhitepapersEntendemos que mantenerse actualizado e informadoes crucial en la industria log\u00edstica en constante evoluci\u00f3n.Por eso, hemos recopilado una gran cantidad de recursospara ayudarlo a navegar por los desaf\u00edos yoportunidades del mundo log\u00edstico.Centro de Recursos Log\u00edsticos: Su Destino \u00danico para Perspectivas y Herramientas de Gesti\u00f3n de la Cadena de Suministro<div class=\"et_pb_module tile_boxes tile_boxes_0\">\n\t\t\t\t\n\t\t\t\t\n\t\t\t\t\n\t\t\t\t\n\t\t\t\t\n\t\t\t\t\n\t\t\t\t<div class=\"et_pb_module_inner\">\n\t\t\t\t\t<div class=\"dtq-module dtq-tileboxes\">\r\n\t\t\t\t<div class=\"imagewithcat\">\r\n\t\t\t\t\t<img alt=\"\" src=\"\"\/>\r\n\t\t\t\t\t<div class=\"cats\"><\/div>\r\n\t\t\t\t<\/div>\r\n\t\t\t\t<span class=\"articledate\"><\/span>\r\n\t\t\t\t<h3 class=\"simp-tilebox_heading\">&#8221;Cadena<\/h3>\r\n\t\t\t\t<a href=\"\" class=\"readmore\">Read More<\/span><\/a>\r\n\t\t\t\t<\/div>\n\t\t\t\t<\/div>\n\t\t\t<\/div><\/p>\n","protected":false},"author":4,"featured_media":0,"parent":2005,"menu_order":0,"comment_status":"closed","ping_status":"closed","template":"","meta":{"_et_pb_use_builder":"on","_et_pb_old_content":"","_et_gb_content_width":""},"_links":{"self":[{"href":"https:\/\/quloi.com\/mx\/wp-json\/wp\/v2\/pages\/2422"}],"collection":[{"href":"https:\/\/quloi.com\/mx\/wp-json\/wp\/v2\/pages"}],"about":[{"href":"https:\/\/quloi.com\/mx\/wp-json\/wp\/v2\/types\/page"}],"author":[{"embeddable":true,"href":"https:\/\/quloi.com\/mx\/wp-json\/wp\/v2\/users\/4"}],"replies":[{"embeddable":true,"href":"https:\/\/quloi.com\/mx\/wp-json\/wp\/v2\/comments?post=2422"}],"version-history":[{"count":30,"href":"https:\/\/quloi.com\/mx\/wp-json\/wp\/v2\/pages\/2422\/revisions"}],"predecessor-version":[{"id":7057,"href":"https:\/\/quloi.com\/mx\/wp-json\/wp\/v2\/pages\/2422\/revisions\/7057"}],"up":[{"embeddable":true,"href":"https:\/\/quloi.com\/mx\/wp-json\/wp\/v2\/pages\/2005"}],"wp:attachment":[{"href":"https:\/\/quloi.com\/mx\/wp-json\/wp\/v2\/media?parent=2422"}],"curies":[{"name":"wp","href":"https:\/\/api.w.org\/{rel}","templated":true}]}}