{"id":2549,"date":"2023-05-15T17:25:08","date_gmt":"2023-05-15T17:25:08","guid":{"rendered":"https:\/\/www.quloi.com\/?page_id=2549"},"modified":"2024-12-17T05:37:08","modified_gmt":"2024-12-17T05:37:08","slug":"casos-de-uso","status":"publish","type":"page","link":"https:\/\/quloi.com\/mx\/recursos\/casos-de-uso\/","title":{"rendered":"Casos de Uso"},"content":{"rendered":"<p>[et_pb_section fb_built=&#8221;1&#8243; _builder_version=&#8221;4.20.4&#8243; _module_preset=&#8221;59a6f750-6fa8-403e-b3c5-ebea399264a4&#8243; background_color=&#8221;#f3f7fa&#8221; custom_margin=&#8221;||||false|false&#8221; custom_padding=&#8221;6vh||14vh||false|false&#8221; global_colors_info=&#8221;{}&#8221;][et_pb_row column_structure=&#8221;1_2,1_2&#8243; _builder_version=&#8221;4.23.4&#8243; _module_preset=&#8221;default&#8221; max_width=&#8221;80%&#8221; global_colors_info=&#8221;{}&#8221;][et_pb_column type=&#8221;1_2&#8243; _builder_version=&#8221;4.23.1&#8243; _module_preset=&#8221;default&#8221; global_colors_info=&#8221;{}&#8221;][et_pb_text content_tablet=&#8221;<\/p>\n<h1>Casos de Uso<\/h1>\n<\/p>\n<p>&#8221; content_phone=&#8221;<\/p>\n<h1>Casos de Uso<\/h1>\n<p>&#8221; content_last_edited=&#8221;on|phone&#8221; _builder_version=&#8221;4.24.2&#8243; _module_preset=&#8221;2e5e7107-f945-4186-9f31-374362d9cb2f&#8221; header_font=&#8221;|700|||||||&#8221; header_text_color=&#8221;#1d3e69&#8243; header_font_size=&#8221;55px&#8221; header_line_height=&#8221;1.1em&#8221; custom_margin=&#8221;20px||20px||false|false&#8221; custom_margin_tablet=&#8221;20px||||false|false&#8221; custom_margin_phone=&#8221;20px||||false|false&#8221; custom_margin_last_edited=&#8221;on|tablet&#8221; animation_style=&#8221;slide&#8221; animation_direction=&#8221;top&#8221; header_font_tablet=&#8221;&#8221; header_font_phone=&#8221;&#8221; header_font_last_edited=&#8221;on|tablet&#8221; header_font_size_tablet=&#8221;55px&#8221; header_font_size_phone=&#8221;35px&#8221; header_font_size_last_edited=&#8221;on|phone&#8221; global_colors_info=&#8221;{}&#8221;]<\/p>\n<h1>Casos de Uso<\/h1>\n<p>[\/et_pb_text][et_pb_text content_tablet=&#8221;<\/p>\n<p><span>Entendemos que mantenerse actualizado e informado es crucial en la industria log\u00edstica en constante evoluci\u00f3n. Es por eso que hemos recopilado una gran cantidad de recursos para ayudarte a navegar por los desaf\u00edos y oportunidades del mundo de la log\u00edstica.<\/span><\/p>\n<p>&#8221; content_phone=&#8221;<\/p>\n<p><span>Entendemos que mantenerse actualizado e informado es crucial en la industria log\u00edstica en constante evoluci\u00f3n. Es por eso que hemos recopilado una gran cantidad de recursos para ayudarte a navegar por los desaf\u00edos y oportunidades del mundo de la log\u00edstica.<\/span><\/p>\n<p>&#8221; content_last_edited=&#8221;on|phone&#8221; _builder_version=&#8221;4.24.2&#8243; _module_preset=&#8221;2e5e7107-f945-4186-9f31-374362d9cb2f&#8221; text_font_size=&#8221;18px&#8221; animation_style=&#8221;slide&#8221; animation_direction=&#8221;left&#8221; text_font_size_tablet=&#8221;&#8221; text_font_size_phone=&#8221;&#8221; text_font_size_last_edited=&#8221;on|phone&#8221; global_colors_info=&#8221;{}&#8221;]<\/p>\n<p><span>Entendemos que mantenerse actualizado e informado es crucial en la industria log\u00edstica en constante evoluci\u00f3n. Es por eso que hemos recopilado una gran cantidad de recursos para ayudarte a navegar por los desaf\u00edos y oportunidades del mundo de la log\u00edstica.<\/span><\/p>\n<p>[\/et_pb_text][et_pb_button button_url=&#8221;https:\/\/quloi.com\/mx\/agendar-demo&#8221; button_text=&#8221;Agenda una Demo&#8221; _builder_version=&#8221;4.24.2&#8243; _module_preset=&#8221;default&#8221; custom_button=&#8221;on&#8221; button_text_size=&#8221;18px&#8221; button_text_color=&#8221;#FFFFFF&#8221; button_bg_color=&#8221;#3b80e0&#8243; button_border_width=&#8221;0px&#8221; button_border_radius=&#8221;30px&#8221; button_use_icon=&#8221;off&#8221; custom_margin=&#8221;30px||||false|false&#8221; custom_padding=&#8221;10px||10px||false|false&#8221; animation_style=&#8221;slide&#8221; animation_direction=&#8221;right&#8221; button_text_size_tablet=&#8221;18px&#8221; button_text_size_phone=&#8221;16px&#8221; button_text_size_last_edited=&#8221;on|desktop&#8221; global_colors_info=&#8221;{}&#8221;][\/et_pb_button][\/et_pb_column][et_pb_column type=&#8221;1_2&#8243; _builder_version=&#8221;4.23.1&#8243; _module_preset=&#8221;default&#8221; global_colors_info=&#8221;{}&#8221;][et_pb_image src=&#8221;https:\/\/quloi.com\/mx\/wp-content\/uploads\/sites\/2\/2024\/04\/1.Header-webp-1.webp&#8221; title_text=&#8221;Resources-header&#8221; _builder_version=&#8221;4.23.4&#8243; _module_preset=&#8221;default&#8221; custom_padding=&#8221;30px||||false|false&#8221; custom_padding_tablet=&#8221;30px||||false|false&#8221; custom_padding_phone=&#8221;30px||||false|false&#8221; custom_padding_last_edited=&#8221;on|desktop&#8221; animation_style=&#8221;slide&#8221; animation_direction=&#8221;bottom&#8221; global_colors_info=&#8221;{}&#8221;][\/et_pb_image][\/et_pb_column][\/et_pb_row][\/et_pb_section][et_pb_section fb_built=&#8221;1&#8243; _builder_version=&#8221;4.24.0&#8243; _module_preset=&#8221;59a6f750-6fa8-403e-b3c5-ebea399264a4&#8243; background_color=&#8221;#08192d&#8221; global_colors_info=&#8221;{}&#8221;][et_pb_row _builder_version=&#8221;4.23.1&#8243; _module_preset=&#8221;default&#8221; width=&#8221;90%&#8221; max_width=&#8221;80%&#8221; global_colors_info=&#8221;{}&#8221;][et_pb_column type=&#8221;4_4&#8243; _builder_version=&#8221;4.23.1&#8243; _module_preset=&#8221;default&#8221; global_colors_info=&#8221;{}&#8221;][et_pb_text content_tablet=&#8221;<\/p>\n<h2 style=%22text-align: center;%22><span style=%22color: #ffffff;%22>Centro de Recursos Log\u00edsticos: Tu Destino \u00danico para Informaci\u00f3n y Herramientas de Gesti\u00f3n de la Cadena de Suministro<\/span><\/h2>\n<p>&#8221; content_phone=&#8221;<\/p>\n<h2 style=%22text-align: left;%22><span style=%22color: #ffffff;%22>Centro de Recursos Log\u00edsticos: Tu Destino \u00danico para Informaci\u00f3n y Herramientas de Gesti\u00f3n de la<br \/>Cadena de Suministro<\/span><\/h2>\n<p>&#8221; content_last_edited=&#8221;on|phone&#8221; _builder_version=&#8221;4.24.2&#8243; _module_preset=&#8221;2e5e7107-f945-4186-9f31-374362d9cb2f&#8221; header_text_color=&#8221;#1d3e69&#8243; header_font_size=&#8221;48px&#8221; header_line_height=&#8221;1.1em&#8221; header_2_text_color=&#8221;#007dfe&#8221; header_2_font_size=&#8221;45px&#8221; header_2_line_height=&#8221;1.1em&#8221; custom_margin=&#8221;20px||||false|false&#8221; custom_margin_tablet=&#8221;60px||||false|false&#8221; custom_margin_phone=&#8221;20px||||false|false&#8221; custom_margin_last_edited=&#8221;on|phone&#8221; animation_style=&#8221;slide&#8221; animation_direction=&#8221;bottom&#8221; header_2_font_size_tablet=&#8221;45px&#8221; header_2_font_size_phone=&#8221;35px&#8221; header_2_line_height_tablet=&#8221;1.1em&#8221; header_2_line_height_phone=&#8221;1.1em&#8221; header_2_line_height_last_edited=&#8221;on|phone&#8221; global_colors_info=&#8221;{}&#8221;]<\/p>\n<h2 style=\"text-align: center;\"><span style=\"color: #ffffff;\">Centro de Recursos Log\u00edsticos: Tu Destino \u00danico para Informaci\u00f3n y Herramientas de Gesti\u00f3n de la<br \/>Cadena de Suministro<\/span><\/h2>\n<p>[\/et_pb_text][et_pb_text content_tablet=&#8221;<\/p>\n<p style=%22text-align: center;%22><span style=%22color: #ffffff;%22>Potenciando a las empresas de log\u00edstica para operar de manera m\u00e1s eficiente, mejorar la visibilidad y tomar decisiones m\u00e1s acertadas.<\/span><\/p>\n<p>&#8221; content_phone=&#8221;<\/p>\n<p style=%22text-align: left;%22><span style=%22color: #ffffff;%22>Potenciando a las empresas de log\u00edstica para operar de manera m\u00e1s eficiente, mejorar la visibilidad y tomar decisiones m\u00e1s acertadas.<\/span><\/p>\n<p>&#8221; content_last_edited=&#8221;on|phone&#8221; _builder_version=&#8221;4.24.2&#8243; _module_preset=&#8221;2e5e7107-f945-4186-9f31-374362d9cb2f&#8221; text_font_size=&#8221;18px&#8221; animation_style=&#8221;slide&#8221; animation_direction=&#8221;left&#8221; text_font_size_tablet=&#8221;&#8221; text_font_size_phone=&#8221;&#8221; text_font_size_last_edited=&#8221;on|phone&#8221; global_colors_info=&#8221;{}&#8221;]<\/p>\n<p style=\"text-align: center;\"><span style=\"color: #ffffff;\">Potenciando a las empresas de log\u00edstica para operar de manera m\u00e1s eficiente,<br \/>mejorar la visibilidad y tomar decisiones m\u00e1s acertadas.<\/span><\/p>\n<p>[\/et_pb_text][\/et_pb_column][\/et_pb_row][\/et_pb_section][et_pb_section fb_built=&#8221;1&#8243; module_id=&#8221;TilBoxesSec&#8221; _builder_version=&#8221;4.20.4&#8243; _module_preset=&#8221;59a6f750-6fa8-403e-b3c5-ebea399264a4&#8243; background_color=&#8221;#f3f7fa&#8221; min_height=&#8221;546.6px&#8221; custom_padding=&#8221;4vh||4vh||true|false&#8221; global_colors_info=&#8221;{}&#8221;][et_pb_row _builder_version=&#8221;4.20.4&#8243; _module_preset=&#8221;default&#8221; max_width=&#8221;1500px&#8221; global_colors_info=&#8221;{}&#8221;][et_pb_column type=&#8221;4_4&#8243; _builder_version=&#8221;4.20.4&#8243; _module_preset=&#8221;default&#8221; global_colors_info=&#8221;{}&#8221;][et_pb_text content_tablet=&#8221;<\/p>\n<h2>Casos de Uso Destacados<\/h2>\n<p>&#8221; content_phone=&#8221;<\/p>\n<h2>Casos de Uso Destacados<\/h2>\n<p>&#8221; content_last_edited=&#8221;on|desktop&#8221; _builder_version=&#8221;4.24.2&#8243; _module_preset=&#8221;2e5e7107-f945-4186-9f31-374362d9cb2f&#8221; header_2_text_color=&#8221;#007dfe&#8221; header_2_font_size=&#8221;30px&#8221; global_colors_info=&#8221;{}&#8221;]<\/p>\n<h2>Casos de Uso Destacados<\/h2>\n<p>[\/et_pb_text][et_pb_divider color=&#8221;#424242&#8243; _builder_version=&#8221;4.20.4&#8243; _module_preset=&#8221;default&#8221; custom_margin=&#8221;20px||||false|false&#8221; global_colors_info=&#8221;{}&#8221;][\/et_pb_divider][\/et_pb_column][\/et_pb_row][et_pb_row column_structure=&#8221;1_3,1_3,1_3&#8243; _builder_version=&#8221;4.24.2&#8243; _module_preset=&#8221;default&#8221; max_width=&#8221;1500px&#8221; global_colors_info=&#8221;{}&#8221;][et_pb_column type=&#8221;1_3&#8243; _builder_version=&#8221;4.20.4&#8243; _module_preset=&#8221;default&#8221; global_colors_info=&#8221;{}&#8221;][tile_boxes heading=&#8221;Gesti\u00f3n de Documentos de Proveedores: Un Caso de Uso de Quloi&#8221; articledate=&#8221;12\/04\/2023&#8243; category=&#8221;Caso de Uso&#8221; image=&#8221;https:\/\/quloi.com\/mx\/wp-content\/uploads\/sites\/2\/2024\/04\/GestionDeDocumentosDeProveedores.webp&#8221; readmorelink=&#8221;https:\/\/quloi.com\/mx\/recursos\/use-case\/administracion-de-documentos-de-proveedor-un-caso-de-uso-de-quloi\/&#8221; admin_label=&#8221;Tile Boxes&#8221; _builder_version=&#8221;4.24.2&#8243; _module_preset=&#8221;default&#8221; global_colors_info=&#8221;{}&#8221;][\/tile_boxes][tile_boxes heading=&#8221;Optimizaci\u00f3n de la Cadena de Suministro de la Industria Electr\u00f3nica&#8221; articledate=&#8221;08\/7\/2023&#8243; category=&#8221;Caso de Uso&#8221; image=&#8221;https:\/\/quloi.com\/mx\/wp-content\/uploads\/sites\/2\/2024\/04\/Optimizacion-de-la-Cadena-de-Suministro-Electronica-1.webp&#8221; img_alt=&#8221;Optimizaci\u00f3n Cadena Suministro Electr\u00f3nica&#8221; readmorelink=&#8221;https:\/\/quloi.com\/mx\/recursos\/use-case\/optimizacion-de-la-cadena-de-suministro-industria-electronica\/&#8221; admin_label=&#8221;Tile Boxes&#8221; _builder_version=&#8221;4.24.2&#8243; _module_preset=&#8221;default&#8221; global_colors_info=&#8221;{}&#8221;][\/tile_boxes][tile_boxes heading=&#8221;Habilitaci\u00f3n del Control de Acceso Basado en Roles &#8211; Caso de Uso&#8221; articledate=&#8221;22\/7\/2024&#8243; category=&#8221;Caso de Uso&#8221; image=&#8221;https:\/\/quloi.com\/mx\/wp-content\/uploads\/sites\/2\/2024\/07\/ROleBased.jpg&#8221; img_alt=&#8221;Optimizaci\u00f3n su proceso de Envio y Despacho de Aduana&#8221; readmorelink=&#8221;https:\/\/quloi.com\/mx\/recursos\/casos-de-uso\/habilitacion-del-control-de-acceso-basado-en-roles\/&#8221; admin_label=&#8221;Tile Boxes&#8221; _builder_version=&#8221;4.24.2&#8243; _module_preset=&#8221;default&#8221; global_colors_info=&#8221;{}&#8221;][\/tile_boxes][\/et_pb_column][et_pb_column type=&#8221;1_3&#8243; _builder_version=&#8221;4.20.4&#8243; _module_preset=&#8221;default&#8221; global_colors_info=&#8221;{}&#8221;][tile_boxes heading=&#8221;Gesti\u00f3n Centralizada de Reservas&#8221; articledate=&#8221;02\/23\/2024&#8243; category=&#8221;Caso de Uso&#8221; image=&#8221;https:\/\/quloi.com\/mx\/wp-content\/uploads\/sites\/2\/2024\/04\/A4-9.png&#8221; readmorelink=&#8221;https:\/\/quloi.com\/mx\/recursos\/use-case\/gestion-centralizada-de-reservas\/&#8221; admin_label=&#8221;Tile Boxes&#8221; _builder_version=&#8221;4.24.2&#8243; _module_preset=&#8221;default&#8221; global_colors_info=&#8221;{}&#8221;][\/tile_boxes][tile_boxes heading=&#8221;Integraci\u00f3n con ERP&#8217;s: Un Caso de Uso de Quloi&#8221; articledate=&#8221;10\/7\/2023&#8243; category=&#8221;Caso de Uso&#8221; image=&#8221;https:\/\/quloi.com\/mx\/wp-content\/uploads\/sites\/2\/2024\/06\/Integration.jpg&#8221; img_alt=&#8221;Optimizaci\u00f3n Cadena Suministro Electr\u00f3nica&#8221; readmorelink=&#8221;https:\/\/quloi.com\/mx\/recursos\/casos-de-uso\/caso-de-uso-de-integracion-de-erp\/&#8221; admin_label=&#8221;Tile Boxes&#8221; _builder_version=&#8221;4.24.2&#8243; _module_preset=&#8221;default&#8221; global_colors_info=&#8221;{}&#8221;][\/tile_boxes][tile_boxes heading=&#8221;Integraci\u00f3n con Agentes Aduanales &#8221; articledate=&#8221;22\/11\/2024&#8243; category=&#8221;Caso de Uso&#8221; image=&#8221;https:\/\/quloi.com\/mx\/wp-content\/uploads\/sites\/2\/2024\/11\/IntegracionConAgentesAduanales.jpg&#8221; img_alt=&#8221;Optimizaci\u00f3n su proceso de Envio y Despacho de Aduana&#8221; readmorelink=&#8221;https:\/\/quloi.com\/mx\/recursos\/casos-de-uso\/integracion-con-agentes-aduaneros-caso-de-uso-quloi\/&#8221; admin_label=&#8221;Tile Boxes&#8221; _builder_version=&#8221;4.24.2&#8243; _module_preset=&#8221;default&#8221; global_colors_info=&#8221;{}&#8221;][\/tile_boxes][\/et_pb_column][et_pb_column type=&#8221;1_3&#8243; _builder_version=&#8221;4.20.4&#8243; _module_preset=&#8221;default&#8221; global_colors_info=&#8221;{}&#8221;][tile_boxes heading=&#8221;Optimizando la Cadena de Suministro Automotriz mediante la Digitalizaci\u00f3n.&#8221; articledate=&#8221;05\/15\/2023&#8243; category=&#8221;Caso de Uso&#8221; image=&#8221;https:\/\/quloi.com\/mx\/wp-content\/uploads\/sites\/2\/2024\/04\/OptimizacionCadenaSuministroAutomotriz.webp&#8221; img_alt=&#8221;Test 2&#8243; readmorelink=&#8221;https:\/\/quloi.com\/mx\/recursos\/use-case\/optimizacion-de-la-cadena-de-suministro-automotriz\/&#8221; admin_label=&#8221;Tile Boxes&#8221; _builder_version=&#8221;4.24.2&#8243; _module_preset=&#8221;default&#8221; global_colors_info=&#8221;{}&#8221;][\/tile_boxes][tile_boxes heading=&#8221;Optimice su Proceso de Despacho de Aduana con Quloi&#8221; articledate=&#8221;10\/7\/2023&#8243; category=&#8221;Caso de Uso&#8221; image=&#8221;https:\/\/quloi.com\/mx\/wp-content\/uploads\/sites\/2\/2024\/06\/DespachoAduana.jpg&#8221; img_alt=&#8221;Optimizaci\u00f3n su proceso de Envio y Despacho de Aduana&#8221; readmorelink=&#8221;https:\/\/quloi.com\/mx\/recursos\/casos-de-uso\/optimice-su-proceso-de-envio-y-despacho-de-aduanas-con-quloi\/&#8221; admin_label=&#8221;Tile Boxes&#8221; _builder_version=&#8221;4.24.2&#8243; _module_preset=&#8221;default&#8221; global_colors_info=&#8221;{}&#8221;][\/tile_boxes][tile_boxes heading=&#8221;Caso de Uso: Optimizaci\u00f3n de la Detenci\u00f3n y Demora&#8221; articledate=&#8221;11\/12\/2024&#8243; category=&#8221;Caso de Uso&#8221; image=&#8221;https:\/\/quloi.com\/mx\/wp-content\/uploads\/sites\/2\/2024\/12\/Optimizacion-Detencion-demora.jpg&#8221; img_alt=&#8221;Caso de Uso: Optimizaci\u00f3n de la Detenci\u00f3n y Demora&#8221; readmorelink=&#8221;https:\/\/quloi.com\/mx\/recursos\/casos-de-uso\/optimizando-la-detencion-y-demora-para-reducir-costos\/&#8221; disabled_on=&#8221;off|off|off&#8221; admin_label=&#8221;Tile Boxes&#8221; _builder_version=&#8221;4.24.2&#8243; _module_preset=&#8221;default&#8221; hover_enabled=&#8221;0&#8243; global_colors_info=&#8221;{}&#8221; sticky_enabled=&#8221;0&#8243;][\/tile_boxes][\/et_pb_column][\/et_pb_row][\/et_pb_section][et_pb_section fb_built=&#8221;1&#8243; _builder_version=&#8221;4.24.0&#8243; _module_preset=&#8221;59a6f750-6fa8-403e-b3c5-ebea399264a4&#8243; background_color=&#8221;#0b3b72&#8243; global_colors_info=&#8221;{}&#8221;][et_pb_row _builder_version=&#8221;4.23.1&#8243; _module_preset=&#8221;default&#8221; width=&#8221;90%&#8221; max_width=&#8221;80%&#8221; global_colors_info=&#8221;{}&#8221;][et_pb_column type=&#8221;4_4&#8243; _builder_version=&#8221;4.23.1&#8243; _module_preset=&#8221;default&#8221; global_colors_info=&#8221;{}&#8221;][et_pb_text content_tablet=&#8221;<\/p>\n<h2 style=%22text-align: center;%22><span>\u00a1Comience la Transformaci\u00f3n de la<br \/>Cadena de Suministro hoy mismo!<\/span><\/h2>\n<p>&#8221; content_phone=&#8221;<\/p>\n<h2 style=%22text-align: left;%22><span>\u00a1Comience la Transformaci\u00f3n<br \/>de la Cadena<br \/>de Suministro<br \/>hoy mismo!<\/span><\/h2>\n<p>&#8221; content_last_edited=&#8221;on|phone&#8221; _builder_version=&#8221;4.24.2&#8243; _module_preset=&#8221;2e5e7107-f945-4186-9f31-374362d9cb2f&#8221; header_text_color=&#8221;#1d3e69&#8243; header_font_size=&#8221;48px&#8221; header_line_height=&#8221;1.2em&#8221; header_2_text_color=&#8221;#FFFFFF&#8221; header_2_font_size=&#8221;45px&#8221; header_2_line_height=&#8221;1.1em&#8221; custom_margin=&#8221;20px||||false|false&#8221; animation_style=&#8221;slide&#8221; animation_direction=&#8221;left&#8221; header_font_size_tablet=&#8221;48px&#8221; header_font_size_phone=&#8221;35px&#8221; header_font_size_last_edited=&#8221;on|phone&#8221; header_line_height_tablet=&#8221;1.2em&#8221; header_line_height_phone=&#8221;1.2em&#8221; header_line_height_last_edited=&#8221;on|phone&#8221; header_2_font_size_tablet=&#8221;45px&#8221; header_2_font_size_phone=&#8221;32px&#8221; global_colors_info=&#8221;{}&#8221;]<\/p>\n<h2 style=\"text-align: center;\"><span>\u00a1Comience la Transformaci\u00f3n de la<br \/>Cadena de Suministro hoy mismo!<\/span><\/h2>\n<p>[\/et_pb_text][et_pb_button button_url=&#8221;https:\/\/quloi.com\/mx\/agendar-demo\/&#8221; button_text=&#8221;Agendar una Demo&#8221; button_alignment=&#8221;center&#8221; button_alignment_tablet=&#8221;center&#8221; button_alignment_phone=&#8221;left&#8221; button_alignment_last_edited=&#8221;on|desktop&#8221; _builder_version=&#8221;4.24.2&#8243; _module_preset=&#8221;default&#8221; custom_button=&#8221;on&#8221; button_text_size=&#8221;18px&#8221; button_text_color=&#8221;#0b3b72&#8243; button_bg_color=&#8221;#FFFFFF&#8221; button_border_width=&#8221;0px&#8221; button_border_radius=&#8221;24px&#8221; animation_style=&#8221;slide&#8221; animation_direction=&#8221;bottom&#8221; button_text_size_tablet=&#8221;18px&#8221; button_text_size_phone=&#8221;16px&#8221; button_text_size_last_edited=&#8221;on|phone&#8221; global_colors_info=&#8221;{}&#8221; custom_css_main_element_last_edited=&#8221;on|tablet&#8221; custom_css_main_element_tablet=&#8221;width: 100%;||text-align:center;&#8221; custom_css_main_element_phone=&#8221;width: 100%;||text-align:center;&#8221;][\/et_pb_button][\/et_pb_column][\/et_pb_row][\/et_pb_section]<\/p>\n","protected":false},"excerpt":{"rendered":"<p>Casos de UsoEntendemos que mantenerse actualizado e informado es crucial en la industria log\u00edstica en constante evoluci\u00f3n. Es por eso que hemos recopilado una gran cantidad de recursos para ayudarte a navegar por los desaf\u00edos y oportunidades del mundo de la log\u00edstica.Centro de Recursos Log\u00edsticos: Tu Destino \u00danico para Informaci\u00f3n y Herramientas de Gesti\u00f3n de [&hellip;]<\/p>\n","protected":false},"author":4,"featured_media":0,"parent":2005,"menu_order":0,"comment_status":"closed","ping_status":"closed","template":"","meta":{"_et_pb_use_builder":"on","_et_pb_old_content":"","_et_gb_content_width":""},"_links":{"self":[{"href":"https:\/\/quloi.com\/mx\/wp-json\/wp\/v2\/pages\/2549"}],"collection":[{"href":"https:\/\/quloi.com\/mx\/wp-json\/wp\/v2\/pages"}],"about":[{"href":"https:\/\/quloi.com\/mx\/wp-json\/wp\/v2\/types\/page"}],"author":[{"embeddable":true,"href":"https:\/\/quloi.com\/mx\/wp-json\/wp\/v2\/users\/4"}],"replies":[{"embeddable":true,"href":"https:\/\/quloi.com\/mx\/wp-json\/wp\/v2\/comments?post=2549"}],"version-history":[{"count":30,"href":"https:\/\/quloi.com\/mx\/wp-json\/wp\/v2\/pages\/2549\/revisions"}],"predecessor-version":[{"id":6812,"href":"https:\/\/quloi.com\/mx\/wp-json\/wp\/v2\/pages\/2549\/revisions\/6812"}],"up":[{"embeddable":true,"href":"https:\/\/quloi.com\/mx\/wp-json\/wp\/v2\/pages\/2005"}],"wp:attachment":[{"href":"https:\/\/quloi.com\/mx\/wp-json\/wp\/v2\/media?parent=2549"}],"curies":[{"name":"wp","href":"https:\/\/api.w.org\/{rel}","templated":true}]}}