{"id":2681,"date":"2023-05-17T10:21:05","date_gmt":"2023-05-17T10:21:05","guid":{"rendered":"https:\/\/www.quloi.com\/?page_id=2681"},"modified":"2024-04-26T05:13:33","modified_gmt":"2024-04-26T05:13:33","slug":"optimizacion-de-la-cadena-de-suministro-automotriz","status":"publish","type":"page","link":"https:\/\/quloi.com\/mx\/recursos\/casos-de-uso\/optimizacion-de-la-cadena-de-suministro-automotriz\/","title":{"rendered":"Optimizaci\u00f3n de la Cadena de Suministro Automotriz"},"content":{"rendered":"<p>[et_pb_section fb_built=&#8221;1&#8243; custom_padding_last_edited=&#8221;on|phone&#8221; admin_label=&#8221;Hero&#8221; _builder_version=&#8221;4.24.2&#8243; background_color=&#8221;#0580d9&#8243; background_color_gradient_direction=&#8221;271deg&#8221; background_enable_image=&#8221;off&#8221; min_height=&#8221;64px&#8221; custom_padding=&#8221;66px|0px|100px|0px||&#8221; custom_padding_tablet=&#8221;66px|0px|100px|0px||&#8221; custom_padding_phone=&#8221;30px||50px||false|false&#8221; global_colors_info=&#8221;{}&#8221;][et_pb_row make_equal=&#8221;on&#8221; _builder_version=&#8221;4.20.2&#8243; background_size=&#8221;initial&#8221; background_position=&#8221;top_left&#8221; background_repeat=&#8221;repeat&#8221; custom_margin=&#8221;|auto|-22px|auto||&#8221; custom_padding=&#8221;|||&#8221; global_colors_info=&#8221;{}&#8221;][et_pb_column type=&#8221;4_4&#8243; _builder_version=&#8221;4.16&#8243; custom_padding=&#8221;|||&#8221; custom_padding_tablet=&#8221;20px|10%|0px|10%&#8221; custom_padding_last_edited=&#8221;off|desktop&#8221; global_colors_info=&#8221;{}&#8221; padding_tablet=&#8221;20px|10%|0px|10%&#8221; padding_last_edited=&#8221;off|desktop&#8221; custom_padding__hover=&#8221;|||&#8221;][et_pb_text content_tablet=&#8221;<\/p>\n<h1 style=%22text-align: center;%22><span>Optimizaci\u00f3n de la Cadena de Suministro Automotriz<br \/>&#8211; Un Caso de Uso de Quloi<\/span><\/h1>\n<p>&#8221; content_phone=&#8221;<\/p>\n<h1 style=%22text-align: left;%22><span>Optimizaci\u00f3n<br \/>de la Cadena<br \/>de Suministro Automotriz<br \/>&#8211; Un Caso de Uso<br \/>de Quloi<\/span><\/h1>\n<p>&#8221; content_last_edited=&#8221;on|phone&#8221; _builder_version=&#8221;4.24.2&#8243; text_font=&#8221;||||||||&#8221; header_font=&#8221;Poppins|700|||||||&#8221; header_text_align=&#8221;left&#8221; header_font_size=&#8221;46px&#8221; background_layout=&#8221;dark&#8221; custom_margin=&#8221;0px||0px||false|false&#8221; animation_direction=&#8221;top&#8221; header_font_size_tablet=&#8221;46px&#8221; header_font_size_phone=&#8221;30px&#8221; header_font_size_last_edited=&#8221;on|phone&#8221; global_colors_info=&#8221;{}&#8221;]<\/p>\n<h1 style=\"text-align: center;\"><span>Optimizaci\u00f3n de la Cadena de<br \/>Suministro Automotriz<br \/>&#8211; Un Caso de Uso de Quloi<\/span><\/h1>\n<p>[\/et_pb_text][\/et_pb_column][\/et_pb_row][\/et_pb_section][et_pb_section fb_built=&#8221;1&#8243; custom_padding_last_edited=&#8221;on|phone&#8221; _builder_version=&#8221;4.24.2&#8243; _module_preset=&#8221;default&#8221; custom_padding=&#8221;2px|0px|2px||true|false&#8221; custom_padding_tablet=&#8221;6vh|0px|6vh||true|false&#8221; custom_padding_phone=&#8221;2vh||2vh||true|false&#8221; global_colors_info=&#8221;{}&#8221;][et_pb_row _builder_version=&#8221;4.20.4&#8243; _module_preset=&#8221;default&#8221; global_colors_info=&#8221;{}&#8221;][et_pb_column type=&#8221;4_4&#8243; _builder_version=&#8221;4.20.4&#8243; _module_preset=&#8221;default&#8221; global_colors_info=&#8221;{}&#8221;][et_pb_text content_tablet=&#8221;<\/p>\n<h2 style=%22text-align: center;%22>Optimizaci\u00f3n de la Cadena de Suministro Automotriz a trav\u00e9s de la Digitalizaci\u00f3n y la Colaboraci\u00f3n.<\/h2>\n<p>&#8221; content_phone=&#8221;<\/p>\n<h2 style=%22text-align: left;%22>Optimizaci\u00f3n<br \/>de la Cadena<br \/>de Suministro Automotriz a trav\u00e9s de la Digitalizaci\u00f3n y la Colaboraci\u00f3n.<\/h2>\n<p>&#8221; content_last_edited=&#8221;on|phone&#8221; _builder_version=&#8221;4.24.2&#8243; _module_preset=&#8221;default&#8221; header_2_font_size=&#8221;30px&#8221; header_2_line_height=&#8221;1.2em&#8221; custom_padding=&#8221;30px||||false|false&#8221; custom_padding_tablet=&#8221;30px||||false|false&#8221; custom_padding_phone=&#8221;30px||||false|false&#8221; custom_padding_last_edited=&#8221;on|phone&#8221; global_colors_info=&#8221;{}&#8221;]<\/p>\n<h2 style=\"text-align: center;\">Optimizaci\u00f3n de la Cadena de Suministro Automotriz a trav\u00e9s de la Digitalizaci\u00f3n y la Colaboraci\u00f3n.<\/h2>\n<p>[\/et_pb_text][\/et_pb_column][\/et_pb_row][et_pb_row column_structure=&#8221;1_2,1_2&#8243; _builder_version=&#8221;4.24.2&#8243; _module_preset=&#8221;default&#8221; width_tablet=&#8221;&#8221; width_phone=&#8221;&#8221; width_last_edited=&#8221;on|desktop&#8221; max_width=&#8221;80%&#8221; custom_margin_tablet=&#8221;&#8221; custom_margin_phone=&#8221;&#8221; custom_margin_last_edited=&#8221;on|phone&#8221; global_colors_info=&#8221;{}&#8221;][et_pb_column type=&#8221;1_2&#8243; _builder_version=&#8221;4.20.4&#8243; _module_preset=&#8221;default&#8221; global_colors_info=&#8221;{}&#8221;][et_pb_text _builder_version=&#8221;4.20.4&#8243; _module_preset=&#8221;default&#8221; text_text_color=&#8221;#424242&#8243; custom_margin=&#8221;60px||0px||false|false&#8221; custom_margin_tablet=&#8221;60px||0px||false|false&#8221; custom_margin_phone=&#8221;20px||0px||false|false&#8221; custom_margin_last_edited=&#8221;on|phone&#8221; global_colors_info=&#8221;{}&#8221;]<\/p>\n<p>Las interrupciones en la cadena de suministro han impactado severamente a la industria automotriz, con plazos de entrega que se extienden a seis meses o m\u00e1s.<\/p>\n<p>Los sistemas manuales, las tecnolog\u00edas heredadas y la falta de visibilidad en la cadena de suministro obstaculizan la colaboraci\u00f3n efectiva con los principales proveedores.<\/p>\n<p>La industria automotriz est\u00e1 recurriendo a la digitalizaci\u00f3n para transformar los procesos y abordar estos desaf\u00edos.<\/p>\n<p>La implementaci\u00f3n de soluciones digitales puede resultar en una mejora del 5% o m\u00e1s en el rendimiento puntual y completo.<\/p>\n<p>La precisi\u00f3n mejorada en los plazos de entrega y la visibilidad en la cadena de suministro conducen a mejoras del 10% o m\u00e1s en las rotaciones de inventario y la entrega puntual.<\/p>\n<p>Optimiza tu cadena de suministro automotriz para generar ahorros operativos, mitigar interrupciones y mejorar la satisfacci\u00f3n del cliente.<\/p>\n<p>[\/et_pb_text][et_pb_text _builder_version=&#8221;4.20.4&#8243; _module_preset=&#8221;default&#8221; custom_margin=&#8221;||30px||false|false&#8221; custom_padding=&#8221;30px||||false|false&#8221; global_colors_info=&#8221;{}&#8221;]<\/p>\n<p>Por favor completa el formulario para descargar el caso de uso y desbloquear todo el potencial de la digitalizaci\u00f3n en la industria automotriz.<\/p>\n<p>[\/et_pb_text][\/et_pb_column][et_pb_column type=&#8221;1_2&#8243; _builder_version=&#8221;4.20.4&#8243; _module_preset=&#8221;default&#8221; global_colors_info=&#8221;{}&#8221;][et_pb_code _builder_version=&#8221;4.24.2&#8243; _module_preset=&#8221;default&#8221; custom_margin=&#8221;0px||0px||false|false&#8221; global_colors_info=&#8221;{}&#8221;]<iframe aria-label='Caso de Uso - Optimizacion de la Cadena de Suministro Automotriz' frameborder=\"0\" style=\"height:850px;width:99%;border:none;\" src='https:\/\/forms.zohopublic.in\/quloiportal712\/form\/CasodeUsoOptimizaciondelaCadenadeSuministroAutomot\/formperma\/PtLOkp_Ix0CdOXDd7U-hnJKmS0zuHBcGAdhkbereixI'><\/iframe>[\/et_pb_code][\/et_pb_column][\/et_pb_row][\/et_pb_section]<\/p>\n","protected":false},"excerpt":{"rendered":"<p>Optimizaci\u00f3n de la Cadena deSuministro Automotriz- Un Caso de Uso de QuloiOptimizaci\u00f3n de la Cadena de Suministro Automotriz a trav\u00e9s de la Digitalizaci\u00f3n y la Colaboraci\u00f3n.Las interrupciones en la cadena de suministro han impactado severamente a la industria automotriz, con plazos de entrega que se extienden a seis meses o m\u00e1s. Los sistemas manuales, las [&hellip;]<\/p>\n","protected":false},"author":2,"featured_media":0,"parent":2549,"menu_order":0,"comment_status":"closed","ping_status":"closed","template":"","meta":{"_et_pb_use_builder":"on","_et_pb_old_content":"","_et_gb_content_width":""},"_links":{"self":[{"href":"https:\/\/quloi.com\/mx\/wp-json\/wp\/v2\/pages\/2681"}],"collection":[{"href":"https:\/\/quloi.com\/mx\/wp-json\/wp\/v2\/pages"}],"about":[{"href":"https:\/\/quloi.com\/mx\/wp-json\/wp\/v2\/types\/page"}],"author":[{"embeddable":true,"href":"https:\/\/quloi.com\/mx\/wp-json\/wp\/v2\/users\/2"}],"replies":[{"embeddable":true,"href":"https:\/\/quloi.com\/mx\/wp-json\/wp\/v2\/comments?post=2681"}],"version-history":[{"count":12,"href":"https:\/\/quloi.com\/mx\/wp-json\/wp\/v2\/pages\/2681\/revisions"}],"predecessor-version":[{"id":5872,"href":"https:\/\/quloi.com\/mx\/wp-json\/wp\/v2\/pages\/2681\/revisions\/5872"}],"up":[{"embeddable":true,"href":"https:\/\/quloi.com\/mx\/wp-json\/wp\/v2\/pages\/2549"}],"wp:attachment":[{"href":"https:\/\/quloi.com\/mx\/wp-json\/wp\/v2\/media?parent=2681"}],"curies":[{"name":"wp","href":"https:\/\/api.w.org\/{rel}","templated":true}]}}