{"id":2870,"date":"2023-06-20T05:20:37","date_gmt":"2023-06-20T05:20:37","guid":{"rendered":"https:\/\/www.quloi.com\/?page_id=2870"},"modified":"2024-04-21T19:22:09","modified_gmt":"2024-04-21T19:22:09","slug":"la-digitalizacion-de-la-cadena-de-suministro-comienza-con-la-primera-milla","status":"publish","type":"page","link":"https:\/\/quloi.com\/mx\/recursos\/whitepaper\/la-digitalizacion-de-la-cadena-de-suministro-comienza-con-la-primera-milla\/","title":{"rendered":"La Digitalizaci\u00f3n de la Cadena de Suministro Comienza con la Primera Milla"},"content":{"rendered":"<p>[et_pb_section fb_built=&#8221;1&#8243; admin_label=&#8221;Hero&#8221; _builder_version=&#8221;4.20.4&#8243; background_color=&#8221;#0580f2&#8243; background_color_gradient_direction=&#8221;271deg&#8221; background_enable_image=&#8221;off&#8221; min_height=&#8221;64px&#8221; custom_padding=&#8221;66px|0px|100px|0px||&#8221; global_colors_info=&#8221;{}&#8221;][et_pb_row make_equal=&#8221;on&#8221; _builder_version=&#8221;4.20.2&#8243; background_size=&#8221;initial&#8221; background_position=&#8221;top_left&#8221; background_repeat=&#8221;repeat&#8221; custom_margin=&#8221;|auto|-22px|auto||&#8221; custom_padding=&#8221;|||&#8221; global_colors_info=&#8221;{}&#8221;][et_pb_column type=&#8221;4_4&#8243; _builder_version=&#8221;4.16&#8243; custom_padding=&#8221;|||&#8221; custom_padding_tablet=&#8221;20px|10%|0px|10%&#8221; custom_padding_last_edited=&#8221;off|desktop&#8221; global_colors_info=&#8221;{}&#8221; padding_tablet=&#8221;20px|10%|0px|10%&#8221; padding_last_edited=&#8221;off|desktop&#8221; custom_padding__hover=&#8221;|||&#8221;][et_pb_text content_tablet=&#8221;<\/p>\n<h1 style=%22text-align: left;%22>La Digitalizaci\u00f3n de la Cadena de Suministro<br \/>Comienza con la<br \/>Primera Milla<\/h1>\n<p>&#8221; content_phone=&#8221;<\/p>\n<h1 style=%22text-align: left;%22>La Digitalizaci\u00f3n<br \/>de la Cadena de Suministro<br \/>Comienza con<br \/>la Primera Milla<\/h1>\n<p>&#8221; content_last_edited=&#8221;on|tablet&#8221; _builder_version=&#8221;4.24.2&#8243; _module_preset=&#8221;default&#8221; header_text_color=&#8221;#FFFFFF&#8221; header_font_size=&#8221;45px&#8221; header_2_text_color=&#8221;#FFFFFF&#8221; header_2_font_size=&#8221;38px&#8221; header_2_line_height=&#8221;1.2em&#8221; custom_padding=&#8221;||0px||false|false&#8221; header_font_size_tablet=&#8221;45px&#8221; header_font_size_phone=&#8221;34px&#8221; header_font_size_last_edited=&#8221;on|desktop&#8221; header_2_font_size_tablet=&#8221;38px&#8221; header_2_font_size_phone=&#8221;30px&#8221; header_2_font_size_last_edited=&#8221;on|phone&#8221; global_colors_info=&#8221;{}&#8221;]<\/p>\n<h1 style=\"text-align: center;\">La Digitalizaci\u00f3n de la Cadena de Suministro<br \/>Comienza con la Primera Milla<\/h1>\n<p>[\/et_pb_text][\/et_pb_column][\/et_pb_row][\/et_pb_section][et_pb_section fb_built=&#8221;1&#8243; custom_padding_last_edited=&#8221;on|phone&#8221; _builder_version=&#8221;4.24.2&#8243; _module_preset=&#8221;default&#8221; custom_padding=&#8221;6vh|0px|6vh||true|false&#8221; custom_padding_tablet=&#8221;6vh|0px|6vh||true|false&#8221; custom_padding_phone=&#8221;2vh|0px|2vh||true|false&#8221; global_colors_info=&#8221;{}&#8221;][et_pb_row column_structure=&#8221;1_2,1_2&#8243; _builder_version=&#8221;4.24.2&#8243; _module_preset=&#8221;default&#8221; width_tablet=&#8221;&#8221; width_phone=&#8221;90%&#8221; width_last_edited=&#8221;on|phone&#8221; max_width=&#8221;90%&#8221; global_colors_info=&#8221;{}&#8221;][et_pb_column type=&#8221;1_2&#8243; _builder_version=&#8221;4.20.4&#8243; _module_preset=&#8221;default&#8221; global_colors_info=&#8221;{}&#8221;][et_pb_text _builder_version=&#8221;4.20.4&#8243; _module_preset=&#8221;default&#8221; text_font=&#8221;Poppins|500|||||||&#8221; custom_margin=&#8221;30px||0px||false|false&#8221; custom_padding=&#8221;||0px|||&#8221; global_colors_info=&#8221;{}&#8221;]<\/p>\n<p>La industria de la cadena de suministro global ha enfrentado desaf\u00edos significativos y perturbaciones, amplificados por la pandemia de COVID-19 y las cambiantes expectativas de los clientes. Para superar estos obst\u00e1culos y construir resiliencia, la digitalizaci\u00f3n y las tecnolog\u00edas innovadoras se han vuelto imperativas.<\/p>\n<p>El primer tramo sienta las bases para procesos eficientes, tiempos de entrega precisos y una entrega m\u00e1s r\u00e1pida de productos.<\/p>\n<p>La transformaci\u00f3n digital del primer tramo proporciona visibilidad de extremo a extremo, mejora la colaboraci\u00f3n con los socios, garantiza proyecciones precisas de los tiempos de entrega y genera resultados orientados.<\/p>\n<p>Con la digitalizaci\u00f3n, las empresas pueden lograr una comunicaci\u00f3n eficiente, una gesti\u00f3n proactiva de las interrupciones y un rendimiento operativo y fiscal optimizado.<\/p>\n<p>[\/et_pb_text][et_pb_text _builder_version=&#8221;4.20.4&#8243; _module_preset=&#8221;default&#8221; custom_margin=&#8221;||30px||false|false&#8221; custom_padding=&#8221;20px||||false|false&#8221; global_colors_info=&#8221;{}&#8221;]<\/p>\n<p style=\"text-align: left;\">Descarga ahora y descubre los secretos para una cadena de suministro resiliente, eficiente y lista para el futuro. La revoluci\u00f3n comienza con la primera milla.<\/p>\n<p>[\/et_pb_text][et_pb_text _builder_version=&#8221;4.24.2&#8243; _module_preset=&#8221;default&#8221; header_3_font=&#8221;Poppins||||||||&#8221; header_3_font_size=&#8221;30px&#8221; header_3_line_height=&#8221;1.2em&#8221; custom_margin=&#8221;||30px||false|false&#8221; global_colors_info=&#8221;{}&#8221;]<\/p>\n<p><strong>\u00a1Descarga tu copia gratuita!<\/strong><\/p>\n<p>[\/et_pb_text][\/et_pb_column][et_pb_column type=&#8221;1_2&#8243; _builder_version=&#8221;4.20.4&#8243; _module_preset=&#8221;default&#8221; global_colors_info=&#8221;{}&#8221;][et_pb_code _builder_version=&#8221;4.24.2&#8243; _module_preset=&#8221;default&#8221; custom_margin=&#8221;0px||0px||false|false&#8221; custom_padding=&#8221;0px||0px||false|false&#8221; global_colors_info=&#8221;{}&#8221;]<iframe aria-label='Whitepaper - La Digitalizaci\u00f3n de la Cadena de Suministro Comienza con la Primera Milla' frameborder=\"0\" style=\"height:850px;width:99%;border:none;\" src='https:\/\/forms.zohopublic.in\/quloiportal712\/form\/WhitepaperLaDigitalizacindelaCadenadeSuministroCom\/formperma\/xiF56TMUpzQNvyRgTtQ_1TPx7g5TTjxEWDkTDdc1lEE'><\/iframe>[\/et_pb_code][\/et_pb_column][\/et_pb_row][\/et_pb_section]<\/p>\n","protected":false},"excerpt":{"rendered":"<p>La Digitalizaci\u00f3n de la Cadena de SuministroComienza con la Primera MillaLa industria de la cadena de suministro global ha enfrentado desaf\u00edos significativos y perturbaciones, amplificados por la pandemia de COVID-19 y las cambiantes expectativas de los clientes. Para superar estos obst\u00e1culos y construir resiliencia, la digitalizaci\u00f3n y las tecnolog\u00edas innovadoras se han vuelto imperativas. El [&hellip;]<\/p>\n","protected":false},"author":4,"featured_media":0,"parent":2422,"menu_order":0,"comment_status":"closed","ping_status":"closed","template":"","meta":{"_et_pb_use_builder":"on","_et_pb_old_content":"","_et_gb_content_width":""},"_links":{"self":[{"href":"https:\/\/quloi.com\/mx\/wp-json\/wp\/v2\/pages\/2870"}],"collection":[{"href":"https:\/\/quloi.com\/mx\/wp-json\/wp\/v2\/pages"}],"about":[{"href":"https:\/\/quloi.com\/mx\/wp-json\/wp\/v2\/types\/page"}],"author":[{"embeddable":true,"href":"https:\/\/quloi.com\/mx\/wp-json\/wp\/v2\/users\/4"}],"replies":[{"embeddable":true,"href":"https:\/\/quloi.com\/mx\/wp-json\/wp\/v2\/comments?post=2870"}],"version-history":[{"count":13,"href":"https:\/\/quloi.com\/mx\/wp-json\/wp\/v2\/pages\/2870\/revisions"}],"predecessor-version":[{"id":5771,"href":"https:\/\/quloi.com\/mx\/wp-json\/wp\/v2\/pages\/2870\/revisions\/5771"}],"up":[{"embeddable":true,"href":"https:\/\/quloi.com\/mx\/wp-json\/wp\/v2\/pages\/2422"}],"wp:attachment":[{"href":"https:\/\/quloi.com\/mx\/wp-json\/wp\/v2\/media?parent=2870"}],"curies":[{"name":"wp","href":"https:\/\/api.w.org\/{rel}","templated":true}]}}