{"id":2894,"date":"2023-07-10T05:51:12","date_gmt":"2023-07-10T05:51:12","guid":{"rendered":"https:\/\/www.quloi.com\/?page_id=2894"},"modified":"2025-02-10T12:05:13","modified_gmt":"2025-02-10T12:05:13","slug":"blog","status":"publish","type":"page","link":"https:\/\/quloi.com\/mx\/recursos\/blog\/","title":{"rendered":"Blog"},"content":{"rendered":"<p>[et_pb_section fb_built=&#8221;1&#8243; _builder_version=&#8221;4.24.2&#8243; _module_preset=&#8221;bdc0d9c6-6821-4c8a-80db-8ee009c50fe1&#8243; background_enable_color=&#8221;off&#8221; use_background_color_gradient=&#8221;on&#8221; background_color_gradient_direction=&#8221;131deg&#8221; background_color_gradient_stops=&#8221;#001035 0%|rgba(0,11,73,0.84) 100%&#8221; background_color_gradient_overlays_image=&#8221;on&#8221; background_image=&#8221;https:\/\/quloi.com\/mx\/wp-content\/uploads\/sites\/2\/2024\/04\/Image-Integrated-Supply-Chain.png&#8221; min_height=&#8221;322px&#8221; custom_margin=&#8221;-15px||||false|false&#8221; custom_padding=&#8221;6vh||6vh||false|false&#8221; global_colors_info=&#8221;{}&#8221;][et_pb_row _builder_version=&#8221;4.24.2&#8243; _module_preset=&#8221;default&#8221; max_width=&#8221;80%&#8221; global_colors_info=&#8221;{}&#8221;][et_pb_column type=&#8221;4_4&#8243; _builder_version=&#8221;4.23.1&#8243; _module_preset=&#8221;default&#8221; global_colors_info=&#8221;{}&#8221;][et_pb_text content_tablet=&#8221;<\/p>\n<h1>Blog<\/h1>\n<\/p>\n<p>&#8221; content_phone=&#8221;<\/p>\n<h1>Blog<\/h1>\n<p>&#8221; content_last_edited=&#8221;on|tablet&#8221; _builder_version=&#8221;4.24.2&#8243; _module_preset=&#8221;a57bf5a5-17d8-4b87-af47-91dbb6beba39&#8243; text_text_color=&#8221;#FFFFFF&#8221; text_font_size=&#8221;27px&#8221; header_font=&#8221;|600|||||||&#8221; header_text_color=&#8221;#FFFFFF&#8221; header_font_size=&#8221;60px&#8221; header_line_height=&#8221;1.1em&#8221; text_orientation=&#8221;center&#8221; height=&#8221;73px&#8221; custom_margin=&#8221;30px||1px||false|false&#8221; custom_margin_tablet=&#8221;20px||||false|false&#8221; custom_margin_phone=&#8221;20px||||false|false&#8221; custom_margin_last_edited=&#8221;on|tablet&#8221; animation_style=&#8221;slide&#8221; animation_direction=&#8221;top&#8221; hover_enabled=&#8221;0&#8243; header_font_tablet=&#8221;&#8221; header_font_phone=&#8221;&#8221; header_font_last_edited=&#8221;on|tablet&#8221; header_font_size_tablet=&#8221;55px&#8221; header_font_size_phone=&#8221;35px&#8221; header_font_size_last_edited=&#8221;on|phone&#8221; global_colors_info=&#8221;{}&#8221; header_2_font_size=&#8221;56px&#8221; header_2_text_color=&#8221;#FFFFFF&#8221; sticky_enabled=&#8221;0&#8243; header_2_font_size_last_edited=&#8221;on|desktop&#8221; header_2_font_size_tablet=&#8221;56px&#8221; header_2_font_size_phone=&#8221;56px&#8221;]<\/p>\n<h2>Blog<\/h2>\n<p>[\/et_pb_text][et_pb_text content_tablet=&#8221;<\/p>\n<p>We understand that staying updated and informed is<br \/>crucial in the ever-evolving logistics industry. That&#8217;s<br \/>why we&#8217;ve curated a wealth of resources to help you<br \/>navigate the challenges and opportunities of the<br \/>logistics world.<\/p>\n<p>&#8221; content_phone=&#8221;<\/p>\n<p>We understand that staying updated and informed is crucial in the ever-evolving logistics industry.<\/p>\n<p>That&#8217;s why we&#8217;ve curated a wealth of resources to help you navigate the challenges and opportunities of the<br \/>logistics world.<\/p>\n<p>&#8221; content_last_edited=&#8221;on|phone&#8221; _builder_version=&#8221;4.24.2&#8243; _module_preset=&#8221;a57bf5a5-17d8-4b87-af47-91dbb6beba39&#8243; text_font=&#8221;||||||||&#8221; text_text_color=&#8221;#FFFFFF&#8221; text_font_size=&#8221;17px&#8221; text_line_height=&#8221;1.4em&#8221; text_orientation=&#8221;center&#8221; width=&#8221;60%&#8221; module_alignment=&#8221;center&#8221; custom_margin=&#8221;20px||0px||false|false&#8221; animation_style=&#8221;slide&#8221; animation_direction=&#8221;left&#8221; hover_enabled=&#8221;0&#8243; text_font_size_tablet=&#8221;&#8221; text_font_size_phone=&#8221;15px&#8221; text_font_size_last_edited=&#8221;on|phone&#8221; global_colors_info=&#8221;{}&#8221; sticky_enabled=&#8221;0&#8243;]<\/p>\n<p>Los comentarios, ideas y perspectivas m\u00e1s recientes de la industria para fabricantes, distribuidores, profesionales de la cadena de suministro, log\u00edstica y transporte.<\/p>\n<p>[\/et_pb_text][\/et_pb_column][\/et_pb_row][\/et_pb_section][et_pb_section fb_built=&#8221;1&#8243; _builder_version=&#8221;4.24.2&#8243; _module_preset=&#8221;7e7f6f27-d729-4180-b426-54b74eb19b4e&#8221; background_color=&#8221;#f3f7fa&#8221; custom_margin=&#8221;||-30px||false|false&#8221; global_colors_info=&#8221;{}&#8221;][et_pb_row use_custom_gutter=&#8221;on&#8221; gutter_width=&#8221;2&#8243; make_equal=&#8221;on&#8221; _builder_version=&#8221;4.24.2&#8243; _module_preset=&#8221;default&#8221; global_colors_info=&#8221;{}&#8221;][et_pb_column type=&#8221;4_4&#8243; _builder_version=&#8221;4.24.2&#8243; _module_preset=&#8221;default&#8221; global_colors_info=&#8221;{}&#8221;][et_pb_heading title=&#8221;Art\u00edculos destacados&#8221; _builder_version=&#8221;4.24.2&#8243; _module_preset=&#8221;default&#8221; title_font=&#8221;Poppins|600|||||||&#8221; title_font_size=&#8221;27px&#8221; global_colors_info=&#8221;{}&#8221;][\/et_pb_heading][et_pb_blog fullwidth=&#8221;off&#8221; posts_number=&#8221;9&#8243; include_categories=&#8221;2&#8243; meta_date=&#8221;j M Y&#8221; use_manual_excerpt=&#8221;off&#8221; show_author=&#8221;off&#8221; show_categories=&#8221;off&#8221; show_excerpt=&#8221;off&#8221; module_class=&#8221;pa-blog-equal-height&#8221; _builder_version=&#8221;4.24.2&#8243; _module_preset=&#8221;default&#8221; header_font=&#8221;Poppins|600|||||||&#8221; header_text_color=&#8221;#1a3f6a&#8221; header_font_size=&#8221;20px&#8221; meta_text_color=&#8221;#007dfe&#8221; border_radii=&#8221;on|8px|8px|8px|8px&#8221; box_shadow_style=&#8221;preset3&#8243; global_colors_info=&#8221;{}&#8221;][\/et_pb_blog][\/et_pb_column][\/et_pb_row][\/et_pb_section][et_pb_section fb_built=&#8221;1&#8243; _builder_version=&#8221;4.24.2&#8243; _module_preset=&#8221;7e7f6f27-d729-4180-b426-54b74eb19b4e&#8221; custom_margin=&#8221;||-2px||false|false&#8221; global_colors_info=&#8221;{}&#8221;][et_pb_row _builder_version=&#8221;4.24.2&#8243; _module_preset=&#8221;default&#8221; use_background_color_gradient=&#8221;on&#8221; background_color_gradient_stops=&#8221;#011b3d 0%|#004275 100%&#8221; custom_padding=&#8221;20px||||false|false&#8221; border_radii=&#8221;on|20px|20px|20px|20px&#8221; global_colors_info=&#8221;{}&#8221;][et_pb_column type=&#8221;4_4&#8243; _builder_version=&#8221;4.24.2&#8243; _module_preset=&#8221;default&#8221; global_colors_info=&#8221;{}&#8221;][et_pb_cta title=&#8221;\u00bfListo para explorar nuestra plataforma colaborativa?&#8221; button_url=&#8221;https:\/\/quloi.com\/mx\/agendar-demo\/&#8221; button_text=&#8221;Agenda una Demo&#8221; _builder_version=&#8221;4.24.2&#8243; _module_preset=&#8221;default&#8221; header_line_height=&#8221;1.5em&#8221; background_enable_color=&#8221;off&#8221; custom_button=&#8221;on&#8221; button_text_size=&#8221;24px&#8221; button_bg_use_color_gradient=&#8221;on&#8221; button_bg_color_gradient_stops=&#8221;#083f59 0%|#1e4e96 100%&#8221; button_border_width=&#8221;0px&#8221; button_alignment=&#8221;center&#8221; width=&#8221;78%&#8221; module_alignment=&#8221;center&#8221; custom_margin=&#8221;0px||-18px||false|false&#8221; hover_enabled=&#8221;0&#8243; box_shadow_style_button=&#8221;preset1&#8243; box_shadow_blur_button=&#8221;24px&#8221; box_shadow_spread_button=&#8221;-7px&#8221; global_colors_info=&#8221;{}&#8221; sticky_enabled=&#8221;0&#8243; header_font_size=&#8221;26px&#8221; header_font_size_last_edited=&#8221;on|phone&#8221; header_font_size_phone=&#8221;19px&#8221; body_font_size=&#8221;14px&#8221; body_line_height=&#8221;1.5em&#8221; button_text_size_last_edited=&#8221;on|phone&#8221; button_text_size_phone=&#8221;19px&#8221; header_font_size_tablet=&#8221;26px&#8221; button_text_size_tablet=&#8221;24px&#8221;]<\/p>\n<p class=\"intro-text\"><span>Descubre c\u00f3mo nuestra plataforma de visibilidad en tiempo real y colaboraci\u00f3n con proveedores puede conectar toda tu cadena de suministro.<\/span><\/p>\n<p>[\/et_pb_cta][\/et_pb_column][\/et_pb_row][\/et_pb_section]<\/p>\n","protected":false},"excerpt":{"rendered":"<p>BlogLos comentarios, ideas y perspectivas m\u00e1s recientes de la industria para fabricantes, distribuidores, profesionales de la cadena de suministro, log\u00edstica y transporte.Descubre c\u00f3mo nuestra plataforma de visibilidad en tiempo real y colaboraci\u00f3n con proveedores puede conectar toda tu cadena de suministro.<\/p>\n","protected":false},"author":4,"featured_media":0,"parent":2005,"menu_order":0,"comment_status":"closed","ping_status":"closed","template":"","meta":{"_et_pb_use_builder":"on","_et_pb_old_content":"","_et_gb_content_width":""},"_links":{"self":[{"href":"https:\/\/quloi.com\/mx\/wp-json\/wp\/v2\/pages\/2894"}],"collection":[{"href":"https:\/\/quloi.com\/mx\/wp-json\/wp\/v2\/pages"}],"about":[{"href":"https:\/\/quloi.com\/mx\/wp-json\/wp\/v2\/types\/page"}],"author":[{"embeddable":true,"href":"https:\/\/quloi.com\/mx\/wp-json\/wp\/v2\/users\/4"}],"replies":[{"embeddable":true,"href":"https:\/\/quloi.com\/mx\/wp-json\/wp\/v2\/comments?post=2894"}],"version-history":[{"count":18,"href":"https:\/\/quloi.com\/mx\/wp-json\/wp\/v2\/pages\/2894\/revisions"}],"predecessor-version":[{"id":6915,"href":"https:\/\/quloi.com\/mx\/wp-json\/wp\/v2\/pages\/2894\/revisions\/6915"}],"up":[{"embeddable":true,"href":"https:\/\/quloi.com\/mx\/wp-json\/wp\/v2\/pages\/2005"}],"wp:attachment":[{"href":"https:\/\/quloi.com\/mx\/wp-json\/wp\/v2\/media?parent=2894"}],"curies":[{"name":"wp","href":"https:\/\/api.w.org\/{rel}","templated":true}]}}