{"id":2905,"date":"2023-07-10T15:37:55","date_gmt":"2023-07-10T15:37:55","guid":{"rendered":"https:\/\/www.quloi.com\/?page_id=2905"},"modified":"2024-06-20T06:43:01","modified_gmt":"2024-06-20T06:43:01","slug":"elimina-los-costos-ocultos-de-tu-cadena-de-suministro","status":"publish","type":"page","link":"https:\/\/quloi.com\/mx\/recursos\/whitepaper\/elimina-los-costos-ocultos-de-tu-cadena-de-suministro\/","title":{"rendered":"Elimina los costos ocultos de tu cadena de suministro"},"content":{"rendered":"<p>[et_pb_section fb_built=&#8221;1&#8243; admin_label=&#8221;Hero&#8221; _builder_version=&#8221;4.20.4&#8243; background_color=&#8221;#0580f2&#8243; background_color_gradient_direction=&#8221;271deg&#8221; background_enable_image=&#8221;off&#8221; min_height=&#8221;64px&#8221; custom_padding=&#8221;66px|0px|100px|0px||&#8221; global_colors_info=&#8221;{}&#8221;][et_pb_row make_equal=&#8221;on&#8221; _builder_version=&#8221;4.20.2&#8243; background_size=&#8221;initial&#8221; background_position=&#8221;top_left&#8221; background_repeat=&#8221;repeat&#8221; custom_margin=&#8221;|auto|-22px|auto||&#8221; custom_padding=&#8221;|||&#8221; global_colors_info=&#8221;{}&#8221;][et_pb_column type=&#8221;4_4&#8243; _builder_version=&#8221;4.16&#8243; custom_padding=&#8221;|||&#8221; custom_padding_tablet=&#8221;20px|10%|0px|10%&#8221; custom_padding_last_edited=&#8221;off|desktop&#8221; global_colors_info=&#8221;{}&#8221; padding_tablet=&#8221;20px|10%|0px|10%&#8221; padding_last_edited=&#8221;off|desktop&#8221; custom_padding__hover=&#8221;|||&#8221;][et_pb_text content_tablet=&#8221;<\/p>\n<h1 style=%22text-align: center;%22><span>Elimina los costos ocultos de tu cadena de suministro: Mejora la eficiencia a trav\u00e9s de la<br \/>colaboraci\u00f3n con proveedores.<\/span><\/h1>\n<p>&#8221; content_phone=&#8221;<\/p>\n<h1 style=%22text-align: left;%22><span>Elimina los<br \/>costos ocultos<br \/>de tu cadena de suministro: Mejora la eficiencia a trav\u00e9s de la colaboraci\u00f3n con proveedores.<\/span><\/h1>\n<p>&#8221; content_last_edited=&#8221;on|phone&#8221; _builder_version=&#8221;4.24.2&#8243; text_font=&#8221;||||||||&#8221; header_font=&#8221;Poppins|700|||||||&#8221; header_text_align=&#8221;left&#8221; header_font_size=&#8221;45px&#8221; header_line_height=&#8221;1.1em&#8221; background_layout=&#8221;dark&#8221; custom_margin=&#8221;0px||0px||false|false&#8221; animation_style=&#8221;flip&#8221; animation_direction=&#8221;top&#8221; header_font_size_tablet=&#8221;38px&#8221; header_font_size_phone=&#8221;30px&#8221; header_font_size_last_edited=&#8221;on|phone&#8221; global_colors_info=&#8221;{}&#8221;]<\/p>\n<h1 style=\"text-align: center;\"><span>Reducir los costos ocultos de tu cadena de suministro: Mejora la eficiencia a trav\u00e9s de la<br \/>colaboraci\u00f3n con proveedores<\/span><\/h1>\n<p>[\/et_pb_text][\/et_pb_column][\/et_pb_row][\/et_pb_section][et_pb_section fb_built=&#8221;1&#8243; _builder_version=&#8221;4.20.4&#8243; _module_preset=&#8221;default&#8221; custom_padding=&#8221;6vh|0px|6vh||true|false&#8221; global_colors_info=&#8221;{}&#8221;][et_pb_row column_structure=&#8221;1_2,1_2&#8243; _builder_version=&#8221;4.24.2&#8243; _module_preset=&#8221;default&#8221; width_tablet=&#8221;&#8221; width_phone=&#8221;&#8221; width_last_edited=&#8221;on|desktop&#8221; max_width=&#8221;80%&#8221; global_colors_info=&#8221;{}&#8221;][et_pb_column type=&#8221;1_2&#8243; _builder_version=&#8221;4.20.4&#8243; _module_preset=&#8221;default&#8221; global_colors_info=&#8221;{}&#8221;][et_pb_text _builder_version=&#8221;4.24.2&#8243; _module_preset=&#8221;default&#8221; custom_padding=&#8221;30px||||false|false&#8221; global_colors_info=&#8221;{}&#8221;]<\/p>\n<p>El 100% de los l\u00edderes de la cadena de suministro encuentran problemas para colaborar efectivamente con las partes interesadas internas, y el 95% lucha con la colaboraci\u00f3n externa.<\/p>\n<p>Las empresas que priorizan la colaboraci\u00f3n con proveedores logran una reducci\u00f3n del 19% en los costos de la cadena de suministro en comparaci\u00f3n con sus pares.<\/p>\n<p>La Proporci\u00f3n de Inventario\/Ventas Empresariales de EE. UU. para junio de 2023 se situ\u00f3 en 1.40, un aumento del 7% desde 1.31 hace un a\u00f1o.<\/p>\n<p>Muchas organizaciones tienen costos de mala calidad tan altos como el 15-20% de sus ingresos por ventas.<\/p>\n<p>Las organizaciones que priorizaron la colaboraci\u00f3n con proveedores desbloquearon un crecimiento empresarial significativo al reducir los costos operativos y maximizar los beneficios.<\/p>\n<p>El 49% de los l\u00edderes de la cadena de suministro pueden capturar ideas de datos en tiempo real y actuar sobre ellas inmediatamente.<\/p>\n<p>Potencia la eficiencia de tu cadena de suministro: Revelando los secretos de la colaboraci\u00f3n con proveedores. \u00a1Descarga ahora para obtener ideas de vanguardia!<\/p>\n<p>\u00a1Descarga tu copia gratuita!<\/p>\n<p>[\/et_pb_text][\/et_pb_column][et_pb_column type=&#8221;1_2&#8243; _builder_version=&#8221;4.20.4&#8243; _module_preset=&#8221;default&#8221; global_colors_info=&#8221;{}&#8221;][et_pb_code _builder_version=&#8221;4.24.2&#8243; _module_preset=&#8221;default&#8221; global_colors_info=&#8221;{}&#8221;]<iframe aria-label='Whitepaper - Elimina los Costos Ocultos de la Cadena de Suministro' frameborder=\"0\" style=\"height:850px;width:99%;border:none;\" src='https:\/\/forms.zohopublic.in\/quloiportal712\/form\/WhitepaperEliminalosCostosOcultosdelaCadenadeSumin\/formperma\/vjpeYeVUPFv23gKhq8mTwC_3lYJlc3JOmi_sMH1qFOc'><\/iframe>[\/et_pb_code][\/et_pb_column][\/et_pb_row][\/et_pb_section]<\/p>\n","protected":false},"excerpt":{"rendered":"<p>Reducir los costos ocultos de tu cadena de suministro: Mejora la eficiencia a trav\u00e9s de lacolaboraci\u00f3n con proveedoresEl 100% de los l\u00edderes de la cadena de suministro encuentran problemas para colaborar efectivamente con las partes interesadas internas, y el 95% lucha con la colaboraci\u00f3n externa. Las empresas que priorizan la colaboraci\u00f3n con proveedores logran una [&hellip;]<\/p>\n","protected":false},"author":4,"featured_media":0,"parent":2422,"menu_order":0,"comment_status":"closed","ping_status":"closed","template":"","meta":{"_et_pb_use_builder":"on","_et_pb_old_content":"","_et_gb_content_width":""},"_links":{"self":[{"href":"https:\/\/quloi.com\/mx\/wp-json\/wp\/v2\/pages\/2905"}],"collection":[{"href":"https:\/\/quloi.com\/mx\/wp-json\/wp\/v2\/pages"}],"about":[{"href":"https:\/\/quloi.com\/mx\/wp-json\/wp\/v2\/types\/page"}],"author":[{"embeddable":true,"href":"https:\/\/quloi.com\/mx\/wp-json\/wp\/v2\/users\/4"}],"replies":[{"embeddable":true,"href":"https:\/\/quloi.com\/mx\/wp-json\/wp\/v2\/comments?post=2905"}],"version-history":[{"count":11,"href":"https:\/\/quloi.com\/mx\/wp-json\/wp\/v2\/pages\/2905\/revisions"}],"predecessor-version":[{"id":6524,"href":"https:\/\/quloi.com\/mx\/wp-json\/wp\/v2\/pages\/2905\/revisions\/6524"}],"up":[{"embeddable":true,"href":"https:\/\/quloi.com\/mx\/wp-json\/wp\/v2\/pages\/2422"}],"wp:attachment":[{"href":"https:\/\/quloi.com\/mx\/wp-json\/wp\/v2\/media?parent=2905"}],"curies":[{"name":"wp","href":"https:\/\/api.w.org\/{rel}","templated":true}]}}