{"id":4249,"date":"2024-01-17T19:59:32","date_gmt":"2024-01-17T19:59:32","guid":{"rendered":"https:\/\/www.quloi.com\/?page_id=4249"},"modified":"2024-05-16T02:25:53","modified_gmt":"2024-05-16T02:25:53","slug":"agendar-demo","status":"publish","type":"page","link":"https:\/\/quloi.com\/mx\/agendar-demo\/","title":{"rendered":"Agendar una Demo"},"content":{"rendered":"<p>[et_pb_section fb_built=&#8221;1&#8243; _builder_version=&#8221;4.23.3&#8243; _module_preset=&#8221;default&#8221; background_color=&#8221;#f3f7fa&#8221; custom_margin=&#8221;0px||0px||false|false&#8221; custom_padding=&#8221;20px||0px||false|false&#8221; global_colors_info=&#8221;{}&#8221;][et_pb_row _builder_version=&#8221;4.23.4&#8243; _module_preset=&#8221;default&#8221; max_width=&#8221;80%&#8221; custom_margin=&#8221;0px||||false|false&#8221; custom_padding=&#8221;0px||||false|false&#8221; global_colors_info=&#8221;{}&#8221;][et_pb_column type=&#8221;4_4&#8243; _builder_version=&#8221;4.23.4&#8243; _module_preset=&#8221;default&#8221; global_colors_info=&#8221;{}&#8221;][et_pb_text content_tablet=&#8221;<\/p>\n<h1 style=%22text-align: center;%22>No te quedes solo con nuestras palabras<\/h1>\n<\/p>\n<p>&#8221; content_phone=&#8221;<\/p>\n<h1 style=%22text-align: left;%22>No te quedes solo con nuestras palabras<\/h1>\n<p>&#8221; content_last_edited=&#8221;on|tablet&#8221; _builder_version=&#8221;4.23.4&#8243; _module_preset=&#8221;default&#8221; header_text_color=&#8221;#1d3e69&#8243; header_font_size=&#8221;55px&#8221; header_line_height=&#8221;1.1em&#8221; custom_margin=&#8221;60px||15px||false|false&#8221; custom_margin_tablet=&#8221;20px||0px||false|false&#8221; custom_margin_phone=&#8221;40px||||false|false&#8221; custom_margin_last_edited=&#8221;on|tablet&#8221; custom_padding=&#8221;||0px||false|false&#8221; animation_style=&#8221;slide&#8221; animation_direction=&#8221;bottom&#8221; header_font_tablet=&#8221;&#8221; header_font_phone=&#8221;&#8221; header_font_last_edited=&#8221;on|tablet&#8221; header_font_size_tablet=&#8221;55px&#8221; header_font_size_phone=&#8221;35px&#8221; header_font_size_last_edited=&#8221;on|phone&#8221; global_colors_info=&#8221;{}&#8221;]<\/p>\n<h1 style=\"text-align: center;\">No te quedes solo con nuestras palabras<\/h1>\n<p>[\/et_pb_text][\/et_pb_column][\/et_pb_row][et_pb_row column_structure=&#8221;1_2,1_2&#8243; _builder_version=&#8221;4.23.4&#8243; _module_preset=&#8221;default&#8221; width_tablet=&#8221;80%&#8221; width_phone=&#8221;80%&#8221; width_last_edited=&#8221;on|tablet&#8221; max_width=&#8221;80%&#8221; custom_margin=&#8221;40px|auto|-2px|auto|false|false&#8221; custom_margin_tablet=&#8221;0px||40px||false|false&#8221; custom_margin_phone=&#8221;0px||40px||false|false&#8221; custom_margin_last_edited=&#8221;on|tablet&#8221; custom_padding=&#8221;0px||40px||false|false&#8221; global_colors_info=&#8221;{}&#8221;][et_pb_column type=&#8221;1_2&#8243; _builder_version=&#8221;4.23.4&#8243; _module_preset=&#8221;default&#8221; global_colors_info=&#8221;{}&#8221;][et_pb_text content_tablet=&#8221;<\/p>\n<p style=%22text-align: left;%22><span style=%22color: #1d3e69;%22>Vea por usted mismo c\u00f3mo el software de automatizaci\u00f3n y colaboraci\u00f3n de \u00f3rdenes de compra de Quloi puede satisfacer los desaf\u00edos \u00fanicos, las necesidades y los intereses de<br \/>productos de su negocio.<\/span><\/p>\n<p><span style=%22color: #0d80ed;%22>Por favor, completa el formulario a continuaci\u00f3n para obtener tu demostraci\u00f3n personalizada gratuita.<\/span><\/p>\n<p>&#8221; content_phone=&#8221;<\/p>\n<p style=%22text-align: left;%22><span style=%22color: #1d3e69;%22>Vea por usted mismo c\u00f3mo el software de automatizaci\u00f3n y colaboraci\u00f3n de \u00f3rdenes de compra de Quloi puede satisfacer los desaf\u00edos \u00fanicos, las necesidades y los intereses de<br \/>productos de su negocio.<\/span><\/p>\n<p><span style=%22color: #0d80ed;%22>Por favor, completa el formulario a continuaci\u00f3n para obtener tu demostraci\u00f3n personalizada gratuita.<\/span><\/p>\n<p>&#8221; content_last_edited=&#8221;on|phone&#8221; _builder_version=&#8221;4.24.2&#8243; _module_preset=&#8221;default&#8221; text_font=&#8221;|600|||||||&#8221; text_text_color=&#8221;#08192d&#8221; text_font_size=&#8221;22px&#8221; text_line_height=&#8221;1.3em&#8221; custom_margin=&#8221;||45px||false|false&#8221; custom_margin_tablet=&#8221;0px||45px||false|false&#8221; custom_margin_phone=&#8221;0px||45px||false|false&#8221; custom_margin_last_edited=&#8221;on|tablet&#8221; custom_padding=&#8221;0px||||false|false&#8221; animation_style=&#8221;slide&#8221; animation_direction=&#8221;top&#8221; text_font_size_tablet=&#8221;18px&#8221; text_font_size_phone=&#8221;16px&#8221; text_font_size_last_edited=&#8221;on|phone&#8221; global_colors_info=&#8221;{}&#8221;]<\/p>\n<p style=\"text-align: left;\"><span style=\"color: #1d3e69;\">Descubre como el software de automatizaci\u00f3n y colaboraci\u00f3n de \u00f3rdenes de compra de Quloi puede satisfacer los desaf\u00edos \u00fanicos, las necesidades y los intereses de productos de su negocio.<\/span><\/p>\n<p><span style=\"color: #0d80ed;\">Por favor, completa el formulario a continuaci\u00f3n para obtener tu demostraci\u00f3n personalizada gratuita.<\/span><\/p>\n<p>[\/et_pb_text][et_pb_code _builder_version=&#8221;4.24.2&#8243; _module_preset=&#8221;default&#8221; custom_padding=&#8221;||0px|||&#8221; animation_style=&#8221;slide&#8221; animation_direction=&#8221;right&#8221; border_radii=&#8221;on|8px|8px|8px|8px&#8221; border_radii_tablet=&#8221;on|8px|8px|8px|8px&#8221; border_radii_phone=&#8221;on|0px|0px|0px|0px&#8221; border_radii_last_edited=&#8221;on|phone&#8221; box_shadow_style=&#8221;preset1&#8243; global_colors_info=&#8221;{}&#8221;]<iframe width='100%' height='750px' src='https:\/\/mg-quloi.zohobookings.in\/portal-embed#\/202474000000241070' frameborder='0' allowfullscreen='' > <\/iframe>[\/et_pb_code][\/et_pb_column][et_pb_column type=&#8221;1_2&#8243; _builder_version=&#8221;4.23.4&#8243; _module_preset=&#8221;default&#8221; global_colors_info=&#8221;{}&#8221;][et_pb_image src=&#8221;https:\/\/quloi.com\/mx\/wp-content\/uploads\/sites\/2\/2024\/05\/Plataforma.webp&#8221; title_text=&#8221;Plataforma&#8221; _builder_version=&#8221;4.24.2&#8243; _module_preset=&#8221;default&#8221; animation_style=&#8221;slide&#8221; animation_direction=&#8221;left&#8221; hover_enabled=&#8221;0&#8243; global_colors_info=&#8221;{}&#8221; sticky_enabled=&#8221;0&#8243;][\/et_pb_image][et_pb_image src=&#8221;https:\/\/quloi.com\/mx\/wp-content\/uploads\/sites\/2\/2024\/04\/Group-2009-1.webp&#8221; title_text=&#8221;Group 2009 (1)&#8221; disabled_on=&#8221;on|on|off&#8221; _builder_version=&#8221;4.24.2&#8243; _module_preset=&#8221;default&#8221; animation_style=&#8221;slide&#8221; animation_direction=&#8221;left&#8221; global_colors_info=&#8221;{}&#8221;][\/et_pb_image][\/et_pb_column][\/et_pb_row][\/et_pb_section][et_pb_section fb_built=&#8221;1&#8243; _builder_version=&#8221;4.23.4&#8243; _module_preset=&#8221;default&#8221; background_color=&#8221;#1d3e69&#8243; global_colors_info=&#8221;{}&#8221;][et_pb_row _builder_version=&#8221;4.23.4&#8243; _module_preset=&#8221;default&#8221; max_width=&#8221;80%&#8221; global_colors_info=&#8221;{}&#8221;][et_pb_column type=&#8221;4_4&#8243; _builder_version=&#8221;4.23.4&#8243; _module_preset=&#8221;default&#8221; global_colors_info=&#8221;{}&#8221;][et_pb_text content_tablet=&#8221;<\/p>\n<p style=%22text-align: center;%22><span style=%22color: #ffffff;%22>En esta demostraci\u00f3n de 30 minutos, descubra c\u00f3mo la soluci\u00f3n de automatizaci\u00f3n y colaboraci\u00f3n de \u00f3rdenes de compra de Quloi puede revolucionar sus procesos.<\/span><\/p>\n<p>&#8221; content_phone=&#8221;<\/p>\n<p style=%22text-align: left;%22><span style=%22color: #ffffff;%22>En esta demostraci\u00f3n de 30 minutos, descubra c\u00f3mo la soluci\u00f3n de automatizaci\u00f3n y colaboraci\u00f3n<\/span><br \/><span style=%22color: #ffffff;%22>de \u00f3rdenes de compra de Quloi puede revolucionar sus procesos.<\/span><\/p>\n<p>&#8221; content_last_edited=&#8221;on|tablet&#8221; _builder_version=&#8221;4.23.4&#8243; _module_preset=&#8221;default&#8221; text_font=&#8221;|600|||||||&#8221; text_text_color=&#8221;#0d80ed&#8221; text_font_size=&#8221;22px&#8221; text_line_height=&#8221;1.3em&#8221; custom_margin=&#8221;0px||||false|false&#8221; custom_padding=&#8221;15px||15px||false|false&#8221; animation_style=&#8221;slide&#8221; animation_direction=&#8221;top&#8221; text_font_size_tablet=&#8221;18px&#8221; text_font_size_phone=&#8221;16px&#8221; text_font_size_last_edited=&#8221;on|phone&#8221; global_colors_info=&#8221;{}&#8221;]<\/p>\n<p style=\"text-align: center;\"><span style=\"color: #ffffff;\">En esta demostraci\u00f3n de 30 minutos, descubra c\u00f3mo la soluci\u00f3n de automatizaci\u00f3n y colaboraci\u00f3n<\/span><br \/><span style=\"color: #ffffff;\">de \u00f3rdenes de compra de Quloi puede revolucionar sus procesos.<\/span><\/p>\n<p>[\/et_pb_text][\/et_pb_column][\/et_pb_row][\/et_pb_section][et_pb_section fb_built=&#8221;1&#8243; custom_padding_last_edited=&#8221;on|phone&#8221; _builder_version=&#8221;4.23.3&#8243; _module_preset=&#8221;default&#8221; background_color=&#8221;RGBA(255,255,255,0)&#8221; custom_margin=&#8221;0px||0px||false|false&#8221; custom_padding=&#8221;50px||0px||false|false&#8221; custom_padding_tablet=&#8221;20px||||false|false&#8221; custom_padding_phone=&#8221;20px||||false|false&#8221; global_colors_info=&#8221;{}&#8221;][et_pb_row column_structure=&#8221;1_2,1_2&#8243; _builder_version=&#8221;4.23.4&#8243; _module_preset=&#8221;default&#8221; max_width=&#8221;80%&#8221; global_colors_info=&#8221;{}&#8221;][et_pb_column type=&#8221;1_2&#8243; _builder_version=&#8221;4.23.1&#8243; _module_preset=&#8221;default&#8221; global_colors_info=&#8221;{}&#8221;][et_pb_blurb title=&#8221;Ordenes de Compra Simplificadas&#8221; use_icon=&#8221;on&#8221; font_icon=&#8221;&#x69;||divi||400&#8243; icon_color=&#8221;#007dfe&#8221; image_icon_background_color=&#8221;RGBA(255,255,255,0)&#8221; icon_placement=&#8221;left&#8221; image_icon_width=&#8221;28px&#8221; content_tablet=&#8221;<\/p>\n<p>Quloi simplifica la gesti\u00f3n de \u00f3rdenes de compra entre<br \/>compradores y proveedores, ofreciendo una visibilidad<br \/>precisa en toda la cadena de suministro.<\/p>\n<p>&#8221; content_phone=&#8221;<\/p>\n<p>Quloi simplifica la gesti\u00f3n de \u00f3rdenes de compra entre compradores y proveedores, ofreciendo una visibilidad precisa en toda<br \/>la cadena de suministro.<\/p>\n<p>&#8221; content_last_edited=&#8221;on|phone&#8221; _builder_version=&#8221;4.24.2&#8243; _module_preset=&#8221;default&#8221; header_text_color=&#8221;#1d3e69&#8243; header_font_size=&#8221;26px&#8221; animation_style=&#8221;slide&#8221; animation_direction=&#8221;top&#8221; body_font_size_tablet=&#8221;&#8221; body_font_size_phone=&#8221;14px&#8221; body_font_size_last_edited=&#8221;on|phone&#8221; global_colors_info=&#8221;{}&#8221;]<\/p>\n<p>Quloi simplifica la gesti\u00f3n de \u00f3rdenes de compra entre<br \/>compradores y proveedores, ofreciendo una visibilidad<br \/>precisa en toda la cadena de suministro.<\/p>\n<p>[\/et_pb_blurb][\/et_pb_column][et_pb_column type=&#8221;1_2&#8243; _builder_version=&#8221;4.23.1&#8243; _module_preset=&#8221;default&#8221; global_colors_info=&#8221;{}&#8221;][et_pb_blurb title=&#8221;Proceso Automatizado<br \/>\n&#8221; use_icon=&#8221;on&#8221; font_icon=&#8221;&#xf0d0;||fa||900&#8243; icon_color=&#8221;#007dfe&#8221; icon_placement=&#8221;left&#8221; image_icon_width=&#8221;28px&#8221; content_tablet=&#8221;<\/p>\n<p>Quloi automatiza cada paso del proceso,<br \/>permitiendo una comunicaci\u00f3n fluida dentro del<br \/>contexto de cada l\u00ednea de \u00f3rdenes de compra.<br \/>No m\u00e1s horas frustrantes dedicadas a rastrear<br \/>correos electr\u00f3nicos y hojas de c\u00e1lculo.<\/p>\n<p>&#8221; content_phone=&#8221;<\/p>\n<p>Quloi automatiza cada paso del proceso, permitiendo una comunicaci\u00f3n fluida dentro del contexto de cada l\u00ednea de \u00f3rdenes de compra. No m\u00e1s horas frustrantes dedicadas a rastrear correos electr\u00f3nicos y hojas de c\u00e1lculo.<\/p>\n<p>&#8221; content_last_edited=&#8221;on|phone&#8221; _builder_version=&#8221;4.24.2&#8243; _module_preset=&#8221;default&#8221; header_text_color=&#8221;#1d3e69&#8243; header_font_size=&#8221;26px&#8221; animation_style=&#8221;slide&#8221; animation_direction=&#8221;top&#8221; body_font_size_tablet=&#8221;&#8221; body_font_size_phone=&#8221;14px&#8221; body_font_size_last_edited=&#8221;on|phone&#8221; global_colors_info=&#8221;{}&#8221;]<\/p>\n<p>Quloi automatiza cada paso del proceso,<br \/>permitiendo una comunicaci\u00f3n fluida dentro del<br \/>contexto de cada l\u00ednea de \u00f3rdenes de compra.<br \/>No m\u00e1s horas frustrantes dedicadas a rastrear<br \/>correos electr\u00f3nicos y hojas de c\u00e1lculo.<\/p>\n<p>[\/et_pb_blurb][\/et_pb_column][\/et_pb_row][et_pb_row column_structure=&#8221;1_2,1_2&#8243; _builder_version=&#8221;4.23.4&#8243; _module_preset=&#8221;default&#8221; max_width=&#8221;80%&#8221; global_colors_info=&#8221;{}&#8221;][et_pb_column type=&#8221;1_2&#8243; _builder_version=&#8221;4.23.1&#8243; _module_preset=&#8221;default&#8221; global_colors_info=&#8221;{}&#8221;][et_pb_blurb title=&#8221;Gestionar por Excepci\u00f3n&#8221; use_icon=&#8221;on&#8221; font_icon=&#8221;&#xf0ae;||fa||900&#8243; icon_color=&#8221;#007dfe&#8221; image_icon_background_color=&#8221;RGBA(255,255,255,0)&#8221; icon_placement=&#8221;left&#8221; image_icon_width=&#8221;28px&#8221; content_tablet=&#8221;<\/p>\n<p>Quloi capacita a los compradores para centrarse en lo<br \/>que realmente importa al gestionar las \u00f3rdenes de compra<br \/>por excepci\u00f3n. No m\u00e1s filtrar detalles innecesarios,<br \/>conc\u00e9ntrese en los aspectos cr\u00edticos.<\/p>\n<p>&#8221; content_phone=&#8221;<\/p>\n<p><span>Quloi capacita a los compradores para centrarse en lo que realmente importa al gestionar las \u00f3rdenes de compra por excepci\u00f3n. No m\u00e1s filtrar detalles innecesarios, conc\u00e9ntrese en los aspectos cr\u00edticos.<\/span><\/p>\n<p>&#8221; content_last_edited=&#8221;on|phone&#8221; _builder_version=&#8221;4.24.2&#8243; _module_preset=&#8221;default&#8221; header_text_color=&#8221;#1d3e69&#8243; header_font_size=&#8221;26px&#8221; body_font_size=&#8221;14px&#8221; animation_style=&#8221;slide&#8221; animation_direction=&#8221;top&#8221; body_text_color_tablet=&#8221;#666666&#8243; body_text_color_phone=&#8221;#666666&#8243; body_text_color_last_edited=&#8221;on|tablet&#8221; global_colors_info=&#8221;{}&#8221;]<\/p>\n<p><span>Quloi capacita a los compradores para centrarse en lo<br \/>que realmente importa al gestionar las \u00f3rdenes de compra<br \/>por excepci\u00f3n. No m\u00e1s filtrar detalles innecesarios,<br \/>conc\u00e9ntrese en los aspectos cr\u00edticos.<\/span><\/p>\n<p>[\/et_pb_blurb][\/et_pb_column][et_pb_column type=&#8221;1_2&#8243; _builder_version=&#8221;4.23.1&#8243; _module_preset=&#8221;default&#8221; global_colors_info=&#8221;{}&#8221;][et_pb_blurb title=&#8221;Visibilidad en Tiempo Real&#8221; use_icon=&#8221;on&#8221; font_icon=&#8221;&#xf06e;||fa||900&#8243; icon_color=&#8221;#007dfe&#8221; icon_placement=&#8221;left&#8221; image_icon_width=&#8221;28px&#8221; content_tablet=&#8221;<\/p>\n<p><span>Obtenga una visibilidad precisa en tiempo real en<br \/>toda la cadena de suministro, lo que le permite tomar<br \/>decisiones informadas de manera r\u00e1pida.<\/span><\/p>\n<p>&#8221; content_phone=&#8221;<\/p>\n<p><span>Obtenga una visibilidad precisa en tiempo real en toda la cadena de suministro, lo que le permite tomar decisiones informadas<br \/>de manera r\u00e1pida.<\/span><\/p>\n<p>&#8221; content_last_edited=&#8221;on|phone&#8221; _builder_version=&#8221;4.24.2&#8243; _module_preset=&#8221;default&#8221; header_text_color=&#8221;#1d3e69&#8243; header_font_size=&#8221;26px&#8221; animation_style=&#8221;slide&#8221; animation_direction=&#8221;top&#8221; body_font_size_tablet=&#8221;&#8221; body_font_size_phone=&#8221;14px&#8221; body_font_size_last_edited=&#8221;on|phone&#8221; global_colors_info=&#8221;{}&#8221;]<\/p>\n<p><span>Obtenga una visibilidad precisa en tiempo real en<br \/>toda la cadena de suministro, lo que le permite tomar<br \/>decisiones informadas de manera r\u00e1pida.<\/span><\/p>\n<p>[\/et_pb_blurb][\/et_pb_column][\/et_pb_row][et_pb_row column_structure=&#8221;1_2,1_2&#8243; _builder_version=&#8221;4.23.4&#8243; _module_preset=&#8221;default&#8221; max_width=&#8221;80%&#8221; global_colors_info=&#8221;{}&#8221;][et_pb_column type=&#8221;1_2&#8243; _builder_version=&#8221;4.23.1&#8243; _module_preset=&#8221;default&#8221; global_colors_info=&#8221;{}&#8221;][et_pb_blurb title=&#8221;Integraci\u00f3n con ERP&#8217;s&#8221; use_icon=&#8221;on&#8221; font_icon=&#8221;&#xf0c1;||fa||900&#8243; icon_color=&#8221;#007dfe&#8221; icon_placement=&#8221;left&#8221; image_icon_width=&#8221;28px&#8221; content_tablet=&#8221;<\/p>\n<p>Quloi se integra perfectamente con su sistema ERP,<br \/>asegurando que cada pieza relevante de datos se actualice autom\u00e1ticamente. No m\u00e1s sorpresas o errores con los proveedores.<\/p>\n<p>&#8221; content_phone=&#8221;<\/p>\n<p>Quloi se integra perfectamente con su sistema ERP, asegurando que cada pieza relevante de datos se actualice autom\u00e1ticamente. No m\u00e1s sorpresas o errores con los proveedores.<\/p>\n<p>&#8221; content_last_edited=&#8221;on|phone&#8221; _builder_version=&#8221;4.24.2&#8243; _module_preset=&#8221;default&#8221; header_text_color=&#8221;#1d3e69&#8243; header_font_size=&#8221;26px&#8221; animation_style=&#8221;slide&#8221; animation_direction=&#8221;top&#8221; body_font_size_tablet=&#8221;&#8221; body_font_size_phone=&#8221;14px&#8221; body_font_size_last_edited=&#8221;on|phone&#8221; global_colors_info=&#8221;{}&#8221;]<\/p>\n<p>Quloi se integra perfectamente con su sistema ERP,<br \/>asegurando que cada pieza relevante de datos se actualice autom\u00e1ticamente. No m\u00e1s sorpresas o errores con los proveedores.<\/p>\n<p>[\/et_pb_blurb][\/et_pb_column][et_pb_column type=&#8221;1_2&#8243; _builder_version=&#8221;4.23.1&#8243; _module_preset=&#8221;default&#8221; global_colors_info=&#8221;{}&#8221;][et_pb_blurb title=&#8221;Automatizaci\u00f3n Inteligente&#8221; use_icon=&#8221;on&#8221; font_icon=&#8221;&#xf5dc;||fa||900&#8243; icon_color=&#8221;#007dfe&#8221; icon_placement=&#8221;left&#8221; image_icon_width=&#8221;28px&#8221; content_tablet=&#8221;<\/p>\n<p>Experimente la automatizaci\u00f3n inteligente que simplifica<br \/>los procesos y elimine los esfuerzos manuales, permiti\u00e9ndole<br \/>centrarse en las prioridades estrat\u00e9gicas.<\/p>\n<p>&#8221; content_phone=&#8221;<\/p>\n<p><span>Experimente la automatizaci\u00f3n inteligente que simplifica los procesos y elimina los esfuerzos manuales, permiti\u00e9ndole centrarse en las prioridades estrat\u00e9gicas.<\/span><\/p>\n<p>&#8221; content_last_edited=&#8221;on|tablet&#8221; _builder_version=&#8221;4.24.2&#8243; _module_preset=&#8221;default&#8221; header_text_color=&#8221;#1d3e69&#8243; header_font_size=&#8221;26px&#8221; animation_style=&#8221;slide&#8221; animation_direction=&#8221;top&#8221; body_font_size_tablet=&#8221;&#8221; body_font_size_phone=&#8221;14px&#8221; body_font_size_last_edited=&#8221;on|phone&#8221; global_colors_info=&#8221;{}&#8221;]<\/p>\n<p><span>Experimente la automatizaci\u00f3n inteligente que simplifica<br \/>los procesos y elimina los esfuerzos manuales, permiti\u00e9ndole<br \/>centrarse en las prioridades estrat\u00e9gicas.<\/span><\/p>\n<p>[\/et_pb_blurb][\/et_pb_column][\/et_pb_row][\/et_pb_section][et_pb_section fb_built=&#8221;1&#8243; _builder_version=&#8221;4.23.1&#8243; _module_preset=&#8221;default&#8221; background_color=&#8221;#0b3b72&#8243; use_background_color_gradient=&#8221;on&#8221; background_color_gradient_stops=&#8221;#ffffff 0%|#0b3b72 100%&#8221; global_colors_info=&#8221;{}&#8221;][et_pb_row _builder_version=&#8221;4.23.4&#8243; _module_preset=&#8221;default&#8221; max_width=&#8221;80%&#8221; global_colors_info=&#8221;{}&#8221;][et_pb_column type=&#8221;4_4&#8243; _builder_version=&#8221;4.23.1&#8243; _module_preset=&#8221;default&#8221; global_colors_info=&#8221;{}&#8221;][et_pb_text content_tablet=&#8221;<\/p>\n<h2 style=%22text-align: center;%22>\u00a1Experimente el poder transformador de Quloi: solicite tu demostraci\u00f3n gratuita hoy mismo!<\/h2>\n<p>&#8221; content_phone=&#8221;<\/p>\n<h2 style=%22text-align: left;%22>\u00a1Experimente<br \/>el poder transformador de Quloi: solicite tu demostraci\u00f3n gratuita hoy mismo!<\/h2>\n<p>&#8221; content_last_edited=&#8221;on|desktop&#8221; _builder_version=&#8221;4.24.2&#8243; _module_preset=&#8221;default&#8221; header_text_color=&#8221;#1d3e69&#8243; header_font_size=&#8221;48px&#8221; header_line_height=&#8221;1.2em&#8221; header_2_text_color=&#8221;#FFFFFF&#8221; header_2_font_size=&#8221;45px&#8221; header_2_line_height=&#8221;1.1em&#8221; custom_margin=&#8221;20px||||false|false&#8221; animation_style=&#8221;slide&#8221; animation_direction=&#8221;right&#8221; header_font_size_tablet=&#8221;48px&#8221; header_font_size_phone=&#8221;35px&#8221; header_font_size_last_edited=&#8221;on|phone&#8221; header_line_height_tablet=&#8221;1.2em&#8221; header_line_height_phone=&#8221;1.2em&#8221; header_line_height_last_edited=&#8221;on|phone&#8221; header_2_font_size_tablet=&#8221;45px&#8221; header_2_font_size_phone=&#8221;25px&#8221; header_2_font_size_last_edited=&#8221;on|phone&#8221; global_colors_info=&#8221;{}&#8221;]<\/p>\n<h2 style=\"text-align: center;\">\u00a1Experimente el poder transformador de Quloi: solicite tu demostraci\u00f3n gratuita hoy mismo!<\/h2>\n<p>[\/et_pb_text][\/et_pb_column][\/et_pb_row][\/et_pb_section]<\/p>\n","protected":false},"excerpt":{"rendered":"<p>No te quedes solo con nuestras palabrasDescubre como el software de automatizaci\u00f3n y colaboraci\u00f3n de \u00f3rdenes de compra de Quloi puede satisfacer los desaf\u00edos \u00fanicos, las necesidades y los intereses de productos de su negocio. Por favor, completa el formulario a continuaci\u00f3n para obtener tu demostraci\u00f3n personalizada gratuita.En esta demostraci\u00f3n de 30 minutos, descubra c\u00f3mo [&hellip;]<\/p>\n","protected":false},"author":2,"featured_media":0,"parent":0,"menu_order":0,"comment_status":"closed","ping_status":"closed","template":"","meta":{"_et_pb_use_builder":"on","_et_pb_old_content":"","_et_gb_content_width":""},"_links":{"self":[{"href":"https:\/\/quloi.com\/mx\/wp-json\/wp\/v2\/pages\/4249"}],"collection":[{"href":"https:\/\/quloi.com\/mx\/wp-json\/wp\/v2\/pages"}],"about":[{"href":"https:\/\/quloi.com\/mx\/wp-json\/wp\/v2\/types\/page"}],"author":[{"embeddable":true,"href":"https:\/\/quloi.com\/mx\/wp-json\/wp\/v2\/users\/2"}],"replies":[{"embeddable":true,"href":"https:\/\/quloi.com\/mx\/wp-json\/wp\/v2\/comments?post=4249"}],"version-history":[{"count":15,"href":"https:\/\/quloi.com\/mx\/wp-json\/wp\/v2\/pages\/4249\/revisions"}],"predecessor-version":[{"id":6472,"href":"https:\/\/quloi.com\/mx\/wp-json\/wp\/v2\/pages\/4249\/revisions\/6472"}],"wp:attachment":[{"href":"https:\/\/quloi.com\/mx\/wp-json\/wp\/v2\/media?parent=4249"}],"curies":[{"name":"wp","href":"https:\/\/api.w.org\/{rel}","templated":true}]}}