{"id":4294,"date":"2024-01-18T04:59:13","date_gmt":"2024-01-18T04:59:13","guid":{"rendered":"https:\/\/www.quloi.com\/?page_id=4294"},"modified":"2024-04-12T19:31:42","modified_gmt":"2024-04-12T19:31:42","slug":"hablar-con-un-especialista","status":"publish","type":"page","link":"https:\/\/quloi.com\/mx\/hablar-con-un-especialista\/","title":{"rendered":"Hablar con un Especialista"},"content":{"rendered":"<p>[et_pb_section fb_built=&#8221;1&#8243; _builder_version=&#8221;4.23.1&#8243; _module_preset=&#8221;default&#8221; background_color=&#8221;#f3f7fa&#8221; custom_padding=&#8221;||0px||false|false&#8221; global_colors_info=&#8221;{}&#8221;][et_pb_row column_structure=&#8221;1_2,1_2&#8243; _builder_version=&#8221;4.23.4&#8243; _module_preset=&#8221;default&#8221; max_width=&#8221;1200px&#8221; global_colors_info=&#8221;{}&#8221;][et_pb_column type=&#8221;1_2&#8243; _builder_version=&#8221;4.23.4&#8243; _module_preset=&#8221;default&#8221; global_colors_info=&#8221;{}&#8221;][et_pb_text content_tablet=&#8221;<\/p>\n<h1 style=%22text-align: left;%22>\u00a1Ver es creer!<br \/>Reserva una llamada de<br \/>15 minutos<br \/>con Nuestro Especialista<\/h1>\n<\/p>\n<p>&#8221; content_phone=&#8221;<\/p>\n<h1 style=%22text-align: left;%22>\u00a1Ver es creer!<br \/>Reserva una llamada de<br \/>15 minutos<br \/>con Nuestro Especialista<\/h1>\n<\/p>\n<p>&#8221; content_last_edited=&#8221;on|phone&#8221; _builder_version=&#8221;4.24.2&#8243; _module_preset=&#8221;default&#8221; header_text_color=&#8221;#1d3e69&#8243; header_font_size=&#8221;55px&#8221; header_line_height=&#8221;1.1em&#8221; custom_margin=&#8221;160px||15px||false|false&#8221; custom_margin_tablet=&#8221;20px||||false|false&#8221; custom_margin_phone=&#8221;20px||||false|false&#8221; custom_margin_last_edited=&#8221;on|tablet&#8221; animation_style=&#8221;slide&#8221; animation_direction=&#8221;bottom&#8221; header_font_tablet=&#8221;&#8221; header_font_phone=&#8221;&#8221; header_font_last_edited=&#8221;on|tablet&#8221; header_font_size_tablet=&#8221;55px&#8221; header_font_size_phone=&#8221;35px&#8221; header_font_size_last_edited=&#8221;on|phone&#8221; global_colors_info=&#8221;{}&#8221;]<\/p>\n<h1 style=\"text-align: left;\">\u00a1Ver es creer!<br \/>Reserva una llamada de<br \/>15 minutos<br \/>con Nuestro Especialista<\/h1>\n<p>[\/et_pb_text][et_pb_text content_tablet=&#8221;<\/p>\n<div class=%22et_pb_text_inner%22>\n<div data-shortcode-id=%221.0.0.1-1703135433586%22 data-quickaccess-editable=%22yes%22 class=%22et-fb-popover-tinymce%22>\n<div class=%22mce-content-body%22 contenteditable=%22true%22 style=%22position: relative;%22>\n<p style=%22text-align: center;%22><span>Agenda una llamada de 15 minutos con uno de nuestros especialistas expertos, en el momento que te resulte conveniente.<\/span><\/p>\n<\/div>\n<\/div>\n<\/div>\n<p>&#8221; content_phone=&#8221;<\/p>\n<p style=%22text-align: left;%22><span>Agenda una llamada de 15 minutos con uno de nuestros especialistas expertos, en el momento que te resulte conveniente.<\/span><\/p>\n<p>&#8221; content_last_edited=&#8221;on|phone&#8221; _builder_version=&#8221;4.24.2&#8243; _module_preset=&#8221;default&#8221; text_font=&#8221;|600|||||||&#8221; text_text_color=&#8221;#08192d&#8221; text_font_size=&#8221;22px&#8221; text_line_height=&#8221;1.3em&#8221; animation_style=&#8221;slide&#8221; animation_direction=&#8221;top&#8221; text_font_size_tablet=&#8221;18px&#8221; text_font_size_phone=&#8221;16px&#8221; text_font_size_last_edited=&#8221;on|phone&#8221; global_colors_info=&#8221;{}&#8221;]<\/p>\n<p style=\"text-align: left;\"><span>Agenda una llamada de 15 minutos con uno de nuestros especialistas expertos, en el momento que te resulte conveniente.<\/span><\/p>\n<p>[\/et_pb_text][\/et_pb_column][et_pb_column type=&#8221;1_2&#8243; _builder_version=&#8221;4.23.4&#8243; _module_preset=&#8221;default&#8221; global_colors_info=&#8221;{}&#8221;][et_pb_code _builder_version=&#8221;4.24.2&#8243; _module_preset=&#8221;default&#8221; border_radii=&#8221;on|8px|8px|8px|8px&#8221; box_shadow_style=&#8221;preset1&#8243; global_colors_info=&#8221;{}&#8221;]<iframe width='100%' height='750px' src='https:\/\/mg-quloi.zohobookings.in\/portal-embed#\/202474000000243002' frameborder='0' allowfullscreen='' > <\/iframe>[\/et_pb_code][\/et_pb_column][\/et_pb_row][\/et_pb_section][et_pb_section fb_built=&#8221;1&#8243; _builder_version=&#8221;4.23.1&#8243; _module_preset=&#8221;default&#8221; background_color=&#8221;#f3f7fa&#8221; global_colors_info=&#8221;{}&#8221;][et_pb_row column_structure=&#8221;1_2,1_2&#8243; _builder_version=&#8221;4.23.1&#8243; _module_preset=&#8221;default&#8221; global_colors_info=&#8221;{}&#8221;][et_pb_column type=&#8221;1_2&#8243; _builder_version=&#8221;4.23.1&#8243; _module_preset=&#8221;default&#8221; global_colors_info=&#8221;{}&#8221;][et_pb_blurb title=&#8221;Soluciones a la Medida&#8221; content_tablet=&#8221;<\/p>\n<p><span>Nuestros especialistas comprenden la singularidad<br \/>de tu negocio y ofrecen soluciones a medida<br \/>que se alinean con tus objetivos.<\/span><\/p>\n<p>&#8221; content_phone=&#8221;<\/p>\n<p><span>Nuestros especialistas comprenden la singularidad de tu negocio y ofrecen soluciones a medida que se alinean con tus objetivos.<\/span><\/p>\n<p>&#8221; content_last_edited=&#8221;on|phone&#8221; _builder_version=&#8221;4.24.2&#8243; _module_preset=&#8221;default&#8221; header_text_color=&#8221;#0d80ed&#8221; header_font_size=&#8221;26px&#8221; animation_style=&#8221;slide&#8221; animation_direction=&#8221;top&#8221; hover_enabled=&#8221;0&#8243; global_colors_info=&#8221;{}&#8221; sticky_enabled=&#8221;0&#8243;]<\/p>\n<p><span>Nuestros especialistas comprenden la singularidad<br \/>de tu negocio y ofrecen soluciones a medida<br \/>que se alinean con tus objetivos.<\/span><\/p>\n<p>[\/et_pb_blurb][\/et_pb_column][et_pb_column type=&#8221;1_2&#8243; _builder_version=&#8221;4.23.1&#8243; _module_preset=&#8221;default&#8221; global_colors_info=&#8221;{}&#8221;][et_pb_blurb title=&#8221;Experiencia Probada&#8221; content_tablet=&#8221;<\/p>\n<p><span>Benef\u00edciese de la experiencia de profesionales<br \/>expertos en din\u00e1micas de cadena de suministro,<br \/>inteligencia empresarial y tecnolog\u00eda.<\/span><\/p>\n<p>&#8221; content_phone=&#8221;<\/p>\n<p><span>Benef\u00edciese de la experiencia de profesionales expertos en din\u00e1micas de cadena de suministro, inteligencia empresarial y tecnolog\u00eda.<\/span><\/p>\n<p>&#8221; content_last_edited=&#8221;on|phone&#8221; _builder_version=&#8221;4.24.2&#8243; _module_preset=&#8221;default&#8221; header_text_color=&#8221;#0d80ed&#8221; header_font_size=&#8221;26px&#8221; animation_style=&#8221;slide&#8221; animation_direction=&#8221;top&#8221; hover_enabled=&#8221;0&#8243; global_colors_info=&#8221;{}&#8221; sticky_enabled=&#8221;0&#8243;]<\/p>\n<p><span>Benef\u00edciese de la experiencia de profesionales<br \/>expertos en din\u00e1micas de cadena de suministro,<br \/>inteligencia empresarial y tecnolog\u00eda.<\/span><\/p>\n<p>[\/et_pb_blurb][\/et_pb_column][\/et_pb_row][et_pb_row column_structure=&#8221;1_2,1_2&#8243; _builder_version=&#8221;4.23.1&#8243; _module_preset=&#8221;default&#8221; global_colors_info=&#8221;{}&#8221;][et_pb_column type=&#8221;1_2&#8243; _builder_version=&#8221;4.23.1&#8243; _module_preset=&#8221;default&#8221; global_colors_info=&#8221;{}&#8221;][et_pb_blurb title=&#8221;Orientaci\u00f3n Estrat\u00e9gica&#8221; content_tablet=&#8221;<\/p>\n<p>Reciba orientaci\u00f3n estrat\u00e9gica sobre c\u00f3mo Quloi puede ser personalizado para abordar sus desaf\u00edos y objetivos espec\u00edficos.<\/p>\n<p>&#8221; content_phone=&#8221;<\/p>\n<p>Reciba orientaci\u00f3n estrat\u00e9gica sobre c\u00f3mo Quloi puede ser personalizado para abordar sus desaf\u00edos y objetivos espec\u00edficos.<\/p>\n<p>&#8221; content_last_edited=&#8221;on|phone&#8221; _builder_version=&#8221;4.24.2&#8243; _module_preset=&#8221;default&#8221; header_text_color=&#8221;#0d80ed&#8221; header_font_size=&#8221;26px&#8221; animation_style=&#8221;slide&#8221; animation_direction=&#8221;top&#8221; hover_enabled=&#8221;0&#8243; global_colors_info=&#8221;{}&#8221; sticky_enabled=&#8221;0&#8243;]<\/p>\n<div class=\"flex-1 overflow-hidden\">\n<div class=\"react-scroll-to-bottom--css-lkxbi-79elbk h-full\">\n<div class=\"react-scroll-to-bottom--css-lkxbi-1n7m0yu\">\n<div>\n<div class=\"flex flex-col text-sm pb-9\">\n<div class=\"w-full text-token-text-primary\" data-testid=\"conversation-turn-49\">\n<div class=\"px-4 py-2 justify-center text-base md:gap-6 m-auto\">\n<div class=\"flex flex-1 text-base mx-auto gap-3 md:px-5 lg:px-1 xl:px-5 md:max-w-3xl lg:max-w-[40rem] xl:max-w-[48rem] group final-completion\">\n<div class=\"relative flex w-full flex-col agent-turn\">\n<div class=\"flex-col gap-1 md:gap-3\">\n<div class=\"flex flex-grow flex-col max-w-full\">\n<div data-message-author-role=\"assistant\" data-message-id=\"5a6223a3-7b2a-436a-bda5-dc99d6010fe0\" class=\"min-h-[20px] text-message flex flex-col items-start gap-3 whitespace-pre-wrap break-words [.text-message+&amp;]:mt-5 overflow-x-auto\">\n<div class=\"markdown prose w-full break-words dark:prose-invert light\">\n<p>Reciba orientaci\u00f3n estrat\u00e9gica sobre c\u00f3mo Quloi puede ser personalizado para abordar sus desaf\u00edos y objetivos espec\u00edficos.<\/p>\n<\/div>\n<\/div>\n<\/div>\n<\/div>\n<\/div>\n<\/div>\n<\/div>\n<\/div>\n<\/div>\n<\/div>\n<\/div>\n<\/div>\n<\/div>\n<p>[\/et_pb_blurb][\/et_pb_column][et_pb_column type=&#8221;1_2&#8243; _builder_version=&#8221;4.23.1&#8243; _module_preset=&#8221;default&#8221; global_colors_info=&#8221;{}&#8221;][et_pb_blurb title=&#8221;Visibilidad en Tiempo Real&#8221; content_tablet=&#8221;<\/p>\n<p>Obt\u00e9n una visibilidad precisa en tiempo real en toda la cadena de suministro, lo que te permite tomar decisiones informadas de manera oportuna.<\/p>\n<p>&#8221; content_phone=&#8221;<\/p>\n<p>Obt\u00e9n una visibilidad precisa en tiempo real en toda la cadena de suministro, lo que te permite tomar decisiones informadas de manera oportuna.<\/p>\n<p>&#8221; content_last_edited=&#8221;on|phone&#8221; _builder_version=&#8221;4.24.2&#8243; _module_preset=&#8221;default&#8221; header_text_color=&#8221;#0d80ed&#8221; header_font_size=&#8221;26px&#8221; animation_style=&#8221;slide&#8221; animation_direction=&#8221;top&#8221; hover_enabled=&#8221;0&#8243; global_colors_info=&#8221;{}&#8221; sticky_enabled=&#8221;0&#8243;]<\/p>\n<div class=\"flex-1 overflow-hidden\">\n<div class=\"react-scroll-to-bottom--css-lkxbi-79elbk h-full\">\n<div class=\"react-scroll-to-bottom--css-lkxbi-1n7m0yu\">\n<div>\n<div class=\"flex flex-col text-sm pb-9\">\n<div class=\"w-full text-token-text-primary\" data-testid=\"conversation-turn-53\">\n<div class=\"px-4 py-2 justify-center text-base md:gap-6 m-auto\">\n<div class=\"flex flex-1 text-base mx-auto gap-3 md:px-5 lg:px-1 xl:px-5 md:max-w-3xl lg:max-w-[40rem] xl:max-w-[48rem] group final-completion\">\n<div class=\"relative flex w-full flex-col agent-turn\">\n<div class=\"flex-col gap-1 md:gap-3\">\n<div class=\"flex flex-grow flex-col max-w-full\">\n<div data-message-author-role=\"assistant\" data-message-id=\"41145244-cbca-4c7a-8646-4b4a8004dc1e\" class=\"min-h-[20px] text-message flex flex-col items-start gap-3 whitespace-pre-wrap break-words [.text-message+&amp;]:mt-5 overflow-x-auto\">\n<div class=\"markdown prose w-full break-words dark:prose-invert light\">\n<p>Obt\u00e9n una visibilidad precisa en tiempo real en toda la cadena de suministro, lo que te permite tomar decisiones informadas de manera oportuna.<\/p>\n<\/div>\n<\/div>\n<\/div>\n<\/div>\n<\/div>\n<\/div>\n<\/div>\n<\/div>\n<\/div>\n<\/div>\n<\/div>\n<\/div>\n<\/div>\n<p>[\/et_pb_blurb][\/et_pb_column][\/et_pb_row][\/et_pb_section][et_pb_section fb_built=&#8221;1&#8243; _builder_version=&#8221;4.23.1&#8243; _module_preset=&#8221;default&#8221; background_color=&#8221;#0b3b72&#8243; use_background_color_gradient=&#8221;on&#8221; background_color_gradient_stops=&#8221;#f3f7fa 0%|#0b3b72 100%&#8221; global_colors_info=&#8221;{}&#8221;][et_pb_row _builder_version=&#8221;4.23.1&#8243; _module_preset=&#8221;default&#8221; width=&#8221;90%&#8221; max_width=&#8221;80%&#8221; global_colors_info=&#8221;{}&#8221;][et_pb_column type=&#8221;4_4&#8243; _builder_version=&#8221;4.23.1&#8243; _module_preset=&#8221;default&#8221; global_colors_info=&#8221;{}&#8221;][et_pb_text content_tablet=&#8221;<\/p>\n<h2 style=%22text-align: left;%22><span>Experimenta el poder transformador de Quloi:<br \/>\u00a1solicita tu demostraci\u00f3n gratuita hoy mismo!<\/span><\/h2>\n<p>&#8221; content_phone=&#8221;<\/p>\n<h2><span>Experimenta el poder transformador de Quloi:<br \/>\u00a1solicita tu demostraci\u00f3n gratuita hoy mismo!<\/span><\/h2>\n<p>&#8221; content_last_edited=&#8221;on|phone&#8221; _builder_version=&#8221;4.24.2&#8243; _module_preset=&#8221;default&#8221; header_text_color=&#8221;#1d3e69&#8243; header_font_size=&#8221;48px&#8221; header_line_height=&#8221;1.2em&#8221; header_2_text_color=&#8221;#FFFFFF&#8221; header_2_font_size=&#8221;45px&#8221; header_2_line_height=&#8221;1.1em&#8221; custom_margin=&#8221;20px||||false|false&#8221; animation_style=&#8221;slide&#8221; animation_direction=&#8221;right&#8221; hover_enabled=&#8221;0&#8243; header_font_size_tablet=&#8221;48px&#8221; header_font_size_phone=&#8221;35px&#8221; header_font_size_last_edited=&#8221;on|phone&#8221; header_line_height_tablet=&#8221;1.2em&#8221; header_line_height_phone=&#8221;1.2em&#8221; header_line_height_last_edited=&#8221;on|phone&#8221; header_2_font_size_tablet=&#8221;45px&#8221; header_2_font_size_phone=&#8221;22px&#8221; header_2_font_size_last_edited=&#8221;on|phone&#8221; global_colors_info=&#8221;{}&#8221; sticky_enabled=&#8221;0&#8243;]<\/p>\n<h2 style=\"text-align: center;\"><span>Experimenta el poder transformador de Quloi:<br \/>\u00a1solicita tu demostraci\u00f3n gratuita hoy mismo!<\/span><\/h2>\n<p>[\/et_pb_text][\/et_pb_column][\/et_pb_row][\/et_pb_section]<\/p>\n","protected":false},"excerpt":{"rendered":"<p>\u00a1Ver es creer!Reserva una llamada de15 minutoscon Nuestro EspecialistaAgenda una llamada de 15 minutos con uno de nuestros especialistas expertos, en el momento que te resulte conveniente.Nuestros especialistas comprenden la singularidadde tu negocio y ofrecen soluciones a medidaque se alinean con tus objetivos.Benef\u00edciese de la experiencia de profesionalesexpertos en din\u00e1micas de cadena de suministro,inteligencia empresarial [&hellip;]<\/p>\n","protected":false},"author":2,"featured_media":0,"parent":0,"menu_order":0,"comment_status":"closed","ping_status":"closed","template":"","meta":{"_et_pb_use_builder":"on","_et_pb_old_content":"","_et_gb_content_width":""},"_links":{"self":[{"href":"https:\/\/quloi.com\/mx\/wp-json\/wp\/v2\/pages\/4294"}],"collection":[{"href":"https:\/\/quloi.com\/mx\/wp-json\/wp\/v2\/pages"}],"about":[{"href":"https:\/\/quloi.com\/mx\/wp-json\/wp\/v2\/types\/page"}],"author":[{"embeddable":true,"href":"https:\/\/quloi.com\/mx\/wp-json\/wp\/v2\/users\/2"}],"replies":[{"embeddable":true,"href":"https:\/\/quloi.com\/mx\/wp-json\/wp\/v2\/comments?post=4294"}],"version-history":[{"count":9,"href":"https:\/\/quloi.com\/mx\/wp-json\/wp\/v2\/pages\/4294\/revisions"}],"predecessor-version":[{"id":5574,"href":"https:\/\/quloi.com\/mx\/wp-json\/wp\/v2\/pages\/4294\/revisions\/5574"}],"wp:attachment":[{"href":"https:\/\/quloi.com\/mx\/wp-json\/wp\/v2\/media?parent=4294"}],"curies":[{"name":"wp","href":"https:\/\/api.w.org\/{rel}","templated":true}]}}