{"id":5165,"date":"2024-03-14T16:40:29","date_gmt":"2024-03-14T16:40:29","guid":{"rendered":"https:\/\/www.quloi.com\/?page_id=5165"},"modified":"2024-04-17T17:07:57","modified_gmt":"2024-04-17T17:07:57","slug":"cadena-de-suministro-integrada-ya-no-es-una-opcion-para-los-fabricantes","status":"publish","type":"page","link":"https:\/\/quloi.com\/mx\/recursos\/whitepaper\/cadena-de-suministro-integrada-ya-no-es-una-opcion-para-los-fabricantes\/","title":{"rendered":"Cadena de Suministro Integrada: Ya no es una Opci\u00f3n para los Fabricantes"},"content":{"rendered":"\n[et_pb_section fb_built=&#8221;1&#8243; _builder_version=&#8221;4.24.2&#8243; _module_preset=&#8221;default&#8221; background_color=&#8221;#f3f7fa&#8221; hover_enabled=&#8221;0&#8243; global_colors_info=&#8221;{}&#8221; sticky_enabled=&#8221;0&#8243;][et_pb_row column_structure=&#8221;1_2,1_2&#8243; _builder_version=&#8221;4.24.2&#8243; _module_preset=&#8221;default&#8221; max_width=&#8221;80%&#8221; hover_enabled=&#8221;0&#8243; global_colors_info=&#8221;{}&#8221; custom_padding_last_edited=&#8221;on|phone&#8221; custom_padding_phone=&#8221;0px||0px||false|false&#8221; sticky_enabled=&#8221;0&#8243;][et_pb_column type=&#8221;1_2&#8243; _builder_version=&#8221;4.23.1&#8243; _module_preset=&#8221;default&#8221; global_colors_info=&#8221;{}&#8221;][et_pb_text content_tablet=&#8221;<p>&nbsp;<\/p>\n<h1><span>Cadena de Suministro Integrada: Ya no es una Opci\u00f3n para los Fabricantes<\/span><\/h1>\n<p>&nbsp;<\/p>&#8221; content_phone=&#8221;<p>&nbsp;<\/p>\n<h1><span>Cadena de Suministro Integrada: Ya no es una Opci\u00f3n para los Fabricantes<\/span><\/h1>\n<p>&nbsp;<\/p>&#8221; content_last_edited=&#8221;on|phone&#8221; _builder_version=&#8221;4.24.2&#8243; _module_preset=&#8221;default&#8221; header_text_color=&#8221;#1d3e69&#8243; header_font_size=&#8221;55px&#8221; header_line_height=&#8221;1.1em&#8221; custom_margin=&#8221;100px||100px||false|false&#8221; custom_margin_tablet=&#8221;20px||30px||false|false&#8221; custom_margin_phone=&#8221;0px||0px||false|false&#8221; custom_margin_last_edited=&#8221;on|phone&#8221; animation_style=&#8221;slide&#8221; animation_direction=&#8221;top&#8221; hover_enabled=&#8221;0&#8243; header_font_tablet=&#8221;&#8221; header_font_phone=&#8221;&#8221; header_font_last_edited=&#8221;on|tablet&#8221; header_font_size_tablet=&#8221;55px&#8221; header_font_size_phone=&#8221;35px&#8221; header_font_size_last_edited=&#8221;on|phone&#8221; global_colors_info=&#8221;{}&#8221; sticky_enabled=&#8221;0&#8243;]<h1><span>Cadena de Suministro Integrada: Ya no es una Opci\u00f3n para los Fabricantes<\/span><\/h1>[\/et_pb_text][\/et_pb_column][et_pb_column type=&#8221;1_2&#8243; _builder_version=&#8221;4.23.1&#8243; _module_preset=&#8221;default&#8221; global_colors_info=&#8221;{}&#8221;][et_pb_image src=&#8221;https:\/\/quloi.com\/mx\/wp-content\/uploads\/sites\/2\/2024\/04\/Integrated.png&#8221; title_text=&#8221;Integrated&#8221; _builder_version=&#8221;4.24.2&#8243; _module_preset=&#8221;default&#8221; hover_enabled=&#8221;0&#8243; border_radii=&#8221;on|8px|8px|8px|8px&#8221; global_colors_info=&#8221;{}&#8221; sticky_enabled=&#8221;0&#8243;][\/et_pb_image][\/et_pb_column][\/et_pb_row][\/et_pb_section][et_pb_section fb_built=&#8221;1&#8243; _builder_version=&#8221;4.23.3&#8243; _module_preset=&#8221;default&#8221; global_colors_info=&#8221;{}&#8221;][et_pb_row _builder_version=&#8221;4.24.2&#8243; _module_preset=&#8221;default&#8221; background_color=&#8221;#08192d&#8221; max_width=&#8221;90%&#8221; hover_enabled=&#8221;0&#8243; border_radii=&#8221;on|8px|8px|8px|8px&#8221; global_colors_info=&#8221;{}&#8221; sticky_enabled=&#8221;0&#8243; width_last_edited=&#8221;on|phone&#8221; width_phone=&#8221;90%&#8221;][et_pb_column type=&#8221;4_4&#8243; _builder_version=&#8221;4.23.3&#8243; _module_preset=&#8221;default&#8221; global_colors_info=&#8221;{}&#8221;][et_pb_text content_tablet=&#8221;<div class=%22et_pb_text_inner%22>\n<div data-shortcode-id=%222.0.0.0-1713328848617%22 data-quickaccess-editable=%22yes%22 class=%22et-fb-popover-tinymce%22>\n<div class=%22mce-content-body%22 contenteditable=%22true%22 style=%22position: relative;%22 data-lt-tmp-id=%22lt-710522%22 spellcheck=%22false%22 data-gramm=%22false%22>\n<p>En todo el mundo, los fabricantes est\u00e1n sufriendo bajo el peso de datos deficientes, visibilidad limitada, problemas de calidad, escasez de stock, retrasos en el cumplimiento, etc., que pueden limitar el impulso de crecimiento de la industria. La continua y abrumadora dependencia de pr\u00e1cticas de fabricaci\u00f3n tradicionales obstaculiza la eficiencia operativa. Peor a\u00fan, cuando los profesionales de adquisiciones no tienen una \u00fanica fuente de verdad en la que confiar, los datos deficientes de sistemas dispares inhiben la continuidad del negocio. La pregunta es c\u00f3mo pueden los fabricantes construir un valor perdurable con cadenas de suministro fragmentadas.<\/p>\n<p>\u00bfPor qu\u00e9 depender de sistemas fragmentados cuando la <strong>integraci\u00f3n de la cadena de suministro<\/strong> ayuda?<\/p>\n<\/div>\n<\/div>\n<\/div>&#8221; content_phone=&#8221;<div class=%22et_pb_text_inner%22>\n<div data-shortcode-id=%222.0.0.0-1713328848617%22 data-quickaccess-editable=%22yes%22 class=%22et-fb-popover-tinymce%22>\n<div class=%22mce-content-body%22 contenteditable=%22true%22 style=%22position: relative;%22 data-lt-tmp-id=%22lt-710522%22 spellcheck=%22false%22 data-gramm=%22false%22>\n<p>En todo el mundo, los fabricantes est\u00e1n sufriendo bajo el peso de datos deficientes, visibilidad limitada, problemas de calidad, escasez de stock, retrasos en el cumplimiento, etc., que pueden limitar el impulso de crecimiento de la industria. La continua y abrumadora dependencia de pr\u00e1cticas de fabricaci\u00f3n tradicionales obstaculiza la eficiencia operativa. Peor a\u00fan, cuando los profesionales de adquisiciones no tienen una \u00fanica fuente de verdad en la que confiar, los datos deficientes de sistemas dispares inhiben la continuidad del negocio. La pregunta es c\u00f3mo pueden los fabricantes construir un valor perdurable con cadenas de suministro fragmentadas.<\/p>\n<p>\u00bfPor qu\u00e9 depender de sistemas fragmentados cuando la <strong>integraci\u00f3n de la cadena de suministro<\/strong> ayuda?<\/p>\n<\/div>\n<\/div>\n<\/div>&#8221; content_last_edited=&#8221;on|phone&#8221; _builder_version=&#8221;4.23.3&#8243; _module_preset=&#8221;default&#8221; text_text_color=&#8221;#FFFFFF&#8221; text_font_size=&#8221;18px&#8221; custom_padding=&#8221;20px|30px|20px|30px|false|false&#8221; animation_style=&#8221;slide&#8221; animation_direction=&#8221;top&#8221; text_font_size_tablet=&#8221;&#8221; text_font_size_phone=&#8221;&#8221; text_font_size_last_edited=&#8221;on|phone&#8221; global_colors_info=&#8221;{}&#8221;]<p>En todo el mundo, los fabricantes est\u00e1n sufriendo bajo el peso de datos deficientes, visibilidad limitada, problemas de calidad, escasez de stock, retrasos en el cumplimiento, etc., que pueden limitar el impulso de crecimiento de la industria. La continua y abrumadora dependencia de pr\u00e1cticas de fabricaci\u00f3n tradicionales obstaculiza la eficiencia operativa. Peor a\u00fan, cuando los profesionales de adquisiciones no tienen una \u00fanica fuente de verdad en la que confiar, los datos deficientes de sistemas dispares inhiben la continuidad del negocio. La pregunta es c\u00f3mo pueden los fabricantes construir un valor perdurable con cadenas de suministro fragmentadas.<\/p>\n<p>\u00bfPor qu\u00e9 depender de sistemas fragmentados cuando la <strong>integraci\u00f3n de la cadena de suministro<\/strong> ayuda?<\/p>[\/et_pb_text][\/et_pb_column][\/et_pb_row][\/et_pb_section][et_pb_section fb_built=&#8221;1&#8243; _builder_version=&#8221;4.24.2&#8243; _module_preset=&#8221;default&#8221; custom_margin=&#8221;0px||||false|false&#8221; custom_padding=&#8221;0px||||false|false&#8221; custom_padding_tablet=&#8221;0vh||0vh||true|false&#8221; global_colors_info=&#8221;{}&#8221;][et_pb_row column_structure=&#8221;1_2,1_2&#8243; _builder_version=&#8221;4.23.3&#8243; _module_preset=&#8221;default&#8221; max_width=&#8221;80%&#8221; global_colors_info=&#8221;{}&#8221;][et_pb_column type=&#8221;1_2&#8243; _builder_version=&#8221;4.23.3&#8243; _module_preset=&#8221;default&#8221; global_colors_info=&#8221;{}&#8221;][et_pb_text content_tablet=&#8221;<p><span style=%22color: #606060;%22>Con la digitalizaci\u00f3n influenciando el mundo empresarial, hay una demanda de m\u00e9todos para mejorar el flujo de datos e informaci\u00f3n. Esto no solo significa digitalizar datos e informaci\u00f3n que antes eran manuales y basados en papel.<\/span><\/p>\n<p><span style=%22color: #606060;%22>Requiere cambiar el enfoque hacia cadenas de suministro conectadas e integradas que potencialmente pueden aumentar la productividad al reducir el tiempo dedicado a tareas manuales redundantes, mejorar la competitividad mediante costos m\u00e1s bajos y ofrecer servicios basados en el valor a los clientes.<\/span><\/p>&#8221; content_phone=&#8221;<p><span style=%22color: #606060;%22>Con la digitalizaci\u00f3n influenciando el mundo empresarial, hay una demanda de m\u00e9todos para mejorar el flujo de datos e informaci\u00f3n. Esto no solo significa digitalizar datos e informaci\u00f3n que antes eran manuales y basados en papel.<\/span><\/p>\n<p><span style=%22color: #606060;%22>Requiere cambiar el enfoque hacia cadenas de suministro conectadas e integradas que potencialmente pueden aumentar la productividad al reducir el tiempo dedicado a tareas manuales redundantes, mejorar la competitividad mediante costos m\u00e1s bajos y ofrecer servicios basados en el valor a los clientes.<\/span><\/p>&#8221; content_last_edited=&#8221;on|phone&#8221; _builder_version=&#8221;4.24.2&#8243; _module_preset=&#8221;default&#8221; text_text_color=&#8221;#FFFFFF&#8221; text_font_size=&#8221;18px&#8221; animation_style=&#8221;slide&#8221; animation_direction=&#8221;top&#8221; hover_enabled=&#8221;0&#8243; text_font_size_tablet=&#8221;&#8221; text_font_size_phone=&#8221;&#8221; text_font_size_last_edited=&#8221;on|phone&#8221; global_colors_info=&#8221;{}&#8221; sticky_enabled=&#8221;0&#8243;]<p><span style=\"color: #606060;\">Con la digitalizaci\u00f3n influenciando el mundo empresarial, hay una demanda de m\u00e9todos para mejorar el flujo de datos e informaci\u00f3n. Esto no solo significa digitalizar datos e informaci\u00f3n que antes eran manuales y basados en papel.<\/span><\/p>\n<p><span style=\"color: #606060;\">Requiere cambiar el enfoque hacia cadenas de suministro conectadas e integradas que potencialmente pueden aumentar la productividad al reducir el tiempo dedicado a tareas manuales redundantes, mejorar la competitividad mediante costos m\u00e1s bajos y ofrecer servicios basados en el valor a los clientes.<\/span><\/p>[\/et_pb_text][et_pb_text content_tablet=&#8221;<p>Un enfoque integrado permite a los fabricantes automatizar tareas mundanas y combatir retrasos en la finalizaci\u00f3n de proyectos, excesos de presupuesto y demandas de consumidores no satisfechas. Comprender c\u00f3mo un enfoque integrado marca la diferencia para los fabricantes es fundamental para optimizar los procesos de fabricaci\u00f3n.<\/p>\n<p>Cuando las cadenas de suministro est\u00e1n conectadas e integradas, los fabricantes pueden acceder a datos relacionados con niveles de inventario, estado de producci\u00f3n, env\u00edos y m\u00e1s. Como resultado, pueden impulsar decisiones estrat\u00e9gicas. La visibilidad de extremo a extremo, la colaboraci\u00f3n efectiva y la automatizaci\u00f3n de pedidos permiten a los fabricantes identificar y abordar cuellos de botella, interrupciones potenciales o retrasos antes de que escalen e impacten los horarios de producci\u00f3n o entrega.<\/p>&#8221; content_phone=&#8221;<p>Un enfoque integrado permite a los fabricantes automatizar tareas mundanas y combatir retrasos en la finalizaci\u00f3n de proyectos, excesos de presupuesto y demandas de consumidores no satisfechas. Comprender c\u00f3mo un enfoque integrado marca la diferencia para los fabricantes es fundamental para optimizar los procesos de fabricaci\u00f3n.<\/p>\n<p>Cuando las cadenas de suministro est\u00e1n conectadas e integradas, los fabricantes pueden acceder a datos relacionados con niveles de inventario, estado de producci\u00f3n, env\u00edos y m\u00e1s. Como resultado, pueden impulsar decisiones estrat\u00e9gicas. La visibilidad de extremo a extremo, la colaboraci\u00f3n efectiva y la automatizaci\u00f3n de pedidos permiten a los fabricantes identificar y abordar cuellos de botella, interrupciones potenciales o retrasos antes de que escalen e impacten los horarios de producci\u00f3n o entrega.<\/p>&#8221; content_last_edited=&#8221;on|phone&#8221; _builder_version=&#8221;4.24.2&#8243; _module_preset=&#8221;default&#8221; text_text_color=&#8221;#606060&#8243; text_font_size=&#8221;18px&#8221; animation_style=&#8221;slide&#8221; animation_direction=&#8221;top&#8221; hover_enabled=&#8221;0&#8243; text_font_size_tablet=&#8221;&#8221; text_font_size_phone=&#8221;&#8221; text_font_size_last_edited=&#8221;on|phone&#8221; global_colors_info=&#8221;{}&#8221; sticky_enabled=&#8221;0&#8243;]<p>Un enfoque integrado permite a los fabricantes automatizar tareas mundanas y combatir retrasos en la finalizaci\u00f3n de proyectos, excesos de presupuesto y demandas de consumidores no satisfechas. Comprender c\u00f3mo un enfoque integrado marca la diferencia para los fabricantes es fundamental para optimizar los procesos de fabricaci\u00f3n.<\/p>\n<p>Cuando las cadenas de suministro est\u00e1n conectadas e integradas, los fabricantes pueden acceder a datos relacionados con niveles de inventario, estado de producci\u00f3n, env\u00edos y m\u00e1s. Como resultado, pueden impulsar decisiones estrat\u00e9gicas. La visibilidad de extremo a extremo, la colaboraci\u00f3n efectiva y la automatizaci\u00f3n de pedidos permiten a los fabricantes identificar y abordar cuellos de botella, interrupciones potenciales o retrasos antes de que escalen e impacten los horarios de producci\u00f3n o entrega.<\/p>[\/et_pb_text][\/et_pb_column][et_pb_column type=&#8221;1_2&#8243; _builder_version=&#8221;4.23.3&#8243; _module_preset=&#8221;default&#8221; global_colors_info=&#8221;{}&#8221;][et_pb_text content_tablet=&#8221;<h2 style=%22text-align: left;%22><span style=%22color: #1d3e69;%22>Automatice y optimice los procesos de fabricaci\u00f3n con soluciones integradas de cadena de suministro.<\/span><\/h2>&#8221; content_phone=&#8221;<h2 style=%22text-align: left;%22><span style=%22color: #1d3e69;%22>Automatice y optimice los procesos de fabricaci\u00f3n con soluciones integradas de cadena de suministro.<\/span><\/h2>&#8221; content_last_edited=&#8221;on|phone&#8221; _builder_version=&#8221;4.24.2&#8243; _module_preset=&#8221;default&#8221; header_text_color=&#8221;#1d3e69&#8243; header_font_size=&#8221;48px&#8221; header_line_height=&#8221;1.1em&#8221; header_2_text_color=&#8221;#0d80ed&#8221; header_2_font_size=&#8221;45px&#8221; header_2_line_height=&#8221;1.1em&#8221; custom_margin=&#8221;180px||||false|false&#8221; custom_margin_tablet=&#8221;20px||||false|false&#8221; custom_margin_phone=&#8221;20px||||false|false&#8221; custom_margin_last_edited=&#8221;on|tablet&#8221; animation_style=&#8221;slide&#8221; animation_direction=&#8221;bottom&#8221; hover_enabled=&#8221;0&#8243; header_2_font_size_tablet=&#8221;45px&#8221; header_2_font_size_phone=&#8221;30px&#8221; global_colors_info=&#8221;{}&#8221; sticky_enabled=&#8221;0&#8243; header_2_font_size_last_edited=&#8221;on|phone&#8221;]<h2 style=\"text-align: left;\"><span style=\"color: #1d3e69;\">Automatice y optimice los procesos de fabricaci\u00f3n con soluciones integradas de cadena de suministro.<\/span><\/h2>[\/et_pb_text][\/et_pb_column][\/et_pb_row][\/et_pb_section][et_pb_section fb_built=&#8221;1&#8243; _builder_version=&#8221;4.23.3&#8243; _module_preset=&#8221;default&#8221; background_color=&#8221;#f3f7fa&#8221; global_colors_info=&#8221;{}&#8221;][et_pb_row column_structure=&#8221;1_2,1_2&#8243; _builder_version=&#8221;4.24.2&#8243; _module_preset=&#8221;default&#8221; max_width=&#8221;90%&#8221; hover_enabled=&#8221;0&#8243; global_colors_info=&#8221;{}&#8221; width_last_edited=&#8221;on|phone&#8221; width_phone=&#8221;90%&#8221; sticky_enabled=&#8221;0&#8243;][et_pb_column type=&#8221;1_2&#8243; _builder_version=&#8221;4.23.3&#8243; _module_preset=&#8221;default&#8221; global_colors_info=&#8221;{}&#8221;][et_pb_text content_tablet=&#8221;<h2><span style=%22color: #1d3e69;%22>Descarga ahora y desbloquea el potencial de una cadena de suministro optimizada.<\/span><\/h2>&#8221; content_phone=&#8221;<h2><span style=%22color: #1d3e69;%22>Descarga ahora y desbloquea el potencial de una cadena de suministro optimizada.<\/span><\/h2>&#8221; content_last_edited=&#8221;on|phone&#8221; _builder_version=&#8221;4.24.2&#8243; _module_preset=&#8221;default&#8221; header_text_color=&#8221;#1d3e69&#8243; header_font_size=&#8221;48px&#8221; header_line_height=&#8221;1.1em&#8221; header_2_text_color=&#8221;#0d80ed&#8221; header_2_font_size=&#8221;45px&#8221; header_2_line_height=&#8221;1.1em&#8221; custom_margin=&#8221;280px||||false|false&#8221; custom_margin_tablet=&#8221;20px||||false|false&#8221; custom_margin_phone=&#8221;20px||||false|false&#8221; custom_margin_last_edited=&#8221;on|phone&#8221; animation_style=&#8221;slide&#8221; animation_direction=&#8221;bottom&#8221; hover_enabled=&#8221;0&#8243; header_2_font_size_tablet=&#8221;45px&#8221; header_2_font_size_phone=&#8221;30px&#8221; global_colors_info=&#8221;{}&#8221; sticky_enabled=&#8221;0&#8243; header_2_font_size_last_edited=&#8221;on|phone&#8221;]<h2><span style=\"color: #1d3e69;\"><span>Descarga ahora y desbloquea el potencial de una cadena de suministro optimizada<\/span><\/span><\/h2>[\/et_pb_text][\/et_pb_column][et_pb_column type=&#8221;1_2&#8243; _builder_version=&#8221;4.23.3&#8243; _module_preset=&#8221;default&#8221; global_colors_info=&#8221;{}&#8221;][et_pb_code _builder_version=&#8221;4.24.2&#8243; _module_preset=&#8221;default&#8221; hover_enabled=&#8221;0&#8243; global_colors_info=&#8221;{}&#8221; sticky_enabled=&#8221;0&#8243;]<iframe aria-label='Whitepaper - Cadena de Suministro Integrada: Ya no es una Opci\u00f3n para los Fabricantes' frameborder=\"0\" style=\"height:850px;width:99%;border:none;\" src='https:\/\/forms.zohopublic.in\/quloiportal712\/form\/WhitepaperEliminalosCostosOcultosdelaCadenadeSumin\/formperma\/vjpeYeVUPFv23gKhq8mTwC_3lYJlc3JOmi_sMH1qFOc'><\/iframe>[\/et_pb_code][\/et_pb_column][\/et_pb_row][\/et_pb_section]\n","protected":false},"excerpt":{"rendered":"<p>Cadena de Suministro Integrada: Ya no es una Opci\u00f3n para los FabricantesEn todo el mundo, los fabricantes est\u00e1n sufriendo bajo el peso de datos deficientes, visibilidad limitada, problemas de calidad, escasez de stock, retrasos en el cumplimiento, etc., que pueden limitar el impulso de crecimiento de la industria. La continua y abrumadora dependencia de pr\u00e1cticas [&hellip;]<\/p>\n","protected":false},"author":4,"featured_media":5175,"parent":2422,"menu_order":0,"comment_status":"closed","ping_status":"closed","template":"","meta":{"_et_pb_use_builder":"on","_et_pb_old_content":"","_et_gb_content_width":""},"_links":{"self":[{"href":"https:\/\/quloi.com\/mx\/wp-json\/wp\/v2\/pages\/5165"}],"collection":[{"href":"https:\/\/quloi.com\/mx\/wp-json\/wp\/v2\/pages"}],"about":[{"href":"https:\/\/quloi.com\/mx\/wp-json\/wp\/v2\/types\/page"}],"author":[{"embeddable":true,"href":"https:\/\/quloi.com\/mx\/wp-json\/wp\/v2\/users\/4"}],"replies":[{"embeddable":true,"href":"https:\/\/quloi.com\/mx\/wp-json\/wp\/v2\/comments?post=5165"}],"version-history":[{"count":7,"href":"https:\/\/quloi.com\/mx\/wp-json\/wp\/v2\/pages\/5165\/revisions"}],"predecessor-version":[{"id":5682,"href":"https:\/\/quloi.com\/mx\/wp-json\/wp\/v2\/pages\/5165\/revisions\/5682"}],"up":[{"embeddable":true,"href":"https:\/\/quloi.com\/mx\/wp-json\/wp\/v2\/pages\/2422"}],"wp:featuredmedia":[{"embeddable":true,"href":"https:\/\/quloi.com\/mx\/wp-json\/"}],"wp:attachment":[{"href":"https:\/\/quloi.com\/mx\/wp-json\/wp\/v2\/media?parent=5165"}],"curies":[{"name":"wp","href":"https:\/\/api.w.org\/{rel}","templated":true}]}}