{"id":5764,"date":"2024-04-21T18:08:15","date_gmt":"2024-04-21T18:08:15","guid":{"rendered":"https:\/\/quloi.com\/mx\/?page_id=5764"},"modified":"2024-04-21T21:21:12","modified_gmt":"2024-04-21T21:21:12","slug":"desempeno-del-proveedor-e-impacto-financiero-conectando-los-puntos","status":"publish","type":"page","link":"https:\/\/quloi.com\/mx\/recursos\/whitepaper\/desempeno-del-proveedor-e-impacto-financiero-conectando-los-puntos\/","title":{"rendered":"Desempe\u00f1o del Proveedor e Impacto Financiero: Conectando los Puntos"},"content":{"rendered":"<p>[et_pb_section fb_built=&#8221;1&#8243; _builder_version=&#8221;4.24.2&#8243; _module_preset=&#8221;default&#8221; background_color=&#8221;#0580d9&#8243; global_colors_info=&#8221;{}&#8221;][et_pb_row custom_padding_last_edited=&#8221;on|phone&#8221; _builder_version=&#8221;4.24.2&#8243; _module_preset=&#8221;default&#8221; max_width=&#8221;80%&#8221; custom_padding_tablet=&#8221;&#8221; custom_padding_phone=&#8221;0px||0px||false|false&#8221; hover_enabled=&#8221;0&#8243; global_colors_info=&#8221;{}&#8221; sticky_enabled=&#8221;0&#8243;][et_pb_column type=&#8221;4_4&#8243; _builder_version=&#8221;4.23.1&#8243; _module_preset=&#8221;default&#8221; global_colors_info=&#8221;{}&#8221;][et_pb_text content_tablet=&#8221;<\/p>\n<p>&nbsp;<\/p>\n<h1><span style=%22color: #ffffff;%22>Desempe\u00f1o del proveedor e Impacto Financiero: Contectando los Puntos<\/span><\/h1>\n<p>&nbsp;<\/p>\n<p>&#8221; content_phone=&#8221;<\/p>\n<p>&nbsp;<\/p>\n<h1><span style=%22color: #ffffff;%22>Desempe\u00f1o del proveedor e Impacto Financiero: Contectando los Puntos<\/span><\/h1>\n<p>&nbsp;<\/p>\n<p>&#8221; content_last_edited=&#8221;on|phone&#8221; _builder_version=&#8221;4.24.2&#8243; _module_preset=&#8221;default&#8221; header_text_color=&#8221;#1d3e69&#8243; header_font_size=&#8221;55px&#8221; header_line_height=&#8221;1.1em&#8221; custom_margin=&#8221;100px||100px||false|false&#8221; custom_margin_tablet=&#8221;20px||30px||false|false&#8221; custom_margin_phone=&#8221;0px||0px||false|false&#8221; custom_margin_last_edited=&#8221;on|phone&#8221; animation_style=&#8221;slide&#8221; animation_direction=&#8221;top&#8221; hover_enabled=&#8221;0&#8243; header_font_tablet=&#8221;&#8221; header_font_phone=&#8221;&#8221; header_font_last_edited=&#8221;on|tablet&#8221; header_font_size_tablet=&#8221;55px&#8221; header_font_size_phone=&#8221;35px&#8221; header_font_size_last_edited=&#8221;on|phone&#8221; global_colors_info=&#8221;{}&#8221; sticky_enabled=&#8221;0&#8243;]<\/p>\n<h1><span style=\"color: #ffffff;\">Desempe\u00f1o del proveedor<br \/>e Impacto Financiero:<br \/>Contectando los Puntos<\/span><\/h1>\n<p><span style=\"color: #ffffff;\"><\/span><\/p>\n<p>[\/et_pb_text][\/et_pb_column][\/et_pb_row][\/et_pb_section][et_pb_section fb_built=&#8221;1&#8243; _builder_version=&#8221;4.24.2&#8243; _module_preset=&#8221;default&#8221; custom_margin=&#8221;0px||||false|false&#8221; custom_padding=&#8221;0px||||false|false&#8221; custom_padding_tablet=&#8221;0vh||0vh||true|false&#8221; global_colors_info=&#8221;{}&#8221;][et_pb_row column_structure=&#8221;1_2,1_2&#8243; _builder_version=&#8221;4.24.2&#8243; _module_preset=&#8221;default&#8221; max_width=&#8221;80%&#8221; hover_enabled=&#8221;0&#8243; global_colors_info=&#8221;{}&#8221; width_last_edited=&#8221;on|phone&#8221; width_phone=&#8221;90%&#8221; sticky_enabled=&#8221;0&#8243;][et_pb_column type=&#8221;1_2&#8243; _builder_version=&#8221;4.23.3&#8243; _module_preset=&#8221;default&#8221; global_colors_info=&#8221;{}&#8221;][et_pb_text content_tablet=&#8221;<\/p>\n<p>&nbsp;<\/p>\n<h1><span style=%22color: #1d3e69;%22>\u00bfSab\u00edas que?<\/span><\/h1>\n<p>&nbsp;<\/p>\n<p>&#8221; content_phone=&#8221;<\/p>\n<p>&nbsp;<\/p>\n<h1><span style=%22color: #1d3e69;%22>\u00bfSab\u00edas que?<\/span><\/h1>\n<p>&nbsp;<\/p>\n<p>&#8221; content_last_edited=&#8221;on|phone&#8221; _builder_version=&#8221;4.24.2&#8243; _module_preset=&#8221;default&#8221; header_text_color=&#8221;#1d3e69&#8243; header_font_size=&#8221;55px&#8221; header_line_height=&#8221;1.1em&#8221; custom_margin=&#8221;100px||20px||false|false&#8221; custom_margin_tablet=&#8221;20px||30px||false|false&#8221; custom_margin_phone=&#8221;0px||0px||false|false&#8221; custom_margin_last_edited=&#8221;on|phone&#8221; animation_style=&#8221;slide&#8221; animation_direction=&#8221;top&#8221; header_font_tablet=&#8221;&#8221; header_font_phone=&#8221;&#8221; header_font_last_edited=&#8221;on|tablet&#8221; header_font_size_tablet=&#8221;55px&#8221; header_font_size_phone=&#8221;35px&#8221; header_font_size_last_edited=&#8221;on|phone&#8221; global_colors_info=&#8221;{}&#8221;]<\/p>\n<h1><span style=\"color: #1d3e69;\">\u00bfSab\u00edas que?<\/span><\/h1>\n<p><span style=\"color: #ffffff;\"><\/span><\/p>\n<p>[\/et_pb_text][et_pb_text content_tablet=&#8221;<\/p>\n<p><span style=%22color: #606060;%22>Con la digitalizaci\u00f3n influenciando el mundo empresarial, hay una demanda de m\u00e9todos para mejorar el flujo de datos e informaci\u00f3n. Esto no solo significa digitalizar datos e informaci\u00f3n que antes eran manuales y basados en papel.<\/span><\/p>\n<p><span style=%22color: #606060;%22>Requiere cambiar el enfoque hacia cadenas de suministro conectadas e integradas que potencialmente pueden aumentar la productividad al reducir el tiempo dedicado a tareas manuales redundantes, mejorar la competitividad mediante costos m\u00e1s bajos y ofrecer servicios basados en el valor a los clientes.<\/span><\/p>\n<p>&#8221; content_phone=&#8221;<\/p>\n<p><span style=%22color: #606060;%22>Con la digitalizaci\u00f3n influenciando el mundo empresarial, hay una demanda de m\u00e9todos para mejorar el flujo de datos e informaci\u00f3n. Esto no solo significa digitalizar datos e informaci\u00f3n que antes eran manuales y basados en papel.<\/span><\/p>\n<p><span style=%22color: #606060;%22>Requiere cambiar el enfoque hacia cadenas de suministro conectadas e integradas que potencialmente pueden aumentar la productividad al reducir el tiempo dedicado a tareas manuales redundantes, mejorar la competitividad mediante costos m\u00e1s bajos y ofrecer servicios basados en el valor a los clientes.<\/span><\/p>\n<p>&#8221; content_last_edited=&#8221;on|phone&#8221; _builder_version=&#8221;4.24.2&#8243; _module_preset=&#8221;default&#8221; text_text_color=&#8221;#FFFFFF&#8221; text_font_size=&#8221;18px&#8221; animation_style=&#8221;slide&#8221; animation_direction=&#8221;top&#8221; text_font_size_tablet=&#8221;&#8221; text_font_size_phone=&#8221;&#8221; text_font_size_last_edited=&#8221;on|phone&#8221; global_colors_info=&#8221;{}&#8221;]<\/p>\n<p><span style=\"color: #606060;\">El 57% de los l\u00edderes empresariales reconocen que se necesita una mayor transparencia y control sobre las cadenas de suministro para minimizar los costos relacionados con las interrupciones y mantener la eficiencia operativa.<\/span><\/p>\n<p><span style=\"color: #606060;\">El 74% de los Directores de Compras eligen la eficiencia operativa como un objetivo primordial.<\/span><\/p>\n<p><span style=\"color: #606060;\">El 40% de las empresas de la cadena de suministro identificaron los retrasos en la entrega como su mayor problema.<\/span><\/p>\n<p><span style=\"color: #606060;\">El 90% de los l\u00edderes de adquisiciones dijeron que necesitan ver los datos de la cadena de suministro por geograf\u00eda, pero solo el 73% puede acceder f\u00e1cilmente a ellos.<\/span><\/p>\n<p><span style=\"color: #606060;\">Las nuevas realidades econ\u00f3micas, tecnol\u00f3gicas y sociales han cambiado fundamentalmente la forma en que los proveedores realizan su trabajo. Las empresas manufactureras cada vez m\u00e1s se centran en sus competencias principales y conf\u00edan en los proveedores para dise\u00f1ar, desarrollar y entregar componentes innovadores y de alta calidad. Como resultado, existe una inmensa presi\u00f3n sobre los proveedores para que se desempe\u00f1en bien. A medida que las expectativas de los clientes evolucionan para que se entreguen productos y servicios de calidad a tiempo, tambi\u00e9n aumenta la necesidad de que las empresas adopten las mejores pr\u00e1cticas para mejorar el rendimiento de los proveedores y superar las expectativas de los clientes.<\/span><\/p>\n<p>[\/et_pb_text][\/et_pb_column][et_pb_column type=&#8221;1_2&#8243; _builder_version=&#8221;4.23.3&#8243; _module_preset=&#8221;default&#8221; global_colors_info=&#8221;{}&#8221;][et_pb_code _builder_version=&#8221;4.24.2&#8243; _module_preset=&#8221;default&#8221; hover_enabled=&#8221;0&#8243; global_colors_info=&#8221;{}&#8221; sticky_enabled=&#8221;0&#8243;]<iframe aria-label='Whitepaper - Desempe\u00f1o del Proveedor e Impacto Financiero: Conectando los Puntos' frameborder=\"0\" style=\"height:850px;width:99%;border:none;\" src='https:\/\/forms.zohopublic.in\/quloiportal712\/form\/WhitepaperDesempeodelProveedoreImpactoFinancieroCo\/formperma\/VrTAlxVpt7C62pmUyftC0UjpwCK9NK2z7Ru6sqpgGOY'><\/iframe>[\/et_pb_code][\/et_pb_column][\/et_pb_row][\/et_pb_section]<\/p>\n","protected":false},"excerpt":{"rendered":"<p>Desempe\u00f1o del proveedore Impacto Financiero:Contectando los Puntos \u00bfSab\u00edas que? El 57% de los l\u00edderes empresariales reconocen que se necesita una mayor transparencia y control sobre las cadenas de suministro para minimizar los costos relacionados con las interrupciones y mantener la eficiencia operativa. El 74% de los Directores de Compras eligen la eficiencia operativa como un [&hellip;]<\/p>\n","protected":false},"author":2,"featured_media":0,"parent":2422,"menu_order":0,"comment_status":"closed","ping_status":"closed","template":"","meta":{"_et_pb_use_builder":"on","_et_pb_old_content":"","_et_gb_content_width":""},"_links":{"self":[{"href":"https:\/\/quloi.com\/mx\/wp-json\/wp\/v2\/pages\/5764"}],"collection":[{"href":"https:\/\/quloi.com\/mx\/wp-json\/wp\/v2\/pages"}],"about":[{"href":"https:\/\/quloi.com\/mx\/wp-json\/wp\/v2\/types\/page"}],"author":[{"embeddable":true,"href":"https:\/\/quloi.com\/mx\/wp-json\/wp\/v2\/users\/2"}],"replies":[{"embeddable":true,"href":"https:\/\/quloi.com\/mx\/wp-json\/wp\/v2\/comments?post=5764"}],"version-history":[{"count":6,"href":"https:\/\/quloi.com\/mx\/wp-json\/wp\/v2\/pages\/5764\/revisions"}],"predecessor-version":[{"id":5822,"href":"https:\/\/quloi.com\/mx\/wp-json\/wp\/v2\/pages\/5764\/revisions\/5822"}],"up":[{"embeddable":true,"href":"https:\/\/quloi.com\/mx\/wp-json\/wp\/v2\/pages\/2422"}],"wp:attachment":[{"href":"https:\/\/quloi.com\/mx\/wp-json\/wp\/v2\/media?parent=5764"}],"curies":[{"name":"wp","href":"https:\/\/api.w.org\/{rel}","templated":true}]}}