{"id":5780,"date":"2024-04-21T19:49:10","date_gmt":"2024-04-21T19:49:10","guid":{"rendered":"https:\/\/quloi.com\/mx\/?page_id=5780"},"modified":"2024-04-21T20:08:25","modified_gmt":"2024-04-21T20:08:25","slug":"pasos-para-lograr-una-cadena-de-suministro-digital-en-un-mundo-empresarial-siempre-cambiante","status":"publish","type":"page","link":"https:\/\/quloi.com\/mx\/recursos\/whitepaper\/pasos-para-lograr-una-cadena-de-suministro-digital-en-un-mundo-empresarial-siempre-cambiante\/","title":{"rendered":"Pasos para Lograr una Cadena de Suministro Digital en un Mundo Empresarial Siempre Cambiante"},"content":{"rendered":"<p>[et_pb_section fb_built=&#8221;1&#8243; admin_label=&#8221;Hero&#8221; _builder_version=&#8221;4.20.4&#8243; _module_preset=&#8221;9116e8c5-88bd-4277-b6a2-1502253138ac&#8221; background_color=&#8221;#0580f2&#8243; background_color_gradient_direction=&#8221;271deg&#8221; background_enable_image=&#8221;off&#8221; custom_margin=&#8221;||-104px|||&#8221; custom_padding=&#8221;53px|0px|100px|0px||&#8221; global_colors_info=&#8221;{}&#8221;][et_pb_row make_equal=&#8221;on&#8221; _builder_version=&#8221;4.24.2&#8243; _module_preset=&#8221;default&#8221; background_size=&#8221;initial&#8221; background_position=&#8221;top_left&#8221; background_repeat=&#8221;repeat&#8221; custom_margin=&#8221;20px|auto|20px|auto|false|false&#8221; custom_padding=&#8221;40px||60px||false|false&#8221; hover_enabled=&#8221;0&#8243; global_colors_info=&#8221;{}&#8221; custom_padding_last_edited=&#8221;on|desktop&#8221; sticky_enabled=&#8221;0&#8243; custom_padding_tablet=&#8221;40px||60px||false|false&#8221; custom_padding_phone=&#8221;40px||60px||false|false&#8221;][et_pb_column type=&#8221;4_4&#8243; _builder_version=&#8221;4.16&#8243; _module_preset=&#8221;default&#8221; custom_padding=&#8221;|||&#8221; custom_padding_tablet=&#8221;20px|10%|0px|10%&#8221; custom_padding_last_edited=&#8221;off|desktop&#8221; global_colors_info=&#8221;{}&#8221; padding_tablet=&#8221;20px|10%|0px|10%&#8221; padding_last_edited=&#8221;off|desktop&#8221; custom_padding__hover=&#8221;|||&#8221;][et_pb_text _builder_version=&#8221;4.24.2&#8243; _module_preset=&#8221;6fb2743b-1528-41f8-b429-f2064e2499a2&#8243; text_font=&#8221;||||||||&#8221; header_font=&#8221;Poppins|700|||||||&#8221; header_font_size=&#8221;48px&#8221; background_layout=&#8221;dark&#8221; custom_margin=&#8221;0px||50px||false|false&#8221; animation_style=&#8221;flip&#8221; animation_direction=&#8221;top&#8221; hover_enabled=&#8221;0&#8243; global_colors_info=&#8221;{}&#8221; sticky_enabled=&#8221;0&#8243; header_font_size_last_edited=&#8221;on|phone&#8221; header_font_size_phone=&#8221;30px&#8221; content_last_edited=&#8221;on|phone&#8221; content_phone=&#8221;<\/p>\n<h1 class=%22page-wrapper__title%22 style=%22text-align: left;%22><span>Pasos para Lograr una Cadena de Suministro Digital en un Mundo Empresarial Siempre Cambiante <\/span><\/h1>\n<p>&#8221; header_line_height=&#8221;1.2em&#8221; header_font_size_tablet=&#8221;48px&#8221; content_tablet=&#8221;<\/p>\n<h1 class=%22page-wrapper__title%22 style=%22text-align: center;%22><span>Pasos para Lograr una Cadena de Suministro Digital en un Mundo Empresarial Siempre Cambiante <\/span><\/h1>\n<p>&#8220;]<\/p>\n<h1 class=\"page-wrapper__title\" style=\"text-align: center;\"><span>Pasos para Lograr una Cadena de Suministro Digital en un Mundo Empresarial Siempre Cambiante <\/span><\/h1>\n<p>[\/et_pb_text][\/et_pb_column][\/et_pb_row][\/et_pb_section][et_pb_section fb_built=&#8221;1&#8243; admin_label=&#8221;About&#8221; _builder_version=&#8221;4.16&#8243; _module_preset=&#8221;9116e8c5-88bd-4277-b6a2-1502253138ac&#8221; custom_padding=&#8221;100px|0px|100px|0px||&#8221; global_colors_info=&#8221;{}&#8221;][et_pb_row _builder_version=&#8221;4.24.2&#8243; _module_preset=&#8221;default&#8221; min_height=&#8221;860.1px&#8221; custom_margin=&#8221;20px|auto||auto|false|false&#8221; hover_enabled=&#8221;0&#8243; global_colors_info=&#8221;{}&#8221; column_structure=&#8221;1_2,1_2&#8243; max_width=&#8221;90%&#8221; sticky_enabled=&#8221;0&#8243; width_last_edited=&#8221;on|phone&#8221; width_phone=&#8221;90%&#8221; custom_margin_last_edited=&#8221;on|desktop&#8221; custom_margin_phone=&#8221;20px|auto||auto|false|false&#8221; custom_margin_tablet=&#8221;20px|auto||auto|false|false&#8221;][et_pb_column type=&#8221;1_2&#8243; _builder_version=&#8221;4.20.4&#8243; _module_preset=&#8221;default&#8221; global_colors_info=&#8221;{}&#8221;][et_pb_text _builder_version=&#8221;4.20.4&#8243; _module_preset=&#8221;6fb2743b-1528-41f8-b429-f2064e2499a2&#8243; min_height=&#8221;818.9px&#8221; global_colors_info=&#8221;{}&#8221;]<\/p>\n<p><strong>\u00bfSab\u00edas Qu\u00e9?<\/strong><\/p>\n<ul>\n<li>La investigaci\u00f3n indica que el gasto global en soluciones de cadena de suministro alcanzar\u00e1 casi los $33 mil millones para 2026, con una tasa de crecimiento anual compuesta del 11.2%.<\/li>\n<li>El 67.4% de los gerentes de cadena de suministro utilizan hojas de c\u00e1lculo de Excel como sistema de gesti\u00f3n de la cadena de suministro.<\/li>\n<li>Un informe de investigaci\u00f3n, &#8220;La Crisis de Datos de la Cadena de Suministro&#8221;, encontr\u00f3 que el 100% de los l\u00edderes de la cadena de suministro luchan por colaborar efectivamente con los interesados internos, y el 95% tienen dificultades con la colaboraci\u00f3n externa.<\/li>\n<li>Solo el 13% de las empresas tienen visibilidad de la cadena de suministro, seg\u00fan un estudio de Deloitte. Adem\u00e1s, el informe encontr\u00f3 que hasta el 22% de las empresas no tienen visibilidad m\u00e1s all\u00e1 de sus proveedores inmediatos.<\/li>\n<li>Seg\u00fan el Foro Econ\u00f3mico Mundial, se agregar\u00e1n $100 billones a la econom\u00eda mundial a trav\u00e9s de la transformaci\u00f3n digital para 2025. Adem\u00e1s, para 2025, se espera que las interacciones impulsadas por plataformas permitan aproximadamente dos tercios del valor de $100 billones en juego por la digitalizaci\u00f3n.<\/li>\n<li>En un mundo lleno de historias de avances tecnol\u00f3gicos de \u00faltimo minuto, la realidad es que la mayor\u00eda de las empresas de cadena de suministro, incluso las l\u00edderes, no han avanzado mucho en la transformaci\u00f3n digital. Los consumidores modernos ya no se conforman con simplemente recibir entregas a tiempo; exigen precisi\u00f3n en la calidad del producto, la cantidad y el precio. Las empresas deben construir cadenas de suministro altamente estandarizadas y eficientes para cumplir con estas expectativas cambiantes del consumidor. Esto requiere una transici\u00f3n r\u00e1pida de las metodolog\u00edas convencionales a la adopci\u00f3n de soluciones digitales.<\/li>\n<\/ul>\n<p style=\"text-align: justify;\">\n<p><strong>\u00bfDe qu\u00e9 se trata la Soluci\u00f3n de Cadena de Suministro Digital?<\/strong><\/p>\n<p>Sin embargo, construir una soluci\u00f3n efectiva de cadena de suministro digital no se trata de lanzar grandes sumas de dinero al problema. Si bien es cierto que algunas organizaciones necesitan actualizar infraestructuras obsoletas para respaldar las aplicaciones y procesos actuales de la cadena de suministro, m\u00e1s dinero no necesariamente equivale a la soluci\u00f3n correcta. Lo que todas las empresas necesitan es el marco adecuado para lograr la excelencia en la cadena de suministro.<\/p>\n<p>&nbsp;<\/p>\n<p>[\/et_pb_text][\/et_pb_column][et_pb_column type=&#8221;1_2&#8243; _builder_version=&#8221;4.20.4&#8243; _module_preset=&#8221;default&#8221; global_colors_info=&#8221;{}&#8221;][et_pb_code _builder_version=&#8221;4.24.2&#8243; _module_preset=&#8221;default&#8221; hover_enabled=&#8221;0&#8243; sticky_enabled=&#8221;0&#8243; raw_content_last_edited=&#8221;on|phone&#8221; raw_content_phone=&#8221;<iframe aria-label='Whitepaper - Pasos para Lograr una Cadena de Suministro Digital en un Mundo Empresarial Siempre Cambiante' frameborder=%220%22 style=%22height:950px;width:99%;border:none;%22 src='https:\/\/forms.zohopublic.in\/quloiportal712\/form\/WhitepaperPasosparaLograrunaCadenadeSuministroDigi\/formperma\/OdX9_vMPDBSFquMGY5YeVSjXSmOIEbojDmNPIxR1QTA'><\/iframe>&#8220;]<iframe aria-label='Whitepaper - Pasos para Lograr una Cadena de Suministro Digital en un Mundo Empresarial Siempre Cambiante' frameborder=\"0\" style=\"height:850px;width:99%;border:none;\" src='https:\/\/forms.zohopublic.in\/quloiportal712\/form\/WhitepaperPasosparaLograrunaCadenadeSuministroDigi\/formperma\/OdX9_vMPDBSFquMGY5YeVSjXSmOIEbojDmNPIxR1QTA'><\/iframe>[\/et_pb_code][\/et_pb_column][\/et_pb_row][\/et_pb_section]<\/p>\n","protected":false},"excerpt":{"rendered":"<p>Pasos para Lograr una Cadena de Suministro Digital en un Mundo Empresarial Siempre Cambiante \u00bfSab\u00edas Qu\u00e9? La investigaci\u00f3n indica que el gasto global en soluciones de cadena de suministro alcanzar\u00e1 casi los $33 mil millones para 2026, con una tasa de crecimiento anual compuesta del 11.2%. El 67.4% de los gerentes de cadena de suministro [&hellip;]<\/p>\n","protected":false},"author":2,"featured_media":0,"parent":2422,"menu_order":0,"comment_status":"closed","ping_status":"closed","template":"","meta":{"_et_pb_use_builder":"on","_et_pb_old_content":"","_et_gb_content_width":""},"_links":{"self":[{"href":"https:\/\/quloi.com\/mx\/wp-json\/wp\/v2\/pages\/5780"}],"collection":[{"href":"https:\/\/quloi.com\/mx\/wp-json\/wp\/v2\/pages"}],"about":[{"href":"https:\/\/quloi.com\/mx\/wp-json\/wp\/v2\/types\/page"}],"author":[{"embeddable":true,"href":"https:\/\/quloi.com\/mx\/wp-json\/wp\/v2\/users\/2"}],"replies":[{"embeddable":true,"href":"https:\/\/quloi.com\/mx\/wp-json\/wp\/v2\/comments?post=5780"}],"version-history":[{"count":9,"href":"https:\/\/quloi.com\/mx\/wp-json\/wp\/v2\/pages\/5780\/revisions"}],"predecessor-version":[{"id":5792,"href":"https:\/\/quloi.com\/mx\/wp-json\/wp\/v2\/pages\/5780\/revisions\/5792"}],"up":[{"embeddable":true,"href":"https:\/\/quloi.com\/mx\/wp-json\/wp\/v2\/pages\/2422"}],"wp:attachment":[{"href":"https:\/\/quloi.com\/mx\/wp-json\/wp\/v2\/media?parent=5780"}],"curies":[{"name":"wp","href":"https:\/\/api.w.org\/{rel}","templated":true}]}}