{"id":5802,"date":"2024-04-21T20:42:59","date_gmt":"2024-04-21T20:42:59","guid":{"rendered":"https:\/\/quloi.com\/mx\/?page_id=5802"},"modified":"2024-05-06T17:05:27","modified_gmt":"2024-05-06T17:05:27","slug":"optimice-sus-operaciones-de-cadena-de-suministro-con-la-gestion-de-ordenes-de-compra","status":"publish","type":"page","link":"https:\/\/quloi.com\/mx\/recursos\/whitepaper\/optimice-sus-operaciones-de-cadena-de-suministro-con-la-gestion-de-ordenes-de-compra\/","title":{"rendered":"Optimice sus Operaciones de Cadena de Suministro con la Gesti\u00f3n de \u00d3rdenes de Compra."},"content":{"rendered":"<p>[et_pb_section fb_built=&#8221;1&#8243; admin_label=&#8221;Hero&#8221; _builder_version=&#8221;4.24.2&#8243; _module_preset=&#8221;f1953bdd-6bf8-4072-9066-abb6668aca6d&#8221; background_color=&#8221;#007dfe&#8221; background_color_gradient_direction=&#8221;271deg&#8221; background_enable_image=&#8221;off&#8221; width=&#8221;99%&#8221; custom_padding=&#8221;6vh|0px|6vh|0px|true|false&#8221; global_colors_info=&#8221;{}&#8221;][et_pb_row make_equal=&#8221;on&#8221; _builder_version=&#8221;4.24.2&#8243; _module_preset=&#8221;default&#8221; background_size=&#8221;initial&#8221; background_position=&#8221;top_left&#8221; background_repeat=&#8221;repeat&#8221; max_width=&#8221;80%&#8221; custom_margin=&#8221;|||&#8221; custom_padding=&#8221;|||&#8221; global_colors_info=&#8221;{}&#8221;][et_pb_column type=&#8221;4_4&#8243; _builder_version=&#8221;4.16&#8243; _module_preset=&#8221;default&#8221; custom_padding=&#8221;|||&#8221; custom_padding_tablet=&#8221;20px|10%|0px|10%&#8221; custom_padding_last_edited=&#8221;off|desktop&#8221; global_colors_info=&#8221;{}&#8221; padding_tablet=&#8221;20px|10%|0px|10%&#8221; padding_last_edited=&#8221;off|desktop&#8221; custom_padding__hover=&#8221;|||&#8221;][et_pb_text _builder_version=&#8221;4.24.2&#8243; _module_preset=&#8221;96aa3b25-0b39-4ffd-a527-cc57af8ef16d&#8221; text_font=&#8221;||||||||&#8221; header_font=&#8221;Poppins|700|||||||&#8221; header_font_size=&#8221;46px&#8221; header_line_height=&#8221;1.1em&#8221; background_layout=&#8221;dark&#8221; custom_margin=&#8221;0px||0px||false|false&#8221; animation_style=&#8221;flip&#8221; animation_direction=&#8221;top&#8221; header_font_size_tablet=&#8221;46px&#8221; header_font_size_phone=&#8221;30px&#8221; header_font_size_last_edited=&#8221;on|phone&#8221; global_colors_info=&#8221;{}&#8221;]<\/p>\n<h1 style=\"text-align: left;\">Optimice sus operaciones de cadena<br \/>de suministro con la gesti\u00f3n de<br \/>\u00f3rdenes de compra.<\/h1>\n<p><span data-metadata=\"&lt;!--(figmeta)eyJmaWxlS2V5IjoiVGY0bllPMjhIN2FFQWxua2k3Z09WNiIsInBhc3RlSUQiOjE5MzM3MDcyOTcsImRhdGFUeXBlIjoic2NlbmUifQo=(\/figmeta)--&gt;\"><\/span><span style=\"white-space-collapse: preserve;\"><br \/><\/span><\/p>\n<p>[\/et_pb_text][\/et_pb_column][\/et_pb_row][\/et_pb_section][et_pb_section fb_built=&#8221;1&#8243; disabled_on=&#8221;off|off|off&#8221; admin_label=&#8221;About&#8221; _builder_version=&#8221;4.24.2&#8243; _module_preset=&#8221;f1953bdd-6bf8-4072-9066-abb6668aca6d&#8221; custom_padding=&#8221;100px|0px|100px|0px&#8221; global_colors_info=&#8221;{}&#8221;][et_pb_row column_structure=&#8221;1_2,1_2&#8243; _builder_version=&#8221;4.24.2&#8243; _module_preset=&#8221;default&#8221; width_tablet=&#8221;&#8221; width_phone=&#8221;90%&#8221; width_last_edited=&#8221;on|phone&#8221; max_width=&#8221;80%&#8221; custom_margin=&#8221;|||&#8221; custom_padding=&#8221;|||&#8221; global_colors_info=&#8221;{}&#8221;][et_pb_column type=&#8221;1_2&#8243; _builder_version=&#8221;4.16&#8243; _module_preset=&#8221;default&#8221; custom_padding=&#8221;|||&#8221; global_colors_info=&#8221;{}&#8221; custom_padding__hover=&#8221;|||&#8221;][et_pb_text admin_label=&#8221;description&#8221; _builder_version=&#8221;4.24.2&#8243; _module_preset=&#8221;96aa3b25-0b39-4ffd-a527-cc57af8ef16d&#8221; text_font=&#8221;||||||||&#8221; text_font_size=&#8221;18px&#8221; text_line_height=&#8221;1.2em&#8221; max_width_tablet=&#8221;89%&#8221; max_width_phone=&#8221;97%&#8221; max_width_last_edited=&#8221;off|desktop&#8221; custom_margin=&#8221;0px||||false|false&#8221; custom_padding=&#8221;|||&#8221; global_colors_info=&#8221;{}&#8221;]<\/p>\n<p>El 74% de las empresas de manufactura e ingenier\u00eda dependen de sistemas heredados obsoletos y hojas de c\u00e1lculo para gestionar tareas. Conf\u00edan en datos desactualizados y desconectados para gestionar \u00f3rdenes de compra y tomar decisiones comerciales. Datos aislados significan \u00f3rdenes incorrectas y decisiones comerciales deficientes. Y decisiones comerciales deficientes significan oportunidades de negocio perdidas.<\/p>\n<p>Este es un ciclo en el que un error puede convertirse r\u00e1pidamente en \u00f3rdenes de compra incorrectas, inventario mal gestionado y discrepancias financieras. \u00bfEst\u00e1s navegando en el mismo barco?<\/p>\n<p>Seguro, gestionar \u00f3rdenes de compra manualmente no es menos desafiante. Te enfrentas a desaf\u00edos de gesti\u00f3n del gasto con sistemas heredados debido a procesos ineficientes, errores humanos, poca visibilidad, etc. Pero con un flujo de trabajo de aprobaci\u00f3n de \u00f3rdenes de compra optimizado, es como actualizar tu m\u00e1quina de escribir manual a un teclado de alto rendimiento y a prueba de errores. Ya no tienes que buscar manualmente una factura espec\u00edfica entre una pila de archivos o interminables hilos de correo electr\u00f3nico.<\/p>\n<p>[\/et_pb_text][et_pb_text _builder_version=&#8221;4.24.2&#8243; _module_preset=&#8221;96aa3b25-0b39-4ffd-a527-cc57af8ef16d&#8221; text_font=&#8221;||||||||&#8221; header_font=&#8221;||||||||&#8221; header_2_text_align=&#8221;left&#8221; header_2_font_size=&#8221;30px&#8221; header_2_line_height=&#8221;1.1em&#8221; custom_margin=&#8221;|||&#8221; custom_padding=&#8221;|||&#8221; global_colors_info=&#8221;{}&#8221;]<\/p>\n<h2 style=\"text-align: left;\"><span style=\"color: #1d3e69;\">Gesti\u00f3n de la Cadena de Suministro de \u00d3rdenes de Compra: C\u00f3mo Hacerlo Bien<\/span><\/h2>\n<p>[\/et_pb_text][et_pb_text admin_label=&#8221;description&#8221; _builder_version=&#8221;4.24.2&#8243; _module_preset=&#8221;96aa3b25-0b39-4ffd-a527-cc57af8ef16d&#8221; text_font=&#8221;||||||||&#8221; text_font_size=&#8221;18px&#8221; text_line_height=&#8221;1.2em&#8221; max_width_tablet=&#8221;89%&#8221; max_width_phone=&#8221;97%&#8221; max_width_last_edited=&#8221;off|desktop&#8221; custom_margin=&#8221;30px|||&#8221; custom_padding=&#8221;|||&#8221; global_colors_info=&#8221;{}&#8221;]<\/p>\n<p>La gesti\u00f3n de \u00f3rdenes de compra permite a las empresas mejorar su rendimiento al reducir errores, mejorar la calidad y velocidad, y, en algunos casos, lograr resultados m\u00e1s all\u00e1 de las capacidades humanas. La demanda de comunicaci\u00f3n simplificada, asignaci\u00f3n eficiente de recursos y sistemas inform\u00e1ticos s\u00f3lidos ha impulsado a\u00fan m\u00e1s el crecimiento del mercado global de automatizaci\u00f3n de procesos comerciales.<\/p>\n<p>La automatizaci\u00f3n y la gesti\u00f3n de \u00f3rdenes de compra permiten una plataforma unificada para una colaboraci\u00f3n sin problemas, intercambio digital de documentos, visibilidad de flujo de trabajo de extremo a extremo y otros beneficios significativos. Sum\u00e9rgete en este documento t\u00e9cnico y aprende m\u00e1s sobre c\u00f3mo puedes gestionar \u00f3rdenes de compra que ayuden a escalar el crecimiento de tu negocio.<\/p>\n<p>[\/et_pb_text][\/et_pb_column][et_pb_column type=&#8221;1_2&#8243; _builder_version=&#8221;4.16&#8243; _module_preset=&#8221;default&#8221; custom_padding=&#8221;|||&#8221; global_colors_info=&#8221;{}&#8221; custom_padding__hover=&#8221;|||&#8221;][et_pb_code _builder_version=&#8221;4.24.2&#8243; _module_preset=&#8221;default&#8221; global_colors_info=&#8221;{}&#8221;]<iframe aria-label='Whitepaper - Optimice sus operaciones de cadena de suministro con la gesti\u00f3n de \u00f3rdenes de compra.' frameborder=\"0\" style=\"height:800px;width:99%;border:none;\" src='https:\/\/forms.zohopublic.in\/quloiportal712\/form\/WhitepaperOptimicesusoperacionesdecadenadesuminist\/formperma\/u-BFHr4ncJQ7jlpUpo2l2_Da9aKPzo2x2LzsD7L2jyE'><\/iframe>[\/et_pb_code][\/et_pb_column][\/et_pb_row][\/et_pb_section]<\/p>\n","protected":false},"excerpt":{"rendered":"<p>Optimice sus operaciones de cadenade suministro con la gesti\u00f3n de\u00f3rdenes de compra. El 74% de las empresas de manufactura e ingenier\u00eda dependen de sistemas heredados obsoletos y hojas de c\u00e1lculo para gestionar tareas. Conf\u00edan en datos desactualizados y desconectados para gestionar \u00f3rdenes de compra y tomar decisiones comerciales. Datos aislados significan \u00f3rdenes incorrectas y decisiones [&hellip;]<\/p>\n","protected":false},"author":2,"featured_media":0,"parent":2422,"menu_order":0,"comment_status":"closed","ping_status":"closed","template":"","meta":{"_et_pb_use_builder":"on","_et_pb_old_content":"","_et_gb_content_width":""},"_links":{"self":[{"href":"https:\/\/quloi.com\/mx\/wp-json\/wp\/v2\/pages\/5802"}],"collection":[{"href":"https:\/\/quloi.com\/mx\/wp-json\/wp\/v2\/pages"}],"about":[{"href":"https:\/\/quloi.com\/mx\/wp-json\/wp\/v2\/types\/page"}],"author":[{"embeddable":true,"href":"https:\/\/quloi.com\/mx\/wp-json\/wp\/v2\/users\/2"}],"replies":[{"embeddable":true,"href":"https:\/\/quloi.com\/mx\/wp-json\/wp\/v2\/comments?post=5802"}],"version-history":[{"count":7,"href":"https:\/\/quloi.com\/mx\/wp-json\/wp\/v2\/pages\/5802\/revisions"}],"predecessor-version":[{"id":6405,"href":"https:\/\/quloi.com\/mx\/wp-json\/wp\/v2\/pages\/5802\/revisions\/6405"}],"up":[{"embeddable":true,"href":"https:\/\/quloi.com\/mx\/wp-json\/wp\/v2\/pages\/2422"}],"wp:attachment":[{"href":"https:\/\/quloi.com\/mx\/wp-json\/wp\/v2\/media?parent=5802"}],"curies":[{"name":"wp","href":"https:\/\/api.w.org\/{rel}","templated":true}]}}