{"id":6480,"date":"2024-06-09T16:41:46","date_gmt":"2024-06-09T16:41:46","guid":{"rendered":"https:\/\/quloi.com\/mx\/?page_id=6480"},"modified":"2024-06-09T17:07:56","modified_gmt":"2024-06-09T17:07:56","slug":"caso-de-uso-de-integracion-de-erp","status":"publish","type":"page","link":"https:\/\/quloi.com\/mx\/recursos\/casos-de-uso\/caso-de-uso-de-integracion-de-erp\/","title":{"rendered":"Caso de Uso de Integraci\u00f3n de ERP"},"content":{"rendered":"<p>[et_pb_section fb_built=&#8221;1&#8243; _builder_version=&#8221;4.24.2&#8243; _module_preset=&#8221;236773fd-5a79-43bc-9297-121adb63b8c1&#8243; background_color=&#8221;#f3f7fa&#8221; width=&#8221;100%&#8221; max_width=&#8221;100%&#8221; module_alignment=&#8221;center&#8221; global_colors_info=&#8221;{}&#8221;][et_pb_row column_structure=&#8221;1_2,1_2&#8243; _builder_version=&#8221;4.24.2&#8243; _module_preset=&#8221;default&#8221; max_width=&#8221;80%&#8221; global_colors_info=&#8221;{}&#8221;][et_pb_column type=&#8221;1_2&#8243; _builder_version=&#8221;4.23.1&#8243; _module_preset=&#8221;default&#8221; global_colors_info=&#8221;{}&#8221;][et_pb_text content_tablet=&#8221;<\/p>\n<p>\u00a0<\/p>\n<h1>Reduzca los Tiempos de Adquisici\u00f3n y Aumente<br \/>la Eficiencia<\/h1>\n<p>\u00a0<\/p>\n<p>&#8221; content_phone=&#8221;<\/p>\n<p>\u00a0<\/p>\n<h1>Reduzca los Tiempos de Adquisici\u00f3n y Aumente<br \/>la Eficiencia<\/h1>\n<p>\u00a0<\/p>\n<p>&#8221; content_last_edited=&#8221;on|phone&#8221; _builder_version=&#8221;4.24.2&#8243; _module_preset=&#8221;78b57b77-3449-4fc3-8c47-b6eea6d6a2eb&#8221; header_font=&#8221;Poppins|700|||||||&#8221; header_text_color=&#8221;#1d3e69&#8243; header_font_size=&#8221;42px&#8221; header_line_height=&#8221;1.1em&#8221; custom_margin=&#8221;160px||20px||false|false&#8221; custom_margin_tablet=&#8221;20px||30px||false|false&#8221; custom_margin_phone=&#8221;20px||0px||false|false&#8221; custom_margin_last_edited=&#8221;on|phone&#8221; custom_padding=&#8221;||2px||false|false&#8221; animation_style=&#8221;slide&#8221; animation_direction=&#8221;top&#8221; header_font_tablet=&#8221;&#8221; header_font_phone=&#8221;&#8221; header_font_last_edited=&#8221;on|tablet&#8221; header_font_size_tablet=&#8221;55px&#8221; header_font_size_phone=&#8221;35px&#8221; header_font_size_last_edited=&#8221;on|phone&#8221; global_colors_info=&#8221;{}&#8221;]<\/p>\n<h1>Reduzca los Tiempos de Adquisici\u00f3n y Aumente<br \/>la Eficiencia<\/h1>\n<p>[\/et_pb_text][et_pb_text _builder_version=&#8221;4.24.2&#8243; _module_preset=&#8221;78b57b77-3449-4fc3-8c47-b6eea6d6a2eb&#8221; global_colors_info=&#8221;{}&#8221;]<\/p>\n<p>Descargar Caso de Uso de Integraci\u00f3n ERP Gratis<\/p>\n<p>[\/et_pb_text][\/et_pb_column][et_pb_column type=&#8221;1_2&#8243; _builder_version=&#8221;4.23.1&#8243; _module_preset=&#8221;default&#8221; global_colors_info=&#8221;{}&#8221;][et_pb_image src=&#8221;https:\/\/quloi.com\/mx\/wp-content\/uploads\/sites\/2\/2024\/06\/ERP.jpg&#8221; title_text=&#8221;ERP&#8221; _builder_version=&#8221;4.24.2&#8243; _module_preset=&#8221;default&#8221; border_radii=&#8221;on|8px|8px|8px|8px&#8221; global_colors_info=&#8221;{}&#8221;][\/et_pb_image][\/et_pb_column][\/et_pb_row][\/et_pb_section][et_pb_section fb_built=&#8221;1&#8243; _builder_version=&#8221;4.24.2&#8243; _module_preset=&#8221;236773fd-5a79-43bc-9297-121adb63b8c1&#8243; global_colors_info=&#8221;{}&#8221;][et_pb_row _builder_version=&#8221;4.23.3&#8243; _module_preset=&#8221;default&#8221; background_color=&#8221;#08192d&#8221; max_width=&#8221;80%&#8221; border_radii=&#8221;on|8px|8px|8px|8px&#8221; global_colors_info=&#8221;{}&#8221;][et_pb_column type=&#8221;4_4&#8243; _builder_version=&#8221;4.23.3&#8243; _module_preset=&#8221;default&#8221; global_colors_info=&#8221;{}&#8221;][et_pb_text content_tablet=&#8221;<\/p>\n<div class=%22et_pb_text_inner%22>\n<div data-shortcode-id=%222.0.0.0-1708461992253%22 data-quickaccess-editable=%22yes%22 class=%22et-fb-popover-tinymce%22>\n<div class=%22mce-content-body%22 contenteditable=%22true%22 style=%22position: relative;%22>\n<p>Los datos fragmentados en sistemas dispares crean puntos ciegos y ralentizan tu proceso de adquisici\u00f3n, mientras que los flujos de trabajo manuales generan errores y dificultan la comunicaci\u00f3n con los proveedores.<\/p>\n<p>Descubre c\u00f3mo la integraci\u00f3n ERP de Quloi optimiza tu flujo de trabajo, mejora la comunicaci\u00f3n con los proveedores y desbloquea eficiencias ocultas en tu proceso de adquisici\u00f3n mediante:<\/p>\n<\/div>\n<\/div>\n<\/div>\n<div class=%22et-fb-mousetrap et-fb-mousetrap--module et-fb-mousetrap-pointer%22 style=%22background: 0px center; pointer-events: auto;%22><\/div>\n<p>&#8221; content_phone=&#8221;<\/p>\n<div class=%22et_pb_text_inner%22>\n<div data-shortcode-id=%222.0.0.0-1708461992253%22 data-quickaccess-editable=%22yes%22 class=%22et-fb-popover-tinymce%22>\n<div class=%22mce-content-body%22 contenteditable=%22true%22 style=%22position: relative;%22>\n<p>Los datos fragmentados en sistemas dispares crean puntos ciegos y ralentizan tu proceso de adquisici\u00f3n, mientras que los flujos de trabajo manuales generan errores y dificultan la comunicaci\u00f3n con los proveedores.<\/p>\n<p>Descubre c\u00f3mo la integraci\u00f3n ERP de Quloi optimiza tu flujo de trabajo, mejora la comunicaci\u00f3n con los proveedores y desbloquea eficiencias ocultas en tu proceso de adquisici\u00f3n mediante:<\/p>\n<\/div>\n<\/div>\n<\/div>\n<div class=%22et-fb-mousetrap et-fb-mousetrap--module et-fb-mousetrap-pointer%22 style=%22background: 0px center; pointer-events: auto;%22><\/div>\n<p>&#8221; content_last_edited=&#8221;on|phone&#8221; _builder_version=&#8221;4.24.2&#8243; _module_preset=&#8221;78b57b77-3449-4fc3-8c47-b6eea6d6a2eb&#8221; text_text_color=&#8221;#FFFFFF&#8221; text_font_size=&#8221;18px&#8221; custom_padding=&#8221;20px|30px|20px|30px|false|false&#8221; animation_style=&#8221;slide&#8221; animation_direction=&#8221;top&#8221; text_font_size_tablet=&#8221;&#8221; text_font_size_phone=&#8221;&#8221; text_font_size_last_edited=&#8221;on|phone&#8221; global_colors_info=&#8221;{}&#8221;]<\/p>\n<p>Los datos fragmentados en sistemas dispares crean puntos ciegos y ralentizan tu proceso de adquisici\u00f3n, mientras que los flujos de trabajo manuales generan errores y dificultan la comunicaci\u00f3n con los proveedores.<\/p>\n<p>Descubre c\u00f3mo la integraci\u00f3n ERP de Quloi optimiza tu flujo de trabajo, mejora la comunicaci\u00f3n con los proveedores y desbloquea eficiencias ocultas en tu proceso de adquisici\u00f3n mediante:<\/p>\n<p>[\/et_pb_text][\/et_pb_column][\/et_pb_row][et_pb_row column_structure=&#8221;1_3,1_3,1_3&#8243; _builder_version=&#8221;4.24.2&#8243; _module_preset=&#8221;default&#8221; max_width=&#8221;80%&#8221; custom_margin=&#8221;25px||||false|false&#8221; global_colors_info=&#8221;{}&#8221;][et_pb_column type=&#8221;1_3&#8243; _builder_version=&#8221;4.24.2&#8243; _module_preset=&#8221;default&#8221; global_colors_info=&#8221;{}&#8221;][et_pb_blurb title=&#8221;Flujos de Trabajo Automatizados:&#8221; use_icon=&#8221;on&#8221; font_icon=&#8221;&#xf021;||fa||900&#8243; icon_color=&#8221;#007dfe&#8221; icon_placement=&#8221;left&#8221; _builder_version=&#8221;4.24.2&#8243; _module_preset=&#8221;default&#8221; header_font=&#8221;Poppins|700|||||||&#8221; header_text_color=&#8221;#007dfe&#8221; body_font=&#8221;Poppins|500|||||||&#8221; global_colors_info=&#8221;{}&#8221;]<\/p>\n<p>Organice flujos de trabajo automatizados, evitando asi la entrada de datos manual.<\/p>\n<p>[\/et_pb_blurb][\/et_pb_column][et_pb_column type=&#8221;1_3&#8243; _builder_version=&#8221;4.24.2&#8243; _module_preset=&#8221;default&#8221; global_colors_info=&#8221;{}&#8221;][et_pb_blurb title=&#8221;Mejora de la colaboraci\u00f3n con los proveedores:&#8221; use_icon=&#8221;on&#8221; font_icon=&#8221;&#xf4c4;||fa||900&#8243; icon_color=&#8221;#007dfe&#8221; icon_placement=&#8221;left&#8221; _builder_version=&#8221;4.24.2&#8243; _module_preset=&#8221;default&#8221; header_font=&#8221;Poppins|700|||||||&#8221; header_text_color=&#8221;#007dfe&#8221; global_colors_info=&#8221;{}&#8221;]<\/p>\n<p>Elimine tareas manuales que consumen mucho tiempo, como la creaci\u00f3n y aprobaci\u00f3n de \u00f3rdenes de compra.<\/p>\n<p>[\/et_pb_blurb][\/et_pb_column][et_pb_column type=&#8221;1_3&#8243; _builder_version=&#8221;4.24.2&#8243; _module_preset=&#8221;default&#8221; global_colors_info=&#8221;{}&#8221;][et_pb_blurb title=&#8221;Achieving Real-Time Visibility:&#8221; use_icon=&#8221;on&#8221; font_icon=&#8221;&#xf06e;||fa||900&#8243; icon_color=&#8221;#007dfe&#8221; icon_placement=&#8221;left&#8221; title_tablet=&#8221;Visibilidad en Tiempo Real&#8221; title_phone=&#8221;Visibilidad en Tiempo Real&#8221; title_last_edited=&#8221;on|phone&#8221; _builder_version=&#8221;4.24.2&#8243; _module_preset=&#8221;default&#8221; header_font=&#8221;Poppins|700|||||||&#8221; header_text_color=&#8221;#007dfe&#8221; global_colors_info=&#8221;{}&#8221;]<\/p>\n<p>Obtenga visibilidad en tiempo real en todas las \u00e1reas de su cadena de suministro.<\/p>\n<p>[\/et_pb_blurb][\/et_pb_column][\/et_pb_row][\/et_pb_section][et_pb_section fb_built=&#8221;1&#8243; _builder_version=&#8221;4.23.3&#8243; _module_preset=&#8221;236773fd-5a79-43bc-9297-121adb63b8c1&#8243; custom_margin=&#8221;0px||||false|false&#8221; custom_padding=&#8221;0px||||false|false&#8221; global_colors_info=&#8221;{}&#8221;][et_pb_row column_structure=&#8221;1_2,1_2&#8243; _builder_version=&#8221;4.24.2&#8243; _module_preset=&#8221;default&#8221; max_width=&#8221;80%&#8221; custom_margin=&#8221;-10px||||false|false&#8221; global_colors_info=&#8221;{}&#8221;][et_pb_column type=&#8221;1_2&#8243; _builder_version=&#8221;4.23.3&#8243; _module_preset=&#8221;default&#8221; global_colors_info=&#8221;{}&#8221;][et_pb_text content_tablet=&#8221;<\/p>\n<p><span style=%22font-size: large; color: #007dfe;%22><strong>Beneficios que puede Medir:<\/strong><\/span><\/p>\n<p><strong> <\/strong><\/p>\n<p><strong><\/strong><\/p>\n<ul>\n<li>Plazos de entrega reducidos: lleve los productos al mercado m\u00e1s r\u00e1pido con un proceso de cumplimiento de pedidos optimizado.<\/li>\n<li>Eficiencia mejorada: libere recursos valiosos para iniciativas estrat\u00e9gicas eliminando tareas manuales.Toma de decisiones mejorada: tome decisiones de compra basadas en datos basados  en conocimientos de la cadena de suministro en tiempo real.<\/li>\n<li> <span style=%22font-size: 18px;%22>Costos reducidos: minimice errores y elimine ineficiencias asociadas con los procesos manuales.<\/span><\/li>\n<li> <span style=%22font-size: 18px;%22>Relaciones fortalecidas con los proveedores: fomente una comunicaci\u00f3n y colaboraci\u00f3n fluidas con sus proveedores.\n<p><\/span><strong>Dejar de gestionar una cadena de suministro desconectada.<\/strong> Complete el formulario y descargue el caso de uso y desbloquee la eficiencia en sus operaciones de adquisici\u00f3n.<\/li>\n<\/ul>\n<p>&#8221; content_phone=&#8221;<\/p>\n<p><span style=%22font-size: large; color: #007dfe;%22><strong>Beneficios que puede Medir:<\/strong><\/span><\/p>\n<p><strong> <\/strong><\/p>\n<p><strong><\/strong><\/p>\n<ul>\n<li>Plazos de entrega reducidos: lleve los productos al mercado m\u00e1s r\u00e1pido con un proceso de cumplimiento de pedidos optimizado.<\/li>\n<li>Eficiencia mejorada: libere recursos valiosos para iniciativas estrat\u00e9gicas eliminando tareas manuales.Toma de decisiones mejorada: tome decisiones de compra basadas en datos basados  en conocimientos de la cadena de suministro en tiempo real.<\/li>\n<li> <span style=%22font-size: 18px;%22>Costos reducidos: minimice errores y elimine ineficiencias asociadas con los procesos manuales.<\/span><\/li>\n<li> <span style=%22font-size: 18px;%22>Relaciones fortalecidas con los proveedores: fomente una comunicaci\u00f3n y colaboraci\u00f3n fluidas con sus proveedores.\n<p><\/span><strong>Dejar de gestionar una cadena de suministro desconectada.<\/strong> Complete el formulario y descargue el caso de uso y desbloquee la eficiencia en sus operaciones de adquisici\u00f3n.<\/li>\n<\/ul>\n<ul><\/ul>\n<p>&#8221; content_last_edited=&#8221;on|phone&#8221; _builder_version=&#8221;4.24.2&#8243; _module_preset=&#8221;78b57b77-3449-4fc3-8c47-b6eea6d6a2eb&#8221; text_text_color=&#8221;#424242&#8243; text_font_size=&#8221;18px&#8221; custom_margin=&#8221;40px||0px||false|false&#8221; animation_style=&#8221;slide&#8221; animation_direction=&#8221;top&#8221; text_font_size_tablet=&#8221;&#8221; text_font_size_phone=&#8221;&#8221; text_font_size_last_edited=&#8221;on|phone&#8221; global_colors_info=&#8221;{}&#8221;]<\/p>\n<p><span style=\"font-size: large; color: #007dfe;\"><strong>Beneficios que puede Medir<\/strong><\/span><\/p>\n<ul><\/ul>\n<ul>\n<li>Plazos de entrega reducidos: lleve los productos al mercado m\u00e1s r\u00e1pido con un proceso de cumplimiento de pedidos optimizado.<\/li>\n<li>\n<p>Eficiencia mejorada: libere recursos valiosos para iniciativas estrat\u00e9gicas eliminando tareas manuales.<\/p>\n<p>Toma de decisiones mejorada: tome decisiones de compra basadas en datos basados \u200b\u200ben conocimientos de la cadena de suministro en tiempo real.<\/p>\n<\/li>\n<li>\n<p>Costos reducidos: minimice errores y elimine ineficiencias asociadas con los procesos manuales.<\/p>\n<\/li>\n<li>\n<p>Relaciones fortalecidas con los proveedores: fomente una comunicaci\u00f3n y colaboraci\u00f3n fluidas con sus proveedores.<\/p>\n<p>&nbsp;<\/p>\n<p><strong>Dejar de gestionar una cadena de suministro desconectada.<\/strong> Complete el formulario y descargue el caso de uso y desbloquee la eficiencia en sus operaciones de adquisici\u00f3n.<\/p>\n<\/li>\n<\/ul>\n<p>[\/et_pb_text][\/et_pb_column][et_pb_column type=&#8221;1_2&#8243; _builder_version=&#8221;4.23.3&#8243; _module_preset=&#8221;default&#8221; global_colors_info=&#8221;{}&#8221;][et_pb_code _builder_version=&#8221;4.24.2&#8243; _module_preset=&#8221;default&#8221; min_height=&#8221;552.8px&#8221; custom_margin=&#8221;-8px||||false|false&#8221; custom_padding=&#8221;1px||||false|false&#8221; global_colors_info=&#8221;{}&#8221;]<iframe aria-label='Integracion con ERP's: Un Caso de Uso de Quloi' frameborder=\"0\" style=\"height:850px;width:99%;border:none;\" src='https:\/\/forms.zohopublic.in\/quloiportal712\/form\/IntegracionconERPsUnCasodeUsodeQuloi\/formperma\/BiFBz5tKNKVf99yeX0-7XWEfquVRSg4JnMFiYoGPDjo'><\/iframe>[\/et_pb_code][\/et_pb_column][\/et_pb_row][\/et_pb_section]<\/p>\n","protected":false},"excerpt":{"rendered":"<p>Reduzca los Tiempos de Adquisici\u00f3n y Aumentela EficienciaDescargar Caso de Uso de Integraci\u00f3n ERP GratisLos datos fragmentados en sistemas dispares crean puntos ciegos y ralentizan tu proceso de adquisici\u00f3n, mientras que los flujos de trabajo manuales generan errores y dificultan la comunicaci\u00f3n con los proveedores. Descubre c\u00f3mo la integraci\u00f3n ERP de Quloi optimiza tu flujo [&hellip;]<\/p>\n","protected":false},"author":2,"featured_media":0,"parent":2549,"menu_order":0,"comment_status":"closed","ping_status":"closed","template":"","meta":{"_et_pb_use_builder":"on","_et_pb_old_content":"","_et_gb_content_width":""},"_links":{"self":[{"href":"https:\/\/quloi.com\/mx\/wp-json\/wp\/v2\/pages\/6480"}],"collection":[{"href":"https:\/\/quloi.com\/mx\/wp-json\/wp\/v2\/pages"}],"about":[{"href":"https:\/\/quloi.com\/mx\/wp-json\/wp\/v2\/types\/page"}],"author":[{"embeddable":true,"href":"https:\/\/quloi.com\/mx\/wp-json\/wp\/v2\/users\/2"}],"replies":[{"embeddable":true,"href":"https:\/\/quloi.com\/mx\/wp-json\/wp\/v2\/comments?post=6480"}],"version-history":[{"count":9,"href":"https:\/\/quloi.com\/mx\/wp-json\/wp\/v2\/pages\/6480\/revisions"}],"predecessor-version":[{"id":6493,"href":"https:\/\/quloi.com\/mx\/wp-json\/wp\/v2\/pages\/6480\/revisions\/6493"}],"up":[{"embeddable":true,"href":"https:\/\/quloi.com\/mx\/wp-json\/wp\/v2\/pages\/2549"}],"wp:attachment":[{"href":"https:\/\/quloi.com\/mx\/wp-json\/wp\/v2\/media?parent=6480"}],"curies":[{"name":"wp","href":"https:\/\/api.w.org\/{rel}","templated":true}]}}