{"id":6526,"date":"2024-06-25T22:28:50","date_gmt":"2024-06-25T22:28:50","guid":{"rendered":"https:\/\/quloi.com\/mx\/?page_id=6526"},"modified":"2024-07-03T22:29:24","modified_gmt":"2024-07-03T22:29:24","slug":"visibilidad-al-valor","status":"publish","type":"page","link":"https:\/\/quloi.com\/mx\/recursos\/whitepaper\/visibilidad-al-valor\/","title":{"rendered":"Visibilidad al Valor"},"content":{"rendered":"<p>[et_pb_section fb_built=&#8221;1&#8243; admin_label=&#8221;Hero&#8221; _builder_version=&#8221;4.20.4&#8243; _module_preset=&#8221;4ae6bbf5-2b7f-4032-92c5-6f59709f3cbf&#8221; background_color=&#8221;#0580f2&#8243; background_color_gradient_direction=&#8221;271deg&#8221; background_enable_image=&#8221;off&#8221; min_height=&#8221;64px&#8221; custom_padding=&#8221;66px|0px|100px|0px||&#8221; global_colors_info=&#8221;{}&#8221;][et_pb_row make_equal=&#8221;on&#8221; _builder_version=&#8221;4.20.2&#8243; _module_preset=&#8221;default&#8221; background_size=&#8221;initial&#8221; background_position=&#8221;top_left&#8221; background_repeat=&#8221;repeat&#8221; custom_margin=&#8221;|auto|-22px|auto||&#8221; custom_padding=&#8221;|||&#8221; global_colors_info=&#8221;{}&#8221;][et_pb_column type=&#8221;4_4&#8243; _builder_version=&#8221;4.16&#8243; _module_preset=&#8221;default&#8221; custom_padding=&#8221;|||&#8221; custom_padding_tablet=&#8221;20px|10%|0px|10%&#8221; custom_padding_last_edited=&#8221;off|desktop&#8221; global_colors_info=&#8221;{}&#8221; padding_tablet=&#8221;20px|10%|0px|10%&#8221; padding_last_edited=&#8221;off|desktop&#8221; custom_padding__hover=&#8221;|||&#8221;][et_pb_text content_tablet=&#8221;<\/p>\n<h1 style=%22text-align: center;%22>Visibilidad al Valor<\/h1>\n<p>&#8221; content_phone=&#8221;<\/p>\n<h1 style=%22text-align: left;%22>Visibilidad al Valor<\/h1>\n<p>&#8221; content_last_edited=&#8221;on|phone&#8221; _builder_version=&#8221;4.24.2&#8243; _module_preset=&#8221;6245a78d-261f-44b5-8bc8-716b2601eed5&#8243; text_font=&#8221;||||||||&#8221; header_font=&#8221;Poppins|700|||||||&#8221; header_font_size=&#8221;48px&#8221; background_layout=&#8221;dark&#8221; custom_margin=&#8221;0px||0px||false|false&#8221; animation_style=&#8221;flip&#8221; animation_direction=&#8221;top&#8221; header_font_size_tablet=&#8221;48px&#8221; header_font_size_phone=&#8221;38px&#8221; header_font_size_last_edited=&#8221;on|phone&#8221; global_colors_info=&#8221;{}&#8221;]<\/p>\n<h1 style=\"text-align: center;\">Visibilidad al Valor<\/h1>\n<p>[\/et_pb_text][\/et_pb_column][\/et_pb_row][\/et_pb_section][et_pb_section fb_built=&#8221;1&#8243; _builder_version=&#8221;4.20.4&#8243; _module_preset=&#8221;4ae6bbf5-2b7f-4032-92c5-6f59709f3cbf&#8221; custom_padding=&#8221;6vh|0px|6vh||true|false&#8221; global_colors_info=&#8221;{}&#8221;][et_pb_row _builder_version=&#8221;4.24.2&#8243; _module_preset=&#8221;default&#8221; global_colors_info=&#8221;{}&#8221;][et_pb_column type=&#8221;4_4&#8243; _builder_version=&#8221;4.24.2&#8243; _module_preset=&#8221;default&#8221; global_colors_info=&#8221;{}&#8221;][et_pb_text _builder_version=&#8221;4.24.2&#8243; _module_preset=&#8221;6245a78d-261f-44b5-8bc8-716b2601eed5&#8243; global_colors_info=&#8221;{}&#8221;]<\/p>\n<p>Las empresas recopilan datos de clientes de diversas fuentes, pero no est\u00e1n seguras de c\u00f3mo utilizarlos de forma m\u00e1s eficaz. Por ejemplo, se generan y almacenan en l\u00ednea cantidades masivas de datos cada vez que un cliente pasa una tarjeta de cr\u00e9dito o compra un art\u00edculo. Dentro de estos datos se encuentran patrones importantes que, si se entienden correctamente, pueden generar informaci\u00f3n valiosa para las empresas. Tener una gran cantidad de datos significa grandes oportunidades en diferentes industrias. Sin embargo, sin visibilidad y sistemas conectados, los datos no se pueden aprovechar. Los n\u00fameros hablan por si mismos:<\/p>\n<p>[\/et_pb_text][\/et_pb_column][\/et_pb_row][et_pb_row column_structure=&#8221;1_2,1_2&#8243; _builder_version=&#8221;4.24.2&#8243; _module_preset=&#8221;default&#8221; background_color=&#8221;#1d3e69&#8243; custom_padding=&#8221;30px|30px|30px|30px|false|false&#8221; border_radii=&#8221;on|8px|8px|8px|8px&#8221; global_colors_info=&#8221;{}&#8221;][et_pb_column type=&#8221;1_2&#8243; _builder_version=&#8221;4.20.4&#8243; _module_preset=&#8221;default&#8221; global_colors_info=&#8221;{}&#8221;][et_pb_text _builder_version=&#8221;4.24.2&#8243; _module_preset=&#8221;6245a78d-261f-44b5-8bc8-716b2601eed5&#8243; text_text_color=&#8221;#FFFFFF&#8221; text_font_size=&#8221;18px&#8221; global_colors_info=&#8221;{}&#8221;]<\/p>\n<ul>\n<li>\n<p>S\u00f3lo el 24% de los encuestados tiene visibilidad del 75-100% de sus env\u00edos totales, y el 45% tiene visibilidad de menos del 50% de sus env\u00edos totales.<\/p>\n<\/li>\n<li>\n<p>\u00a0<span style=\"font-size: 18px;\">El 89% de los encuestados indic\u00f3 que la transformaci\u00f3n digital de su cadena de suministro y operaciones log\u00edsticas es una prioridad para 2024, y el 75% cree que la visibilidad en tiempo real es una prioridad clave dentro de sus esfuerzos m\u00e1s amplios de transformaci\u00f3n digital.<\/span><\/p>\n<p>&nbsp;<\/p>\n<\/li>\n<li>\n<p>\u00a0<span style=\"font-size: 18px;\">El 77% de los encuestados cree que la visibilidad en tiempo real es algo &#8220;imprescindible&#8221;, al igual que los datos de la encuesta de 2023.<\/span><\/p>\n<p>&nbsp;<\/p>\n<\/li>\n<li>\n<p>\u00a0<span style=\"font-size: 18px;\">El 53 % de los encuestados utiliza ahora dispositivos de Internet de las cosas (IoT) para el seguimiento de env\u00edos en tiempo real, frente al 23 % en 2023.<\/span><\/p>\n<\/li>\n<\/ul>\n<ul><\/ul>\n<p>[\/et_pb_text][\/et_pb_column][et_pb_column type=&#8221;1_2&#8243; _builder_version=&#8221;4.20.4&#8243; _module_preset=&#8221;default&#8221; global_colors_info=&#8221;{}&#8221;][et_pb_text _builder_version=&#8221;4.24.2&#8243; _module_preset=&#8221;6245a78d-261f-44b5-8bc8-716b2601eed5&#8243; text_text_color=&#8221;#FFFFFF&#8221; text_font_size=&#8221;18px&#8221; custom_margin=&#8221;||30px||false|false&#8221; global_colors_info=&#8221;{}&#8221;]<\/p>\n<p>La clave del \u00e9xito es pasar de los datos a los conocimientos, la acci\u00f3n y el valor. Lograr esto requiere que las organizaciones creen una plataforma que conecte datos de plataformas dispares para obtener un flujo granular de informaci\u00f3n y pedidos. Luego, pueden utilizar programas inteligentes impulsados \u200b\u200bpor la nube para analizar estos datos y predecir lo que podr\u00eda suceder a continuaci\u00f3n. Los conocimientos basados \u200b\u200ben datos, especialmente cuando se obtienen en tiempo real, pueden marcar la diferencia entre el crecimiento empresarial y el estancamiento.<\/p>\n<p>[\/et_pb_text][et_pb_text _builder_version=&#8221;4.24.2&#8243; _module_preset=&#8221;6245a78d-261f-44b5-8bc8-716b2601eed5&#8243; text_text_color=&#8221;#FFFFFF&#8221; text_font_size=&#8221;18px&#8221; header_3_font=&#8221;Poppins||||||||&#8221; header_3_font_size=&#8221;30px&#8221; header_3_line_height=&#8221;1.2em&#8221; custom_margin=&#8221;||30px||false|false&#8221; global_colors_info=&#8221;{}&#8221;]<\/p>\n<p><span>La visibilidad de la cadena de suministro va m\u00e1s all\u00e1 del seguimiento del estado, los tiempos, los retrasos y las confirmaciones. Profundice en nuestro documento t\u00e9cnico para descubrir c\u00f3mo la visibilidad de la cadena de suministro influye en su rendimiento y c\u00f3mo la visibilidad, como soluci\u00f3n, ayuda a las organizaciones a lograr una visi\u00f3n integral y transparente de sus operaciones.<\/span><\/p>\n<p>[\/et_pb_text][\/et_pb_column][\/et_pb_row][et_pb_row column_structure=&#8221;1_2,1_2&#8243; _builder_version=&#8221;4.24.2&#8243; _module_preset=&#8221;default&#8221; global_colors_info=&#8221;{}&#8221;][et_pb_column type=&#8221;1_2&#8243; _builder_version=&#8221;4.24.2&#8243; _module_preset=&#8221;default&#8221; global_colors_info=&#8221;{}&#8221;][et_pb_text _builder_version=&#8221;4.24.2&#8243; _module_preset=&#8221;6245a78d-261f-44b5-8bc8-716b2601eed5&#8243; custom_margin=&#8221;45px||0px||false|false&#8221; global_colors_info=&#8221;{}&#8221;]<\/p>\n<p>No dejes que tus valiosos datos se desperdicien. D\u00e9 el primer paso para maximizar la eficiencia de su cadena de suministro.<\/p>\n<p>Descargue nuestro documento t\u00e9cnico para descubrir estrategias viables para convertir la visibilidad en valor real en su cadena de suministro.<\/p>\n<p>[\/et_pb_text][\/et_pb_column][et_pb_column type=&#8221;1_2&#8243; _builder_version=&#8221;4.24.2&#8243; _module_preset=&#8221;default&#8221; global_colors_info=&#8221;{}&#8221;][et_pb_code _builder_version=&#8221;4.24.2&#8243; _module_preset=&#8221;default&#8221; hover_enabled=&#8221;0&#8243; global_colors_info=&#8221;{}&#8221; sticky_enabled=&#8221;0&#8243;]<iframe aria-label='Visibilidad al Valor - Whitepaper' frameborder=\"0\" style=\"height:500px;width:99%;border:none;\" src='https:\/\/forms.zohopublic.in\/quloiportal712\/form\/VisibilidadalValorWhitepaper\/formperma\/euDkw2-7_PXQZ6aBvBoWRKGow8PLkIcv6w0QHjGD-uI'><\/iframe>[\/et_pb_code][\/et_pb_column][\/et_pb_row][\/et_pb_section]<\/p>\n","protected":false},"excerpt":{"rendered":"<p>Visibilidad al ValorLas empresas recopilan datos de clientes de diversas fuentes, pero no est\u00e1n seguras de c\u00f3mo utilizarlos de forma m\u00e1s eficaz. Por ejemplo, se generan y almacenan en l\u00ednea cantidades masivas de datos cada vez que un cliente pasa una tarjeta de cr\u00e9dito o compra un art\u00edculo. Dentro de estos datos se encuentran patrones [&hellip;]<\/p>\n","protected":false},"author":2,"featured_media":0,"parent":2422,"menu_order":0,"comment_status":"closed","ping_status":"closed","template":"","meta":{"_et_pb_use_builder":"on","_et_pb_old_content":"","_et_gb_content_width":""},"_links":{"self":[{"href":"https:\/\/quloi.com\/mx\/wp-json\/wp\/v2\/pages\/6526"}],"collection":[{"href":"https:\/\/quloi.com\/mx\/wp-json\/wp\/v2\/pages"}],"about":[{"href":"https:\/\/quloi.com\/mx\/wp-json\/wp\/v2\/types\/page"}],"author":[{"embeddable":true,"href":"https:\/\/quloi.com\/mx\/wp-json\/wp\/v2\/users\/2"}],"replies":[{"embeddable":true,"href":"https:\/\/quloi.com\/mx\/wp-json\/wp\/v2\/comments?post=6526"}],"version-history":[{"count":8,"href":"https:\/\/quloi.com\/mx\/wp-json\/wp\/v2\/pages\/6526\/revisions"}],"predecessor-version":[{"id":6543,"href":"https:\/\/quloi.com\/mx\/wp-json\/wp\/v2\/pages\/6526\/revisions\/6543"}],"up":[{"embeddable":true,"href":"https:\/\/quloi.com\/mx\/wp-json\/wp\/v2\/pages\/2422"}],"wp:attachment":[{"href":"https:\/\/quloi.com\/mx\/wp-json\/wp\/v2\/media?parent=6526"}],"curies":[{"name":"wp","href":"https:\/\/api.w.org\/{rel}","templated":true}]}}