{"id":6549,"date":"2024-07-22T19:48:32","date_gmt":"2024-07-22T19:48:32","guid":{"rendered":"https:\/\/quloi.com\/mx\/?page_id=6549"},"modified":"2024-07-22T20:09:40","modified_gmt":"2024-07-22T20:09:40","slug":"habilitacion-del-control-de-acceso-basado-en-roles","status":"publish","type":"page","link":"https:\/\/quloi.com\/mx\/recursos\/casos-de-uso\/habilitacion-del-control-de-acceso-basado-en-roles\/","title":{"rendered":"Habilitacion del Control de Acceso Basado en Roles"},"content":{"rendered":"<p>[et_pb_section fb_built=&#8221;1&#8243; admin_label=&#8221;Hero&#8221; _builder_version=&#8221;4.20.4&#8243; _module_preset=&#8221;3af98287-9c6a-49d0-8bef-76d55bbda102&#8243; background_color=&#8221;#0580f2&#8243; background_color_gradient_direction=&#8221;271deg&#8221; background_enable_image=&#8221;off&#8221; min_height=&#8221;64px&#8221; custom_padding=&#8221;66px|0px|66px|0px|true|&#8221; global_colors_info=&#8221;{}&#8221;][et_pb_row make_equal=&#8221;on&#8221; _builder_version=&#8221;4.20.2&#8243; _module_preset=&#8221;default&#8221; background_size=&#8221;initial&#8221; background_position=&#8221;top_left&#8221; background_repeat=&#8221;repeat&#8221; custom_margin=&#8221;|auto|-22px|auto||&#8221; custom_padding=&#8221;|||&#8221; global_colors_info=&#8221;{}&#8221;][et_pb_column type=&#8221;4_4&#8243; _builder_version=&#8221;4.16&#8243; _module_preset=&#8221;default&#8221; custom_padding=&#8221;|||&#8221; custom_padding_tablet=&#8221;20px|10%|0px|10%&#8221; custom_padding_last_edited=&#8221;off|desktop&#8221; global_colors_info=&#8221;{}&#8221; padding_tablet=&#8221;20px|10%|0px|10%&#8221; padding_last_edited=&#8221;off|desktop&#8221; custom_padding__hover=&#8221;|||&#8221;][et_pb_text content_tablet=&#8221;<\/p>\n<h1 style=%22text-align: center;%22>Habilitaci\u00f3n basada en roles<br \/>Control de acceso: un caso de uso de Quloi<\/h1>\n<p>&#8221; content_phone=&#8221;<\/p>\n<h1 style=%22text-align: center;%22>Habilitaci\u00f3n basada en roles<br \/>Control de acceso: un caso de uso de Quloi<\/h1>\n<p>&#8221; content_last_edited=&#8221;on|phone&#8221; _builder_version=&#8221;4.24.2&#8243; _module_preset=&#8221;b4fd18f2-2459-4105-aa25-70f06349ffb8&#8243; text_font=&#8221;||||||||&#8221; header_font=&#8221;Poppins|700|||||||&#8221; header_font_size=&#8221;48px&#8221; background_layout=&#8221;dark&#8221; custom_margin=&#8221;0px||0px||false|false&#8221; animation_style=&#8221;flip&#8221; animation_direction=&#8221;top&#8221; hover_enabled=&#8221;0&#8243; header_font_size_tablet=&#8221;48px&#8221; header_font_size_phone=&#8221;38px&#8221; header_font_size_last_edited=&#8221;on|phone&#8221; global_colors_info=&#8221;{}&#8221; sticky_enabled=&#8221;0&#8243;]<\/p>\n<h1 style=\"text-align: center;\">Habilitaci\u00f3n basada en roles<br \/>Control de acceso: un caso de uso de Quloi<\/h1>\n<p>[\/et_pb_text][\/et_pb_column][\/et_pb_row][\/et_pb_section][et_pb_section fb_built=&#8221;1&#8243; _builder_version=&#8221;4.20.4&#8243; _module_preset=&#8221;3af98287-9c6a-49d0-8bef-76d55bbda102&#8243; custom_padding=&#8221;6vh|0px|6vh||true|false&#8221; global_colors_info=&#8221;{}&#8221;][et_pb_row _builder_version=&#8221;4.24.2&#8243; _module_preset=&#8221;default&#8221; global_colors_info=&#8221;{}&#8221;][et_pb_column type=&#8221;4_4&#8243; _builder_version=&#8221;4.24.2&#8243; _module_preset=&#8221;default&#8221; global_colors_info=&#8221;{}&#8221;][et_pb_text _builder_version=&#8221;4.24.2&#8243; _module_preset=&#8221;05885f7c-5064-4713-a79a-c9cca3478ad9&#8243; header_font=&#8221;Poppins||||||||&#8221; header_2_font_size=&#8221;35px&#8221; global_colors_info=&#8221;{}&#8221;]<\/p>\n<h2>Alcance<\/h2>\n<p>[\/et_pb_text][et_pb_text _builder_version=&#8221;4.24.2&#8243; _module_preset=&#8221;b4fd18f2-2459-4105-aa25-70f06349ffb8&#8243; global_colors_info=&#8221;{}&#8221;]<\/p>\n<p>Abarcar un marco integral que garantice operaciones seguras, eficientes y conformes. Contribuir a la resiliencia y agilidad de la cadena de suministro definiendo roles precisos, implementando pol\u00edticas s\u00f3lidas de control de acceso y permitiendo una colaboraci\u00f3n segura.<\/p>\n<p>[\/et_pb_text][\/et_pb_column][\/et_pb_row][et_pb_row column_structure=&#8221;1_2,1_2&#8243; _builder_version=&#8221;4.24.2&#8243; _module_preset=&#8221;default&#8221; global_colors_info=&#8221;{}&#8221;][et_pb_column type=&#8221;1_2&#8243; _builder_version=&#8221;4.24.2&#8243; _module_preset=&#8221;default&#8221; global_colors_info=&#8221;{}&#8221;][et_pb_text _builder_version=&#8221;4.24.2&#8243; _module_preset=&#8221;b4fd18f2-2459-4105-aa25-70f06349ffb8&#8243; custom_margin=&#8221;45px||0px||false|false&#8221; global_colors_info=&#8221;{}&#8221;]<\/p>\n<p>Descargue nuestro caso de uso para garantizar que cada rol en la cadena de suministro solo pueda acceder a la informaci\u00f3n necesaria para realizar sus tareas.<\/p>\n<p>[\/et_pb_text][\/et_pb_column][et_pb_column type=&#8221;1_2&#8243; _builder_version=&#8221;4.24.2&#8243; _module_preset=&#8221;default&#8221; global_colors_info=&#8221;{}&#8221;][et_pb_code _builder_version=&#8221;4.24.2&#8243; _module_preset=&#8221;default&#8221; hover_enabled=&#8221;0&#8243; global_colors_info=&#8221;{}&#8221; sticky_enabled=&#8221;0&#8243;]<iframe aria-label='Habilitaci\u00f3n del Control de Acceso Basado en Roles- Un Caso de Uso de Quloi' frameborder=\"0\" style=\"height:750px;width:99%;border:none;\" src='https:\/\/forms.zohopublic.in\/quloiportal712\/form\/HabilitacindelControldeAccesoBasadoenRolesUnCasode\/formperma\/8HvkRVF5Y-ErJcFggqsn-aOqmOIpa24zN1ygkYhho6g'><\/iframe>[\/et_pb_code][\/et_pb_column][\/et_pb_row][\/et_pb_section]<\/p>\n","protected":false},"excerpt":{"rendered":"<p>Habilitaci\u00f3n basada en rolesControl de acceso: un caso de uso de QuloiAlcanceAbarcar un marco integral que garantice operaciones seguras, eficientes y conformes. Contribuir a la resiliencia y agilidad de la cadena de suministro definiendo roles precisos, implementando pol\u00edticas s\u00f3lidas de control de acceso y permitiendo una colaboraci\u00f3n segura.Descargue nuestro caso de uso para garantizar que [&hellip;]<\/p>\n","protected":false},"author":2,"featured_media":0,"parent":2549,"menu_order":0,"comment_status":"closed","ping_status":"closed","template":"","meta":{"_et_pb_use_builder":"on","_et_pb_old_content":"","_et_gb_content_width":""},"_links":{"self":[{"href":"https:\/\/quloi.com\/mx\/wp-json\/wp\/v2\/pages\/6549"}],"collection":[{"href":"https:\/\/quloi.com\/mx\/wp-json\/wp\/v2\/pages"}],"about":[{"href":"https:\/\/quloi.com\/mx\/wp-json\/wp\/v2\/types\/page"}],"author":[{"embeddable":true,"href":"https:\/\/quloi.com\/mx\/wp-json\/wp\/v2\/users\/2"}],"replies":[{"embeddable":true,"href":"https:\/\/quloi.com\/mx\/wp-json\/wp\/v2\/comments?post=6549"}],"version-history":[{"count":5,"href":"https:\/\/quloi.com\/mx\/wp-json\/wp\/v2\/pages\/6549\/revisions"}],"predecessor-version":[{"id":6556,"href":"https:\/\/quloi.com\/mx\/wp-json\/wp\/v2\/pages\/6549\/revisions\/6556"}],"up":[{"embeddable":true,"href":"https:\/\/quloi.com\/mx\/wp-json\/wp\/v2\/pages\/2549"}],"wp:attachment":[{"href":"https:\/\/quloi.com\/mx\/wp-json\/wp\/v2\/media?parent=6549"}],"curies":[{"name":"wp","href":"https:\/\/api.w.org\/{rel}","templated":true}]}}