{"id":6559,"date":"2024-07-22T20:16:57","date_gmt":"2024-07-22T20:16:57","guid":{"rendered":"https:\/\/quloi.com\/mx\/?page_id=6559"},"modified":"2024-07-22T20:34:32","modified_gmt":"2024-07-22T20:34:32","slug":"superando-los-obstaculos-de-visibilidad-y-colaboracion-en-la-cadena-de-suministro","status":"publish","type":"page","link":"https:\/\/quloi.com\/mx\/recursos\/whitepaper\/superando-los-obstaculos-de-visibilidad-y-colaboracion-en-la-cadena-de-suministro\/","title":{"rendered":"Superando los Obst\u00e1culos de Visibilidad y Colaboraci\u00f3n en la Cadena de Suministro"},"content":{"rendered":"<p>[et_pb_section fb_built=&#8221;1&#8243; admin_label=&#8221;Hero&#8221; _builder_version=&#8221;4.20.4&#8243; _module_preset=&#8221;89628ffd-8645-4976-9f5f-e25dcbe62376&#8243; background_color=&#8221;#0580f2&#8243; background_color_gradient_direction=&#8221;271deg&#8221; background_enable_image=&#8221;off&#8221; min_height=&#8221;64px&#8221; custom_padding=&#8221;66px|0px|100px|0px||&#8221; global_colors_info=&#8221;{}&#8221;][et_pb_row make_equal=&#8221;on&#8221; _builder_version=&#8221;4.20.2&#8243; _module_preset=&#8221;default&#8221; background_size=&#8221;initial&#8221; background_position=&#8221;top_left&#8221; background_repeat=&#8221;repeat&#8221; custom_margin=&#8221;|auto|-22px|auto||&#8221; custom_padding=&#8221;|||&#8221; global_colors_info=&#8221;{}&#8221;][et_pb_column type=&#8221;4_4&#8243; _builder_version=&#8221;4.16&#8243; _module_preset=&#8221;default&#8221; custom_padding=&#8221;|||&#8221; custom_padding_tablet=&#8221;20px|10%|0px|10%&#8221; custom_padding_last_edited=&#8221;off|desktop&#8221; global_colors_info=&#8221;{}&#8221; padding_tablet=&#8221;20px|10%|0px|10%&#8221; padding_last_edited=&#8221;off|desktop&#8221; custom_padding__hover=&#8221;|||&#8221;][et_pb_text content_tablet=&#8221;<\/p>\n<h1 style=%22text-align: center;%22>Superar los obst\u00e1culos de visibilidad y colaboraci\u00f3n en la maquinaria industrial<br \/>Cadena de suministro<\/h1>\n<p>&#8221; content_phone=&#8221;<\/p>\n<h1 style=%22text-align: center;%22>Superar los obst\u00e1culos de visibilidad y colaboraci\u00f3n en la maquinaria industrial<br \/>Cadena de suministro<\/h1>\n<p>&#8221; content_last_edited=&#8221;on|phone&#8221; _builder_version=&#8221;4.24.2&#8243; _module_preset=&#8221;44f9d82a-a6d8-4716-9c4c-95c3feb3437c&#8221; text_font=&#8221;||||||||&#8221; header_font=&#8221;Poppins|700|||||||&#8221; header_font_size=&#8221;48px&#8221; background_layout=&#8221;dark&#8221; custom_margin=&#8221;0px||0px||false|false&#8221; animation_style=&#8221;flip&#8221; animation_direction=&#8221;top&#8221; header_font_size_tablet=&#8221;48px&#8221; header_font_size_phone=&#8221;38px&#8221; header_font_size_last_edited=&#8221;on|phone&#8221; global_colors_info=&#8221;{}&#8221;]<\/p>\n<h1 style=\"text-align: center;\">Superando los obst\u00e1culos de visibilidad y colaboraci\u00f3n en la maquinaria industrial<br \/>Cadena de suministro<\/h1>\n<p>[\/et_pb_text][\/et_pb_column][\/et_pb_row][\/et_pb_section][et_pb_section fb_built=&#8221;1&#8243; _builder_version=&#8221;4.20.4&#8243; _module_preset=&#8221;89628ffd-8645-4976-9f5f-e25dcbe62376&#8243; custom_padding=&#8221;6vh|0px|6vh||true|false&#8221; global_colors_info=&#8221;{}&#8221;][et_pb_row _builder_version=&#8221;4.24.2&#8243; _module_preset=&#8221;default&#8221; global_colors_info=&#8221;{}&#8221;][et_pb_column type=&#8221;4_4&#8243; _builder_version=&#8221;4.24.2&#8243; _module_preset=&#8221;default&#8221; global_colors_info=&#8221;{}&#8221;][et_pb_text _builder_version=&#8221;4.24.2&#8243; _module_preset=&#8221;44f9d82a-a6d8-4716-9c4c-95c3feb3437c&#8221; global_colors_info=&#8221;{}&#8221;]<\/p>\n<p>El sector de fabricaci\u00f3n de maquinaria industrial se encuentra en una encrucijada y enfrenta desaf\u00edos y oportunidades sin precedentes. A medida que la globalizaci\u00f3n ampl\u00eda los mercados y la personalizaci\u00f3n se convierte en la norma, los fabricantes deben navegar en un panorama m\u00e1s complejo y dependiente. Las cadenas de suministro son la columna vertebral de esta industria y respaldan todo, desde la adquisici\u00f3n de materias primas hasta la entrega del producto final. Sin embargo, el modelo de cadena de suministro tradicional o desconectada se est\u00e1 llevando al l\u00edmite por la necesidad de una mayor eficiencia y agilidad. Este documento t\u00e9cnico arroja luz sobre la importancia de la visibilidad y la colaboraci\u00f3n de la cadena de suministro en el sector de maquinaria industrial.<\/p>\n<p>[\/et_pb_text][\/et_pb_column][\/et_pb_row][et_pb_row column_structure=&#8221;1_2,1_2&#8243; _builder_version=&#8221;4.24.2&#8243; _module_preset=&#8221;default&#8221; global_colors_info=&#8221;{}&#8221;][et_pb_column type=&#8221;1_2&#8243; _builder_version=&#8221;4.24.2&#8243; _module_preset=&#8221;default&#8221; global_colors_info=&#8221;{}&#8221;][et_pb_text _builder_version=&#8221;4.24.2&#8243; _module_preset=&#8221;44f9d82a-a6d8-4716-9c4c-95c3feb3437c&#8221; custom_margin=&#8221;45px||0px||false|false&#8221; global_colors_info=&#8221;{}&#8221;]<\/p>\n<p>Examinaremos el estado actual de la industria, identificaremos puntos d\u00e9biles clave y demostraremos c\u00f3mo una mayor visibilidad y colaboraci\u00f3n pueden transformar las cadenas de suministro, impulsando una mayor eficiencia, resiliencia y rentabilidad.<\/p>\n<p>[\/et_pb_text][\/et_pb_column][et_pb_column type=&#8221;1_2&#8243; _builder_version=&#8221;4.24.2&#8243; _module_preset=&#8221;default&#8221; global_colors_info=&#8221;{}&#8221;][et_pb_code _builder_version=&#8221;4.24.2&#8243; _module_preset=&#8221;default&#8221; global_colors_info=&#8221;{}&#8221;]<iframe aria-label='Superando los Obst\u00e1culos de Visibilidad y Colaboraci\u00f3n - Whitepaper' frameborder=\"0\" style=\"height:750px;width:99%;border:none;\" src='https:\/\/forms.zohopublic.in\/quloiportal712\/form\/SuperandolosObstculosdeVisibilidadyColaboracinWhit\/formperma\/XDlVuKpd1PXzs94Gsd2vAJCvI6l1SjqlW4NoljOTIQs'><\/iframe>[\/et_pb_code][\/et_pb_column][\/et_pb_row][\/et_pb_section]<\/p>\n","protected":false},"excerpt":{"rendered":"<p>Superando los obst\u00e1culos de visibilidad y colaboraci\u00f3n en la maquinaria industrialCadena de suministroEl sector de fabricaci\u00f3n de maquinaria industrial se encuentra en una encrucijada y enfrenta desaf\u00edos y oportunidades sin precedentes. A medida que la globalizaci\u00f3n ampl\u00eda los mercados y la personalizaci\u00f3n se convierte en la norma, los fabricantes deben navegar en un panorama m\u00e1s [&hellip;]<\/p>\n","protected":false},"author":2,"featured_media":0,"parent":2422,"menu_order":0,"comment_status":"closed","ping_status":"closed","template":"","meta":{"_et_pb_use_builder":"on","_et_pb_old_content":"","_et_gb_content_width":""},"_links":{"self":[{"href":"https:\/\/quloi.com\/mx\/wp-json\/wp\/v2\/pages\/6559"}],"collection":[{"href":"https:\/\/quloi.com\/mx\/wp-json\/wp\/v2\/pages"}],"about":[{"href":"https:\/\/quloi.com\/mx\/wp-json\/wp\/v2\/types\/page"}],"author":[{"embeddable":true,"href":"https:\/\/quloi.com\/mx\/wp-json\/wp\/v2\/users\/2"}],"replies":[{"embeddable":true,"href":"https:\/\/quloi.com\/mx\/wp-json\/wp\/v2\/comments?post=6559"}],"version-history":[{"count":7,"href":"https:\/\/quloi.com\/mx\/wp-json\/wp\/v2\/pages\/6559\/revisions"}],"predecessor-version":[{"id":6577,"href":"https:\/\/quloi.com\/mx\/wp-json\/wp\/v2\/pages\/6559\/revisions\/6577"}],"up":[{"embeddable":true,"href":"https:\/\/quloi.com\/mx\/wp-json\/wp\/v2\/pages\/2422"}],"wp:attachment":[{"href":"https:\/\/quloi.com\/mx\/wp-json\/wp\/v2\/media?parent=6559"}],"curies":[{"name":"wp","href":"https:\/\/api.w.org\/{rel}","templated":true}]}}