{"id":6694,"date":"2024-11-22T19:21:16","date_gmt":"2024-11-22T19:21:16","guid":{"rendered":"https:\/\/quloi.com\/mx\/?page_id=6694"},"modified":"2024-11-22T22:03:45","modified_gmt":"2024-11-22T22:03:45","slug":"integracion-con-agentes-aduaneros-caso-de-uso-quloi","status":"publish","type":"page","link":"https:\/\/quloi.com\/mx\/recursos\/casos-de-uso\/integracion-con-agentes-aduaneros-caso-de-uso-quloi\/","title":{"rendered":"Integraci\u00f3n con Agentes Aduaneros &#8211; Caso de Uso &#8211; Quloi"},"content":{"rendered":"<p>[et_pb_section fb_built=&#8221;1&#8243; _builder_version=&#8221;4.24.2&#8243; _module_preset=&#8221;ce48babb-c12b-4acc-aed1-82677c304d71&#8243; background_color=&#8221;#f3f7fa&#8221; width=&#8221;100%&#8221; max_width=&#8221;100%&#8221; module_alignment=&#8221;center&#8221; global_colors_info=&#8221;{}&#8221;][et_pb_row column_structure=&#8221;1_2,1_2&#8243; _builder_version=&#8221;4.24.2&#8243; _module_preset=&#8221;default&#8221; max_width=&#8221;80%&#8221; global_colors_info=&#8221;{}&#8221;][et_pb_column type=&#8221;1_2&#8243; _builder_version=&#8221;4.23.1&#8243; _module_preset=&#8221;default&#8221; global_colors_info=&#8221;{}&#8221;][et_pb_text content_tablet=&#8221;<\/p>\n<h1><strong>Agiliza tu Proceso de Env\u00edo y Despacho Aduanero<br \/>con Quloi<\/strong><\/h1>\n<p>&#8221; content_phone=&#8221;<\/p>\n<h1><strong>Agiliza tu Proceso de Env\u00edo y Despacho Aduanero<br \/>con Quloi<\/strong><\/h1>\n<\/p>\n<p>&#8221; content_last_edited=&#8221;on|phone&#8221; _builder_version=&#8221;4.24.2&#8243; _module_preset=&#8221;04cfc626-11d7-482d-8112-18c6161b94fa&#8221; header_font=&#8221;Poppins|700|||||||&#8221; header_text_color=&#8221;#1d3e69&#8243; header_font_size=&#8221;42px&#8221; header_line_height=&#8221;1.1em&#8221; custom_margin=&#8221;160px||20px||false|false&#8221; custom_margin_tablet=&#8221;20px||30px||false|false&#8221; custom_margin_phone=&#8221;20px||0px||false|false&#8221; custom_margin_last_edited=&#8221;on|phone&#8221; custom_padding=&#8221;||2px||false|false&#8221; animation_style=&#8221;slide&#8221; animation_direction=&#8221;top&#8221; header_font_tablet=&#8221;&#8221; header_font_phone=&#8221;&#8221; header_font_last_edited=&#8221;on|tablet&#8221; header_font_size_tablet=&#8221;55px&#8221; header_font_size_phone=&#8221;35px&#8221; header_font_size_last_edited=&#8221;on|phone&#8221; global_colors_info=&#8221;{}&#8221;]<\/p>\n<h1><strong>Agiliza tu Proceso de Env\u00edo y Despacho Aduanero<br \/>con Quloi<\/strong><\/h1>\n<p>[\/et_pb_text][et_pb_text _builder_version=&#8221;4.24.2&#8243; _module_preset=&#8221;04cfc626-11d7-482d-8112-18c6161b94fa&#8221; global_colors_info=&#8221;{}&#8221;]<\/p>\n<p>Descarga el Caso de Uso Gratuito de<br \/>Integraci\u00f3n con Agentes Aduaneros<\/p>\n<p>[\/et_pb_text][\/et_pb_column][et_pb_column type=&#8221;1_2&#8243; _builder_version=&#8221;4.23.1&#8243; _module_preset=&#8221;default&#8221; global_colors_info=&#8221;{}&#8221;][et_pb_image src=&#8221;https:\/\/quloi.com\/mx\/wp-content\/uploads\/sites\/2\/2024\/06\/CustomBrokers.jpg&#8221; title_text=&#8221;CustomBrokers&#8221; _builder_version=&#8221;4.24.2&#8243; _module_preset=&#8221;default&#8221; border_radii=&#8221;on|8px|8px|8px|8px&#8221; global_colors_info=&#8221;{}&#8221;][\/et_pb_image][\/et_pb_column][\/et_pb_row][\/et_pb_section][et_pb_section fb_built=&#8221;1&#8243; _builder_version=&#8221;4.24.2&#8243; _module_preset=&#8221;ce48babb-c12b-4acc-aed1-82677c304d71&#8243; global_colors_info=&#8221;{}&#8221;][et_pb_row column_structure=&#8221;1_2,1_2&#8243; _builder_version=&#8221;4.24.2&#8243; _module_preset=&#8221;default&#8221; background_color=&#8221;#08192d&#8221; max_width=&#8221;80%&#8221; border_radii=&#8221;on|8px|8px|8px|8px&#8221; global_colors_info=&#8221;{}&#8221;][et_pb_column type=&#8221;1_2&#8243; _builder_version=&#8221;4.23.3&#8243; _module_preset=&#8221;default&#8221; global_colors_info=&#8221;{}&#8221;][et_pb_text content_tablet=&#8221;<\/p>\n<h2><strong>Retos Comunes<\/strong><\/h2>\n<\/p>\n<p>&#8221; content_phone=&#8221;<\/p>\n<h2><strong>Retos Comunes<\/strong><\/h2>\n<\/p>\n<p>&#8221; content_last_edited=&#8221;on|phone&#8221; _builder_version=&#8221;4.24.2&#8243; _module_preset=&#8221;04cfc626-11d7-482d-8112-18c6161b94fa&#8221; header_font=&#8221;Poppins|700|||||||&#8221; header_text_color=&#8221;#1d3e69&#8243; header_font_size=&#8221;42px&#8221; header_line_height=&#8221;1.1em&#8221; header_2_text_color=&#8221;#FFFFFF&#8221; header_2_font_size=&#8221;35px&#8221; header_2_line_height=&#8221;1.2em&#8221; custom_margin=&#8221;20px||20px||false|false&#8221; custom_margin_tablet=&#8221;20px||30px||false|false&#8221; custom_margin_phone=&#8221;20px||0px||false|false&#8221; custom_margin_last_edited=&#8221;on|phone&#8221; custom_padding=&#8221;||2px|30px|false|false&#8221; animation_style=&#8221;slide&#8221; animation_direction=&#8221;top&#8221; header_font_tablet=&#8221;&#8221; header_font_phone=&#8221;&#8221; header_font_last_edited=&#8221;on|tablet&#8221; header_font_size_tablet=&#8221;55px&#8221; header_font_size_phone=&#8221;35px&#8221; header_font_size_last_edited=&#8221;on|phone&#8221; global_colors_info=&#8221;{}&#8221;]<\/p>\n<h2><strong>Retos Comunes<\/strong><\/h2>\n<p>[\/et_pb_text][et_pb_text content_tablet=&#8221;<\/p>\n<div class=%22et_pb_text_inner%22>\n<div data-shortcode-id=%222.0.0.0-1708461992253%22 data-quickaccess-editable=%22yes%22 class=%22et-fb-popover-tinymce%22>\n<div class=%22mce-content-body%22 contenteditable=%22true%22 style=%22position: relative;%22>\n<p><strong>Dolor de cabeza de la documentaci\u00f3n:<\/strong> La entrada manual de datos en varios sistemas aumenta el riesgo de errores y retrasos en el despacho de aduanas.<\/p>\n<p><strong>Visibilidad limitada:<\/strong> Dificultad para rastrear el progreso de los env\u00edos e identificar posibles retenciones aduaneras.<\/p>\n<p><strong>Silos de comunicaci\u00f3n:<\/strong> La comunicaci\u00f3n ineficaz con transitarios, agentes aduaneros y funcionarios aduaneros puede generar frustraci\u00f3n y retrasos.<\/p>\n<p><strong>Riesgos de cumplimiento:<\/strong> La documentaci\u00f3n inconsistente puede dar lugar a sanciones e interrupciones.<\/p>\n<\/div>\n<\/div>\n<\/div>\n<div class=%22et-fb-mousetrap et-fb-mousetrap--module et-fb-mousetrap-pointer%22 style=%22background: 0px center; pointer-events: auto;%22><\/div>\n<p>&#8221; content_phone=&#8221;<\/p>\n<div class=%22et_pb_text_inner%22>\n<div data-shortcode-id=%222.0.0.0-1708461992253%22 data-quickaccess-editable=%22yes%22 class=%22et-fb-popover-tinymce%22>\n<div class=%22mce-content-body%22 contenteditable=%22true%22 style=%22position: relative;%22>\n<p><strong>Dolor de cabeza de la documentaci\u00f3n:<\/strong> La entrada manual de datos en varios sistemas aumenta el riesgo de errores y retrasos en el despacho de aduanas.<\/p>\n<p><strong>Visibilidad limitada:<\/strong> Dificultad para rastrear el progreso de los env\u00edos e identificar posibles retenciones aduaneras.<\/p>\n<p><strong>Silos de comunicaci\u00f3n:<\/strong> La comunicaci\u00f3n ineficaz con transitarios, agentes aduaneros y funcionarios aduaneros puede generar frustraci\u00f3n y retrasos.<\/p>\n<p><strong>Riesgos de cumplimiento:<\/strong> La documentaci\u00f3n inconsistente puede dar lugar a sanciones e interrupciones.<\/p>\n<\/div>\n<\/div>\n<\/div>\n<div class=%22et-fb-mousetrap et-fb-mousetrap--module et-fb-mousetrap-pointer%22 style=%22background: 0px center; pointer-events: auto;%22><\/div>\n<p>&#8221; content_last_edited=&#8221;on|phone&#8221; _builder_version=&#8221;4.24.2&#8243; _module_preset=&#8221;04cfc626-11d7-482d-8112-18c6161b94fa&#8221; text_text_color=&#8221;#FFFFFF&#8221; text_font_size=&#8221;18px&#8221; custom_padding=&#8221;20px|30px|20px|30px|false|false&#8221; animation_style=&#8221;slide&#8221; animation_direction=&#8221;top&#8221; text_font_size_tablet=&#8221;&#8221; text_font_size_phone=&#8221;&#8221; text_font_size_last_edited=&#8221;on|phone&#8221; global_colors_info=&#8221;{}&#8221;]<\/p>\n<p><strong>Dolor de cabeza de la documentaci\u00f3n:<\/strong> La entrada manual de datos en varios sistemas aumenta el riesgo de errores y retrasos en el despacho de aduanas.<\/p>\n<p><strong>Visibilidad limitada:<\/strong> Dificultad para rastrear el progreso de los env\u00edos e identificar posibles retenciones aduaneras.<\/p>\n<p><strong>Silos de comunicaci\u00f3n:<\/strong> La comunicaci\u00f3n ineficaz con transitarios, agentes aduaneros y funcionarios aduaneros puede generar frustraci\u00f3n y retrasos.<\/p>\n<p><strong>Riesgos de cumplimiento:<\/strong> La documentaci\u00f3n inconsistente puede dar lugar a sanciones e interrupciones.<\/p>\n<p>[\/et_pb_text][\/et_pb_column][et_pb_column type=&#8221;1_2&#8243; _builder_version=&#8221;4.23.3&#8243; _module_preset=&#8221;default&#8221; global_colors_info=&#8221;{}&#8221;][et_pb_text content_tablet=&#8221;<\/p>\n<h2>La Soluci\u00f3n Optimizada<\/h2>\n<\/p>\n<p>&#8221; content_phone=&#8221;<\/p>\n<h2>La Soluci\u00f3n<br \/>Optimizada<\/h2>\n<\/p>\n<p>&#8221; content_last_edited=&#8221;on|tablet&#8221; _builder_version=&#8221;4.24.2&#8243; _module_preset=&#8221;04cfc626-11d7-482d-8112-18c6161b94fa&#8221; header_font=&#8221;Poppins|700|||||||&#8221; header_text_color=&#8221;#1d3e69&#8243; header_font_size=&#8221;42px&#8221; header_line_height=&#8221;1.1em&#8221; header_2_text_color=&#8221;#FFFFFF&#8221; header_2_font_size=&#8221;35px&#8221; header_2_line_height=&#8221;1.2em&#8221; custom_margin=&#8221;20px||20px||false|false&#8221; custom_margin_tablet=&#8221;20px||30px||false|false&#8221; custom_margin_phone=&#8221;20px||0px||false|false&#8221; custom_margin_last_edited=&#8221;on|phone&#8221; custom_padding=&#8221;||2px|0px|false|false&#8221; custom_padding_tablet=&#8221;|||30px|false|false&#8221; custom_padding_phone=&#8221;||2px|30px|false|false&#8221; custom_padding_last_edited=&#8221;on|phone&#8221; animation_style=&#8221;slide&#8221; animation_direction=&#8221;top&#8221; header_font_tablet=&#8221;&#8221; header_font_phone=&#8221;&#8221; header_font_last_edited=&#8221;on|tablet&#8221; header_font_size_tablet=&#8221;55px&#8221; header_font_size_phone=&#8221;35px&#8221; header_font_size_last_edited=&#8221;on|phone&#8221; global_colors_info=&#8221;{}&#8221;]<\/p>\n<h2>La Soluci\u00f3n Optimizada<\/h2>\n<p>[\/et_pb_text][et_pb_text content_tablet=&#8221;<\/p>\n<p><span style=%22color: #ffffff;%22>Quloi cierra la brecha entre tus sistemas existentes y tu agente aduanal seleccionado, proporcionando:<\/span><\/p>\n<p><span style=%22color: #ffffff;%22><strong>Documentaci\u00f3n centralizada:<\/strong> Carga, almacena y comparte todos los documentos de env\u00edo de forma segura en una ubicaci\u00f3n central, electr\u00f3nicamente en un lugar seguro.<br \/><\/span><br \/><span style=%22color: #ffffff;%22><strong>Seguimiento y visibilidad en tiempo real:<\/strong> Monitorea el progreso de tus env\u00edos a lo largo de todo el proceso de despacho de aduana.<br \/><\/span><br \/><span style=%22color: #ffffff;%22><strong>Flujos de trabajo automatizados:<\/strong> Elimina tareas repetitivas y asegura una documentaci\u00f3n consistente y sin errores.<\/span><br \/><span style=%22color: #ffffff;%22>Cumplimiento simplificado: Mantente informado de los cambios en las regulaciones y evita costosos problemas de cumplimiento.<\/span><\/p>\n<ul><\/ul>\n<ul><\/ul>\n<p>&#8221; content_phone=&#8221;<\/p>\n<p><span style=%22color: #ffffff;%22>Quloi cierra la brecha entre tus sistemas existentes y tu agente aduanal seleccionado, proporcionando:<\/span><\/p>\n<p><span style=%22color: #ffffff;%22><strong>Documentaci\u00f3n centralizada:<\/strong> Carga, almacena y comparte todos los documentos de env\u00edo de forma segura en una ubicaci\u00f3n central, electr\u00f3nicamente en un lugar seguro.<br \/><\/span><br \/><span style=%22color: #ffffff;%22><strong>Seguimiento y visibilidad en tiempo real:<\/strong> Monitorea el progreso de tus env\u00edos a lo largo de todo el proceso de despacho de aduana.<br \/><\/span><br \/><span style=%22color: #ffffff;%22><strong>Flujos de trabajo automatizados:<\/strong> Elimina tareas repetitivas y asegura una documentaci\u00f3n consistente y sin errores.<\/span><br \/><span style=%22color: #ffffff;%22>Cumplimiento simplificado: Mantente informado de los cambios en las regulaciones y evita costosos problemas de cumplimiento.<\/span><\/p>\n<ul><\/ul>\n<p>&#8221; content_last_edited=&#8221;on|phone&#8221; _builder_version=&#8221;4.24.2&#8243; _module_preset=&#8221;04cfc626-11d7-482d-8112-18c6161b94fa&#8221; text_text_color=&#8221;#424242&#8243; text_font_size=&#8221;18px&#8221; custom_margin=&#8221;40px|25px|0px||false|false&#8221; custom_padding_tablet=&#8221;|||30px|false|false&#8221; custom_padding_phone=&#8221;|||30px|false|false&#8221; custom_padding_last_edited=&#8221;on|tablet&#8221; animation_style=&#8221;slide&#8221; animation_direction=&#8221;top&#8221; text_font_size_tablet=&#8221;&#8221; text_font_size_phone=&#8221;&#8221; text_font_size_last_edited=&#8221;on|phone&#8221; global_colors_info=&#8221;{}&#8221;]<\/p>\n<p><span style=\"color: #ffffff;\">Quloi cierra la brecha entre tus sistemas existentes y tu agente aduanal seleccionado, proporcionando:<\/span><\/p>\n<p><span style=\"color: #ffffff;\"><strong>Documentaci\u00f3n centralizada:<\/strong> Carga, almacena y comparte todos los documentos de env\u00edo de forma segura en una ubicaci\u00f3n central, electr\u00f3nicamente en un lugar seguro.<br \/><\/span><br \/><span style=\"color: #ffffff;\"><strong>Seguimiento y visibilidad en tiempo real:<\/strong> Monitorea el progreso de tus env\u00edos a lo largo de todo el proceso de despacho de aduana.<br \/><\/span><br \/><span style=\"color: #ffffff;\"><strong>Flujos de trabajo automatizados:<\/strong> Elimina tareas repetitivas y asegura una documentaci\u00f3n consistente y sin errores.<\/span><br \/><span style=\"color: #ffffff;\">Cumplimiento simplificado: Mantente informado de los cambios en las regulaciones y evita costosos problemas de cumplimiento.<\/span><\/p>\n<ul><\/ul>\n<p>[\/et_pb_text][\/et_pb_column][\/et_pb_row][\/et_pb_section][et_pb_section fb_built=&#8221;1&#8243; _builder_version=&#8221;4.23.3&#8243; _module_preset=&#8221;ce48babb-c12b-4acc-aed1-82677c304d71&#8243; custom_margin=&#8221;0px||||false|false&#8221; custom_padding=&#8221;0px||||false|false&#8221; global_colors_info=&#8221;{}&#8221;][et_pb_row column_structure=&#8221;1_2,1_2&#8243; _builder_version=&#8221;4.24.2&#8243; _module_preset=&#8221;default&#8221; max_width=&#8221;80%&#8221; custom_margin=&#8221;-10px||||false|false&#8221; global_colors_info=&#8221;{}&#8221;][et_pb_column type=&#8221;1_2&#8243; _builder_version=&#8221;4.23.3&#8243; _module_preset=&#8221;default&#8221; global_colors_info=&#8221;{}&#8221;][et_pb_text content_tablet=&#8221;<\/p>\n<p><span style=%22font-size: x-large; color: #08192d;%22><strong>Quloi cierra la brecha entre tus sistemas existentes y tu agente aduanal seleccionado, proporcionando:<\/strong><\/span><\/p>\n<p><strong><span style=%22color: #006cfe;%22>Documentaci\u00f3n Centralizada:<\/span><\/strong> Carga, almacena y comparte todos los documentos de env\u00edo de forma segura en una ubicaci\u00f3n central, electr\u00f3nicamente en un lugar seguro.<\/p>\n<p><span style=%22color: #006cfe;%22><strong>Seguimiento y Visibilidad en Tiempo Real:<\/strong><\/span> Monitorea el progreso de tus env\u00edos a lo largo de todo el proceso de despacho de aduana.<\/p>\n<p><span style=%22color: #006cfe;%22><strong>Flujos de Trabajo Automatizados:<\/strong><\/span> Elimina tareas repetitivas y asegura una documentaci\u00f3n consistente y sin errores.<br \/>Cumplimiento Simplificado: Mantente informado de los cambios en las regulaciones y evita costosos problemas de cumplimiento.<\/p>\n<\/p>\n<p><span style=%22color: #08192d; font-size: x-large;%22><strong>Descarga este Caso de Uso que Ofrece Estrategias Probadas para:<br \/><\/strong><\/span><\/p>\n<\/p>\n<p><span style=%22color: #006cfe;%22><strong>Integraci\u00f3n Sin Esfuerzo:<\/strong> <\/span>Aprende c\u00f3mo conectar sin problemas Quloi con tus sistemas existentes y tu agente aduanal seleccionado.<\/p>\n<p><strong><span style=%22color: #006cfe;%22>Gesti\u00f3n de Documentaci\u00f3n Optimizada:<\/span><\/strong> Aprende las mejores pr\u00e1cticas para gestionar eficientemente los documentos aduaneros de forma electr\u00f3nica.<\/p>\n<p><strong><span style=%22color: #006cfe;%22>Colaboraci\u00f3n Mejorada:<\/span><\/strong> Descubre estrategias efectivas para comunicarte sin problemas con todas las partes interesadas.<br \/>Estrategias de Flujo de Trabajo Automatizado: Descubre formas de automatizar tareas repetitivas e impulsar la eficiencia.<\/p>\n<p>Di adi\u00f3s a los dolores de cabeza de la documentaci\u00f3n y acelera tus env\u00edos. Obt\u00e9n control total y visibilidad en tiempo real de tu comercio global.<\/p>\n<ul><\/ul>\n<p>&#8221; content_phone=&#8221;<\/p>\n<p><span style=%22font-size: x-large; color: #08192d;%22><strong>Quloi cierra la brecha entre tus sistemas existentes y tu agente aduanal seleccionado, proporcionando:<\/strong><\/span><\/p>\n<p><strong><span style=%22color: #006cfe;%22>Documentaci\u00f3n Centralizada:<\/span><\/strong> Carga, almacena y comparte todos los documentos de env\u00edo de forma segura en una ubicaci\u00f3n central, electr\u00f3nicamente en un lugar seguro.<\/p>\n<p><span style=%22color: #006cfe;%22><strong>Seguimiento y Visibilidad en Tiempo Real:<\/strong><\/span> Monitorea el progreso de tus env\u00edos a lo largo de todo el proceso de despacho de aduana.<\/p>\n<p><span style=%22color: #006cfe;%22><strong>Flujos de Trabajo Automatizados:<\/strong><\/span> Elimina tareas repetitivas y asegura una documentaci\u00f3n consistente y sin errores.<br \/>Cumplimiento Simplificado: Mantente informado de los cambios en las regulaciones y evita costosos problemas de cumplimiento.<\/p>\n<\/p>\n<p><span style=%22color: #08192d; font-size: x-large;%22><strong>Descarga este Caso de Uso que Ofrece Estrategias Probadas para:<br \/><\/strong><\/span><\/p>\n<\/p>\n<p><span style=%22color: #006cfe;%22><strong>Integraci\u00f3n Sin Esfuerzo:<\/strong> <\/span>Aprende c\u00f3mo conectar sin problemas Quloi con tus sistemas existentes y tu agente aduanal seleccionado.<\/p>\n<p><strong><span style=%22color: #006cfe;%22>Gesti\u00f3n de Documentaci\u00f3n Optimizada:<\/span><\/strong> Aprende las mejores pr\u00e1cticas para gestionar eficientemente los documentos aduaneros de forma electr\u00f3nica.<\/p>\n<p><strong><span style=%22color: #006cfe;%22>Colaboraci\u00f3n Mejorada:<\/span><\/strong> Descubre estrategias efectivas para comunicarte sin problemas con todas las partes interesadas.<br \/>Estrategias de Flujo de Trabajo Automatizado: Descubre formas de automatizar tareas repetitivas e impulsar la eficiencia.<\/p>\n<p>Di adi\u00f3s a los dolores de cabeza de la documentaci\u00f3n y acelera tus env\u00edos. Obt\u00e9n control total y visibilidad en tiempo real de tu comercio global.<\/p>\n<ul><\/ul>\n<p>&#8221; content_last_edited=&#8221;on|phone&#8221; _builder_version=&#8221;4.24.2&#8243; _module_preset=&#8221;04cfc626-11d7-482d-8112-18c6161b94fa&#8221; text_text_color=&#8221;#424242&#8243; text_font_size=&#8221;18px&#8221; custom_margin=&#8221;40px||0px||false|false&#8221; animation_style=&#8221;slide&#8221; animation_direction=&#8221;top&#8221; text_font_size_tablet=&#8221;&#8221; text_font_size_phone=&#8221;&#8221; text_font_size_last_edited=&#8221;on|phone&#8221; global_colors_info=&#8221;{}&#8221;]<\/p>\n<p><span style=\"font-size: x-large; color: #08192d;\"><strong>Quloi cierra la brecha entre tus sistemas existentes y tu agente aduanal seleccionado, proporcionando:<\/strong><\/span><\/p>\n<p><strong><span style=\"color: #006cfe;\">Documentaci\u00f3n Centralizada:<\/span><\/strong> Carga, almacena y comparte todos los documentos de env\u00edo de forma segura en una ubicaci\u00f3n central, electr\u00f3nicamente en un lugar seguro.<\/p>\n<p><span style=\"color: #006cfe;\"><strong>Seguimiento y Visibilidad en Tiempo Real:<\/strong><\/span> Monitorea el progreso de tus env\u00edos a lo largo de todo el proceso de despacho de aduana.<\/p>\n<p><span style=\"color: #006cfe;\"><strong>Flujos de Trabajo Automatizados:<\/strong><\/span> Elimina tareas repetitivas y asegura una documentaci\u00f3n consistente y sin errores.<br \/>Cumplimiento Simplificado: Mantente informado de los cambios en las regulaciones y evita costosos problemas de cumplimiento.<\/p>\n<p>&nbsp;<\/p>\n<p><span style=\"color: #08192d; font-size: x-large;\"><strong>Descarga este Caso de Uso que Ofrece Estrategias Probadas para:<br \/><\/strong><\/span><\/p>\n<p>&nbsp;<\/p>\n<p><span style=\"color: #006cfe;\"><strong>Integraci\u00f3n Sin Esfuerzo:<\/strong> <\/span>Aprende c\u00f3mo conectar sin problemas Quloi con tus sistemas existentes y tu agente aduanal seleccionado.<\/p>\n<p><strong><span style=\"color: #006cfe;\">Gesti\u00f3n de Documentaci\u00f3n Optimizada:<\/span><\/strong> Aprende las mejores pr\u00e1cticas para gestionar eficientemente los documentos aduaneros de forma electr\u00f3nica.<\/p>\n<p><strong><span style=\"color: #006cfe;\">Colaboraci\u00f3n Mejorada:<\/span><\/strong> Descubre estrategias efectivas para comunicarte sin problemas con todas las partes interesadas.<br \/>Estrategias de Flujo de Trabajo Automatizado: Descubre formas de automatizar tareas repetitivas e impulsar la eficiencia.<\/p>\n<p>Di adi\u00f3s a los dolores de cabeza de la documentaci\u00f3n y acelera tus env\u00edos. Obt\u00e9n control total y visibilidad en tiempo real de tu comercio global.<\/p>\n<ul><\/ul>\n<p>[\/et_pb_text][\/et_pb_column][et_pb_column type=&#8221;1_2&#8243; _builder_version=&#8221;4.23.3&#8243; _module_preset=&#8221;default&#8221; global_colors_info=&#8221;{}&#8221;][et_pb_code _builder_version=&#8221;4.24.2&#8243; _module_preset=&#8221;default&#8221; min_height=&#8221;552.8px&#8221; custom_margin=&#8221;-8px||||false|false&#8221; custom_padding=&#8221;1px||||false|false&#8221; global_colors_info=&#8221;{}&#8221;]<iframe aria-label='Integraci\u00f3n con Agentes Aduanales: Un Caso de Uso de Quloi' frameborder=\"0\" style=\"height:850px;width:99%;border:none;\" src='https:\/\/forms.zohopublic.in\/quloiportal712\/form\/IntegracinconAgentesAduanalesUnCasodeUsodeQuloi\/formperma\/64KshUAyJY_T1tA7_uVeNM4_UzmIsjrj9yu6DZ2ghk8'><\/iframe>[\/et_pb_code][\/et_pb_column][\/et_pb_row][\/et_pb_section]<\/p>\n","protected":false},"excerpt":{"rendered":"<p>Agiliza tu Proceso de Env\u00edo y Despacho Aduanerocon QuloiDescarga el Caso de Uso Gratuito deIntegraci\u00f3n con Agentes AduanerosRetos ComunesDolor de cabeza de la documentaci\u00f3n: La entrada manual de datos en varios sistemas aumenta el riesgo de errores y retrasos en el despacho de aduanas. Visibilidad limitada: Dificultad para rastrear el progreso de los env\u00edos e [&hellip;]<\/p>\n","protected":false},"author":2,"featured_media":0,"parent":2549,"menu_order":0,"comment_status":"closed","ping_status":"closed","template":"","meta":{"_et_pb_use_builder":"on","_et_pb_old_content":"","_et_gb_content_width":""},"_links":{"self":[{"href":"https:\/\/quloi.com\/mx\/wp-json\/wp\/v2\/pages\/6694"}],"collection":[{"href":"https:\/\/quloi.com\/mx\/wp-json\/wp\/v2\/pages"}],"about":[{"href":"https:\/\/quloi.com\/mx\/wp-json\/wp\/v2\/types\/page"}],"author":[{"embeddable":true,"href":"https:\/\/quloi.com\/mx\/wp-json\/wp\/v2\/users\/2"}],"replies":[{"embeddable":true,"href":"https:\/\/quloi.com\/mx\/wp-json\/wp\/v2\/comments?post=6694"}],"version-history":[{"count":15,"href":"https:\/\/quloi.com\/mx\/wp-json\/wp\/v2\/pages\/6694\/revisions"}],"predecessor-version":[{"id":6719,"href":"https:\/\/quloi.com\/mx\/wp-json\/wp\/v2\/pages\/6694\/revisions\/6719"}],"up":[{"embeddable":true,"href":"https:\/\/quloi.com\/mx\/wp-json\/wp\/v2\/pages\/2549"}],"wp:attachment":[{"href":"https:\/\/quloi.com\/mx\/wp-json\/wp\/v2\/media?parent=6694"}],"curies":[{"name":"wp","href":"https:\/\/api.w.org\/{rel}","templated":true}]}}