{"id":6720,"date":"2024-11-22T22:08:49","date_gmt":"2024-11-22T22:08:49","guid":{"rendered":"https:\/\/quloi.com\/mx\/?page_id=6720"},"modified":"2024-11-22T23:01:57","modified_gmt":"2024-11-22T23:01:57","slug":"soluciones-de-cadena-de-suministro-textil-para-mayor-eficiencia","status":"publish","type":"page","link":"https:\/\/quloi.com\/mx\/recursos\/whitepaper\/soluciones-de-cadena-de-suministro-textil-para-mayor-eficiencia\/","title":{"rendered":"Soluciones de Cadena de Suministro Textil para Mayor Eficiencia &#8211; Quloi"},"content":{"rendered":"<p>[et_pb_section fb_built=&#8221;1&#8243; _builder_version=&#8221;4.24.2&#8243; _module_preset=&#8221;57349b42-a59c-4b92-af30-ae3fd2a5d8b5&#8243; background_color=&#8221;#007dfe&#8221; global_colors_info=&#8221;{}&#8221;][et_pb_row _builder_version=&#8221;4.20.4&#8243; _module_preset=&#8221;default&#8221; background_enable_color=&#8221;off&#8221; width=&#8221;100%&#8221; global_colors_info=&#8221;{}&#8221;][et_pb_column type=&#8221;4_4&#8243; _builder_version=&#8221;4.20.4&#8243; _module_preset=&#8221;default&#8221; global_colors_info=&#8221;{}&#8221;][et_pb_text _builder_version=&#8221;4.24.2&#8243; _module_preset=&#8221;5725b32c-dc00-46fb-8796-eef5a6b39f7d&#8221; header_font=&#8221;|700|||||||&#8221; header_text_color=&#8221;#FFFFFF&#8221; header_font_size=&#8221;45px&#8221; header_line_height=&#8221;1.2em&#8221; custom_padding=&#8221;20px|20px|20px|20px|false|false&#8221; global_colors_info=&#8221;{}&#8221;]<\/p>\n<h1 style=\"text-align: center;\">Soluciones de Cadena de Suministro Textil para Mayor Eficiencia<\/h1>\n<p>[\/et_pb_text][\/et_pb_column][\/et_pb_row][\/et_pb_section][et_pb_section fb_built=&#8221;1&#8243; _builder_version=&#8221;4.24.2&#8243; _module_preset=&#8221;57349b42-a59c-4b92-af30-ae3fd2a5d8b5&#8243; custom_padding=&#8221;0vh||0vh||true|false&#8221; global_colors_info=&#8221;{}&#8221;][et_pb_row column_structure=&#8221;1_2,1_2&#8243; _builder_version=&#8221;4.24.2&#8243; _module_preset=&#8221;default&#8221; max_width=&#8221;80%&#8221; global_colors_info=&#8221;{}&#8221;][et_pb_column type=&#8221;1_2&#8243; _builder_version=&#8221;4.24.2&#8243; _module_preset=&#8221;default&#8221; global_colors_info=&#8221;{}&#8221;][et_pb_text _builder_version=&#8221;4.24.2&#8243; _module_preset=&#8221;5725b32c-dc00-46fb-8796-eef5a6b39f7d&#8221; header_2_font_size=&#8221;45px&#8221; custom_margin=&#8221;50px||0px||false|false&#8221; global_colors_info=&#8221;{}&#8221;]<\/p>\n<h2>Alcance<\/h2>\n<p>[\/et_pb_text][et_pb_text _builder_version=&#8221;4.24.2&#8243; _module_preset=&#8221;5725b32c-dc00-46fb-8796-eef5a6b39f7d&#8221; custom_margin=&#8221;10px||0px||false|false&#8221; global_colors_info=&#8221;{}&#8221;]<\/p>\n<p>La industria textil y de la confecci\u00f3n es una de las m\u00e1s antiguas y globalizadas del mundo.<br \/>Desde principios de la d\u00e9cada de 1990, la industria ha confiado cada vez m\u00e1s en la subcontrataci\u00f3n a mercados laborales de bajo costo.<\/p>\n<p>Este cambio estrat\u00e9gico ha sido impulsado por las principales marcas que buscan aprovechar las ventajas de costo de la producci\u00f3n en regiones con menores gastos laborales.<\/p>\n<p>Si bien este enfoque permite a las marcas acceder a productos de alta calidad a costos reducidos, mejorando su posici\u00f3n competitiva, tambi\u00e9n introduce una serie de riesgos significativos.<\/p>\n<p>Estos riesgos socavan colectivamente la sostenibilidad de la cadena de suministro, planteando desaf\u00edos considerables para las marcas que buscan equilibrar la eficiencia de costos con las responsabilidades \u00e9ticas y ambientales.<\/p>\n<p>Este documento t\u00e9cnico se centra en los principales desaf\u00edos a los que se enfrentan los fabricantes textiles, la necesidad de sostenibilidad, el papel dominante de la industria de la moda en la trazabilidad y c\u00f3mo una plataforma de visibilidad y colaboraci\u00f3n de la cadena de suministro puede ayudar a construir una cadena de suministro textil del futuro.<\/p>\n<p>[\/et_pb_text][\/et_pb_column][et_pb_column type=&#8221;1_2&#8243; _builder_version=&#8221;4.24.2&#8243; _module_preset=&#8221;default&#8221; global_colors_info=&#8221;{}&#8221;][et_pb_text _builder_version=&#8221;4.24.2&#8243; _module_preset=&#8221;5725b32c-dc00-46fb-8796-eef5a6b39f7d&#8221; background_color=&#8221;#1d3e69&#8243; custom_margin=&#8221;70px||0px||false|false&#8221; custom_padding=&#8221;25px|25px|25px|25px|false|false&#8221; global_colors_info=&#8221;{}&#8221;]<\/p>\n<p><span style=\"color: #ffffff;\">Las empresas textiles enfrentan p\u00e9rdidas que alcanzan el <a href=\"https:\/\/www.researchgate.net\/publication\/325899719_Blockchain_Framework_for_Textile_Supply_Chain_Management\" target=\"_blank\" rel=\"noopener\">40%<\/a> del valor final del producto sin trazabilidad.<\/span><br \/><span style=\"color: #ffffff;\">Los productores de fibra, las hilander\u00edas y los fabricantes de telas generan entre 1.5 y 1.9 mil millones de libras de nueva fibra y tela de desecho anualmente.<br \/><\/span><br \/><span style=\"color: #ffffff;\">La lira turca se ha depreciado significativamente, perdiendo el <a href=\"https:\/\/www.textiletoday.com.bd\/a-comprehensive-analysis-of-turkish-textile-and-apparel-industry\" target=\"_blank\" rel=\"noopener\">35%<\/a> de su valor frente al d\u00f3lar solo en 2023, lo que exacerba los desaf\u00edos de costos en la industria textil.<br \/><\/span><br \/><span style=\"color: #ffffff;\">Los m\u00e9todos de cosecha e hilado impactan significativamente los costos de producci\u00f3n de la seda, representando alrededor del <a href=\"https:\/\/www.preyece.com\/how-much-does-silk-cost\/\" target=\"_blank\" rel=\"noopener\">80%<\/a> del precio final.<br \/><\/span><br \/><span style=\"color: #ffffff;\">El algod\u00f3n, un cultivo intensivo en pesticidas, le cuesta a su guardarropa m\u00e1s de lo que cree. La producci\u00f3n de algod\u00f3n consume el 16% de todos los insecticidas y el 7% de los herbicidas a nivel mundial.<\/span><\/p>\n<p>[\/et_pb_text][\/et_pb_column][\/et_pb_row][et_pb_row column_structure=&#8221;1_2,1_2&#8243; _builder_version=&#8221;4.24.2&#8243; _module_preset=&#8221;default&#8221; max_width=&#8221;90%&#8221; hover_enabled=&#8221;0&#8243; global_colors_info=&#8221;{}&#8221; width_last_edited=&#8221;on|phone&#8221; width_phone=&#8221;95%&#8221; sticky_enabled=&#8221;0&#8243;][et_pb_column type=&#8221;1_2&#8243; _builder_version=&#8221;4.24.2&#8243; _module_preset=&#8221;default&#8221; global_colors_info=&#8221;{}&#8221;][et_pb_text _builder_version=&#8221;4.24.2&#8243; _module_preset=&#8221;5725b32c-dc00-46fb-8796-eef5a6b39f7d&#8221; custom_margin=&#8221;10px||0px||false|false&#8221; global_colors_info=&#8221;{}&#8221;]<\/p>\n<p data-sourcepos=\"1:1-1:563\">El principal desaf\u00edo es configurar la tecnolog\u00eda para que agricultores, trabajadores del campo y otros recopilen y almacenen datos en una plataforma centralizada para facilitar el acceso y la toma de decisiones informadas. Lograr esto requiere adoptar soluciones de cadena de suministro que ayuden a abordar estas necesidades cr\u00edticas y permitan a los fabricantes textiles tomar el control de sus cadenas de suministro a trav\u00e9s de una mayor eficiencia operativa, una mayor visibilidad, una gesti\u00f3n efectiva de las \u00f3rdenes de compra y una reducci\u00f3n de los riesgos.<\/p>\n<p data-sourcepos=\"3:1-3:97\">Las soluciones de cadena de suministro textil van m\u00e1s all\u00e1 de la trazabilidad y la transparencia.<\/p>\n<p data-sourcepos=\"5:1-5:211\">Profundice en nuestro libro blanco para aprender c\u00f3mo las soluciones de cadena de suministro influyen en el desempe\u00f1o de la cadena de suministro y ayudan a los fabricantes textiles a lograr una mayor eficiencia.<\/p>\n<p data-sourcepos=\"7:1-7:127\">Descargue nuestro libro blanco para abordar los desaf\u00edos de la cadena de suministro y optimizar la cadena de suministro textil.<\/p>\n<p>[\/et_pb_text][\/et_pb_column][et_pb_column type=&#8221;1_2&#8243; _builder_version=&#8221;4.24.2&#8243; _module_preset=&#8221;default&#8221; global_colors_info=&#8221;{}&#8221;][et_pb_code _builder_version=&#8221;4.24.2&#8243; _module_preset=&#8221;default&#8221; global_colors_info=&#8221;{}&#8221;]<iframe aria-label='Soluciones de Cadena de Suministro Textil para Mayor Eficiencia ' frameborder=\"0\" style=\"height:850px;width:99%;border:none;\" src='https:\/\/forms.zohopublic.in\/quloiportal712\/form\/SolucionesdeCadenadeSuministroTextilparaMayorEfici\/formperma\/IV06Yvdq6I5Oytd35yW2pxWVbb0U2SVsqY-oO2DLBI0'><\/iframe>[\/et_pb_code][\/et_pb_column][\/et_pb_row][\/et_pb_section]<\/p>\n","protected":false},"excerpt":{"rendered":"<p>Soluciones de Cadena de Suministro Textil para Mayor EficienciaAlcanceLa industria textil y de la confecci\u00f3n es una de las m\u00e1s antiguas y globalizadas del mundo.Desde principios de la d\u00e9cada de 1990, la industria ha confiado cada vez m\u00e1s en la subcontrataci\u00f3n a mercados laborales de bajo costo. Este cambio estrat\u00e9gico ha sido impulsado por las [&hellip;]<\/p>\n","protected":false},"author":2,"featured_media":0,"parent":2422,"menu_order":0,"comment_status":"closed","ping_status":"closed","template":"","meta":{"_et_pb_use_builder":"on","_et_pb_old_content":"","_et_gb_content_width":""},"_links":{"self":[{"href":"https:\/\/quloi.com\/mx\/wp-json\/wp\/v2\/pages\/6720"}],"collection":[{"href":"https:\/\/quloi.com\/mx\/wp-json\/wp\/v2\/pages"}],"about":[{"href":"https:\/\/quloi.com\/mx\/wp-json\/wp\/v2\/types\/page"}],"author":[{"embeddable":true,"href":"https:\/\/quloi.com\/mx\/wp-json\/wp\/v2\/users\/2"}],"replies":[{"embeddable":true,"href":"https:\/\/quloi.com\/mx\/wp-json\/wp\/v2\/comments?post=6720"}],"version-history":[{"count":9,"href":"https:\/\/quloi.com\/mx\/wp-json\/wp\/v2\/pages\/6720\/revisions"}],"predecessor-version":[{"id":6736,"href":"https:\/\/quloi.com\/mx\/wp-json\/wp\/v2\/pages\/6720\/revisions\/6736"}],"up":[{"embeddable":true,"href":"https:\/\/quloi.com\/mx\/wp-json\/wp\/v2\/pages\/2422"}],"wp:attachment":[{"href":"https:\/\/quloi.com\/mx\/wp-json\/wp\/v2\/media?parent=6720"}],"curies":[{"name":"wp","href":"https:\/\/api.w.org\/{rel}","templated":true}]}}