{"id":6773,"date":"2024-12-11T16:53:14","date_gmt":"2024-12-11T16:53:14","guid":{"rendered":"https:\/\/quloi.com\/mx\/?page_id=6773"},"modified":"2024-12-16T20:42:34","modified_gmt":"2024-12-16T20:42:34","slug":"optimizando-la-detencion-y-demora-para-reducir-costos","status":"publish","type":"page","link":"https:\/\/quloi.com\/mx\/recursos\/casos-de-uso\/optimizando-la-detencion-y-demora-para-reducir-costos\/","title":{"rendered":"Optimizando la Detenci\u00f3n y Demora para Reducir Costos"},"content":{"rendered":"<p>[et_pb_section fb_built=&#8221;1&#8243; admin_label=&#8221;Hero&#8221; _builder_version=&#8221;4.24.2&#8243; _module_preset=&#8221;dc2d43a7-8ea6-405c-b5a2-107d463273b5&#8243; background_color=&#8221;#00193d&#8221; background_color_gradient_direction=&#8221;271deg&#8221; background_enable_image=&#8221;off&#8221; min_height=&#8221;64px&#8221; custom_padding=&#8221;66px|0px|100px|0px||&#8221; locked=&#8221;off&#8221; global_colors_info=&#8221;{}&#8221;][et_pb_row column_structure=&#8221;1_2,1_2&#8243; make_equal=&#8221;on&#8221; _builder_version=&#8221;4.24.2&#8243; _module_preset=&#8221;default&#8221; background_size=&#8221;initial&#8221; background_position=&#8221;top_left&#8221; background_repeat=&#8221;repeat&#8221; width=&#8221;92%&#8221; max_width=&#8221;1271px&#8221; custom_margin=&#8221;|auto|-22px|auto||&#8221; custom_padding=&#8221;|||&#8221; global_colors_info=&#8221;{}&#8221;][et_pb_column type=&#8221;1_2&#8243; _builder_version=&#8221;4.16&#8243; _module_preset=&#8221;default&#8221; custom_padding=&#8221;|||&#8221; custom_padding_tablet=&#8221;20px|10%|0px|10%&#8221; custom_padding_last_edited=&#8221;off|desktop&#8221; global_colors_info=&#8221;{}&#8221; padding_tablet=&#8221;20px|10%|0px|10%&#8221; padding_last_edited=&#8221;off|desktop&#8221; custom_padding__hover=&#8221;|||&#8221;][et_pb_text content_tablet=&#8221;<\/p>\n<p><span style=%22color: #efefef;%22>CASO DE USO<\/span><\/p>\n<p>&#8221; content_phone=&#8221;<\/p>\n<p><span style=%22color: #efefef;%22>CASO DE USO<\/span><\/p>\n<p>&#8221; content_last_edited=&#8221;on|phone&#8221; _builder_version=&#8221;4.24.2&#8243; _module_preset=&#8221;b12f86d7-5fda-4287-a1ec-380b228c0000&#8243; text_letter_spacing=&#8221;-1px&#8221; custom_margin=&#8221;49px||12px||false|false&#8221; custom_padding=&#8221;|20px||20px|false|false&#8221; global_colors_info=&#8221;{}&#8221;]<\/p>\n<p><span style=\"color: #efefef;\">CASO DE USO<\/span><\/p>\n<p>[\/et_pb_text][et_pb_text content_tablet=&#8221;<\/p>\n<h1>Caso de Uso: Optimizaci\u00f3n de la Detenci\u00f3n y Demora<\/h1>\n<p>&#8221; content_phone=&#8221;<\/p>\n<h1>Caso de Uso: Optimizaci\u00f3n de la Detenci\u00f3n y Demora<\/h1>\n<p>&#8221; content_last_edited=&#8221;on|phone&#8221; _builder_version=&#8221;4.24.2&#8243; _module_preset=&#8221;c9b2c4ae-5099-4db3-b99d-45cb2190e619&#8243; text_font=&#8221;||||||||&#8221; header_font=&#8221;Poppins|500|||||||&#8221; header_text_align=&#8221;left&#8221; header_font_size=&#8221;50px&#8221; header_letter_spacing=&#8221;-2px&#8221; header_line_height=&#8221;1.1em&#8221; header_2_text_align=&#8221;left&#8221; background_layout=&#8221;dark&#8221; width=&#8221;98%&#8221; custom_margin=&#8221;-7px||0px||false|false&#8221; custom_padding=&#8221;|20px||20px|false|false&#8221; animation_direction=&#8221;top&#8221; header_font_size_tablet=&#8221;48px&#8221; header_font_size_phone=&#8221;38px&#8221; header_font_size_last_edited=&#8221;on|phone&#8221; global_colors_info=&#8221;{}&#8221;]<\/p>\n<h1>Caso de Uso: Optimizaci\u00f3n de la Detenci\u00f3n y Demora<\/h1>\n<p>[\/et_pb_text][et_pb_text content_tablet=&#8221;<\/p>\n<p>Quloi, con su visibilidad en tiempo real y documentaci\u00f3n centralizada, proporciona a los embarcadores la precisi\u00f3n sin igual necesaria para mitigar los cargos por detenci\u00f3n y demora, y garantizar el transporte sin problemas de su carga.<br \/>Al proporcionar seguimiento en tiempo real, Quloi empodera a los embarcadores a navegar por el panorama log\u00edstico con confianza, fomentando la eficiencia de costos en el movimiento de mercanc\u00edas.<\/p>\n<p>&#8221; content_phone=&#8221;<\/p>\n<p style=%22text-align: justify;%22>Quloi, con su visibilidad en tiempo real y documentaci\u00f3n centralizada, proporciona a los embarcadores la precisi\u00f3n sin igual necesaria para mitigar los cargos por detenci\u00f3n y demora, y garantizar el transporte sin problemas de su carga.<br \/>Al proporcionar seguimiento en tiempo real, Quloi empodera a los embarcadores a navegar por el panorama log\u00edstico con confianza, fomentando la eficiencia de costos en el movimiento de mercanc\u00edas.<\/p>\n<p>&#8221; content_last_edited=&#8221;on|phone&#8221; _builder_version=&#8221;4.24.2&#8243; _module_preset=&#8221;b12f86d7-5fda-4287-a1ec-380b228c0000&#8243; text_text_color=&#8221;#FFFFFF&#8221; text_font_size=&#8221;18px&#8221; text_letter_spacing=&#8221;-0.5px&#8221; text_line_height=&#8221;1.4em&#8221; width=&#8221;80%&#8221; custom_margin=&#8221;6px||0px||false|false&#8221; custom_padding=&#8221;|20px||20px|false|false&#8221; global_colors_info=&#8221;{}&#8221;]<\/p>\n<p>Quloi, con su visibilidad en tiempo real y documentaci\u00f3n centralizada, proporciona a los embarcadores la precisi\u00f3n sin igual necesaria para mitigar los cargos por detenci\u00f3n y demora, y garantizar el transporte sin problemas de su carga.<br \/>Al proporcionar seguimiento en tiempo real, Quloi empodera a los embarcadores a navegar por el panorama log\u00edstico con confianza, fomentando la eficiencia de costos en el movimiento de mercanc\u00edas.<\/p>\n<p>[\/et_pb_text][\/et_pb_column][et_pb_column type=&#8221;1_2&#8243; _builder_version=&#8221;4.16&#8243; _module_preset=&#8221;default&#8221; custom_padding=&#8221;|||&#8221; custom_padding_tablet=&#8221;20px|10%|0px|10%&#8221; custom_padding_last_edited=&#8221;off|desktop&#8221; global_colors_info=&#8221;{}&#8221; padding_tablet=&#8221;20px|10%|0px|10%&#8221; padding_last_edited=&#8221;off|desktop&#8221; custom_padding__hover=&#8221;|||&#8221;][et_pb_code module_id=&#8221;Form&#8221; _builder_version=&#8221;4.24.2&#8243; _module_preset=&#8221;default&#8221; min_height=&#8221;422.2px&#8221; custom_margin=&#8221;-7px||||false|false&#8221; custom_padding=&#8221;1px||||false|false&#8221; hover_enabled=&#8221;0&#8243; global_colors_info=&#8221;{}&#8221; sticky_enabled=&#8221;0&#8243;]<iframe aria-label='Optimizando la Detenci\u00f3n y Estad\u00eda para Reducir Costos - Caso de Uso' frameborder=\"0\" style=\"height:650px;width:99%;border-radius:8px;\" src='https:\/\/forms.zohopublic.in\/quloiportal712\/form\/OptimizandolaDetencinyEstadaparaReducirCostosCasod\/formperma\/7FNnQ-8MnwAB7QGLaIj11aS6KHBrq2XWCHGelCz2sUQ'><\/iframe>[\/et_pb_code][\/et_pb_column][\/et_pb_row][\/et_pb_section][et_pb_section fb_built=&#8221;1&#8243; _builder_version=&#8221;4.24.2&#8243; _module_preset=&#8221;dc2d43a7-8ea6-405c-b5a2-107d463273b5&#8243; custom_margin=&#8221;auto||||false|false&#8221; custom_padding=&#8221;0vh|0px|0vh||true|false&#8221; custom_padding_tablet=&#8221;0vh||0vh||true|false&#8221; locked=&#8221;off&#8221; global_colors_info=&#8221;{}&#8221;][et_pb_row column_structure=&#8221;1_2,1_2&#8243; _builder_version=&#8221;4.24.2&#8243; _module_preset=&#8221;default&#8221; background_color=&#8221;#00193d&#8221; width=&#8221;100%&#8221; max_width=&#8221;2560px&#8221; max_width_tablet=&#8221;&#8221; max_width_phone=&#8221;&#8221; max_width_last_edited=&#8221;on|tablet&#8221; height=&#8221;735px&#8221; height_tablet=&#8221;735px&#8221; height_phone=&#8221;735px&#8221; height_last_edited=&#8221;on|tablet&#8221; custom_margin=&#8221;-22px||76px||false|false&#8221; custom_margin_tablet=&#8221;auto||auto||false|false&#8221; custom_margin_phone=&#8221;auto||auto||false|false&#8221; custom_margin_last_edited=&#8221;on|tablet&#8221; global_colors_info=&#8221;{}&#8221;][et_pb_column type=&#8221;1_2&#8243; _builder_version=&#8221;4.24.2&#8243; _module_preset=&#8221;default&#8221; global_colors_info=&#8221;{}&#8221;][et_pb_image src=&#8221;https:\/\/quloi.com\/mx\/wp-content\/uploads\/sites\/2\/2024\/12\/Landing-page-image-2.png&#8221; alt=&#8221;Detention &#038; Demurrage Charges&#8221; align=&#8221;center&#8221; align_tablet=&#8221;center&#8221; align_phone=&#8221;center&#8221; align_last_edited=&#8221;on|tablet&#8221; _builder_version=&#8221;4.24.2&#8243; _module_preset=&#8221;default&#8221; transform_scale=&#8221;80%|80%&#8221; global_colors_info=&#8221;{}&#8221;][\/et_pb_image][\/et_pb_column][et_pb_column type=&#8221;1_2&#8243; _builder_version=&#8221;4.24.2&#8243; _module_preset=&#8221;default&#8221; global_colors_info=&#8221;{}&#8221;][et_pb_text content_tablet=&#8221;<\/p>\n<p>\u00bfComo te afectan la<br \/>Detenci\u00f3n y la Demora?<\/p>\n<p>&#8221; content_phone=&#8221;<\/p>\n<h2>\u00bfComo te afectan la<br \/>Detenci\u00f3n y la Demora?<\/h2>\n<p>&#8221; content_last_edited=&#8221;on|phone&#8221; _builder_version=&#8221;4.24.2&#8243; _module_preset=&#8221;c9b2c4ae-5099-4db3-b99d-45cb2190e619&#8243; text_font=&#8221;||||||||&#8221; text_line_height=&#8221;1.2em&#8221; header_font=&#8221;Poppins|500|||||||&#8221; header_text_align=&#8221;left&#8221; header_font_size=&#8221;50px&#8221; header_letter_spacing=&#8221;-2px&#8221; header_line_height=&#8221;1.1em&#8221; header_2_font=&#8221;Poppins|600|||||||&#8221; header_2_text_align=&#8221;left&#8221; header_2_font_size=&#8221;41px&#8221; header_2_line_height=&#8221;1.2em&#8221; background_layout=&#8221;dark&#8221; width=&#8221;87%&#8221; custom_margin=&#8221;131px||0px||false|false&#8221; custom_margin_tablet=&#8221;0px||0px||false|false&#8221; custom_margin_phone=&#8221;0px||0px||false|false&#8221; custom_margin_last_edited=&#8221;on|tablet&#8221; custom_padding=&#8221;0px|0px|0px|45px|false|false&#8221; animation_direction=&#8221;top&#8221; text_font_size_tablet=&#8221;24px&#8221; header_font_size_tablet=&#8221;48px&#8221; header_font_size_phone=&#8221;38px&#8221; header_font_size_last_edited=&#8221;on|phone&#8221; header_2_font_size_tablet=&#8221;34px&#8221; text_orientation_tablet=&#8221;left&#8221; locked=&#8221;off&#8221; global_colors_info=&#8221;{}&#8221;]<\/p>\n<h2>\u00bfComo te afectan la<br \/>Detenci\u00f3n y la Demora?<\/h2>\n<p>[\/et_pb_text][et_pb_text _builder_version=&#8221;4.24.2&#8243; _module_preset=&#8221;b12f86d7-5fda-4287-a1ec-380b228c0000&#8243; text_font=&#8221;|600|||||||&#8221; text_text_color=&#8221;#FFFFFF&#8221; text_font_size=&#8221;18px&#8221; text_letter_spacing=&#8221;-0.5px&#8221; text_line_height=&#8221;1.4em&#8221; header_4_text_color=&#8221;#FFFFFF&#8221; header_4_font_size=&#8221;17px&#8221; header_4_letter_spacing=&#8221;-0.5px&#8221; header_4_line_height=&#8221;1.4em&#8221; text_orientation=&#8221;justified&#8221; width=&#8221;100%&#8221; max_width=&#8221;80%&#8221; module_alignment=&#8221;left&#8221; custom_margin=&#8221;19px||0px||false|false&#8221; custom_padding=&#8221;0px||0px|45px|false|false&#8221; text_orientation_tablet=&#8221;left&#8221; locked=&#8221;off&#8221; global_colors_info=&#8221;{}&#8221;]<\/p>\n<p style=\"text-align: justify;\">Sin una comunicaci\u00f3n adecuada con las partes interesadas y la disponibilidad de datos en tiempo real, las empresas pueden acumular miles de d\u00f3lares en cargos por detenci\u00f3n y demora, ya que los contenedores quedan atascados en el puerto o se retrasan de otro modo. El impacto va m\u00e1s all\u00e1 de los gastos monetarios. Los retrasos en los env\u00edos pueden provocar tiempo de inactividad en la producci\u00f3n, interrupciones operativas y la insatisfacci\u00f3n de los clientes.<\/p>\n<p>[\/et_pb_text][\/et_pb_column][\/et_pb_row][et_pb_row _builder_version=&#8221;4.24.2&#8243; _module_preset=&#8221;default&#8221; custom_margin=&#8221;||-20px||false|false&#8221; global_colors_info=&#8221;{}&#8221;][et_pb_column type=&#8221;4_4&#8243; _builder_version=&#8221;4.24.2&#8243; _module_preset=&#8221;default&#8221; global_colors_info=&#8221;{}&#8221;][et_pb_text _builder_version=&#8221;4.24.2&#8243; _module_preset=&#8221;b12f86d7-5fda-4287-a1ec-380b228c0000&#8243; header_2_font=&#8221;Poppins|500|||||||&#8221; header_2_font_size=&#8221;40px&#8221; header_2_letter_spacing=&#8221;-2px&#8221; header_2_line_height=&#8221;1.3em&#8221; global_colors_info=&#8221;{}&#8221;]<\/p>\n<h2 style=\"text-align: center;\"><span style=\"color: #1d3e69;\">Anal\u00edsis Actual del Mercado<\/span><\/h2>\n<p>[\/et_pb_text][\/et_pb_column][\/et_pb_row][et_pb_row column_structure=&#8221;1_3,1_3,1_3&#8243; _builder_version=&#8221;4.24.2&#8243; _module_preset=&#8221;default&#8221; max_width=&#8221;80%&#8221; global_colors_info=&#8221;{}&#8221;][et_pb_column type=&#8221;1_3&#8243; _builder_version=&#8221;4.24.2&#8243; _module_preset=&#8221;default&#8221; global_colors_info=&#8221;{}&#8221;][et_pb_text _builder_version=&#8221;4.24.2&#8243; _module_preset=&#8221;b12f86d7-5fda-4287-a1ec-380b228c0000&#8243; text_font_size=&#8221;15px&#8221; text_letter_spacing=&#8221;-0.5px&#8221; text_line_height=&#8221;1.4em&#8221; header_2_font=&#8221;Poppins|500|||||||&#8221; header_2_font_size=&#8221;37px&#8221; header_2_letter_spacing=&#8221;-1.6px&#8221; header_2_line_height=&#8221;1.4em&#8221; global_colors_info=&#8221;{}&#8221;]<\/p>\n<h2 style=\"text-align: center;\"><span style=\"color: #1d3e69;\">$50-$250\/<br \/>Contenedor<\/span><\/h2>\n<p style=\"text-align: center;\"><span data-metadata=\"&lt;!--(figmeta)eyJmaWxlS2V5IjoiTGsxVVFnMjFCaU96eTN6R1lFY2c4byIsInBhc3RlSUQiOjE4MTc4MTI1ODIsImRhdGFUeXBlIjoic2NlbmUifQo=(\/figmeta)--&gt;\"><\/span>Los cargos por demora suelen oscilar entre 50 y 250 d\u00f3lares por contenedor por d\u00eda, dependiendo del tama\u00f1o del contenedor, la terminal portuaria, el transportista y los detalles del contrato.<\/p>\n<p>[\/et_pb_text][\/et_pb_column][et_pb_column type=&#8221;1_3&#8243; _builder_version=&#8221;4.24.2&#8243; _module_preset=&#8221;default&#8221; global_colors_info=&#8221;{}&#8221;][et_pb_text _builder_version=&#8221;4.24.2&#8243; _module_preset=&#8221;b12f86d7-5fda-4287-a1ec-380b228c0000&#8243; text_font_size=&#8221;15px&#8221; text_letter_spacing=&#8221;-0.5px&#8221; text_line_height=&#8221;1.4em&#8221; header_2_font=&#8221;Poppins|500|||||||&#8221; header_2_font_size=&#8221;37px&#8221; header_2_letter_spacing=&#8221;-1.6px&#8221; header_2_line_height=&#8221;1.4em&#8221; locked=&#8221;off&#8221; global_colors_info=&#8221;{}&#8221;]<\/p>\n<h2 style=\"text-align: center;\"><span style=\"color: #1d3e69;\">$4 Mil Millones<\/span><\/h2>\n<p style=\"text-align: center;\">Cuatro mil millones de documentos en papel circulan en el sistema comercial, careciendo de un grado adecuado de informaci\u00f3n estandarizada, sistemas, procesos y leyes obsoletas.<\/p>\n<p>[\/et_pb_text][\/et_pb_column][et_pb_column type=&#8221;1_3&#8243; _builder_version=&#8221;4.24.2&#8243; _module_preset=&#8221;default&#8221; global_colors_info=&#8221;{}&#8221;][et_pb_text _builder_version=&#8221;4.24.2&#8243; _module_preset=&#8221;b12f86d7-5fda-4287-a1ec-380b228c0000&#8243; text_font_size=&#8221;15px&#8221; text_letter_spacing=&#8221;-0.5px&#8221; text_line_height=&#8221;1.4em&#8221; header_2_font=&#8221;Poppins|500|||||||&#8221; header_2_font_size=&#8221;37px&#8221; header_2_letter_spacing=&#8221;-1.6px&#8221; header_2_line_height=&#8221;1.4em&#8221; width=&#8221;90%&#8221; module_alignment=&#8221;right&#8221; locked=&#8221;off&#8221; global_colors_info=&#8221;{}&#8221;]<\/p>\n<h2 style=\"text-align: center;\"><span style=\"color: #1d3e69;\">30 D\u00edas<\/span><\/h2>\n<div data-qa=\"slack_kit_scrollbar\" role=\"presentation\" class=\"c-scrollbar__hider\">\n<div role=\"presentation\" class=\"c-scrollbar__child\">\n<div data-qa=\"slack_kit_list\" class=\"c-virtual_list__scroll_container\" role=\"list\" aria-label=\"Vinita (direct message, active)\">\n<div aria-setsize=\"-1\" class=\"c-virtual_list__item\" role=\"listitem\" id=\"1727414344.293349\" data-qa=\"virtual-list-item\" data-item-key=\"1727414344.293349\" tabindex=\"0\">\n<div role=\"presentation\" class=\"c-message_kit__background c-message_kit__background--hovered p-message_pane_message__message c-message_kit__message p-message_pane_message__message--last\" data-qa=\"message_container\" data-qa-unprocessed=\"false\" data-qa-placeholder=\"false\">\n<div role=\"document\" aria-roledescription=\"message\" class=\"c-message_kit__hover c-message_kit__hover--hovered\" data-qa-hover=\"true\">\n<div class=\"c-message_kit__actions c-message_kit__actions--above\">\n<div class=\"c-message_kit__gutter c-message_kit__gutter--compact\">\n<div role=\"presentation\" class=\"c-message_kit__gutter__right\" data-qa=\"message_content\">\n<div class=\"c-message_kit__indent\">\n<div class=\"c-message_kit__blocks c-message_kit__blocks--rich_text c-message_kit__blocks--inline\">\n<div class=\"c-message__message_blocks c-message__message_blocks--rich_text c-message__message_blocks--inline\" data-qa=\"message-text\">\n<div class=\"p-block_kit_renderer p-block_kit_renderer--inline\" data-qa=\"block-kit-renderer\">\n<div class=\"p-block_kit_renderer__block_wrapper p-block_kit_renderer__block_wrapper--first\">\n<div class=\"p-rich_text_block p-rich_text_block--inline\" dir=\"auto\">\n<div class=\"p-rich_text_section\" style=\"text-align: center;\">\n<p>La Comisi\u00f3n Mar\u00edtima Federal (FMC) ha introducido regulaciones que exigen que las facturas de detenci\u00f3n y demora se emitan dentro de los 30 d\u00edas para mejorar la transparencia en la facturaci\u00f3n.<\/p>\n<\/div>\n<\/div>\n<\/div>\n<\/div>\n<\/div>\n<\/div>\n<\/div>\n<\/div>\n<\/div>\n<\/div>\n<\/div>\n<\/div>\n<\/div>\n<\/div>\n<\/div>\n<\/div>\n<p>[\/et_pb_text][\/et_pb_column][\/et_pb_row][et_pb_row _builder_version=&#8221;4.24.2&#8243; _module_preset=&#8221;default&#8221; width=&#8221;69%&#8221; width_tablet=&#8221;69%&#8221; width_phone=&#8221;100%&#8221; width_last_edited=&#8221;on|phone&#8221; custom_margin=&#8221;46px||13px||false|false&#8221; border_radii=&#8221;on|16px|16px|16px|16px&#8221; box_shadow_style=&#8221;preset1&#8243; box_shadow_blur=&#8221;13px&#8221; box_shadow_spread=&#8221;-1px&#8221; global_colors_info=&#8221;{}&#8221;][et_pb_column type=&#8221;4_4&#8243; _builder_version=&#8221;4.24.2&#8243; _module_preset=&#8221;default&#8221; global_colors_info=&#8221;{}&#8221;][et_pb_text _builder_version=&#8221;4.24.2&#8243; _module_preset=&#8221;b12f86d7-5fda-4287-a1ec-380b228c0000&#8243; text_font_size=&#8221;30px&#8221; text_letter_spacing=&#8221;-1px&#8221; text_line_height=&#8221;1.4em&#8221; header_letter_spacing=&#8221;-2px&#8221; header_4_letter_spacing=&#8221;-0.5px&#8221; header_4_line_height=&#8221;1.3em&#8221; width=&#8221;90%&#8221; module_alignment=&#8221;center&#8221; custom_margin=&#8221;12px||46px||false|false&#8221; text_font_size_phone=&#8221;25px&#8221; global_colors_info=&#8221;{}&#8221;]<\/p>\n<p style=\"text-align: center;\"><span style=\"color: #1d3e69;\">Descubre que hay dentro.<\/span><\/p>\n<p>[\/et_pb_text][et_pb_text _builder_version=&#8221;4.24.2&#8243; _module_preset=&#8221;b12f86d7-5fda-4287-a1ec-380b228c0000&#8243; text_font_size=&#8221;15px&#8221; header_4_letter_spacing=&#8221;-0.5px&#8221; header_4_line_height=&#8221;1.1em&#8221; width=&#8221;90%&#8221; max_width=&#8221;90%&#8221; custom_margin=&#8221;|80px|0px|80px|false|false&#8221; custom_margin_tablet=&#8221;|80px|0px|80px|false|false&#8221; custom_margin_phone=&#8221;|40px|0px|40px|false|false&#8221; custom_margin_last_edited=&#8221;on|phone&#8221; global_colors_info=&#8221;{}&#8221;]<\/p>\n<p data-sourcepos=\"1:1-1:97\"><span style=\"color: #1d3e69; font-size: large;\"><strong>Lee el Caso de Uso y descubre c\u00f3mo Quloi te ayuda a evitar los cargos por detenci\u00f3n y demora:<\/strong><\/span><\/p>\n<p><strong> <\/strong><\/p>\n<p><strong><\/strong><\/p>\n<ul data-sourcepos=\"3:1-10:80\">\n<li data-sourcepos=\"3:1-3:153\"><strong>Seguimiento en Tiempo Real:<\/strong> Proporciona actualizaciones en tiempo real sobre el estado de tus contenedores para una gesti\u00f3n efectiva de tus env\u00edos.<\/li>\n<li data-sourcepos=\"4:1-4:146\"><strong>Intercambio Seguro de Datos:<\/strong> Permite compartir informaci\u00f3n de manera segura y eficiente entre todos los actores de la cadena de suministro.<\/li>\n<li data-sourcepos=\"5:1-5:116\"><strong>Notificaciones Automatizadas:<\/strong> Te alerta proactivamente antes de que se generen cargos adicionales por demoras.<\/li>\n<li data-sourcepos=\"6:1-6:102\"><strong>Visibilidad Aduanera:<\/strong> Ofrece informaci\u00f3n en tiempo real sobre el proceso de despacho de aduanas.<\/li>\n<li data-sourcepos=\"7:1-7:111\"><strong>C\u00e1lculo Preciso de Costos:<\/strong> Calcula de manera precisa el tiempo libre y los cargos por detenci\u00f3n y demora.<\/li>\n<li data-sourcepos=\"8:1-8:113\"><strong>Espacios de Trabajo Centralizados:<\/strong> Agiliza la colaboraci\u00f3n y el intercambio de documentos en un solo lugar.<\/li>\n<li data-sourcepos=\"9:1-9:97\"><strong>Comunicaci\u00f3n Integrada:<\/strong> Mejora la colaboraci\u00f3n a trav\u00e9s de herramientas como Slack y Teams.<\/li>\n<li data-sourcepos=\"10:1-10:80\"><strong>Ahorro de Costos:<\/strong> Minimiza los riesgos de retrasos y los costos asociados.<\/li>\n<\/ul>\n<ul><\/ul>\n<p>[\/et_pb_text][\/et_pb_column][\/et_pb_row][et_pb_row _builder_version=&#8221;4.24.2&#8243; _module_preset=&#8221;default&#8221; width=&#8221;69%&#8221; width_tablet=&#8221;69%&#8221; width_phone=&#8221;90%&#8221; width_last_edited=&#8221;on|phone&#8221; custom_margin=&#8221;46px||13px||false|false&#8221; border_radii=&#8221;on|16px|16px|16px|16px&#8221; box_shadow_style=&#8221;preset1&#8243; box_shadow_blur=&#8221;13px&#8221; box_shadow_spread=&#8221;-1px&#8221; global_colors_info=&#8221;{}&#8221;][et_pb_column type=&#8221;4_4&#8243; _builder_version=&#8221;4.24.2&#8243; _module_preset=&#8221;default&#8221; global_colors_info=&#8221;{}&#8221;][et_pb_text _builder_version=&#8221;4.24.2&#8243; _module_preset=&#8221;b12f86d7-5fda-4287-a1ec-380b228c0000&#8243; text_font_size=&#8221;30px&#8221; text_letter_spacing=&#8221;-1px&#8221; text_line_height=&#8221;1.3em&#8221; header_letter_spacing=&#8221;-2px&#8221; header_4_letter_spacing=&#8221;-0.5px&#8221; header_4_line_height=&#8221;1.3em&#8221; width=&#8221;57%&#8221; module_alignment=&#8221;center&#8221; custom_margin=&#8221;12px||4px||false|false&#8221; text_font_size_phone=&#8221;25px&#8221; global_colors_info=&#8221;{}&#8221;]<\/p>\n<p style=\"text-align: center;\"><span style=\"color: #1d3e69;\">Evita Cargos por Detenci\u00f3n y<\/span><br \/><span style=\"color: #1d3e69;\">Demora con Quloi<\/span><\/p>\n<p>[\/et_pb_text][et_pb_button button_url=&#8221;#Form&#8221; button_text=&#8221;DESCARGAR AHORA&#8221; button_alignment=&#8221;center&#8221; _builder_version=&#8221;4.24.2&#8243; _module_preset=&#8221;default&#8221; custom_button=&#8221;on&#8221; button_text_size=&#8221;17px&#8221; button_bg_color=&#8221;#00193d&#8221; button_border_width=&#8221;0px&#8221; button_letter_spacing=&#8221;-0.5px&#8221; button_font=&#8221;Poppins|500|||||||&#8221; button_icon=&#8221;&#x32;||divi||400&#8243; custom_margin=&#8221;20px||||false|false&#8221; box_shadow_style=&#8221;preset3&#8243; box_shadow_blur=&#8221;15px&#8221; box_shadow_spread=&#8221;-10px&#8221; locked=&#8221;off&#8221; global_colors_info=&#8221;{}&#8221;][\/et_pb_button][\/et_pb_column][\/et_pb_row][\/et_pb_section]<\/p>\n","protected":false},"excerpt":{"rendered":"<p>CASO DE USOCaso de Uso: Optimizaci\u00f3n de la Detenci\u00f3n y DemoraQuloi, con su visibilidad en tiempo real y documentaci\u00f3n centralizada, proporciona a los embarcadores la precisi\u00f3n sin igual necesaria para mitigar los cargos por detenci\u00f3n y demora, y garantizar el transporte sin problemas de su carga.Al proporcionar seguimiento en tiempo real, Quloi empodera a los [&hellip;]<\/p>\n","protected":false},"author":2,"featured_media":0,"parent":2549,"menu_order":0,"comment_status":"closed","ping_status":"closed","template":"","meta":{"_et_pb_use_builder":"on","_et_pb_old_content":"","_et_gb_content_width":""},"_links":{"self":[{"href":"https:\/\/quloi.com\/mx\/wp-json\/wp\/v2\/pages\/6773"}],"collection":[{"href":"https:\/\/quloi.com\/mx\/wp-json\/wp\/v2\/pages"}],"about":[{"href":"https:\/\/quloi.com\/mx\/wp-json\/wp\/v2\/types\/page"}],"author":[{"embeddable":true,"href":"https:\/\/quloi.com\/mx\/wp-json\/wp\/v2\/users\/2"}],"replies":[{"embeddable":true,"href":"https:\/\/quloi.com\/mx\/wp-json\/wp\/v2\/comments?post=6773"}],"version-history":[{"count":13,"href":"https:\/\/quloi.com\/mx\/wp-json\/wp\/v2\/pages\/6773\/revisions"}],"predecessor-version":[{"id":6811,"href":"https:\/\/quloi.com\/mx\/wp-json\/wp\/v2\/pages\/6773\/revisions\/6811"}],"up":[{"embeddable":true,"href":"https:\/\/quloi.com\/mx\/wp-json\/wp\/v2\/pages\/2549"}],"wp:attachment":[{"href":"https:\/\/quloi.com\/mx\/wp-json\/wp\/v2\/media?parent=6773"}],"curies":[{"name":"wp","href":"https:\/\/api.w.org\/{rel}","templated":true}]}}