{"id":2422,"date":"2023-04-26T17:53:02","date_gmt":"2023-04-26T17:53:02","guid":{"rendered":"https:\/\/www.quloi.com\/?page_id=2422"},"modified":"2024-11-12T13:04:07","modified_gmt":"2024-11-12T13:04:07","slug":"whitepaper","status":"publish","type":"page","link":"https:\/\/quloi.com\/tr\/kaynaklar\/whitepaper\/","title":{"rendered":"Whitepaper"},"content":{"rendered":"<p>[et_pb_section fb_built=&#8221;1&#8243; _builder_version=&#8221;4.20.4&#8243; _module_preset=&#8221;514b1389-6764-4eff-a532-985feea8d06c&#8221; background_color=&#8221;#f3f7fa&#8221; min_height=&#8221;442.5px&#8221; custom_margin=&#8221;||||false|false&#8221; custom_padding=&#8221;6vh||14vh||false|false&#8221; global_colors_info=&#8221;{}&#8221;][et_pb_row column_structure=&#8221;1_2,1_2&#8243; _builder_version=&#8221;4.24.2&#8243; _module_preset=&#8221;default&#8221; max_width=&#8221;80%&#8221; custom_margin=&#8221;-30px||-30px||true|false&#8221; animation_style=&#8221;fade&#8221; animation_duration=&#8221;650ms&#8221; global_colors_info=&#8221;{}&#8221;][et_pb_column type=&#8221;1_2&#8243; _builder_version=&#8221;4.23.1&#8243; _module_preset=&#8221;default&#8221; global_colors_info=&#8221;{}&#8221;][et_pb_text content_tablet=&#8221;<\/p>\n<h1>Whitepapers<\/h1>\n<\/p>\n<p>&#8221; content_phone=&#8221;<\/p>\n<h1>Whitepaper<\/h1>\n<p>&#8221; content_last_edited=&#8221;on|tablet&#8221; _builder_version=&#8221;4.24.2&#8243; _module_preset=&#8221;b617b9b1-0794-4dfa-810c-5d1ab1cf9107&#8243; header_font=&#8221;|700|||||||&#8221; header_text_color=&#8221;#1d3e69&#8243; header_font_size=&#8221;55px&#8221; header_line_height=&#8221;1.1em&#8221; custom_margin=&#8221;101px||20px||false|false&#8221; custom_margin_tablet=&#8221;20px||||false|false&#8221; custom_margin_phone=&#8221;20px||||false|false&#8221; custom_margin_last_edited=&#8221;on|tablet&#8221; animation_direction=&#8221;top&#8221; header_font_tablet=&#8221;&#8221; header_font_phone=&#8221;&#8221; header_font_last_edited=&#8221;on|tablet&#8221; header_font_size_tablet=&#8221;55px&#8221; header_font_size_phone=&#8221;35px&#8221; header_font_size_last_edited=&#8221;on|phone&#8221; global_colors_info=&#8221;{}&#8221;]<\/p>\n<h1>Whitepapers<\/h1>\n<p>[\/et_pb_text][et_pb_text content_tablet=&#8221;<\/p>\n<p>G\u00fcncel ve bilgili kalman\u0131n \u00f6nemli oldu\u011funu anl\u0131yoruz<br \/>S\u00fcrekli geli\u015fen lojistik sekt\u00f6r\u00fcnde hayati \u00f6nem ta\u015f\u0131yor. bu<br \/>size yard\u0131mc\u0131 olmak i\u00e7in neden zengin kaynaklar se\u00e7tik?<br \/>zorluklar\u0131n ve f\u0131rsatlar\u0131n \u00fcstesinden gelmek<br \/>lojistik d\u00fcnyas\u0131.<\/p>\n<p>&#8221; content_phone=&#8221;<\/p>\n<p>G\u00fcncel ve bilgili kalman\u0131n \u00f6nemli oldu\u011funu anl\u0131yoruz<br \/>S\u00fcrekli geli\u015fen lojistik sekt\u00f6r\u00fcnde hayati \u00f6nem ta\u015f\u0131yor. bu<br \/>size yard\u0131mc\u0131 olmak i\u00e7in neden zengin kaynaklar se\u00e7tik?<br \/>zorluklar\u0131n ve f\u0131rsatlar\u0131n \u00fcstesinden gelmek<br \/>lojistik d\u00fcnyas\u0131.<\/p>\n<p>&#8221; content_last_edited=&#8221;on|phone&#8221; _builder_version=&#8221;4.24.2&#8243; _module_preset=&#8221;b617b9b1-0794-4dfa-810c-5d1ab1cf9107&#8243; text_font_size=&#8221;18px&#8221; animation_direction=&#8221;left&#8221; text_font_size_tablet=&#8221;&#8221; text_font_size_phone=&#8221;&#8221; text_font_size_last_edited=&#8221;on|phone&#8221; global_colors_info=&#8221;{}&#8221;]<\/p>\n<p>G\u00fcncel ve bilgili kalman\u0131n \u00f6nemli oldu\u011funu anl\u0131yoruz<br \/>S\u00fcrekli geli\u015fen lojistik sekt\u00f6r\u00fcnde hayati \u00f6nem ta\u015f\u0131yor. bu<br \/>size yard\u0131mc\u0131 olmak i\u00e7in neden zengin kaynaklar se\u00e7tik?<br \/>zorluklar\u0131n ve f\u0131rsatlar\u0131n \u00fcstesinden gelmek<br \/>lojistik d\u00fcnyas\u0131.<\/p>\n<p>[\/et_pb_text][et_pb_button button_url=&#8221;https:\/\/quloi.com\/tr\/demo-planla\/&#8221; button_text=&#8221;Demo Planla&#8221; _builder_version=&#8221;4.24.2&#8243; _module_preset=&#8221;default&#8221; custom_button=&#8221;on&#8221; button_text_size=&#8221;18px&#8221; button_text_color=&#8221;#FFFFFF&#8221; button_bg_color=&#8221;#3b80e0&#8243; button_border_width=&#8221;0px&#8221; button_border_radius=&#8221;30px&#8221; button_use_icon=&#8221;off&#8221; custom_margin=&#8221;30px||||false|false&#8221; custom_padding=&#8221;10px||10px||false|false&#8221; animation_direction=&#8221;right&#8221; button_text_size_tablet=&#8221;18px&#8221; button_text_size_phone=&#8221;16px&#8221; button_text_size_last_edited=&#8221;on|desktop&#8221; global_colors_info=&#8221;{}&#8221;][\/et_pb_button][\/et_pb_column][et_pb_column type=&#8221;1_2&#8243; _builder_version=&#8221;4.23.1&#8243; _module_preset=&#8221;default&#8221; global_colors_info=&#8221;{}&#8221;][et_pb_image src=&#8221;https:\/\/quloi.com\/tr\/wp-content\/uploads\/sites\/3\/2024\/06\/Visual-turkish.webp&#8221; title_text=&#8221;Resources-header&#8221; show_bottom_space=&#8221;off&#8221; _builder_version=&#8221;4.24.2&#8243; _module_preset=&#8221;default&#8221; transform_scale=&#8221;85%|85%&#8221; custom_margin=&#8221;-24px||||false|false&#8221; custom_padding=&#8221;0px||71px||false|false&#8221; custom_padding_tablet=&#8221;30px||||false|false&#8221; custom_padding_phone=&#8221;30px||||false|false&#8221; custom_padding_last_edited=&#8221;on|desktop&#8221; animation_direction=&#8221;bottom&#8221; global_colors_info=&#8221;{}&#8221;][\/et_pb_image][\/et_pb_column][\/et_pb_row][\/et_pb_section][et_pb_section fb_built=&#8221;1&#8243; _builder_version=&#8221;4.24.2&#8243; _module_preset=&#8221;514b1389-6764-4eff-a532-985feea8d06c&#8221; background_color=&#8221;#08192d&#8221; global_colors_info=&#8221;{}&#8221;][et_pb_row use_custom_gutter=&#8221;on&#8221; _builder_version=&#8221;4.24.2&#8243; _module_preset=&#8221;default&#8221; width=&#8221;81%&#8221; max_width=&#8221;80%&#8221; animation_style=&#8221;fade&#8221; animation_duration=&#8221;650ms&#8221; global_colors_info=&#8221;{}&#8221;][et_pb_column type=&#8221;4_4&#8243; _builder_version=&#8221;4.23.1&#8243; _module_preset=&#8221;default&#8221; global_colors_info=&#8221;{}&#8221;][et_pb_text content_tablet=&#8221;<\/p>\n<h2>Lojistik Kaynaklar\u0131 Merkezi: Tek Dura\u011f\u0131n\u0131z<br \/>Tedarik Zinciri Y\u00f6netiminin Hedefi<br \/>Analizler ve Ara\u00e7lar<\/h2>\n<p>&#8221; content_phone=&#8221;<\/p>\n<h2><span style=%22color: #ffffff;%22>Lojistik Kaynaklar\u0131 Merkezi: Tek Dura\u011f\u0131n\u0131z<\/span><br \/><span style=%22color: #ffffff;%22>Tedarik Zinciri Y\u00f6netiminin Hedefi<\/span><br \/><span style=%22color: #ffffff;%22>Analizler ve Ara\u00e7lar<\/span><\/h2>\n<p>&#8221; content_last_edited=&#8221;on|phone&#8221; _builder_version=&#8221;4.24.2&#8243; _module_preset=&#8221;b617b9b1-0794-4dfa-810c-5d1ab1cf9107&#8243; header_text_color=&#8221;#1d3e69&#8243; header_font_size=&#8221;48px&#8221; header_line_height=&#8221;1.1em&#8221; header_2_text_color=&#8221;#007dfe&#8221; header_2_font_size=&#8221;45px&#8221; header_2_line_height=&#8221;1.1em&#8221; custom_margin=&#8221;20px||||false|false&#8221; custom_margin_tablet=&#8221;60px||||false|false&#8221; custom_margin_phone=&#8221;20px||||false|false&#8221; custom_margin_last_edited=&#8221;on|phone&#8221; animation_direction=&#8221;bottom&#8221; hover_enabled=&#8221;0&#8243; header_2_font_size_tablet=&#8221;45px&#8221; header_2_font_size_phone=&#8221;24px&#8221; header_2_font_size_last_edited=&#8221;on|phone&#8221; header_2_line_height_tablet=&#8221;1.1em&#8221; header_2_line_height_phone=&#8221;1.1em&#8221; header_2_line_height_last_edited=&#8221;on|phone&#8221; global_colors_info=&#8221;{}&#8221; sticky_enabled=&#8221;0&#8243;]<\/p>\n<h2 style=\"text-align: center;\"><span style=\"color: #ffffff;\">Lojistik Kaynaklar\u0131 Merkezi: Tek Dura\u011f\u0131n\u0131z<br \/>Tedarik Zinciri Y\u00f6netiminin Hedefi<br \/>Analizler ve Ara\u00e7lar<\/span><\/h2>\n<p>[\/et_pb_text][\/et_pb_column][\/et_pb_row][\/et_pb_section][et_pb_section fb_built=&#8221;1&#8243; admin_label=&#8221;Resource Tile Layout&#8221; module_id=&#8221;TilBoxesSec&#8221; _builder_version=&#8221;4.20.4&#8243; _module_preset=&#8221;default&#8221; global_colors_info=&#8221;{}&#8221; theme_builder_area=&#8221;post_content&#8221;][et_pb_row column_structure=&#8221;1_4,1_4,1_4,1_4&#8243; _builder_version=&#8221;4.20.4&#8243; _module_preset=&#8221;default&#8221; max_width=&#8221;1500px&#8221; global_colors_info=&#8221;{}&#8221; theme_builder_area=&#8221;post_content&#8221;][et_pb_column type=&#8221;1_4&#8243; _builder_version=&#8221;4.20.4&#8243; _module_preset=&#8221;default&#8221; global_colors_info=&#8221;{}&#8221; theme_builder_area=&#8221;post_content&#8221;][tile_boxes heading=&#8221;Cut the Hidden cost&#8221; articledate=&#8221;03\/01\/2024&#8243; category=&#8221;Whitepaper&#8221; image=&#8221;https:\/\/www.quloi.com\/wp-content\/uploads\/2023\/05\/2064935B-F661-45D1-82BC-6E0466EF84BF.jpg&#8221; img_alt=&#8221;Test 2&#8243; readmorelink=&#8221;https:\/\/quloi.com\/tr\/kaynaklar\/whitepaper\/tedarik-zincirinizdeki-gizli-maliyetleri-azaltin\/&#8221; _builder_version=&#8221;4.24.2&#8243; _module_preset=&#8221;default&#8221; hover_enabled=&#8221;0&#8243; global_colors_info=&#8221;{}&#8221; theme_builder_area=&#8221;post_content&#8221; sticky_enabled=&#8221;0&#8243;][\/tile_boxes][\/et_pb_column][et_pb_column type=&#8221;1_4&#8243; _builder_version=&#8221;4.20.4&#8243; _module_preset=&#8221;default&#8221; global_colors_info=&#8221;{}&#8221; theme_builder_area=&#8221;post_content&#8221;][tile_boxes heading=&#8221;Integrated supply Chain&#8221; articledate=&#8221;09\/04\/2024&#8243; category=&#8221;Whitepaper&#8221; image=&#8221;https:\/\/www.quloi.com\/wp-content\/uploads\/2023\/05\/63B8B401-D510-4803-881F-A84BA8334818.jpg&#8221; img_alt=&#8221;Test 1&#8243; readmorelink=&#8221;https:\/\/quloi.com\/tr\/kaynaklar\/whitepaper\/entegre-tedarik-zinciri-ureticiler-icin-artik-bir-secenek-degil\/&#8221; _builder_version=&#8221;4.24.2&#8243; _module_preset=&#8221;default&#8221; hover_enabled=&#8221;0&#8243; global_colors_info=&#8221;{}&#8221; theme_builder_area=&#8221;post_content&#8221; sticky_enabled=&#8221;0&#8243;][\/tile_boxes][\/et_pb_column][et_pb_column type=&#8221;1_4&#8243; _builder_version=&#8221;4.20.4&#8243; _module_preset=&#8221;default&#8221; global_colors_info=&#8221;{}&#8221; theme_builder_area=&#8221;post_content&#8221;][tile_boxes heading=&#8221;Supplier Performance and financial impact: Connecting the dots&#8221; articledate=&#8221;15\/04\/2024&#8243; category=&#8221;Whitepaper&#8221; image=&#8221;https:\/\/www.quloi.com\/wp-content\/uploads\/2023\/05\/93661393-DC7F-4512-BD7F-E063D4DE14F4.jpg&#8221; img_alt=&#8221;Test 1&#8243; readmorelink=&#8221;https:\/\/quloi.com\/tr\/kaynaklar\/whitepaper\/tedarikci-performansi-ve-finansal-etki\/&#8221; _builder_version=&#8221;4.24.2&#8243; _module_preset=&#8221;default&#8221; hover_enabled=&#8221;0&#8243; global_colors_info=&#8221;{}&#8221; theme_builder_area=&#8221;post_content&#8221; sticky_enabled=&#8221;0&#8243;][\/tile_boxes][\/et_pb_column][et_pb_column type=&#8221;1_4&#8243; _builder_version=&#8221;4.20.4&#8243; _module_preset=&#8221;default&#8221; global_colors_info=&#8221;{}&#8221; theme_builder_area=&#8221;post_content&#8221;][tile_boxes heading=&#8221;%22Digitalization of the Supply Chain starts with the First Mile  %22&#8243; articledate=&#8221;08\/07\/2024&#8243; category=&#8221;Whitepaper&#8221; image=&#8221;https:\/\/www.quloi.com\/wp-content\/uploads\/2023\/05\/06C34D5F-EB3B-4BA7-8981-86F3B4ECCC9F.jpg&#8221; img_alt=&#8221;Test 1&#8243; readmorelink=&#8221;https:\/\/quloi.com\/tr\/kaynaklar\/whitepaper\/tedarik-zincirinin-dijitallesmesi-ilk-kilometre-ile-basliyor\/&#8221; _builder_version=&#8221;4.24.2&#8243; _module_preset=&#8221;default&#8221; hover_enabled=&#8221;0&#8243; global_colors_info=&#8221;{}&#8221; theme_builder_area=&#8221;post_content&#8221; sticky_enabled=&#8221;0&#8243;][\/tile_boxes][\/et_pb_column][\/et_pb_row][\/et_pb_section][et_pb_section fb_built=&#8221;1&#8243; _builder_version=&#8221;4.24.0&#8243; _module_preset=&#8221;514b1389-6764-4eff-a532-985feea8d06c&#8221; background_color=&#8221;#0b3b72&#8243; global_colors_info=&#8221;{}&#8221;][et_pb_row _builder_version=&#8221;4.23.1&#8243; _module_preset=&#8221;default&#8221; width=&#8221;90%&#8221; max_width=&#8221;80%&#8221; global_colors_info=&#8221;{}&#8221;][et_pb_column type=&#8221;4_4&#8243; _builder_version=&#8221;4.23.1&#8243; _module_preset=&#8221;default&#8221; global_colors_info=&#8221;{}&#8221;][et_pb_text content_tablet=&#8221;<\/p>\n<h2>Start your Supply Chain<br \/>Transformation Today!<\/h2>\n<p>&#8221; content_phone=&#8221;<\/p>\n<h2>Start your<br \/>Supply Chain Transformation Today!<\/h2>\n<p>&#8221; content_last_edited=&#8221;on|desktop&#8221; _builder_version=&#8221;4.23.1&#8243; _module_preset=&#8221;b617b9b1-0794-4dfa-810c-5d1ab1cf9107&#8243; header_text_color=&#8221;#1d3e69&#8243; header_font_size=&#8221;48px&#8221; header_line_height=&#8221;1.2em&#8221; header_2_text_color=&#8221;#FFFFFF&#8221; header_2_font_size=&#8221;45px&#8221; header_2_line_height=&#8221;1.1em&#8221; custom_margin=&#8221;20px||||false|false&#8221; animation_style=&#8221;slide&#8221; animation_direction=&#8221;left&#8221; header_font_size_tablet=&#8221;48px&#8221; header_font_size_phone=&#8221;35px&#8221; header_font_size_last_edited=&#8221;on|phone&#8221; header_line_height_tablet=&#8221;1.2em&#8221; header_line_height_phone=&#8221;1.2em&#8221; header_line_height_last_edited=&#8221;on|phone&#8221; header_2_font_size_tablet=&#8221;45px&#8221; header_2_font_size_phone=&#8221;32px&#8221; global_colors_info=&#8221;{}&#8221;]<\/p>\n<h2 style=\"text-align: center;\">Tedarik Zincirinizi ba\u015flat\u0131n<br \/>Bug\u00fcn D\u00f6n\u00fc\u015f\u00fcm!<\/h2>\n<p>[\/et_pb_text][et_pb_button button_url=&#8221;http:\/\/www.quloi.com\/demo-planla&#8221; button_text=&#8221;Demo Planla&#8221; button_alignment=&#8221;center&#8221; button_alignment_tablet=&#8221;center&#8221; button_alignment_phone=&#8221;left&#8221; button_alignment_last_edited=&#8221;on|desktop&#8221; _builder_version=&#8221;4.24.2&#8243; _module_preset=&#8221;default&#8221; custom_button=&#8221;on&#8221; button_text_size=&#8221;18px&#8221; button_text_color=&#8221;#0b3b72&#8243; button_bg_color=&#8221;#FFFFFF&#8221; button_border_width=&#8221;0px&#8221; button_border_radius=&#8221;24px&#8221; animation_style=&#8221;slide&#8221; animation_direction=&#8221;bottom&#8221; button_text_size_tablet=&#8221;18px&#8221; button_text_size_phone=&#8221;16px&#8221; button_text_size_last_edited=&#8221;on|phone&#8221; global_colors_info=&#8221;{}&#8221; custom_css_main_element_last_edited=&#8221;on|tablet&#8221; custom_css_main_element_tablet=&#8221;width: 100%;||text-align:center;&#8221; custom_css_main_element_phone=&#8221;width: 100%;||text-align:center;&#8221;][\/et_pb_button][\/et_pb_column][\/et_pb_row][\/et_pb_section]<\/p>\n","protected":false},"excerpt":{"rendered":"<p>WhitepapersG\u00fcncel ve bilgili kalman\u0131n \u00f6nemli oldu\u011funu anl\u0131yoruzS\u00fcrekli geli\u015fen lojistik sekt\u00f6r\u00fcnde hayati \u00f6nem ta\u015f\u0131yor. busize yard\u0131mc\u0131 olmak i\u00e7in neden zengin kaynaklar se\u00e7tik?zorluklar\u0131n ve f\u0131rsatlar\u0131n \u00fcstesinden gelmeklojistik d\u00fcnyas\u0131.Lojistik Kaynaklar\u0131 Merkezi: Tek Dura\u011f\u0131n\u0131zTedarik Zinciri Y\u00f6netiminin HedefiAnalizler ve Ara\u00e7lar<div class=\"et_pb_module tile_boxes tile_boxes_0\">\n\t\t\t\t\n\t\t\t\t\n\t\t\t\t\n\t\t\t\t\n\t\t\t\t\n\t\t\t\t\n\t\t\t\t<div class=\"et_pb_module_inner\">\n\t\t\t\t\t<div class=\"dtq-module dtq-tileboxes\">\r\n\t\t\t\t<div class=\"imagewithcat\">\r\n\t\t\t\t\t<img alt=\"Test 2\" src=\"https:\/\/www.quloi.com\/wp-content\/uploads\/2023\/05\/2064935B-F661-45D1-82BC-6E0466EF84BF.jpg\"\/>\r\n\t\t\t\t\t<div class=\"cats\">Whitepaper<\/div>\r\n\t\t\t\t<\/div>\r\n\t\t\t\t<span class=\"articledate\">03\/01\/2024<\/span>\r\n\t\t\t\t<h3 class=\"simp-tilebox_heading\">Cut the Hidden cost<\/h3>\r\n\t\t\t\t<a href=\"https:\/\/quloi.com\/tr\/kaynaklar\/whitepaper\/tedarik-zincirinizdeki-gizli-maliyetleri-azaltin\/\" class=\"readmore\">Read More<\/span><\/a>\r\n\t\t\t\t<\/div>\n\t\t\t\t<\/div>\n\t\t\t<\/div><div class=\"et_pb_module tile_boxes tile_boxes_1\">\n\t\t\t\t\n\t\t\t\t\n\t\t\t\t\n\t\t\t\t\n\t\t\t\t\n\t\t\t\t\n\t\t\t\t<div class=\"et_pb_module_inner\">\n\t\t\t\t\t<div class=\"dtq-module dtq-tileboxes\">\r\n\t\t\t\t<div class=\"imagewithcat\">\r\n\t\t\t\t\t<img alt=\"\" src=\"\"\/>\r\n\t\t\t\t\t<div class=\"cats\"><\/div>\r\n\t\t\t\t<\/div>\r\n\t\t\t\t<span class=\"articledate\">&#8221;09\/04\/2024&#8243;<\/span>\r\n\t\t\t\t<h3 class=\"simp-tilebox_heading\">&#8221;Integrated<\/h3>\r\n\t\t\t\t<a href=\"\" class=\"readmore\">Read More<\/span><\/a>\r\n\t\t\t\t<\/div>\n\t\t\t\t<\/div>\n\t\t\t<\/div><\/p>\n","protected":false},"author":4,"featured_media":0,"parent":2005,"menu_order":0,"comment_status":"closed","ping_status":"closed","template":"","meta":{"_et_pb_use_builder":"on","_et_pb_old_content":"","_et_gb_content_width":""},"_links":{"self":[{"href":"https:\/\/quloi.com\/tr\/wp-json\/wp\/v2\/pages\/2422"}],"collection":[{"href":"https:\/\/quloi.com\/tr\/wp-json\/wp\/v2\/pages"}],"about":[{"href":"https:\/\/quloi.com\/tr\/wp-json\/wp\/v2\/types\/page"}],"author":[{"embeddable":true,"href":"https:\/\/quloi.com\/tr\/wp-json\/wp\/v2\/users\/4"}],"replies":[{"embeddable":true,"href":"https:\/\/quloi.com\/tr\/wp-json\/wp\/v2\/comments?post=2422"}],"version-history":[{"count":21,"href":"https:\/\/quloi.com\/tr\/wp-json\/wp\/v2\/pages\/2422\/revisions"}],"predecessor-version":[{"id":6428,"href":"https:\/\/quloi.com\/tr\/wp-json\/wp\/v2\/pages\/2422\/revisions\/6428"}],"up":[{"embeddable":true,"href":"https:\/\/quloi.com\/tr\/wp-json\/wp\/v2\/pages\/2005"}],"wp:attachment":[{"href":"https:\/\/quloi.com\/tr\/wp-json\/wp\/v2\/media?parent=2422"}],"curies":[{"name":"wp","href":"https:\/\/api.w.org\/{rel}","templated":true}]}}