{"id":2549,"date":"2023-05-15T17:25:08","date_gmt":"2023-05-15T17:25:08","guid":{"rendered":"https:\/\/www.quloi.com\/?page_id=2549"},"modified":"2024-07-18T05:47:09","modified_gmt":"2024-07-18T05:47:09","slug":"use-case","status":"publish","type":"page","link":"https:\/\/quloi.com\/tr\/kaynaklar\/use-case\/","title":{"rendered":"Use Case"},"content":{"rendered":"<p>[et_pb_section fb_built=&#8221;1&#8243; _builder_version=&#8221;4.20.4&#8243; _module_preset=&#8221;40ea34b4-a956-4683-8cb7-0963fd3e017d&#8221; background_color=&#8221;#f3f7fa&#8221; custom_margin=&#8221;||||false|false&#8221; custom_padding=&#8221;6vh||14vh||false|false&#8221; global_colors_info=&#8221;{}&#8221;][et_pb_row column_structure=&#8221;1_2,1_2&#8243; _builder_version=&#8221;4.24.2&#8243; _module_preset=&#8221;default&#8221; max_width=&#8221;80%&#8221; hover_enabled=&#8221;0&#8243; global_colors_info=&#8221;{}&#8221; animation_style=&#8221;fade&#8221; animation_duration=&#8221;650ms&#8221; sticky_enabled=&#8221;0&#8243;][et_pb_column type=&#8221;1_2&#8243; _builder_version=&#8221;4.23.1&#8243; _module_preset=&#8221;default&#8221; global_colors_info=&#8221;{}&#8221;][et_pb_text content_tablet=&#8221;<\/p>\n<h1>Kullan\u0131m \u00d6rne\u011fi<\/h1>\n<\/p>\n<p>&#8221; content_phone=&#8221;<\/p>\n<h1>Kullan\u0131m \u00d6rne\u011fi<\/h1>\n<p>&#8221; content_last_edited=&#8221;on|tablet&#8221; _builder_version=&#8221;4.24.2&#8243; _module_preset=&#8221;ba85d141-14c0-47ba-b938-cf054e87c152&#8243; header_font=&#8221;|700|||||||&#8221; header_text_color=&#8221;#1d3e69&#8243; header_font_size=&#8221;55px&#8221; header_line_height=&#8221;1.1em&#8221; custom_margin=&#8221;127px||20px||false|false&#8221; custom_margin_tablet=&#8221;20px||||false|false&#8221; custom_margin_phone=&#8221;20px||||false|false&#8221; custom_margin_last_edited=&#8221;on|tablet&#8221; animation_direction=&#8221;top&#8221; hover_enabled=&#8221;0&#8243; header_font_tablet=&#8221;&#8221; header_font_phone=&#8221;&#8221; header_font_last_edited=&#8221;on|tablet&#8221; header_font_size_tablet=&#8221;55px&#8221; header_font_size_phone=&#8221;35px&#8221; header_font_size_last_edited=&#8221;on|phone&#8221; global_colors_info=&#8221;{}&#8221; sticky_enabled=&#8221;0&#8243;]<\/p>\n<h1>Kullan\u0131m \u00d6rne\u011fi<\/h1>\n<p>[\/et_pb_text][et_pb_text content_tablet=&#8221;<\/p>\n<p>G\u00fcncel ve bilgili kalman\u0131n \u00f6nemli oldu\u011funu anl\u0131yoruz<br \/>S\u00fcrekli geli\u015fen lojistik sekt\u00f6r\u00fcnde hayati \u00f6nem ta\u015f\u0131yor. bu<br \/>size yard\u0131mc\u0131 olmak i\u00e7in neden zengin kaynaklar se\u00e7tik?<br \/>zorluklar\u0131n ve f\u0131rsatlar\u0131n \u00fcstesinden gelmek<br \/>lojistik d\u00fcnyas\u0131.<\/p>\n<p>&#8221; content_phone=&#8221;<\/p>\n<p>G\u00fcncel ve bilgili kalman\u0131n \u00f6nemli oldu\u011funu anl\u0131yoruz<br \/>S\u00fcrekli geli\u015fen lojistik sekt\u00f6r\u00fcnde hayati \u00f6nem ta\u015f\u0131yor. bu<br \/>size yard\u0131mc\u0131 olmak i\u00e7in neden zengin kaynaklar se\u00e7tik?<br \/>zorluklar\u0131n ve f\u0131rsatlar\u0131n \u00fcstesinden gelmek lojistik d\u00fcnyas\u0131.<\/p>\n<p>&#8221; content_last_edited=&#8221;on|phone&#8221; _builder_version=&#8221;4.24.2&#8243; _module_preset=&#8221;ba85d141-14c0-47ba-b938-cf054e87c152&#8243; text_font_size=&#8221;18px&#8221; animation_direction=&#8221;left&#8221; hover_enabled=&#8221;0&#8243; text_font_size_tablet=&#8221;&#8221; text_font_size_phone=&#8221;&#8221; text_font_size_last_edited=&#8221;on|phone&#8221; global_colors_info=&#8221;{}&#8221; sticky_enabled=&#8221;0&#8243;]<\/p>\n<p>G\u00fcncel ve bilgili kalman\u0131n \u00f6nemli oldu\u011funu anl\u0131yoruz<br \/>S\u00fcrekli geli\u015fen lojistik sekt\u00f6r\u00fcnde hayati \u00f6nem ta\u015f\u0131yor. bu<br \/>size yard\u0131mc\u0131 olmak i\u00e7in neden zengin kaynaklar se\u00e7tik?<br \/>zorluklar\u0131n ve f\u0131rsatlar\u0131n \u00fcstesinden gelmek<br \/>lojistik d\u00fcnyas\u0131.<\/p>\n<p>[\/et_pb_text][et_pb_button button_url=&#8221;https:\/\/quloi.com\/tr\/demo-planla\/&#8221; button_text=&#8221;Demo Planla&#8221; _builder_version=&#8221;4.24.2&#8243; _module_preset=&#8221;default&#8221; custom_button=&#8221;on&#8221; button_text_size=&#8221;18px&#8221; button_text_color=&#8221;#FFFFFF&#8221; button_bg_color=&#8221;#3b80e0&#8243; button_border_width=&#8221;0px&#8221; button_border_radius=&#8221;30px&#8221; button_use_icon=&#8221;off&#8221; custom_margin=&#8221;30px||||false|false&#8221; custom_padding=&#8221;10px||10px||false|false&#8221; animation_direction=&#8221;right&#8221; hover_enabled=&#8221;0&#8243; button_text_size_tablet=&#8221;18px&#8221; button_text_size_phone=&#8221;16px&#8221; button_text_size_last_edited=&#8221;on|desktop&#8221; global_colors_info=&#8221;{}&#8221; sticky_enabled=&#8221;0&#8243;][\/et_pb_button][\/et_pb_column][et_pb_column type=&#8221;1_2&#8243; _builder_version=&#8221;4.23.1&#8243; _module_preset=&#8221;default&#8221; global_colors_info=&#8221;{}&#8221;][et_pb_image src=&#8221;https:\/\/quloi.com\/tr\/wp-content\/uploads\/sites\/3\/2024\/06\/Turkish.webp&#8221; alt=&#8221;Kullan\u0131m \u00d6rnekleri&#8221; title_text=&#8221;Resources-header&#8221; _builder_version=&#8221;4.24.2&#8243; _module_preset=&#8221;default&#8221; custom_padding=&#8221;30px||||false|false&#8221; custom_padding_tablet=&#8221;30px||||false|false&#8221; custom_padding_phone=&#8221;30px||||false|false&#8221; custom_padding_last_edited=&#8221;on|desktop&#8221; animation_direction=&#8221;bottom&#8221; hover_enabled=&#8221;0&#8243; global_colors_info=&#8221;{}&#8221; sticky_enabled=&#8221;0&#8243;][\/et_pb_image][\/et_pb_column][\/et_pb_row][\/et_pb_section][et_pb_section fb_built=&#8221;1&#8243; _builder_version=&#8221;4.24.0&#8243; _module_preset=&#8221;40ea34b4-a956-4683-8cb7-0963fd3e017d&#8221; background_color=&#8221;#08192d&#8221; global_colors_info=&#8221;{}&#8221;][et_pb_row _builder_version=&#8221;4.24.2&#8243; _module_preset=&#8221;default&#8221; width=&#8221;90%&#8221; max_width=&#8221;80%&#8221; hover_enabled=&#8221;0&#8243; global_colors_info=&#8221;{}&#8221; animation_style=&#8221;fade&#8221; animation_duration=&#8221;650ms&#8221; sticky_enabled=&#8221;0&#8243;][et_pb_column type=&#8221;4_4&#8243; _builder_version=&#8221;4.23.1&#8243; _module_preset=&#8221;default&#8221; global_colors_info=&#8221;{}&#8221;][et_pb_text content_tablet=&#8221;<\/p>\n<h2 style=%22text-align: left;%22><span style=%22color: #ffffff;%22>Lojistik Kaynaklar\u0131 Merkezi: Tek Dura\u011f\u0131n\u0131z<br \/>Tedarik Zinciri Y\u00f6netiminin Hedefi<br \/>Analizler ve Ara\u00e7lar<\/span><\/h2>\n<p>&#8221; content_phone=&#8221;<\/p>\n<h2 style=%22text-align: left;%22><span style=%22color: #ffffff;%22>Lojistik Kaynaklar\u0131 Merkezi: Tek Dura\u011f\u0131n\u0131z<br \/>Tedarik Zinciri Y\u00f6netiminin Hedefi<br \/>Analizler ve Ara\u00e7lar<\/span><\/h2>\n<p>&#8221; content_last_edited=&#8221;on|phone&#8221; _builder_version=&#8221;4.24.2&#8243; _module_preset=&#8221;ba85d141-14c0-47ba-b938-cf054e87c152&#8243; header_text_color=&#8221;#1d3e69&#8243; header_font_size=&#8221;48px&#8221; header_line_height=&#8221;1.1em&#8221; header_2_text_color=&#8221;#007dfe&#8221; header_2_font_size=&#8221;45px&#8221; header_2_line_height=&#8221;1.1em&#8221; custom_margin=&#8221;20px||||false|false&#8221; custom_margin_tablet=&#8221;60px||||false|false&#8221; custom_margin_phone=&#8221;20px||||false|false&#8221; custom_margin_last_edited=&#8221;on|phone&#8221; animation_direction=&#8221;bottom&#8221; hover_enabled=&#8221;0&#8243; header_2_font_size_tablet=&#8221;45px&#8221; header_2_font_size_phone=&#8221;24px&#8221; header_2_font_size_last_edited=&#8221;on|phone&#8221; header_2_line_height_tablet=&#8221;1.1em&#8221; header_2_line_height_phone=&#8221;1.1em&#8221; header_2_line_height_last_edited=&#8221;on|phone&#8221; global_colors_info=&#8221;{}&#8221; sticky_enabled=&#8221;0&#8243;]<\/p>\n<h2 style=\"text-align: center;\"><span style=\"color: #ffffff;\">Lojistik Kaynaklar\u0131 Merkezi: Tek Dura\u011f\u0131n\u0131z<br \/>Tedarik Zinciri Y\u00f6netiminin Hedefi<br \/>Analizler ve Ara\u00e7lar<\/span><\/h2>\n<p>[\/et_pb_text][et_pb_text content_tablet=&#8221;<\/p>\n<p><span style=%22color: #ffffff;%22>Lojistik \u015firketlerinin daha verimli \u00e7al\u0131\u015fmas\u0131n\u0131 sa\u011flamak,<\/span><br \/><span style=%22color: #ffffff;%22>G\u00f6r\u00fcn\u00fcrl\u00fc\u011f\u00fc art\u0131r\u0131n ve karar alma s\u00fcrecini iyile\u015ftirin.<\/span><\/p>\n<p>&#8221; content_phone=&#8221;<\/p>\n<p><span style=%22color: #ffffff;%22>Lojistik \u015firketlerinin daha verimli \u00e7al\u0131\u015fmas\u0131n\u0131 sa\u011flamak,<\/span><br \/><span style=%22color: #ffffff;%22>G\u00f6r\u00fcn\u00fcrl\u00fc\u011f\u00fc art\u0131r\u0131n ve karar alma s\u00fcrecini iyile\u015ftirin.<\/span><\/p>\n<p>&#8221; content_last_edited=&#8221;on|tablet&#8221; _builder_version=&#8221;4.24.2&#8243; _module_preset=&#8221;ba85d141-14c0-47ba-b938-cf054e87c152&#8243; text_font_size=&#8221;18px&#8221; animation_direction=&#8221;left&#8221; hover_enabled=&#8221;0&#8243; text_font_size_tablet=&#8221;&#8221; text_font_size_phone=&#8221;&#8221; text_font_size_last_edited=&#8221;on|phone&#8221; global_colors_info=&#8221;{}&#8221; sticky_enabled=&#8221;0&#8243;]<\/p>\n<p style=\"text-align: center;\"><span style=\"color: #ffffff;\">Lojistik \u015firketlerinin daha verimli \u00e7al\u0131\u015fmas\u0131n\u0131 sa\u011flamak,<\/span><br \/><span style=\"color: #ffffff;\">G\u00f6r\u00fcn\u00fcrl\u00fc\u011f\u00fc art\u0131r\u0131n ve karar alma s\u00fcrecini iyile\u015ftirin.<\/span><\/p>\n<p>[\/et_pb_text][\/et_pb_column][\/et_pb_row][\/et_pb_section][et_pb_section fb_built=&#8221;1&#8243; _builder_version=&#8221;4.24.2&#8243; _module_preset=&#8221;default&#8221; global_colors_info=&#8221;{}&#8221;][et_pb_row column_structure=&#8221;1_4,1_4,1_4,1_4&#8243; _builder_version=&#8221;4.24.2&#8243; _module_preset=&#8221;default&#8221; max_width=&#8221;80%&#8221; global_colors_info=&#8221;{}&#8221;][et_pb_column type=&#8221;1_4&#8243; _builder_version=&#8221;4.24.2&#8243; _module_preset=&#8221;default&#8221; global_colors_info=&#8221;{}&#8221;][tile_boxes heading=&#8221;Otomotiv Tedarik Zinciri Quloi Kullan\u0131m \u00d6rne\u011fi&#8221; articledate=&#8221;05\/17\/2023&#8243; category=&#8221;Use Case&#8221; image=&#8221;https:\/\/quloi.com\/tr\/wp-content\/uploads\/sites\/3\/2024\/05\/Automotive-Whitepaper.jpg&#8221; readmorelink=&#8221;https:\/\/quloi.com\/tr\/kaynaklar\/use-case\/otomotiv-tedarik-zinciri-kullanam-ornegi\/&#8221; _builder_version=&#8221;4.24.2&#8243; _module_preset=&#8221;default&#8221; global_colors_info=&#8221;{}&#8221;][\/tile_boxes][\/et_pb_column][et_pb_column type=&#8221;1_4&#8243; _builder_version=&#8221;4.24.2&#8243; _module_preset=&#8221;default&#8221; global_colors_info=&#8221;{}&#8221;][tile_boxes heading=&#8221;Elektronik Sekt\u00f6r\u00fcnde Tedarik Zincirinin Optimize Edilmesi Quloi Kullan\u0131m \u00d6rne\u011fi&#8221; articledate=&#8221;04\/18\/2023&#8243; category=&#8221;Use Case&#8221; image=&#8221;https:\/\/quloi.com\/tr\/wp-content\/uploads\/sites\/3\/2024\/05\/Electronic-UseCase.jpg&#8221; readmorelink=&#8221;https:\/\/quloi.com\/tr\/kaynaklar\/use-case\/elektronik-tedarik-zincirinin-optimize-edilmesi\/&#8221; _builder_version=&#8221;4.24.2&#8243; _module_preset=&#8221;default&#8221; global_colors_info=&#8221;{}&#8221;][\/tile_boxes][\/et_pb_column][et_pb_column type=&#8221;1_4&#8243; _builder_version=&#8221;4.24.2&#8243; _module_preset=&#8221;default&#8221; global_colors_info=&#8221;{}&#8221;][tile_boxes heading=&#8221;Tedarik\u00e7i Belge Y\u00f6netimi: Quloi Kullan\u0131m \u00d6rne\u011fi&#8221; articledate=&#8221;07\/18\/2023&#8243; category=&#8221;Use Case&#8221; image=&#8221;https:\/\/quloi.com\/tr\/wp-content\/uploads\/sites\/3\/2024\/05\/Supplier-Management.jpg&#8221; readmorelink=&#8221;https:\/\/quloi.com\/tr\/kaynaklar\/use-case\/tedarikci-belge-yonetimi\/&#8221; _builder_version=&#8221;4.24.2&#8243; _module_preset=&#8221;default&#8221; global_colors_info=&#8221;{}&#8221;][\/tile_boxes][\/et_pb_column][et_pb_column type=&#8221;1_4&#8243; _builder_version=&#8221;4.24.2&#8243; _module_preset=&#8221;default&#8221; global_colors_info=&#8221;{}&#8221;][\/et_pb_column][\/et_pb_row][\/et_pb_section][et_pb_section fb_built=&#8221;1&#8243; _builder_version=&#8221;4.24.0&#8243; _module_preset=&#8221;40ea34b4-a956-4683-8cb7-0963fd3e017d&#8221; background_color=&#8221;#0b3b72&#8243; global_colors_info=&#8221;{}&#8221;][et_pb_row _builder_version=&#8221;4.24.2&#8243; _module_preset=&#8221;default&#8221; width=&#8221;90%&#8221; max_width=&#8221;80%&#8221; hover_enabled=&#8221;0&#8243; global_colors_info=&#8221;{}&#8221; animation_style=&#8221;fade&#8221; animation_duration=&#8221;650ms&#8221; sticky_enabled=&#8221;0&#8243;][et_pb_column type=&#8221;4_4&#8243; _builder_version=&#8221;4.23.1&#8243; _module_preset=&#8221;default&#8221; global_colors_info=&#8221;{}&#8221;][et_pb_text content_tablet=&#8221;<\/p>\n<h2 style=%22text-align: center;%22>Tedarik Zincirinizi ba\u015flat\u0131n<br \/>Bug\u00fcn D\u00f6n\u00fc\u015f\u00fcm!<\/h2>\n<p>&#8221; content_phone=&#8221;<\/p>\n<h2 style=%22text-align: left;%22>Tedarik Zincirinizi ba\u015flat\u0131n Bug\u00fcn D\u00f6n\u00fc\u015f\u00fcm!<\/h2>\n<p>&#8221; content_last_edited=&#8221;on|phone&#8221; _builder_version=&#8221;4.24.2&#8243; _module_preset=&#8221;ba85d141-14c0-47ba-b938-cf054e87c152&#8243; header_text_color=&#8221;#1d3e69&#8243; header_font_size=&#8221;48px&#8221; header_line_height=&#8221;1.2em&#8221; header_2_text_color=&#8221;#FFFFFF&#8221; header_2_font_size=&#8221;45px&#8221; header_2_line_height=&#8221;1.1em&#8221; custom_margin=&#8221;20px||||false|false&#8221; animation_direction=&#8221;left&#8221; hover_enabled=&#8221;0&#8243; header_font_size_tablet=&#8221;48px&#8221; header_font_size_phone=&#8221;35px&#8221; header_font_size_last_edited=&#8221;on|phone&#8221; header_line_height_tablet=&#8221;1.2em&#8221; header_line_height_phone=&#8221;1.2em&#8221; header_line_height_last_edited=&#8221;on|phone&#8221; header_2_font_size_tablet=&#8221;45px&#8221; header_2_font_size_phone=&#8221;24px&#8221; header_2_font_size_last_edited=&#8221;on|phone&#8221; global_colors_info=&#8221;{}&#8221; sticky_enabled=&#8221;0&#8243;]<\/p>\n<h2 style=\"text-align: center;\">Tedarik Zincirinizi ba\u015flat\u0131n<br \/>Bug\u00fcn D\u00f6n\u00fc\u015f\u00fcm!<\/h2>\n<p>[\/et_pb_text][et_pb_button button_url=&#8221;https:\/\/quloi.com\/tr\/demo-planla\/&#8221; button_text=&#8221;Demo Planla&#8221; button_alignment=&#8221;center&#8221; button_alignment_tablet=&#8221;center&#8221; button_alignment_phone=&#8221;left&#8221; button_alignment_last_edited=&#8221;on|desktop&#8221; _builder_version=&#8221;4.24.2&#8243; _module_preset=&#8221;default&#8221; custom_button=&#8221;on&#8221; button_text_size=&#8221;18px&#8221; button_text_color=&#8221;#0b3b72&#8243; button_bg_color=&#8221;#FFFFFF&#8221; button_border_width=&#8221;0px&#8221; button_border_radius=&#8221;24px&#8221; animation_direction=&#8221;bottom&#8221; hover_enabled=&#8221;0&#8243; button_text_size_tablet=&#8221;18px&#8221; button_text_size_phone=&#8221;16px&#8221; button_text_size_last_edited=&#8221;on|phone&#8221; global_colors_info=&#8221;{}&#8221; custom_css_main_element_last_edited=&#8221;on|tablet&#8221; custom_css_main_element_tablet=&#8221;width: 100%;||text-align:center;&#8221; custom_css_main_element_phone=&#8221;width: 100%;||text-align:center;&#8221; sticky_enabled=&#8221;0&#8243;][\/et_pb_button][\/et_pb_column][\/et_pb_row][\/et_pb_section]<\/p>\n","protected":false},"excerpt":{"rendered":"<p>Kullan\u0131m \u00d6rne\u011fiG\u00fcncel ve bilgili kalman\u0131n \u00f6nemli oldu\u011funu anl\u0131yoruzS\u00fcrekli geli\u015fen lojistik sekt\u00f6r\u00fcnde hayati \u00f6nem ta\u015f\u0131yor. busize yard\u0131mc\u0131 olmak i\u00e7in neden zengin kaynaklar se\u00e7tik?zorluklar\u0131n ve f\u0131rsatlar\u0131n \u00fcstesinden gelmeklojistik d\u00fcnyas\u0131.Lojistik Kaynaklar\u0131 Merkezi: Tek Dura\u011f\u0131n\u0131zTedarik Zinciri Y\u00f6netiminin HedefiAnalizler ve Ara\u00e7larLojistik \u015firketlerinin daha verimli \u00e7al\u0131\u015fmas\u0131n\u0131 sa\u011flamak,G\u00f6r\u00fcn\u00fcrl\u00fc\u011f\u00fc art\u0131r\u0131n ve karar alma s\u00fcrecini iyile\u015ftirin.<div class=\"et_pb_module tile_boxes tile_boxes_0\">\n\t\t\t\t\n\t\t\t\t\n\t\t\t\t\n\t\t\t\t\n\t\t\t\t\n\t\t\t\t\n\t\t\t\t<div class=\"et_pb_module_inner\">\n\t\t\t\t\t<div class=\"dtq-module dtq-tileboxes\">\r\n\t\t\t\t<div class=\"imagewithcat\">\r\n\t\t\t\t\t<img alt=\"\" src=\"\"\/>\r\n\t\t\t\t\t<div class=\"cats\">&#8221;Use<\/div>\r\n\t\t\t\t<\/div>\r\n\t\t\t\t<span class=\"articledate\">&#8221;05\/17\/2023&#8243;<\/span>\r\n\t\t\t\t<h3 class=\"simp-tilebox_heading\">&#8221;Otomotiv<\/h3>\r\n\t\t\t\t<a href=\"\" class=\"readmore\">Read More<\/span><\/a>\r\n\t\t\t\t<\/div>\n\t\t\t\t<\/div>\n\t\t\t<\/div><\/p>\n","protected":false},"author":4,"featured_media":0,"parent":2005,"menu_order":0,"comment_status":"closed","ping_status":"closed","template":"","meta":{"_et_pb_use_builder":"on","_et_pb_old_content":"","_et_gb_content_width":""},"_links":{"self":[{"href":"https:\/\/quloi.com\/tr\/wp-json\/wp\/v2\/pages\/2549"}],"collection":[{"href":"https:\/\/quloi.com\/tr\/wp-json\/wp\/v2\/pages"}],"about":[{"href":"https:\/\/quloi.com\/tr\/wp-json\/wp\/v2\/types\/page"}],"author":[{"embeddable":true,"href":"https:\/\/quloi.com\/tr\/wp-json\/wp\/v2\/users\/4"}],"replies":[{"embeddable":true,"href":"https:\/\/quloi.com\/tr\/wp-json\/wp\/v2\/comments?post=2549"}],"version-history":[{"count":15,"href":"https:\/\/quloi.com\/tr\/wp-json\/wp\/v2\/pages\/2549\/revisions"}],"predecessor-version":[{"id":6220,"href":"https:\/\/quloi.com\/tr\/wp-json\/wp\/v2\/pages\/2549\/revisions\/6220"}],"up":[{"embeddable":true,"href":"https:\/\/quloi.com\/tr\/wp-json\/wp\/v2\/pages\/2005"}],"wp:attachment":[{"href":"https:\/\/quloi.com\/tr\/wp-json\/wp\/v2\/media?parent=2549"}],"curies":[{"name":"wp","href":"https:\/\/api.w.org\/{rel}","templated":true}]}}