{"id":2681,"date":"2023-05-17T10:21:05","date_gmt":"2023-05-17T10:21:05","guid":{"rendered":"https:\/\/www.quloi.com\/?page_id=2681"},"modified":"2024-05-20T09:47:02","modified_gmt":"2024-05-20T09:47:02","slug":"otomotiv-tedarik-zinciri-kullanam-ornegi","status":"publish","type":"page","link":"https:\/\/quloi.com\/tr\/kaynaklar\/use-case\/otomotiv-tedarik-zinciri-kullanam-ornegi\/","title":{"rendered":"Otomotiv Tedarik Zinciri Kullanam Ornegi"},"content":{"rendered":"<p>[et_pb_section fb_built=&#8221;1&#8243; admin_label=&#8221;Hero&#8221; _builder_version=&#8221;4.20.4&#8243; background_color=&#8221;#0580d9&#8243; background_color_gradient_direction=&#8221;271deg&#8221; background_enable_image=&#8221;off&#8221; min_height=&#8221;64px&#8221; custom_padding=&#8221;66px|0px|100px|0px||&#8221; global_colors_info=&#8221;{}&#8221;][et_pb_row make_equal=&#8221;on&#8221; _builder_version=&#8221;4.20.2&#8243; background_size=&#8221;initial&#8221; background_position=&#8221;top_left&#8221; background_repeat=&#8221;repeat&#8221; custom_margin=&#8221;|auto|-22px|auto||&#8221; custom_padding=&#8221;|||&#8221; global_colors_info=&#8221;{}&#8221;][et_pb_column type=&#8221;4_4&#8243; _builder_version=&#8221;4.16&#8243; custom_padding=&#8221;|||&#8221; custom_padding_tablet=&#8221;20px|10%|0px|10%&#8221; custom_padding_last_edited=&#8221;off|desktop&#8221; global_colors_info=&#8221;{}&#8221; padding_tablet=&#8221;20px|10%|0px|10%&#8221; padding_last_edited=&#8221;off|desktop&#8221; custom_padding__hover=&#8221;|||&#8221;][et_pb_text _builder_version=&#8221;4.24.2&#8243; text_font=&#8221;||||||||&#8221; header_font=&#8221;Poppins|700|||||||&#8221; header_font_size=&#8221;46px&#8221; background_layout=&#8221;dark&#8221; custom_margin=&#8221;0px||0px||false|false&#8221; animation_direction=&#8221;top&#8221; global_colors_info=&#8221;{}&#8221;]<\/p>\n<h1 style=\"text-align: center;\">Otomotiv Tedarik Zinciri &#8211;<br \/>Quloi Kullan\u0131m \u00d6rne\u011fi<\/h1>\n<p>[\/et_pb_text][\/et_pb_column][\/et_pb_row][\/et_pb_section][et_pb_section fb_built=&#8221;1&#8243; _builder_version=&#8221;4.20.4&#8243; _module_preset=&#8221;default&#8221; custom_padding=&#8221;6vh|0px|6vh||true|false&#8221; global_colors_info=&#8221;{}&#8221;][et_pb_row _builder_version=&#8221;4.20.4&#8243; _module_preset=&#8221;default&#8221; global_colors_info=&#8221;{}&#8221;][et_pb_column type=&#8221;4_4&#8243; _builder_version=&#8221;4.20.4&#8243; _module_preset=&#8221;default&#8221; global_colors_info=&#8221;{}&#8221;][et_pb_text _builder_version=&#8221;4.24.2&#8243; _module_preset=&#8221;default&#8221; header_2_font_size=&#8221;38px&#8221; header_2_line_height=&#8221;1.2em&#8221; custom_padding=&#8221;30px||||false|false&#8221; custom_padding_tablet=&#8221;30px||||false|false&#8221; custom_padding_phone=&#8221;30px||||false|false&#8221; custom_padding_last_edited=&#8221;on|phone&#8221; global_colors_info=&#8221;{}&#8221;]<\/p>\n<h2 style=\"text-align: center;\">Dijitalle\u015fme ve \u0130\u015fbirli\u011fi Yoluyla Otomotiv Tedarik Zincirinin Optimize Edilmesi<\/h2>\n<p>[\/et_pb_text][\/et_pb_column][\/et_pb_row][et_pb_row column_structure=&#8221;1_2,1_2&#8243; _builder_version=&#8221;4.20.4&#8243; _module_preset=&#8221;default&#8221; custom_margin_tablet=&#8221;&#8221; custom_margin_phone=&#8221;&#8221; custom_margin_last_edited=&#8221;on|phone&#8221; global_colors_info=&#8221;{}&#8221;][et_pb_column type=&#8221;1_2&#8243; _builder_version=&#8221;4.20.4&#8243; _module_preset=&#8221;default&#8221; global_colors_info=&#8221;{}&#8221;][et_pb_text _builder_version=&#8221;4.24.2&#8243; _module_preset=&#8221;default&#8221; text_text_color=&#8221;#424242&#8243; custom_margin=&#8221;60px||0px||false|false&#8221; custom_margin_tablet=&#8221;60px||0px||false|false&#8221; custom_margin_phone=&#8221;20px||0px||false|false&#8221; custom_margin_last_edited=&#8221;on|phone&#8221; global_colors_info=&#8221;{}&#8221;]<\/p>\n<p>Tedarik zincirinde ya\u015fanan aksakl\u0131klar otomotiv sekt\u00f6r\u00fcn\u00fc ciddi \u015fekilde etkilemi\u015f, teslim s\u00fcreleri alt\u0131 ay veya daha uzun bir s\u00fcreye yay\u0131lm\u0131\u015ft\u0131r.<\/p>\n<p>Manuel sistemler, eski teknolojiler ve tedarik zinciri g\u00f6r\u00fcn\u00fcrl\u00fc\u011f\u00fc eksikli\u011fi, en iyi tedarik\u00e7ilerle etkili i\u015fbirli\u011fini engellemektedir.<\/p>\n<p>Otomotiv end\u00fcstrisi, s\u00fcre\u00e7leri d\u00f6n\u00fc\u015ft\u00fcrmek ve bu zorluklar\u0131n \u00fcstesinden gelmek i\u00e7in dijitalle\u015fmeye y\u00f6neliyor.<\/p>\n<p>Dijital \u00e7\u00f6z\u00fcmlerin uygulanmas\u0131, zaman\u0131nda ve eksiksiz performans a\u00e7\u0131s\u0131ndan %5 veya daha fazla iyile\u015fme sa\u011flayabilir.<\/p>\n<p>\u0130yile\u015ftirilmi\u015f teslim s\u00fcresi do\u011frulu\u011fu ve tedarik zinciri g\u00f6r\u00fcn\u00fcrl\u00fc\u011f\u00fc, envanter d\u00f6n\u00fc\u015flerinde ve zaman\u0131nda teslimatta %10 veya daha fazla iyile\u015fme sa\u011flar.<\/p>\n<p>Otomotiv tedarik zincirinizi optimize ederek operasyonel tasarruf sa\u011flay\u0131n, kesintileri azalt\u0131n ve m\u00fc\u015fteri memnuniyetini art\u0131r\u0131n.<span style=\"color: #666666;\"><\/span><\/p>\n<p>[\/et_pb_text][et_pb_text _builder_version=&#8221;4.24.2&#8243; _module_preset=&#8221;default&#8221; custom_margin=&#8221;||30px||false|false&#8221; custom_padding=&#8221;30px||||false|false&#8221; global_colors_info=&#8221;{}&#8221;]<\/p>\n<p>Kullan\u0131m \u00f6rne\u011fini indirmek ve otomotiv sekt\u00f6r\u00fcnde dijitalle\u015fmenin t\u00fcm potansiyelini ortaya \u00e7\u0131karmak i\u00e7in l\u00fctfen formu doldurun.<\/p>\n<p>Otomotiv Kullan\u0131m \u00d6rne\u011fi<\/p>\n<p>[\/et_pb_text][\/et_pb_column][et_pb_column type=&#8221;1_2&#8243; _builder_version=&#8221;4.20.4&#8243; _module_preset=&#8221;default&#8221; global_colors_info=&#8221;{}&#8221;][et_pb_code _builder_version=&#8221;4.24.2&#8243; _module_preset=&#8221;default&#8221; custom_margin=&#8221;0px||0px||false|false&#8221; hover_enabled=&#8221;0&#8243; global_colors_info=&#8221;{}&#8221; sticky_enabled=&#8221;0&#8243;]<iframe aria-label='Otomotiv Tedarik Zinciri Quloi Kullan\u0131m \u00d6rne\u011fi' frameborder=\"0\" style=\"height:850px;width:99%;border:none;\" src='https:\/\/forms.zohopublic.in\/quloiportal712\/form\/OtomotivTedarikZinciriQuloiKullanmrnei\/formperma\/0hRBpmxZsoHd1atpEqpilLdU3xx6U4wycllAHxnMiEo'><\/iframe>[\/et_pb_code][\/et_pb_column][\/et_pb_row][\/et_pb_section]<\/p>\n","protected":false},"excerpt":{"rendered":"<p>Otomotiv Tedarik Zinciri -Quloi Kullan\u0131m \u00d6rne\u011fiDijitalle\u015fme ve \u0130\u015fbirli\u011fi Yoluyla Otomotiv Tedarik Zincirinin Optimize EdilmesiTedarik zincirinde ya\u015fanan aksakl\u0131klar otomotiv sekt\u00f6r\u00fcn\u00fc ciddi \u015fekilde etkilemi\u015f, teslim s\u00fcreleri alt\u0131 ay veya daha uzun bir s\u00fcreye yay\u0131lm\u0131\u015ft\u0131r. Manuel sistemler, eski teknolojiler ve tedarik zinciri g\u00f6r\u00fcn\u00fcrl\u00fc\u011f\u00fc eksikli\u011fi, en iyi tedarik\u00e7ilerle etkili i\u015fbirli\u011fini engellemektedir. Otomotiv end\u00fcstrisi, s\u00fcre\u00e7leri d\u00f6n\u00fc\u015ft\u00fcrmek ve bu zorluklar\u0131n \u00fcstesinden [&hellip;]<\/p>\n","protected":false},"author":4,"featured_media":0,"parent":2549,"menu_order":0,"comment_status":"closed","ping_status":"closed","template":"","meta":{"_et_pb_use_builder":"on","_et_pb_old_content":"","_et_gb_content_width":""},"_links":{"self":[{"href":"https:\/\/quloi.com\/tr\/wp-json\/wp\/v2\/pages\/2681"}],"collection":[{"href":"https:\/\/quloi.com\/tr\/wp-json\/wp\/v2\/pages"}],"about":[{"href":"https:\/\/quloi.com\/tr\/wp-json\/wp\/v2\/types\/page"}],"author":[{"embeddable":true,"href":"https:\/\/quloi.com\/tr\/wp-json\/wp\/v2\/users\/4"}],"replies":[{"embeddable":true,"href":"https:\/\/quloi.com\/tr\/wp-json\/wp\/v2\/comments?post=2681"}],"version-history":[{"count":4,"href":"https:\/\/quloi.com\/tr\/wp-json\/wp\/v2\/pages\/2681\/revisions"}],"predecessor-version":[{"id":5733,"href":"https:\/\/quloi.com\/tr\/wp-json\/wp\/v2\/pages\/2681\/revisions\/5733"}],"up":[{"embeddable":true,"href":"https:\/\/quloi.com\/tr\/wp-json\/wp\/v2\/pages\/2549"}],"wp:attachment":[{"href":"https:\/\/quloi.com\/tr\/wp-json\/wp\/v2\/media?parent=2681"}],"curies":[{"name":"wp","href":"https:\/\/api.w.org\/{rel}","templated":true}]}}