{"id":2870,"date":"2023-06-20T05:20:37","date_gmt":"2023-06-20T05:20:37","guid":{"rendered":"https:\/\/www.quloi.com\/?page_id=2870"},"modified":"2024-06-21T10:43:31","modified_gmt":"2024-06-21T10:43:31","slug":"tedarik-zincirinin-dijitallesmesi-ilk-kilometre-ile-basliyor","status":"publish","type":"page","link":"https:\/\/quloi.com\/tr\/kaynaklar\/whitepaper\/tedarik-zincirinin-dijitallesmesi-ilk-kilometre-ile-basliyor\/","title":{"rendered":"tedarik zincirinin dijitallesmesi ilk kilometre ile basliyor"},"content":{"rendered":"\n[et_pb_section fb_built=&#8221;1&#8243; admin_label=&#8221;Hero&#8221; _builder_version=&#8221;4.20.4&#8243; background_color=&#8221;#0580f2&#8243; background_color_gradient_direction=&#8221;271deg&#8221; background_enable_image=&#8221;off&#8221; min_height=&#8221;64px&#8221; custom_padding=&#8221;66px|0px|100px|0px||&#8221; global_colors_info=&#8221;{}&#8221;][et_pb_row make_equal=&#8221;on&#8221; _builder_version=&#8221;4.20.2&#8243; background_size=&#8221;initial&#8221; background_position=&#8221;top_left&#8221; background_repeat=&#8221;repeat&#8221; custom_margin=&#8221;|auto|-22px|auto||&#8221; custom_padding=&#8221;|||&#8221; global_colors_info=&#8221;{}&#8221;][et_pb_column type=&#8221;4_4&#8243; _builder_version=&#8221;4.16&#8243; custom_padding=&#8221;|||&#8221; custom_padding_tablet=&#8221;20px|10%|0px|10%&#8221; custom_padding_last_edited=&#8221;off|desktop&#8221; global_colors_info=&#8221;{}&#8221; padding_tablet=&#8221;20px|10%|0px|10%&#8221; padding_last_edited=&#8221;off|desktop&#8221; custom_padding__hover=&#8221;|||&#8221;][et_pb_text _builder_version=&#8221;4.24.2&#8243; _module_preset=&#8221;default&#8221; header_2_text_color=&#8221;#FFFFFF&#8221; header_2_font_size=&#8221;38px&#8221; header_2_line_height=&#8221;1.2em&#8221; custom_padding=&#8221;||0px||false|false&#8221; hover_enabled=&#8221;0&#8243; global_colors_info=&#8221;{}&#8221; sticky_enabled=&#8221;0&#8243; text_font_size=&#8221;48px&#8221; header_font_size=&#8221;48px&#8221;]<h1 style=\"text-align: center;\"><span style=\"color: #ffffff;\">Tedarik Zincirinin Dijitalle\u015fmesi \u0130lk Kilometre ile Ba\u015fl\u0131yor<\/span><\/h1>[\/et_pb_text][\/et_pb_column][\/et_pb_row][\/et_pb_section][et_pb_section fb_built=&#8221;1&#8243; _builder_version=&#8221;4.20.4&#8243; _module_preset=&#8221;default&#8221; custom_padding=&#8221;6vh|0px|6vh||true|false&#8221; global_colors_info=&#8221;{}&#8221;][et_pb_row column_structure=&#8221;1_2,1_2&#8243; _builder_version=&#8221;4.20.4&#8243; _module_preset=&#8221;default&#8221; global_colors_info=&#8221;{}&#8221;][et_pb_column type=&#8221;1_2&#8243; _builder_version=&#8221;4.20.4&#8243; _module_preset=&#8221;default&#8221; global_colors_info=&#8221;{}&#8221;][et_pb_text _builder_version=&#8221;4.24.2&#8243; _module_preset=&#8221;default&#8221; text_font=&#8221;Poppins|500|||||||&#8221; custom_margin=&#8221;30px||0px||false|false&#8221; custom_padding=&#8221;||0px|||&#8221; global_colors_info=&#8221;{}&#8221;]<p>K\u00fcresel tedarik zinciri sekt\u00f6r\u00fc, COVID-19 salg\u0131n\u0131 ve de\u011fi\u015fen m\u00fc\u015fteri beklentileriyle daha da g\u00fc\u00e7lenen \u00f6nemli zorluklar ve aksakl\u0131klarla kar\u015f\u0131 kar\u015f\u0131ya kalm\u0131\u015ft\u0131r. Bu engelleri a\u015fmak ve dayan\u0131kl\u0131l\u0131k olu\u015fturmak i\u00e7in dijitalle\u015fme ve yenilik\u00e7i teknolojiler zorunlu hale gelmi\u015ftir.<\/p>\n<p>\u0130lk kilometre, verimli s\u00fcre\u00e7ler, do\u011fru teslim s\u00fcreleri ve \u00fcr\u00fcnlerin daha h\u0131zl\u0131 teslimat\u0131 i\u00e7in temel olu\u015fturur.<\/p>\n<p>\u0130lk kilometrenin dijital d\u00f6n\u00fc\u015f\u00fcm\u00fc u\u00e7tan uca g\u00f6r\u00fcn\u00fcrl\u00fck sa\u011flar, i\u015f orta\u011f\u0131 i\u015fbirli\u011fini geli\u015ftirir, do\u011fru teslim s\u00fcresi tahminleri sa\u011flar ve sonu\u00e7 odakl\u0131 sonu\u00e7lar\u0131 y\u00f6nlendirir.<\/p>\n<p>Dijitalle\u015fme ile \u015firketler verimli ileti\u015fim, proaktif aksakl\u0131k y\u00f6netimi ve optimize edilmi\u015f operasyonel ve mali performans elde edebilirler.<\/p>[\/et_pb_text][et_pb_text _builder_version=&#8221;4.24.2&#8243; _module_preset=&#8221;default&#8221; custom_margin=&#8221;||30px||false|false&#8221; custom_padding=&#8221;20px||||false|false&#8221; global_colors_info=&#8221;{}&#8221;]<p style=\"text-align: left;\">Hemen indirin ve esnek, verimli ve gelece\u011fe haz\u0131r bir tedarik zincirinin s\u0131rlar\u0131n\u0131 a\u00e7\u0131\u011fa \u00e7\u0131kar\u0131n. D\u00f6n\u00fc\u015f\u00fcm ilk kilometre ile ba\u015flar.<\/p>\n<p style=\"text-align: left;\">\u00dccretsiz kopyan\u0131z\u0131 indirin!<\/p>[\/et_pb_text][\/et_pb_column][et_pb_column type=&#8221;1_2&#8243; _builder_version=&#8221;4.20.4&#8243; _module_preset=&#8221;default&#8221; global_colors_info=&#8221;{}&#8221;][et_pb_code _builder_version=&#8221;4.24.2&#8243; _module_preset=&#8221;default&#8221; custom_margin=&#8221;0px||0px||false|false&#8221; custom_padding=&#8221;0px||0px||false|false&#8221; hover_enabled=&#8221;0&#8243; global_colors_info=&#8221;{}&#8221; sticky_enabled=&#8221;0&#8243;]<iframe aria-label='Tedarik Zincirinin Dijitalle\u015fmesi \u0130lk Kilometre ile Ba\u015fl\u0131yor' frameborder=\"0\" style=\"height:850px;width:99%;border:none;\" src='https:\/\/forms.zohopublic.in\/quloiportal712\/form\/TedarikZincirininDijitallemesilkKilometreileBalyor\/formperma\/MuO_MUbXNLJazuWFtIvlDL5T_MzF3cEqMrgK5zZGhPo'><\/iframe>[\/et_pb_code][\/et_pb_column][\/et_pb_row][\/et_pb_section]\n","protected":false},"excerpt":{"rendered":"<p>Tedarik Zincirinin Dijitalle\u015fmesi \u0130lk Kilometre ile Ba\u015fl\u0131yorK\u00fcresel tedarik zinciri sekt\u00f6r\u00fc, COVID-19 salg\u0131n\u0131 ve de\u011fi\u015fen m\u00fc\u015fteri beklentileriyle daha da g\u00fc\u00e7lenen \u00f6nemli zorluklar ve aksakl\u0131klarla kar\u015f\u0131 kar\u015f\u0131ya kalm\u0131\u015ft\u0131r. Bu engelleri a\u015fmak ve dayan\u0131kl\u0131l\u0131k olu\u015fturmak i\u00e7in dijitalle\u015fme ve yenilik\u00e7i teknolojiler zorunlu hale gelmi\u015ftir. \u0130lk kilometre, verimli s\u00fcre\u00e7ler, do\u011fru teslim s\u00fcreleri ve \u00fcr\u00fcnlerin daha h\u0131zl\u0131 teslimat\u0131 i\u00e7in temel olu\u015fturur. [&hellip;]<\/p>\n","protected":false},"author":4,"featured_media":6116,"parent":2422,"menu_order":0,"comment_status":"closed","ping_status":"closed","template":"","meta":{"_et_pb_use_builder":"on","_et_pb_old_content":"","_et_gb_content_width":""},"_links":{"self":[{"href":"https:\/\/quloi.com\/tr\/wp-json\/wp\/v2\/pages\/2870"}],"collection":[{"href":"https:\/\/quloi.com\/tr\/wp-json\/wp\/v2\/pages"}],"about":[{"href":"https:\/\/quloi.com\/tr\/wp-json\/wp\/v2\/types\/page"}],"author":[{"embeddable":true,"href":"https:\/\/quloi.com\/tr\/wp-json\/wp\/v2\/users\/4"}],"replies":[{"embeddable":true,"href":"https:\/\/quloi.com\/tr\/wp-json\/wp\/v2\/comments?post=2870"}],"version-history":[{"count":7,"href":"https:\/\/quloi.com\/tr\/wp-json\/wp\/v2\/pages\/2870\/revisions"}],"predecessor-version":[{"id":6117,"href":"https:\/\/quloi.com\/tr\/wp-json\/wp\/v2\/pages\/2870\/revisions\/6117"}],"up":[{"embeddable":true,"href":"https:\/\/quloi.com\/tr\/wp-json\/wp\/v2\/pages\/2422"}],"wp:featuredmedia":[{"embeddable":true,"href":"https:\/\/quloi.com\/tr\/wp-json\/wp\/v2\/media\/6116"}],"wp:attachment":[{"href":"https:\/\/quloi.com\/tr\/wp-json\/wp\/v2\/media?parent=2870"}],"curies":[{"name":"wp","href":"https:\/\/api.w.org\/{rel}","templated":true}]}}