{"id":2894,"date":"2023-07-10T05:51:12","date_gmt":"2023-07-10T05:51:12","guid":{"rendered":"https:\/\/www.quloi.com\/?page_id=2894"},"modified":"2024-07-18T05:44:28","modified_gmt":"2024-07-18T05:44:28","slug":"blog","status":"publish","type":"page","link":"https:\/\/quloi.com\/tr\/kaynaklar\/blog\/","title":{"rendered":"Blog"},"content":{"rendered":"<p>[et_pb_section fb_built=&#8221;1&#8243; _builder_version=&#8221;4.24.2&#8243; _module_preset=&#8221;e187fe09-865f-4ed2-93f6-a6e9a4850488&#8243; background_enable_color=&#8221;off&#8221; use_background_color_gradient=&#8221;on&#8221; background_color_gradient_direction=&#8221;131deg&#8221; background_color_gradient_stops=&#8221;#001035 0%|rgba(0,11,73,0.84) 100%&#8221; background_color_gradient_overlays_image=&#8221;on&#8221; background_image=&#8221;https:\/\/quloi.com\/wp-content\/uploads\/2024\/02\/Image-Integrated-Supply-Chain.png&#8221; min_height=&#8221;322px&#8221; custom_margin=&#8221;-15px||||false|false&#8221; custom_padding=&#8221;6vh||6vh||false|false&#8221; locked=&#8221;off&#8221; global_colors_info=&#8221;{}&#8221;][et_pb_row _builder_version=&#8221;4.24.2&#8243; _module_preset=&#8221;default&#8221; max_width=&#8221;80%&#8221; hover_enabled=&#8221;0&#8243; global_colors_info=&#8221;{}&#8221; animation_style=&#8221;fade&#8221; animation_duration=&#8221;650ms&#8221; sticky_enabled=&#8221;0&#8243;][et_pb_column type=&#8221;4_4&#8243; _builder_version=&#8221;4.23.1&#8243; _module_preset=&#8221;default&#8221; global_colors_info=&#8221;{}&#8221;][et_pb_text content_tablet=&#8221;<\/p>\n<h1>Blog<\/h1>\n<\/p>\n<p>&#8221; content_phone=&#8221;<\/p>\n<h1>Blog<\/h1>\n<p>&#8221; content_last_edited=&#8221;on|tablet&#8221; _builder_version=&#8221;4.24.2&#8243; _module_preset=&#8221;16fddf19-ba97-423a-824a-6e41a533e646&#8243; text_text_color=&#8221;#FFFFFF&#8221; text_font_size=&#8221;27px&#8221; header_font=&#8221;|600|||||||&#8221; header_text_color=&#8221;#FFFFFF&#8221; header_font_size=&#8221;60px&#8221; header_line_height=&#8221;1.1em&#8221; text_orientation=&#8221;center&#8221; height=&#8221;73px&#8221; custom_margin=&#8221;30px||1px||false|false&#8221; custom_margin_tablet=&#8221;20px||||false|false&#8221; custom_margin_phone=&#8221;20px||||false|false&#8221; custom_margin_last_edited=&#8221;on|tablet&#8221; animation_direction=&#8221;top&#8221; hover_enabled=&#8221;0&#8243; header_font_tablet=&#8221;&#8221; header_font_phone=&#8221;&#8221; header_font_last_edited=&#8221;on|tablet&#8221; header_font_size_tablet=&#8221;55px&#8221; header_font_size_phone=&#8221;35px&#8221; header_font_size_last_edited=&#8221;on|phone&#8221; global_colors_info=&#8221;{}&#8221; sticky_enabled=&#8221;0&#8243;]<\/p>\n<h1>Bloglar<\/h1>\n<p>[\/et_pb_text][et_pb_text content_tablet=&#8221;<\/p>\n<p>We understand that staying updated and informed is<br \/>crucial in the ever-evolving logistics industry. That&#8217;s<br \/>why we&#8217;ve curated a wealth of resources to help you<br \/>navigate the challenges and opportunities of the<br \/>logistics world.<\/p>\n<p>&#8221; content_phone=&#8221;<\/p>\n<p>We understand that staying updated and informed is crucial in the ever-evolving logistics industry.<\/p>\n<p>That&#8217;s why we&#8217;ve curated a wealth of resources to help you navigate the challenges and opportunities of the<br \/>logistics world.<\/p>\n<p>&#8221; content_last_edited=&#8221;on|phone&#8221; _builder_version=&#8221;4.24.2&#8243; _module_preset=&#8221;16fddf19-ba97-423a-824a-6e41a533e646&#8243; text_font=&#8221;||||||||&#8221; text_text_color=&#8221;#FFFFFF&#8221; text_font_size=&#8221;17px&#8221; text_line_height=&#8221;1.4em&#8221; text_orientation=&#8221;center&#8221; width=&#8221;54%&#8221; module_alignment=&#8221;center&#8221; custom_margin=&#8221;20px||0px||false|false&#8221; animation_direction=&#8221;left&#8221; hover_enabled=&#8221;0&#8243; text_font_size_tablet=&#8221;&#8221; text_font_size_phone=&#8221;&#8221; text_font_size_last_edited=&#8221;on|phone&#8221; global_colors_info=&#8221;{}&#8221; sticky_enabled=&#8221;0&#8243;]<\/p>\n<p>\u00dcreticiler, distrib\u00fct\u00f6rler, tedarik zinciri, lojistik ve ta\u015f\u0131mac\u0131l\u0131k profesyonelleri i\u00e7in en son sekt\u00f6r yorumlar\u0131, i\u00e7g\u00f6r\u00fcler ve perspektifler.<\/p>\n<p>[\/et_pb_text][\/et_pb_column][\/et_pb_row][\/et_pb_section][et_pb_section fb_built=&#8221;1&#8243; _builder_version=&#8221;4.24.2&#8243; _module_preset=&#8221;default&#8221; global_colors_info=&#8221;{}&#8221;][et_pb_row _builder_version=&#8221;4.24.2&#8243; _module_preset=&#8221;default&#8221; global_colors_info=&#8221;{}&#8221;][et_pb_column type=&#8221;4_4&#8243; _builder_version=&#8221;4.24.2&#8243; _module_preset=&#8221;default&#8221; global_colors_info=&#8221;{}&#8221;][et_pb_blog fullwidth=&#8221;off&#8221; posts_number=&#8221;8&#8243; include_categories=&#8221;4&#8243; show_author=&#8221;off&#8221; show_categories=&#8221;off&#8221; _builder_version=&#8221;4.24.2&#8243; _module_preset=&#8221;default&#8221; global_colors_info=&#8221;{}&#8221;][\/et_pb_blog][\/et_pb_column][\/et_pb_row][\/et_pb_section]<\/p>\n","protected":false},"excerpt":{"rendered":"<p>Bloglar\u00dcreticiler, distrib\u00fct\u00f6rler, tedarik zinciri, lojistik ve ta\u015f\u0131mac\u0131l\u0131k profesyonelleri i\u00e7in en son sekt\u00f6r yorumlar\u0131, i\u00e7g\u00f6r\u00fcler ve perspektifler.<\/p>\n","protected":false},"author":4,"featured_media":0,"parent":2005,"menu_order":0,"comment_status":"closed","ping_status":"closed","template":"","meta":{"_et_pb_use_builder":"on","_et_pb_old_content":"","_et_gb_content_width":""},"_links":{"self":[{"href":"https:\/\/quloi.com\/tr\/wp-json\/wp\/v2\/pages\/2894"}],"collection":[{"href":"https:\/\/quloi.com\/tr\/wp-json\/wp\/v2\/pages"}],"about":[{"href":"https:\/\/quloi.com\/tr\/wp-json\/wp\/v2\/types\/page"}],"author":[{"embeddable":true,"href":"https:\/\/quloi.com\/tr\/wp-json\/wp\/v2\/users\/4"}],"replies":[{"embeddable":true,"href":"https:\/\/quloi.com\/tr\/wp-json\/wp\/v2\/comments?post=2894"}],"version-history":[{"count":10,"href":"https:\/\/quloi.com\/tr\/wp-json\/wp\/v2\/pages\/2894\/revisions"}],"predecessor-version":[{"id":6218,"href":"https:\/\/quloi.com\/tr\/wp-json\/wp\/v2\/pages\/2894\/revisions\/6218"}],"up":[{"embeddable":true,"href":"https:\/\/quloi.com\/tr\/wp-json\/wp\/v2\/pages\/2005"}],"wp:attachment":[{"href":"https:\/\/quloi.com\/tr\/wp-json\/wp\/v2\/media?parent=2894"}],"curies":[{"name":"wp","href":"https:\/\/api.w.org\/{rel}","templated":true}]}}