{"id":2905,"date":"2023-07-10T15:37:55","date_gmt":"2023-07-10T15:37:55","guid":{"rendered":"https:\/\/www.quloi.com\/?page_id=2905"},"modified":"2024-11-25T08:30:03","modified_gmt":"2024-11-25T08:30:03","slug":"tedarik-zincirinizdeki-gizli-maliyetleri-azaltin","status":"publish","type":"page","link":"https:\/\/quloi.com\/tr\/kaynaklar\/whitepaper\/tedarik-zincirinizdeki-gizli-maliyetleri-azaltin\/","title":{"rendered":"Cut the Hidden Cost From Your Supply Chain"},"content":{"rendered":"\n\n\n[et_pb_section fb_built=&#8221;1&#8243; admin_label=&#8221;Hero&#8221; _builder_version=&#8221;4.20.4&#8243; background_color=&#8221;#0580f2&#8243; background_color_gradient_direction=&#8221;271deg&#8221; background_enable_image=&#8221;off&#8221; min_height=&#8221;64px&#8221; custom_padding=&#8221;66px|0px|100px|0px||&#8221; global_colors_info=&#8221;{}&#8221;][et_pb_row make_equal=&#8221;on&#8221; _builder_version=&#8221;4.20.2&#8243; background_size=&#8221;initial&#8221; background_position=&#8221;top_left&#8221; background_repeat=&#8221;repeat&#8221; custom_margin=&#8221;|auto|-22px|auto||&#8221; custom_padding=&#8221;|||&#8221; global_colors_info=&#8221;{}&#8221;][et_pb_column type=&#8221;4_4&#8243; _builder_version=&#8221;4.16&#8243; custom_padding=&#8221;|||&#8221; custom_padding_tablet=&#8221;20px|10%|0px|10%&#8221; custom_padding_last_edited=&#8221;off|desktop&#8221; global_colors_info=&#8221;{}&#8221; padding_tablet=&#8221;20px|10%|0px|10%&#8221; padding_last_edited=&#8221;off|desktop&#8221; custom_padding__hover=&#8221;|||&#8221;][et_pb_text _builder_version=&#8221;4.24.2&#8243; text_font=&#8221;||||||||&#8221; header_font=&#8221;Poppins|700|||||||&#8221; header_font_size=&#8221;48px&#8221; background_layout=&#8221;dark&#8221; custom_margin=&#8221;0px||0px||false|false&#8221; animation_style=&#8221;flip&#8221; animation_direction=&#8221;top&#8221; hover_enabled=&#8221;0&#8243; global_colors_info=&#8221;{}&#8221; header_font_size_last_edited=&#8221;on|desktop&#8221; sticky_enabled=&#8221;0&#8243; header_line_height=&#8221;1.2em&#8221; header_font_size_tablet=&#8221;48px&#8221; header_font_size_phone=&#8221;48px&#8221;]<h1 style=\"text-align: center;\">Tedarik Zincirinizdeki Gizli Maliyetleri Azalt\u0131n: Tedarik\u00e7i \u0130\u015fbirli\u011fi ile<br \/>Verimlili\u011fi Art\u0131r\u0131n<\/h1>[\/et_pb_text][\/et_pb_column][\/et_pb_row][\/et_pb_section][et_pb_section fb_built=&#8221;1&#8243; _builder_version=&#8221;4.20.4&#8243; _module_preset=&#8221;default&#8221; custom_padding=&#8221;6vh|0px|6vh||true|false&#8221; global_colors_info=&#8221;{}&#8221;][et_pb_row column_structure=&#8221;1_2,1_2&#8243; _builder_version=&#8221;4.20.4&#8243; _module_preset=&#8221;default&#8221; global_colors_info=&#8221;{}&#8221;][et_pb_column type=&#8221;1_2&#8243; _builder_version=&#8221;4.20.4&#8243; _module_preset=&#8221;default&#8221; global_colors_info=&#8221;{}&#8221;][et_pb_text _builder_version=&#8221;4.24.2&#8243; _module_preset=&#8221;default&#8221; global_colors_info=&#8221;{}&#8221;]<p>Tedarik zinciri liderlerinin %100&#8217;\u00fc i\u00e7 payda\u015flarla etkili bir \u015fekilde i\u015fbirli\u011fi yapmakta sorun ya\u015farken, %95&#8217;i d\u0131\u015f payda\u015flarla i\u015fbirli\u011fi yapmakta zorlanmaktad\u0131r.<\/p>\n<p>Tedarik\u00e7i i\u015fbirli\u011fine \u00f6ncelik veren \u015firketler, benzerlerine k\u0131yasla %19 daha fazla tedarik zinciri maliyeti azalt\u0131m\u0131 elde ediyor.<\/p>\n<p>Haziran 2023 i\u00e7in ABD Ticari Envanter\/Sat\u0131\u015f Oran\u0131 bir y\u0131l \u00f6nceki 1,31 seviyesinden %7 art\u0131\u015fla 1,40 olarak ger\u00e7ekle\u015fmi\u015ftir.<\/p>\n<p>Bir\u00e7ok kurulu\u015fun d\u00fc\u015f\u00fck kalite maliyetleri sat\u0131\u015f gelirlerinin %15-20&#8217;sine kadar \u00e7\u0131kmaktad\u0131r.<\/p>\n<p>Tedarik\u00e7i i\u015fbirli\u011fine \u00f6ncelik veren kurulu\u015flar, operasyonel maliyetleri azaltarak ve k\u00e2r\u0131 en \u00fcst d\u00fczeye \u00e7\u0131kararak \u00f6nemli bir i\u015f b\u00fcy\u00fcmesinin kilidini a\u00e7t\u0131.<\/p>\n<p>Tedarik Zinciri Liderlerinin %49&#8217;u ger\u00e7ek zamanl\u0131 veri bilgilerini yakalayabiliyor ve hemen harekete ge\u00e7ebiliyor.<\/p>\n<p>&nbsp;<\/p>[\/et_pb_text][\/et_pb_column][et_pb_column type=&#8221;1_2&#8243; _builder_version=&#8221;4.20.4&#8243; _module_preset=&#8221;default&#8221; global_colors_info=&#8221;{}&#8221;][et_pb_text _builder_version=&#8221;4.24.2&#8243; _module_preset=&#8221;default&#8221; custom_margin=&#8221;||30px||false|false&#8221; global_colors_info=&#8221;{}&#8221;]<p style=\"text-align: left;\">Tedarik Zinciri Verimlili\u011finizi Art\u0131r\u0131n: Tedarik\u00e7i \u0130\u015fbirli\u011finin S\u0131rlar\u0131n\u0131 Ortaya \u00c7\u0131karmak &#8211; Son Teknoloji \u0130\u00e7g\u00f6r\u00fcler i\u00e7in Hemen \u0130ndirin!<\/p>[\/et_pb_text][et_pb_text _builder_version=&#8221;4.24.2&#8243; _module_preset=&#8221;default&#8221; header_3_font=&#8221;Poppins||||||||&#8221; header_3_font_size=&#8221;30px&#8221; header_3_line_height=&#8221;1.2em&#8221; custom_margin=&#8221;||30px||false|false&#8221; global_colors_info=&#8221;{}&#8221;]<p>\u015eimdi indirin!<\/p>[\/et_pb_text][et_pb_code _builder_version=&#8221;4.24.2&#8243; _module_preset=&#8221;default&#8221; hover_enabled=&#8221;0&#8243; global_colors_info=&#8221;{}&#8221; sticky_enabled=&#8221;0&#8243;]<iframe aria-label='Tedarik Zincirinizdeki Gizli Maliyetleri Azalt\u0131n: Tedarik\u00e7i \u0130\u015fbirli\u011fi ile Verimlili\u011fi Art\u0131r\u0131n' frameborder=\"0\" style=\"height:850px;width:99%;border:none;\" src='https:\/\/forms.zohopublic.in\/quloiportal712\/form\/TedarikZincirinizdekiGizliMaliyetleriAzaltnTedarik\/formperma\/F-VErkdhsG2YltxwKScCYmzg3WOY-s407OY_8hJ3wfs'><\/iframe>[\/et_pb_code][\/et_pb_column][\/et_pb_row][\/et_pb_section]\n\n\n","protected":false},"excerpt":{"rendered":"<p>Tedarik Zincirinizdeki Gizli Maliyetleri Azalt\u0131n: Tedarik\u00e7i \u0130\u015fbirli\u011fi ileVerimlili\u011fi Art\u0131r\u0131nTedarik zinciri liderlerinin %100&#8217;\u00fc i\u00e7 payda\u015flarla etkili bir \u015fekilde i\u015fbirli\u011fi yapmakta sorun ya\u015farken, %95&#8217;i d\u0131\u015f payda\u015flarla i\u015fbirli\u011fi yapmakta zorlanmaktad\u0131r. Tedarik\u00e7i i\u015fbirli\u011fine \u00f6ncelik veren \u015firketler, benzerlerine k\u0131yasla %19 daha fazla tedarik zinciri maliyeti azalt\u0131m\u0131 elde ediyor. Haziran 2023 i\u00e7in ABD Ticari Envanter\/Sat\u0131\u015f Oran\u0131 bir y\u0131l \u00f6nceki 1,31 seviyesinden [&hellip;]<\/p>\n","protected":false},"author":4,"featured_media":6440,"parent":2422,"menu_order":0,"comment_status":"closed","ping_status":"closed","template":"","meta":{"_et_pb_use_builder":"on","_et_pb_old_content":"","_et_gb_content_width":""},"_links":{"self":[{"href":"https:\/\/quloi.com\/tr\/wp-json\/wp\/v2\/pages\/2905"}],"collection":[{"href":"https:\/\/quloi.com\/tr\/wp-json\/wp\/v2\/pages"}],"about":[{"href":"https:\/\/quloi.com\/tr\/wp-json\/wp\/v2\/types\/page"}],"author":[{"embeddable":true,"href":"https:\/\/quloi.com\/tr\/wp-json\/wp\/v2\/users\/4"}],"replies":[{"embeddable":true,"href":"https:\/\/quloi.com\/tr\/wp-json\/wp\/v2\/comments?post=2905"}],"version-history":[{"count":4,"href":"https:\/\/quloi.com\/tr\/wp-json\/wp\/v2\/pages\/2905\/revisions"}],"predecessor-version":[{"id":6156,"href":"https:\/\/quloi.com\/tr\/wp-json\/wp\/v2\/pages\/2905\/revisions\/6156"}],"up":[{"embeddable":true,"href":"https:\/\/quloi.com\/tr\/wp-json\/wp\/v2\/pages\/2422"}],"wp:featuredmedia":[{"embeddable":true,"href":"https:\/\/quloi.com\/tr\/wp-json\/wp\/v2\/media\/6440"}],"wp:attachment":[{"href":"https:\/\/quloi.com\/tr\/wp-json\/wp\/v2\/media?parent=2905"}],"curies":[{"name":"wp","href":"https:\/\/api.w.org\/{rel}","templated":true}]}}