{"id":3063,"date":"2023-07-31T13:58:11","date_gmt":"2023-07-31T13:58:11","guid":{"rendered":"https:\/\/www.quloi.com\/?page_id=3063"},"modified":"2024-07-17T20:27:21","modified_gmt":"2024-07-17T20:27:21","slug":"tedarikci-gelistirme-cercevesi","status":"publish","type":"page","link":"https:\/\/quloi.com\/tr\/kaynaklar\/whitepaper\/tedarikci-gelistirme-cercevesi\/","title":{"rendered":"Tedarikci Gelistirme Cercevesi"},"content":{"rendered":"\n[et_pb_section fb_built=&#8221;1&#8243; admin_label=&#8221;Hero&#8221; _builder_version=&#8221;4.20.4&#8243; background_color=&#8221;#0580d9&#8243; background_color_gradient_direction=&#8221;271deg&#8221; background_enable_image=&#8221;off&#8221; min_height=&#8221;64px&#8221; custom_padding=&#8221;66px|0px|100px|0px||&#8221; global_colors_info=&#8221;{}&#8221;][et_pb_row make_equal=&#8221;on&#8221; _builder_version=&#8221;4.20.2&#8243; background_size=&#8221;initial&#8221; background_position=&#8221;top_left&#8221; background_repeat=&#8221;repeat&#8221; custom_margin=&#8221;|auto|-22px|auto||&#8221; custom_padding=&#8221;|||&#8221; global_colors_info=&#8221;{}&#8221;][et_pb_column type=&#8221;4_4&#8243; _builder_version=&#8221;4.16&#8243; custom_padding=&#8221;|||&#8221; custom_padding_tablet=&#8221;20px|10%|0px|10%&#8221; custom_padding_last_edited=&#8221;off|desktop&#8221; global_colors_info=&#8221;{}&#8221; padding_tablet=&#8221;20px|10%|0px|10%&#8221; padding_last_edited=&#8221;off|desktop&#8221; custom_padding__hover=&#8221;|||&#8221;][et_pb_text _builder_version=&#8221;4.24.2&#8243; _module_preset=&#8221;default&#8221; header_font=&#8221;|700|||||||&#8221; header_text_color=&#8221;#FFFFFF&#8221; header_font_size=&#8221;48px&#8221; header_2_font_size=&#8221;48px&#8221; header_2_line_height=&#8221;1.2em&#8221; hover_enabled=&#8221;0&#8243; inline_fonts=&#8221;Poppins&#8221; global_colors_info=&#8221;{}&#8221; header_line_height=&#8221;1.2em&#8221; sticky_enabled=&#8221;0&#8243;]<h1 style=\"text-align: center;\"><span style=\"font-family: Poppins;\">Geli\u015fmi\u015f Ortakl\u0131klar i\u00e7in Kapsaml\u0131 Bir Tedarik\u00e7i Geli\u015ftirme \u00c7er\u00e7evesi<\/span><\/h1>[\/et_pb_text][\/et_pb_column][\/et_pb_row][\/et_pb_section][et_pb_section fb_built=&#8221;1&#8243; _builder_version=&#8221;4.20.4&#8243; _module_preset=&#8221;default&#8221; custom_padding=&#8221;6vh|0px|6vh||true|false&#8221; global_colors_info=&#8221;{}&#8221;][et_pb_row column_structure=&#8221;1_2,1_2&#8243; _builder_version=&#8221;4.20.4&#8243; _module_preset=&#8221;default&#8221; global_colors_info=&#8221;{}&#8221;][et_pb_column type=&#8221;1_2&#8243; _builder_version=&#8221;4.20.4&#8243; _module_preset=&#8221;default&#8221; global_colors_info=&#8221;{}&#8221;][et_pb_blurb title=&#8221;Tedarik\u00e7i Geli\u015ftirme \u00c7er\u00e7evesi&#8221; image=&#8221;https:\/\/www.quloi.com\/wp-content\/uploads\/2023\/12\/WP3-e1701868267475.jpg&#8221; alt=&#8221;Supplier Development Framework&#8221; _builder_version=&#8221;4.24.2&#8243; _module_preset=&#8221;default&#8221; header_font=&#8221;|700|||||||&#8221; header_text_color=&#8221;#FFFFFF&#8221; body_text_color=&#8221;#FFFFFF&#8221; background_color=&#8221;#0580d9&#8243; custom_padding=&#8221;20px|20px|20px|20px|false|false&#8221; border_radii=&#8221;on|8px|8px|8px|8px&#8221; border_radii_image=&#8221;on|4px|4px|4px|4px&#8221; global_colors_info=&#8221;{}&#8221;]<p>Tedarik\u00e7ilerle i\u015fbirli\u011fi i\u00e7inde \u00e7al\u0131\u015fmak \u00e7ok \u00f6nemli bir odak noktas\u0131d\u0131r: %53&#8217;\u00fc bunu tedarik zinciri y\u00f6netimini iyile\u015ftirmek i\u00e7in en b\u00fcy\u00fck f\u0131rsatlar\u0131 aras\u0131nda de\u011ferlendirmi\u015ftir.<\/p>\n<p>Risk konusunda, %86&#8217;s\u0131 \u015firketlerinin tedarik zinciri riskini tan\u0131mlamak, izlemek ve \u00f6l\u00e7mek i\u00e7in teknolojiye daha fazla yat\u0131r\u0131m yapmas\u0131 gerekti\u011fini d\u00fc\u015f\u00fcn\u00fcrken, %35&#8217;i buna kesinlikle kat\u0131l\u0131yor.<\/p>[\/et_pb_blurb][et_pb_text _builder_version=&#8221;4.24.2&#8243; _module_preset=&#8221;default&#8221; custom_margin=&#8221;70px||0px||false|false&#8221; global_colors_info=&#8221;{}&#8221;]<p style=\"text-align: left;\">Geli\u015fmi\u015f Ortakl\u0131klar i\u00e7in Kapsaml\u0131 Tedarik\u00e7i Geli\u015ftirme \u00c7er\u00e7evesi Teknik Dok\u00fcman\u0131, tedarik\u00e7i de\u011ferlendirmesi, KPI tabanl\u0131 derecelendirme, iyile\u015ftirme stratejileri ve tedarik\u00e7i tan\u0131may\u0131 i\u00e7eren Tedarik\u00e7i Geli\u015ftirme \u00c7er\u00e7evesine y\u00f6nelik sistematik bir yakla\u015f\u0131m\u0131n, kurulu\u015flar\u0131n i\u015finiz i\u00e7in en \u00f6nemli \u00f6l\u00e7\u00fctlerde tedarik zinciri verimlili\u011fini art\u0131rmalar\u0131na, i\u015fbirli\u011fini te\u015fvik etmelerine ve kar\u015f\u0131l\u0131kl\u0131 ba\u015far\u0131 elde etmelerine nas\u0131l yard\u0131mc\u0131 olabilece\u011fini tart\u0131\u015fmaktad\u0131r.<\/p>[\/et_pb_text][\/et_pb_column][et_pb_column type=&#8221;1_2&#8243; _builder_version=&#8221;4.20.4&#8243; _module_preset=&#8221;default&#8221; global_colors_info=&#8221;{}&#8221;][et_pb_text _builder_version=&#8221;4.24.2&#8243; _module_preset=&#8221;default&#8221; header_2_font_size=&#8221;30px&#8221; header_2_line_height=&#8221;1.2em&#8221; custom_margin=&#8221;0px||0px||false|false&#8221; global_colors_info=&#8221;{}&#8221;]<h2>Tedarik\u00e7i Geli\u015ftirme \u00c7er\u00e7evesindeki Zorluklar<\/h2>[\/et_pb_text][et_pb_text _builder_version=&#8221;4.24.2&#8243; _module_preset=&#8221;default&#8221; header_2_font_size=&#8221;30px&#8221; header_2_line_height=&#8221;1.2em&#8221; custom_margin=&#8221;20px||0px||false|false&#8221; global_colors_info=&#8221;{}&#8221;]<p>Ne yaz\u0131k ki bir\u00e7ok tedarik\u00e7i geli\u015ftirme program\u0131, \u015firketin al\u0131c\u0131 ve tedarik\u00e7i hedeflerini birbirine ba\u011flamakta ba\u015far\u0131s\u0131z olmas\u0131 nedeniyle potansiyel sonu\u00e7lara ula\u015famamaktad\u0131r. Tedarik\u00e7i se\u00e7imi, ileti\u015fim bo\u015fluklar\u0131 ve hedeflerin uyumla\u015ft\u0131r\u0131lmas\u0131 gibi zorluklar tedarik zincirinin ilerlemesini engelleyebilir. Tedarik\u00e7i geli\u015fimine y\u00f6nelik artan ihtiyaca yan\u0131t olarak Tedarik\u00e7i Geli\u015fim \u00c7er\u00e7evesi, tedarik\u00e7i performans\u0131n\u0131 geli\u015ftirmek ve optimize etmek i\u00e7in g\u00fc\u00e7l\u00fc bir yakla\u015f\u0131m olarak ortaya \u00e7\u0131kmaktad\u0131r. Bu kapsaml\u0131 \u00c7er\u00e7eve, al\u0131c\u0131 firmalar ile tedarik\u00e7ileri aras\u0131ndaki i\u015fbirli\u011fine dayal\u0131 ili\u015fkileri te\u015fvik etmeyi, kar\u015f\u0131l\u0131kl\u0131 b\u00fcy\u00fcmeyi sa\u011flamay\u0131 ve pazardaki rekabet g\u00fcc\u00fcn\u00fc art\u0131rmay\u0131 ama\u00e7lamaktad\u0131r.<\/p>[\/et_pb_text][et_pb_image src=&#8221;https:\/\/www.quloi.com\/wp-content\/uploads\/2023\/07\/WP3-02-scaled.jpg&#8221; alt=&#8221;Supplier Development Framework Whitepaper&#8221; title_text=&#8221;WP3 -02&#8243; _builder_version=&#8221;4.20.4&#8243; _module_preset=&#8221;default&#8221; custom_margin=&#8221;50px||||false|false&#8221; border_radii=&#8221;on|6px|6px|6px|6px&#8221; global_colors_info=&#8221;{}&#8221;][\/et_pb_image][\/et_pb_column][\/et_pb_row][\/et_pb_section][et_pb_section fb_built=&#8221;1&#8243; _builder_version=&#8221;4.20.4&#8243; _module_preset=&#8221;default&#8221; background_color=&#8221;#efefef&#8221; global_colors_info=&#8221;{}&#8221;][et_pb_row _builder_version=&#8221;4.20.4&#8243; _module_preset=&#8221;default&#8221; global_colors_info=&#8221;{}&#8221;][et_pb_column type=&#8221;4_4&#8243; _builder_version=&#8221;4.20.4&#8243; _module_preset=&#8221;default&#8221; global_colors_info=&#8221;{}&#8221;][et_pb_text _builder_version=&#8221;4.24.2&#8243; _module_preset=&#8221;default&#8221; custom_margin=&#8221;20px||30px||false|false&#8221; custom_padding=&#8221;||30px||false|false&#8221; global_colors_info=&#8221;{}&#8221;]<p style=\"text-align: center;\">Teknik dok\u00fcman\u0131 indirmek i\u00e7in l\u00fctfen formu doldurun!<\/p>[\/et_pb_text][et_pb_code _builder_version=&#8221;4.24.2&#8243; _module_preset=&#8221;default&#8221; hover_enabled=&#8221;0&#8243; global_colors_info=&#8221;{}&#8221; sticky_enabled=&#8221;0&#8243;]<iframe aria-label='Geli\u015fmi\u015f Ortakl\u0131klar i\u00e7in Kapsaml\u0131 Bir Tedarik\u00e7i Geli\u015ftirme \u00c7er\u00e7evesi' frameborder=\"0\" style=\"height:850px;width:99%;border:none;\" src='https:\/\/forms.zohopublic.in\/quloiportal712\/form\/GelimiOrtaklklariinKapsamlBirTedarikiGelitirmeerev\/formperma\/31GqHN22VR0bXbTehhHUEP_fI5Z0UJ6l4wAZnkk_14c'><\/iframe>[\/et_pb_code][\/et_pb_column][\/et_pb_row][\/et_pb_section]\n","protected":false},"excerpt":{"rendered":"<p>Geli\u015fmi\u015f Ortakl\u0131klar i\u00e7in Kapsaml\u0131 Bir Tedarik\u00e7i Geli\u015ftirme \u00c7er\u00e7evesiTedarik\u00e7ilerle i\u015fbirli\u011fi i\u00e7inde \u00e7al\u0131\u015fmak \u00e7ok \u00f6nemli bir odak noktas\u0131d\u0131r: %53&#8217;\u00fc bunu tedarik zinciri y\u00f6netimini iyile\u015ftirmek i\u00e7in en b\u00fcy\u00fck f\u0131rsatlar\u0131 aras\u0131nda de\u011ferlendirmi\u015ftir. Risk konusunda, %86&#8217;s\u0131 \u015firketlerinin tedarik zinciri riskini tan\u0131mlamak, izlemek ve \u00f6l\u00e7mek i\u00e7in teknolojiye daha fazla yat\u0131r\u0131m yapmas\u0131 gerekti\u011fini d\u00fc\u015f\u00fcn\u00fcrken, %35&#8217;i buna kesinlikle kat\u0131l\u0131yor.Geli\u015fmi\u015f Ortakl\u0131klar i\u00e7in Kapsaml\u0131 Tedarik\u00e7i [&hellip;]<\/p>\n","protected":false},"author":4,"featured_media":3086,"parent":2422,"menu_order":0,"comment_status":"closed","ping_status":"closed","template":"","meta":{"_et_pb_use_builder":"on","_et_pb_old_content":"","_et_gb_content_width":""},"_links":{"self":[{"href":"https:\/\/quloi.com\/tr\/wp-json\/wp\/v2\/pages\/3063"}],"collection":[{"href":"https:\/\/quloi.com\/tr\/wp-json\/wp\/v2\/pages"}],"about":[{"href":"https:\/\/quloi.com\/tr\/wp-json\/wp\/v2\/types\/page"}],"author":[{"embeddable":true,"href":"https:\/\/quloi.com\/tr\/wp-json\/wp\/v2\/users\/4"}],"replies":[{"embeddable":true,"href":"https:\/\/quloi.com\/tr\/wp-json\/wp\/v2\/comments?post=3063"}],"version-history":[{"count":6,"href":"https:\/\/quloi.com\/tr\/wp-json\/wp\/v2\/pages\/3063\/revisions"}],"predecessor-version":[{"id":6195,"href":"https:\/\/quloi.com\/tr\/wp-json\/wp\/v2\/pages\/3063\/revisions\/6195"}],"up":[{"embeddable":true,"href":"https:\/\/quloi.com\/tr\/wp-json\/wp\/v2\/pages\/2422"}],"wp:featuredmedia":[{"embeddable":true,"href":"https:\/\/quloi.com\/tr\/wp-json\/"}],"wp:attachment":[{"href":"https:\/\/quloi.com\/tr\/wp-json\/wp\/v2\/media?parent=3063"}],"curies":[{"name":"wp","href":"https:\/\/api.w.org\/{rel}","templated":true}]}}