{"id":3830,"date":"2023-10-31T03:57:26","date_gmt":"2023-10-31T03:57:26","guid":{"rendered":"https:\/\/www.quloi.com\/?page_id=3830"},"modified":"2024-05-29T20:36:32","modified_gmt":"2024-05-29T20:36:32","slug":"tedarikci-performansi-ve-finansal-etki","status":"publish","type":"page","link":"https:\/\/quloi.com\/tr\/kaynaklar\/whitepaper\/tedarikci-performansi-ve-finansal-etki\/","title":{"rendered":"Supplier Performance and Financial Impact: Connecting the Dots"},"content":{"rendered":"<p>[et_pb_section fb_built=&#8221;1&#8243; admin_label=&#8221;Hero&#8221; _builder_version=&#8221;4.20.4&#8243; background_color=&#8221;#0580d9&#8243; background_color_gradient_direction=&#8221;271deg&#8221; background_enable_image=&#8221;off&#8221; min_height=&#8221;64px&#8221; custom_padding=&#8221;66px|0px|100px|0px||&#8221; global_colors_info=&#8221;{}&#8221;][et_pb_row make_equal=&#8221;on&#8221; _builder_version=&#8221;4.20.4&#8243; background_size=&#8221;initial&#8221; background_position=&#8221;top_left&#8221; background_repeat=&#8221;repeat&#8221; custom_margin=&#8221;|auto|-22px|auto||&#8221; custom_padding=&#8221;|||&#8221; global_colors_info=&#8221;{}&#8221;][et_pb_column type=&#8221;4_4&#8243; _builder_version=&#8221;4.16&#8243; custom_padding=&#8221;|||&#8221; custom_padding_tablet=&#8221;20px|10%|0px|10%&#8221; custom_padding_last_edited=&#8221;off|desktop&#8221; global_colors_info=&#8221;{}&#8221; padding_tablet=&#8221;20px|10%|0px|10%&#8221; padding_last_edited=&#8221;off|desktop&#8221; custom_padding__hover=&#8221;|||&#8221;][et_pb_text _builder_version=&#8221;4.24.2&#8243; _module_preset=&#8221;default&#8221; text_text_color=&#8221;#FFFFFF&#8221; header_font=&#8221;|700|||||||&#8221; header_text_color=&#8221;#FFFFFF&#8221; header_font_size=&#8221;48px&#8221; header_2_font_size=&#8221;38px&#8221; header_2_line_height=&#8221;1.2em&#8221; custom_padding=&#8221;0px||||false|false&#8221; custom_padding_tablet=&#8221;0px||||false|false&#8221; custom_padding_phone=&#8221;0px||||false|false&#8221; custom_padding_last_edited=&#8221;on|desktop&#8221; hover_enabled=&#8221;0&#8243; inline_fonts=&#8221;Poppins&#8221; global_colors_info=&#8221;{}&#8221; sticky_enabled=&#8221;0&#8243;]<\/p>\n<h1>Tedarik\u00e7i Performans\u0131 ve Finansal Etki: Noktalar\u0131 Birle\u015ftirmek<\/h1>\n<p>[\/et_pb_text][\/et_pb_column][\/et_pb_row][\/et_pb_section][et_pb_section fb_built=&#8221;1&#8243; _builder_version=&#8221;4.20.4&#8243; _module_preset=&#8221;default&#8221; background_color=&#8221;#FFFFFF&#8221; custom_padding_phone=&#8221;0vh||0vh||true|false&#8221; global_colors_info=&#8221;{}&#8221;][et_pb_row _builder_version=&#8221;4.20.4&#8243; _module_preset=&#8221;default&#8221; global_colors_info=&#8221;{}&#8221;][et_pb_column type=&#8221;4_4&#8243; _builder_version=&#8221;4.20.4&#8243; _module_preset=&#8221;default&#8221; global_colors_info=&#8221;{}&#8221;][et_pb_text admin_label=&#8221;Text&#8221; _builder_version=&#8221;4.24.2&#8243; _module_preset=&#8221;default&#8221; custom_margin=&#8221;||-1px||false|false&#8221; custom_padding=&#8221;||0px||false|false&#8221; global_colors_info=&#8221;{}&#8221;]<\/p>\n<h2><b style=\"color: #333333; font-size: 28px;\">Biliyor muydunuz?<\/b><\/h2>\n<p>\u0130\u015f d\u00fcnyas\u0131 liderlerinin %57&#8217;si, kesintilerle ilgili maliyetleri en aza indirmek ve operasyonel verimlili\u011fi korumak i\u00e7in tedarik zincirleri \u00fczerinde daha fazla \u015feffafl\u0131k ve kontrole ihtiya\u00e7 oldu\u011funu kabul ediyor.<\/p>\n<p>Sat\u0131n Alma M\u00fcd\u00fcrlerinin %74&#8217;\u00fc operasyonel verimlili\u011fi birincil hedef olarak se\u00e7mektedir.<\/p>\n<p>Tedarik zinciri \u015firketlerinin %40&#8217;\u0131 teslimat gecikmelerini en b\u00fcy\u00fck sorunlar\u0131 olarak tan\u0131mlam\u0131\u015ft\u0131r.<\/p>\n<p>Sat\u0131n alma liderlerinin %90&#8217;\u0131 tedarik zinciri verilerini co\u011frafyaya g\u00f6re g\u00f6r\u00fcnt\u00fclemeye ihtiya\u00e7 duyduklar\u0131n\u0131, ancak yaln\u0131zca %73&#8217;\u00fcn\u00fcn buna kolayca eri\u015febildi\u011fini s\u00f6yledi.<\/p>\n<p>Yeni ekonomik, teknolojik ve sosyal ger\u00e7ekler, tedarik\u00e7ilerin performans\u0131n\u0131 temelden de\u011fi\u015ftirmi\u015ftir. \u0130malat firmalar\u0131 giderek kendi temel yetkinliklerine odaklanmakta ve yenilik\u00e7i, y\u00fcksek kaliteli bile\u015fenler tasarlama, geli\u015ftirme ve teslim etme i\u015fini tedarik\u00e7ilere havale etmektedir. Sonu\u00e7 olarak, tedarik\u00e7iler \u00fczerinde iyi performans g\u00f6stermeleri i\u00e7in b\u00fcy\u00fck bir bask\u0131 var. M\u00fc\u015fterilerin kaliteli \u00fcr\u00fcn ve hizmetlerin zaman\u0131nda teslim edilmesine y\u00f6nelik beklentileri geli\u015ftik\u00e7e, \u015firketlerin tedarik\u00e7i performans\u0131n\u0131 iyile\u015ftirmek ve m\u00fc\u015fterilerin beklentilerini a\u015fmak i\u00e7in en iyi uygulamalar\u0131 benimseme ihtiyac\u0131 da artmaktad\u0131r.<\/p>\n<p>&nbsp;<\/p>\n<p>[\/et_pb_text][\/et_pb_column][\/et_pb_row][et_pb_row column_structure=&#8221;1_2,1_2&#8243; _builder_version=&#8221;4.20.4&#8243; _module_preset=&#8221;default&#8221; custom_margin=&#8221;-52px|auto||auto||&#8221; global_colors_info=&#8221;{}&#8221;][et_pb_column type=&#8221;1_2&#8243; _builder_version=&#8221;4.20.4&#8243; _module_preset=&#8221;default&#8221; global_colors_info=&#8221;{}&#8221;][et_pb_text _builder_version=&#8221;4.24.2&#8243; _module_preset=&#8221;default&#8221; global_colors_info=&#8221;{}&#8221;]<\/p>\n<div class=\"et_pb_module et_pb_text et_pb_text_3  et_pb_text_align_left et_pb_bg_layout_light\">\n<div class=\"et_pb_text_inner\">\n<h2>Tedarik\u00e7i Performans Sistemi Nedir?<\/h2>\n<\/div>\n<\/div>\n<p>Birbirine son derece ba\u011fl\u0131 tedarik zincirleri g\u00f6z \u00f6n\u00fcne al\u0131nd\u0131\u011f\u0131nda, m\u00fckemmel tedarik\u00e7i performans\u0131 nadiren ger\u00e7ekle\u015fir. Bu nedenle, tedarik\u00e7i performans\u0131n\u0131 tutarl\u0131 bir \u015fekilde \u00f6l\u00e7me ve iyile\u015ftirme sorunlar\u0131 \u00f6nem kazanmaktad\u0131r. D\u00fc\u015f\u00fck performans g\u00f6steren tedarik\u00e7iler basit\u00e7e para kayb\u0131 anlam\u0131na gelir.<\/p>\n<p>Sa\u011flam bir tedarik\u00e7i performans y\u00f6netim sistemi, bireysel tedarik\u00e7i kalitesini, teslimat\u0131n\u0131 ve hizmet performans\u0131n\u0131 \u00f6l\u00e7mek ve iyile\u015ftirmek i\u00e7in kritik \u00f6neme sahiptir ve bir \u015firketin verimlilik karl\u0131l\u0131k hedeflerine ula\u015fmas\u0131nda uzun bir yol kat eder.<\/p>\n<p>Tedarik\u00e7i Performans\u0131 Beyaz B\u00fclteni, tedarik\u00e7i performans \u00f6l\u00e7\u00fctlerinin ne oldu\u011funu, bu \u00f6l\u00e7\u00fctlerin neden hayati \u00f6nem ta\u015f\u0131d\u0131\u011f\u0131n\u0131 ve tedarik\u00e7i performans\u0131n\u0131z\u0131 y\u00f6netirken verimlili\u011fi, do\u011frulu\u011fu, h\u0131z\u0131 ve \u00e7evikli\u011fi art\u0131rmak i\u00e7in hangi uygulamalar\u0131 izleyebilece\u011finizi tart\u0131\u015fmaktad\u0131r.\u00a0<\/p>\n<p>[\/et_pb_text][\/et_pb_column][et_pb_column type=&#8221;1_2&#8243; _builder_version=&#8221;4.20.4&#8243; _module_preset=&#8221;default&#8221; global_colors_info=&#8221;{}&#8221;][et_pb_text _builder_version=&#8221;4.24.2&#8243; _module_preset=&#8221;default&#8221; global_colors_info=&#8221;{}&#8221;]<\/p>\n<div class=\"et_pb_module et_pb_text et_pb_text_3  et_pb_text_align_left et_pb_bg_layout_light\">\n<div class=\"et_pb_text_inner\">\n<h2><\/h2>\n<\/div>\n<\/div>\n<p>Teknik incelemeyi \u00dcCRETS\u0130Z \u0130ND\u0130R\u0130N ve tedarik\u00e7i performans\u0131n\u0131 nas\u0131l iyile\u015ftirebilece\u011finizi \u00f6\u011frenin.<\/p>\n<p>&nbsp;<\/p>\n<p>[\/et_pb_text][et_pb_code _builder_version=&#8221;4.24.2&#8243; _module_preset=&#8221;default&#8221; background_color=&#8221;RGBA(255,255,255,0)&#8221; hover_enabled=&#8221;0&#8243; global_colors_info=&#8221;{}&#8221; sticky_enabled=&#8221;0&#8243;]<iframe aria-label='Tedarik\u00e7i Performans\u0131 ve Finansal Etki: Noktalar\u0131 Birle\u015ftirmek' frameborder=\"0\" style=\"height:850px;width:99%;border:none;\" src='https:\/\/forms.zohopublic.in\/quloiportal712\/form\/TedarikiPerformansveFinansalEtkiNoktalarBirletirme\/formperma\/uKwLeboz--TP7xOVXKU0BmgRdlAUwxnqPHK8Yf4ob0Q'><\/iframe>[\/et_pb_code][\/et_pb_column][\/et_pb_row][\/et_pb_section]<\/p>\n","protected":false},"excerpt":{"rendered":"<p>Tedarik\u00e7i Performans\u0131 ve Finansal Etki: Noktalar\u0131 Birle\u015ftirmekBiliyor muydunuz? \u0130\u015f d\u00fcnyas\u0131 liderlerinin %57&#8217;si, kesintilerle ilgili maliyetleri en aza indirmek ve operasyonel verimlili\u011fi korumak i\u00e7in tedarik zincirleri \u00fczerinde daha fazla \u015feffafl\u0131k ve kontrole ihtiya\u00e7 oldu\u011funu kabul ediyor. Sat\u0131n Alma M\u00fcd\u00fcrlerinin %74&#8217;\u00fc operasyonel verimlili\u011fi birincil hedef olarak se\u00e7mektedir. Tedarik zinciri \u015firketlerinin %40&#8217;\u0131 teslimat gecikmelerini en b\u00fcy\u00fck sorunlar\u0131 olarak [&hellip;]<\/p>\n","protected":false},"author":4,"featured_media":3858,"parent":2422,"menu_order":0,"comment_status":"closed","ping_status":"closed","template":"","meta":{"_et_pb_use_builder":"on","_et_pb_old_content":"","_et_gb_content_width":""},"_links":{"self":[{"href":"https:\/\/quloi.com\/tr\/wp-json\/wp\/v2\/pages\/3830"}],"collection":[{"href":"https:\/\/quloi.com\/tr\/wp-json\/wp\/v2\/pages"}],"about":[{"href":"https:\/\/quloi.com\/tr\/wp-json\/wp\/v2\/types\/page"}],"author":[{"embeddable":true,"href":"https:\/\/quloi.com\/tr\/wp-json\/wp\/v2\/users\/4"}],"replies":[{"embeddable":true,"href":"https:\/\/quloi.com\/tr\/wp-json\/wp\/v2\/comments?post=3830"}],"version-history":[{"count":6,"href":"https:\/\/quloi.com\/tr\/wp-json\/wp\/v2\/pages\/3830\/revisions"}],"predecessor-version":[{"id":5941,"href":"https:\/\/quloi.com\/tr\/wp-json\/wp\/v2\/pages\/3830\/revisions\/5941"}],"up":[{"embeddable":true,"href":"https:\/\/quloi.com\/tr\/wp-json\/wp\/v2\/pages\/2422"}],"wp:featuredmedia":[{"embeddable":true,"href":"https:\/\/quloi.com\/tr\/wp-json\/"}],"wp:attachment":[{"href":"https:\/\/quloi.com\/tr\/wp-json\/wp\/v2\/media?parent=3830"}],"curies":[{"name":"wp","href":"https:\/\/api.w.org\/{rel}","templated":true}]}}