{"id":3999,"date":"2023-12-06T15:30:28","date_gmt":"2023-12-06T15:30:28","guid":{"rendered":"https:\/\/www.quloi.com\/?page_id=3999"},"modified":"2024-05-28T21:27:47","modified_gmt":"2024-05-28T21:27:47","slug":"tedarikci-belge-yonetimi","status":"publish","type":"page","link":"https:\/\/quloi.com\/tr\/kaynaklar\/use-case\/tedarikci-belge-yonetimi\/","title":{"rendered":"Supplier Document Management: A Quloi Use Case"},"content":{"rendered":"<p>[et_pb_section fb_built=&#8221;1&#8243; _builder_version=&#8221;4.23.3&#8243; _module_preset=&#8221;default&#8221; background_color=&#8221;#f3f7fa&#8221; global_colors_info=&#8221;{}&#8221;][et_pb_row column_structure=&#8221;1_2,1_2&#8243; _builder_version=&#8221;4.23.3&#8243; _module_preset=&#8221;default&#8221; max_width=&#8221;80%&#8221; global_colors_info=&#8221;{}&#8221;][et_pb_column type=&#8221;1_2&#8243; _builder_version=&#8221;4.23.1&#8243; _module_preset=&#8221;default&#8221; global_colors_info=&#8221;{}&#8221;][et_pb_text content_tablet=&#8221;<\/p>\n<h1>Integrated<br \/>Supply Chain:<br \/>No Longer<br \/>an Option for Manufacturers<\/h1>\n<\/p>\n<p>&#8221; content_phone=&#8221;<\/p>\n<p>\u00a0<\/p>\n<h1>Tedarik\u00e7i Belge Y\u00f6netimi: Quloi Kullan\u0131m \u00d6rne\u011fi <\/h1>\n<p>&#8221; content_last_edited=&#8221;on|tablet&#8221; _builder_version=&#8221;4.24.2&#8243; _module_preset=&#8221;default&#8221; header_text_color=&#8221;#1d3e69&#8243; header_font_size=&#8221;55px&#8221; header_line_height=&#8221;1.1em&#8221; custom_margin=&#8221;0px||100px||false|false&#8221; custom_margin_tablet=&#8221;20px||30px||false|false&#8221; custom_margin_phone=&#8221;20px||0px||false|false&#8221; custom_margin_last_edited=&#8221;on|phone&#8221; animation_style=&#8221;slide&#8221; animation_direction=&#8221;top&#8221; header_font_tablet=&#8221;&#8221; header_font_phone=&#8221;&#8221; header_font_last_edited=&#8221;on|tablet&#8221; header_font_size_tablet=&#8221;55px&#8221; header_font_size_phone=&#8221;35px&#8221; header_font_size_last_edited=&#8221;on|phone&#8221; global_colors_info=&#8221;{}&#8221;]<\/p>\n<h1><strong>Tedarik\u00e7i Belge Y\u00f6netimi: Quloi Kullan\u0131m \u00d6rne\u011fi<\/strong><\/h1>\n<p>[\/et_pb_text][\/et_pb_column][et_pb_column type=&#8221;1_2&#8243; _builder_version=&#8221;4.23.1&#8243; _module_preset=&#8221;default&#8221; global_colors_info=&#8221;{}&#8221;][et_pb_image src=&#8221;https:\/\/www.quloi.com\/wp-content\/uploads\/2024\/02\/SupplierManagement.png&#8221; title_text=&#8221;SupplierManagement&#8221; _builder_version=&#8221;4.24.0&#8243; _module_preset=&#8221;default&#8221; border_radii=&#8221;on|8px|8px|8px|8px&#8221; global_colors_info=&#8221;{}&#8221;][\/et_pb_image][\/et_pb_column][\/et_pb_row][\/et_pb_section][et_pb_section fb_built=&#8221;1&#8243; _builder_version=&#8221;4.23.3&#8243; _module_preset=&#8221;default&#8221; custom_padding=&#8221;3vh||3vh||true|false&#8221; global_colors_info=&#8221;{}&#8221;][et_pb_row _builder_version=&#8221;4.24.0&#8243; _module_preset=&#8221;default&#8221; background_color=&#8221;#08192d&#8221; max_width=&#8221;80%&#8221; border_radii=&#8221;on|8px|8px|8px|8px&#8221; global_colors_info=&#8221;{}&#8221;][et_pb_column type=&#8221;4_4&#8243; _builder_version=&#8221;4.23.3&#8243; _module_preset=&#8221;default&#8221; global_colors_info=&#8221;{}&#8221;][et_pb_text content_tablet=&#8221;<\/p>\n<p>Yanl\u0131\u015fl\u0131klar ve hatalar tedarik zinciri operasyonlar\u0131n\u0131z\u0131 \u015fi\u015firiyor mu? Neredeyse her tedarik zinciri liderinin yan\u0131t\u0131 evet: operasyonlar\u0131 k\u00f6t\u00fc belge y\u00f6netimi nedeniyle \u015fi\u015firilmi\u015f durumda.<\/p>\n<p>100 verimlilik i\u00e7in \u00e7al\u0131\u015fmak, sat\u0131n alma sipari\u015fleri ve faturalardan sevkiyat belgeleri ve kalite sertifikalar\u0131na kadar kolayla\u015ft\u0131r\u0131lm\u0131\u015f i\u015f ak\u0131\u015flar\u0131 i\u00e7in basitle\u015ftirilmi\u015f belge y\u00f6netimi sa\u011flamak \u00fczere kurumsal odaklanma gerektirir.<\/p>\n<p>Ortaya \u00e7\u0131kan trendlere bir g\u00f6z atal\u0131m:<\/p>\n<ul>\n<li>Kat\u0131l\u0131mc\u0131lar\u0131n neredeyse %65&#8217;i manuel s\u00fcre\u00e7lerin d\u00fczene sokulmas\u0131n\u0131n ve otomatikle\u015ftirilmesinin risk ve uyumun karma\u015f\u0131kl\u0131\u011f\u0131n\u0131 ve maliyetini azaltmaya yard\u0131mc\u0131 olaca\u011f\u0131n\u0131 s\u00f6yledi.<\/li>\n<li>IBM&#8217;e g\u00f6re, y\u00fcksek d\u00fczeyde uyum hatas\u0131 olan kurulu\u015flar i\u00e7in veri ihlallerinin ortalama maliyeti 4,35 milyon dolar iken, bu rakam 5,57 milyon dolara ula\u015fm\u0131\u015ft\u0131r.<\/li>\n<li>Sat\u0131n alma ve \u00fc\u00e7\u00fcnc\u00fc taraf risk liderlerinin %74&#8217;\u00fc yeni \u00e7\u0131kan tedarik zinciri d\u00fczenlemelerine uyum sa\u011flamakta zorlan\u0131yor.<\/li>\n<\/ul>\n<p>&#8221; content_phone=&#8221;<\/p>\n<p>Yanl\u0131\u015fl\u0131klar ve hatalar tedarik zinciri operasyonlar\u0131n\u0131z\u0131 \u015fi\u015firiyor mu? Neredeyse her tedarik zinciri liderinin yan\u0131t\u0131 evet: operasyonlar\u0131 k\u00f6t\u00fc belge y\u00f6netimi nedeniyle \u015fi\u015firilmi\u015f durumda.<\/p>\n<p>100 verimlilik i\u00e7in \u00e7al\u0131\u015fmak, sat\u0131n alma sipari\u015fleri ve faturalardan sevkiyat belgeleri ve kalite sertifikalar\u0131na kadar kolayla\u015ft\u0131r\u0131lm\u0131\u015f i\u015f ak\u0131\u015flar\u0131 i\u00e7in basitle\u015ftirilmi\u015f belge y\u00f6netimi sa\u011flamak \u00fczere kurumsal odaklanma gerektirir.<\/p>\n<p>Ortaya \u00e7\u0131kan trendlere bir g\u00f6z atal\u0131m:<\/p>\n<ul>\n<li>Kat\u0131l\u0131mc\u0131lar\u0131n neredeyse %65&#8217;i manuel s\u00fcre\u00e7lerin d\u00fczene sokulmas\u0131n\u0131n ve otomatikle\u015ftirilmesinin risk ve uyumun karma\u015f\u0131kl\u0131\u011f\u0131n\u0131 ve maliyetini azaltmaya yard\u0131mc\u0131 olaca\u011f\u0131n\u0131 s\u00f6yledi.<\/li>\n<li>IBM&#8217;e g\u00f6re, y\u00fcksek d\u00fczeyde uyum hatas\u0131 olan kurulu\u015flar i\u00e7in veri ihlallerinin ortalama maliyeti 4,35 milyon dolar iken, bu rakam 5,57 milyon dolara ula\u015fm\u0131\u015ft\u0131r.<\/li>\n<li>Sat\u0131n alma ve \u00fc\u00e7\u00fcnc\u00fc taraf risk liderlerinin %74&#8217;\u00fc yeni \u00e7\u0131kan tedarik zinciri d\u00fczenlemelerine uyum sa\u011flamakta zorlan\u0131yor.<\/li>\n<\/ul>\n<p>&#8221; content_last_edited=&#8221;on|phone&#8221; _builder_version=&#8221;4.24.2&#8243; _module_preset=&#8221;default&#8221; text_text_color=&#8221;#FFFFFF&#8221; text_font_size=&#8221;18px&#8221; custom_padding=&#8221;20px|30px|20px|30px|false|false&#8221; animation_style=&#8221;slide&#8221; animation_direction=&#8221;top&#8221; text_font_size_tablet=&#8221;&#8221; text_font_size_phone=&#8221;&#8221; text_font_size_last_edited=&#8221;on|phone&#8221; global_colors_info=&#8221;{}&#8221;]<\/p>\n<p>Yanl\u0131\u015fl\u0131klar ve hatalar tedarik zinciri operasyonlar\u0131n\u0131z\u0131 \u015fi\u015firiyor mu? Neredeyse her tedarik zinciri liderinin yan\u0131t\u0131 evet: operasyonlar\u0131 k\u00f6t\u00fc belge y\u00f6netimi nedeniyle \u015fi\u015firilmi\u015f durumda.<\/p>\n<p>100 verimlilik i\u00e7in \u00e7al\u0131\u015fmak, sat\u0131n alma sipari\u015fleri ve faturalardan sevkiyat belgeleri ve kalite sertifikalar\u0131na kadar kolayla\u015ft\u0131r\u0131lm\u0131\u015f i\u015f ak\u0131\u015flar\u0131 i\u00e7in basitle\u015ftirilmi\u015f belge y\u00f6netimi sa\u011flamak \u00fczere kurumsal odaklanma gerektirir.<\/p>\n<p>&nbsp;<\/p>\n<h2><span style=\"color: #ffffff;\">Ortaya \u00e7\u0131kan trendlere:<\/span><span style=\"color: #ffffff;\"><\/span><\/h2>\n<ul>\n<li style=\"font-weight: 400;\">Kat\u0131l\u0131mc\u0131lar\u0131n neredeyse %65&#8217;i manuel s\u00fcre\u00e7lerin d\u00fczene sokulmas\u0131n\u0131n ve otomatikle\u015ftirilmesinin risk ve uyumun karma\u015f\u0131kl\u0131\u011f\u0131n\u0131 ve maliyetini azaltmaya yard\u0131mc\u0131 olaca\u011f\u0131n\u0131 s\u00f6yledi.<span style=\"font-weight: 400;\"><span style=\"font-weight: 400;\"><\/span><\/span><\/li>\n<li style=\"font-weight: 400;\"><span style=\"font-weight: 400;\">IBM&#8217;e g\u00f6re, y\u00fcksek d\u00fczeyde uyum hatas\u0131 olan kurulu\u015flar i\u00e7in veri ihlallerinin ortalama maliyeti 4,35 milyon dolar iken, bu rakam 5,57 milyon dolara ula\u015fm\u0131\u015ft\u0131r.<\/span><span style=\"font-weight: 400;\"><\/span><span style=\"font-weight: 400;\"><\/span><\/li>\n<li style=\"font-weight: 400;\">Sat\u0131n alma ve \u00fc\u00e7\u00fcnc\u00fc taraf risk liderlerinin %74&#8217;\u00fc yeni \u00e7\u0131kan tedarik zinciri d\u00fczenlemelerine uyum sa\u011flamakta zorlan\u0131yor.<\/li>\n<\/ul>\n<p>[\/et_pb_text][\/et_pb_column][\/et_pb_row][\/et_pb_section][et_pb_section fb_built=&#8221;1&#8243; _builder_version=&#8221;4.23.3&#8243; _module_preset=&#8221;default&#8221; background_color=&#8221;#f3f7fa&#8221; global_colors_info=&#8221;{}&#8221;][et_pb_row column_structure=&#8221;1_2,1_2&#8243; _builder_version=&#8221;4.23.3&#8243; _module_preset=&#8221;default&#8221; max_width=&#8221;80%&#8221; global_colors_info=&#8221;{}&#8221;][et_pb_column type=&#8221;1_2&#8243; _builder_version=&#8221;4.23.3&#8243; _module_preset=&#8221;default&#8221; global_colors_info=&#8221;{}&#8221;][et_pb_text content_tablet=&#8221;<\/p>\n<h2><span>Belge Y\u00f6netimi ile Operasyonel Verimlilikte Uzmanla\u015fmak: \u00dccretsiz \u0130ndirin <\/span><\/h2>\n<p><span>Tedarik\u00e7i Belge Y\u00f6netimi Kullan\u0131m \u00d6rne\u011fimiz, tedarik\u00e7ilerin ve al\u0131c\u0131lar\u0131n kar\u015f\u0131la\u015ft\u0131\u011f\u0131 zorluklar\u0131, temel end\u00fcstri trendlerini ve merkezi bir deponun bir \u00e7\u00f6z\u00fcmden daha fazlas\u0131 oldu\u011funu, tedarik\u00e7i belge y\u00f6netim sisteminin s\u00fcre\u00e7leri nas\u0131l basitle\u015ftirdi\u011fini, hatalar\u0131 nas\u0131l azaltt\u0131\u011f\u0131n\u0131 ve uyumluluk sorunlar\u0131na kar\u015f\u0131 nas\u0131l koruma sa\u011flad\u0131\u011f\u0131n\u0131 ve sonu\u00e7ta daha verimli ve g\u00fcvenilir bir tedarik zincirine nas\u0131l katk\u0131da bulundu\u011funu tart\u0131\u015fmaktad\u0131r.<\/span><\/p>\n<p>&#8221; content_phone=&#8221;<\/p>\n<h2><span>Download now and unlock the potential of an optimized supply chain.<\/span><\/h2>\n<p>&#8221; content_last_edited=&#8221;on|phone&#8221; _builder_version=&#8221;4.24.2&#8243; _module_preset=&#8221;default&#8221; header_text_color=&#8221;#1d3e69&#8243; header_font_size=&#8221;48px&#8221; header_line_height=&#8221;1.1em&#8221; header_2_text_color=&#8221;#0d80ed&#8221; header_2_font_size=&#8221;42px&#8221; header_2_line_height=&#8221;1.1em&#8221; min_height=&#8221;421.3px&#8221; custom_margin=&#8221;9px||||false|false&#8221; custom_margin_tablet=&#8221;20px||||false|false&#8221; custom_margin_phone=&#8221;20px||||false|false&#8221; custom_margin_last_edited=&#8221;on|tablet&#8221; animation_style=&#8221;slide&#8221; animation_direction=&#8221;bottom&#8221; header_2_font_size_tablet=&#8221;45px&#8221; header_2_font_size_phone=&#8221;35px&#8221; global_colors_info=&#8221;{}&#8221;]<\/p>\n<h2><span style=\"color: #1d3e69;\">Belge Y\u00f6netimi ile Operasyonel Verimlilikte Uzmanla\u015fmak: \u00dccretsiz \u0130ndirin<\/span><span style=\"color: #1d3e69;\"><\/span><\/h2>\n<p>Tedarik\u00e7i Belge Y\u00f6netimi Kullan\u0131m \u00d6rne\u011fimiz, tedarik\u00e7ilerin ve al\u0131c\u0131lar\u0131n kar\u015f\u0131la\u015ft\u0131\u011f\u0131 zorluklar\u0131, temel end\u00fcstri trendlerini ve merkezi bir deponun bir \u00e7\u00f6z\u00fcmden daha fazlas\u0131 oldu\u011funu, tedarik\u00e7i belge y\u00f6netim sisteminin s\u00fcre\u00e7leri nas\u0131l basitle\u015ftirdi\u011fini, hatalar\u0131 nas\u0131l azaltt\u0131\u011f\u0131n\u0131 ve uyumluluk sorunlar\u0131na kar\u015f\u0131 nas\u0131l koruma sa\u011flad\u0131\u011f\u0131n\u0131 ve sonu\u00e7ta daha verimli ve g\u00fcvenilir bir tedarik zincirine nas\u0131l katk\u0131da bulundu\u011funu tart\u0131\u015fmaktad\u0131r.<\/p>\n<p>[\/et_pb_text][\/et_pb_column][et_pb_column type=&#8221;1_2&#8243; _builder_version=&#8221;4.23.3&#8243; _module_preset=&#8221;default&#8221; global_colors_info=&#8221;{}&#8221;][et_pb_code _builder_version=&#8221;4.24.2&#8243; _module_preset=&#8221;default&#8221; hover_enabled=&#8221;0&#8243; global_colors_info=&#8221;{}&#8221; sticky_enabled=&#8221;0&#8243;]<iframe aria-label='Tedarik\u00e7i Belge Y\u00f6netimi: Quloi Kullan\u0131m \u00d6rne\u011fi' frameborder=\"0\" style=\"height:850px;width:99%;border:none;\" src='https:\/\/forms.zohopublic.in\/quloiportal712\/form\/TedarikiBelgeYnetimiQuloiKullanmrnei\/formperma\/gL_YdzEoAkXF1340NWeSKkz7NfzutLggqAs85UIisoY'><\/iframe>[\/et_pb_code][\/et_pb_column][\/et_pb_row][\/et_pb_section]<\/p>\n","protected":false},"excerpt":{"rendered":"<p>Tedarik\u00e7i Belge Y\u00f6netimi: Quloi Kullan\u0131m \u00d6rne\u011fiYanl\u0131\u015fl\u0131klar ve hatalar tedarik zinciri operasyonlar\u0131n\u0131z\u0131 \u015fi\u015firiyor mu? Neredeyse her tedarik zinciri liderinin yan\u0131t\u0131 evet: operasyonlar\u0131 k\u00f6t\u00fc belge y\u00f6netimi nedeniyle \u015fi\u015firilmi\u015f durumda. 100 verimlilik i\u00e7in \u00e7al\u0131\u015fmak, sat\u0131n alma sipari\u015fleri ve faturalardan sevkiyat belgeleri ve kalite sertifikalar\u0131na kadar kolayla\u015ft\u0131r\u0131lm\u0131\u015f i\u015f ak\u0131\u015flar\u0131 i\u00e7in basitle\u015ftirilmi\u015f belge y\u00f6netimi sa\u011flamak \u00fczere kurumsal odaklanma gerektirir. &nbsp; [&hellip;]<\/p>\n","protected":false},"author":2,"featured_media":0,"parent":2549,"menu_order":0,"comment_status":"closed","ping_status":"closed","template":"","meta":{"_et_pb_use_builder":"on","_et_pb_old_content":"","_et_gb_content_width":""},"_links":{"self":[{"href":"https:\/\/quloi.com\/tr\/wp-json\/wp\/v2\/pages\/3999"}],"collection":[{"href":"https:\/\/quloi.com\/tr\/wp-json\/wp\/v2\/pages"}],"about":[{"href":"https:\/\/quloi.com\/tr\/wp-json\/wp\/v2\/types\/page"}],"author":[{"embeddable":true,"href":"https:\/\/quloi.com\/tr\/wp-json\/wp\/v2\/users\/2"}],"replies":[{"embeddable":true,"href":"https:\/\/quloi.com\/tr\/wp-json\/wp\/v2\/comments?post=3999"}],"version-history":[{"count":8,"href":"https:\/\/quloi.com\/tr\/wp-json\/wp\/v2\/pages\/3999\/revisions"}],"predecessor-version":[{"id":5911,"href":"https:\/\/quloi.com\/tr\/wp-json\/wp\/v2\/pages\/3999\/revisions\/5911"}],"up":[{"embeddable":true,"href":"https:\/\/quloi.com\/tr\/wp-json\/wp\/v2\/pages\/2549"}],"wp:attachment":[{"href":"https:\/\/quloi.com\/tr\/wp-json\/wp\/v2\/media?parent=3999"}],"curies":[{"name":"wp","href":"https:\/\/api.w.org\/{rel}","templated":true}]}}