{"id":4249,"date":"2024-01-17T19:59:32","date_gmt":"2024-01-17T19:59:32","guid":{"rendered":"https:\/\/www.quloi.com\/?page_id=4249"},"modified":"2024-06-20T06:38:04","modified_gmt":"2024-06-20T06:38:04","slug":"demo-planla","status":"publish","type":"page","link":"https:\/\/quloi.com\/tr\/demo-planla\/","title":{"rendered":"Demo Planla"},"content":{"rendered":"\n[et_pb_section fb_built=&#8221;1&#8243; _builder_version=&#8221;4.23.3&#8243; _module_preset=&#8221;default&#8221; background_color=&#8221;#f3f7fa&#8221; custom_margin=&#8221;0px||0px||false|false&#8221; custom_padding=&#8221;20px||0px||false|false&#8221; global_colors_info=&#8221;{}&#8221;][et_pb_row _builder_version=&#8221;4.23.4&#8243; _module_preset=&#8221;default&#8221; max_width=&#8221;80%&#8221; custom_margin=&#8221;0px||||false|false&#8221; custom_padding=&#8221;0px||||false|false&#8221; global_colors_info=&#8221;{}&#8221;][et_pb_column type=&#8221;4_4&#8243; _builder_version=&#8221;4.23.4&#8243; _module_preset=&#8221;default&#8221; global_colors_info=&#8221;{}&#8221;][et_pb_text content_tablet=&#8221;<p> <\/p>\n<h1>Don\u2019t Just Take Our Word for It<\/h1>\n<p> <\/p>&#8221; content_phone=&#8221;<p><span>Don\u2019t Just Take Our Word for It<\/span><\/p>&#8221; content_last_edited=&#8221;on|tablet&#8221; _builder_version=&#8221;4.20.4&#8243; _module_preset=&#8221;default&#8221; header_font=&#8221;|700|||||||&#8221; header_text_color=&#8221;#1d3e69&#8243; header_font_size=&#8221;55px&#8221; header_line_height=&#8221;1.1em&#8221; custom_margin=&#8221;60px||15px||false|false&#8221; custom_margin_tablet=&#8221;20px||0px||false|false&#8221; custom_margin_phone=&#8221;40px||||false|false&#8221; custom_margin_last_edited=&#8221;on|tablet&#8221; custom_padding=&#8221;||0px||false|false&#8221; animation_style=&#8221;slide&#8221; animation_direction=&#8221;bottom&#8221; header_font_tablet=&#8221;&#8221; header_font_phone=&#8221;&#8221; header_font_last_edited=&#8221;on|tablet&#8221; header_font_size_tablet=&#8221;55px&#8221; header_font_size_phone=&#8221;35px&#8221; header_font_size_last_edited=&#8221;on|phone&#8221; global_colors_info=&#8221;{}&#8221;]<h1 style=\"text-align: center;\">Sadece Bizim S\u00f6ylediklerimize Bakmay\u0131n<\/h1>[\/et_pb_text][et_pb_text content_tablet=&#8221;<p><span>Discover how Quloi\u2019s purchase order automation and collaboration software <\/span><span>can meet your business\u2019s unique challenges, needs, and product interests.<br \/><\/span><br \/><span>Please complete the form below to get<br \/>your free personalized demo.<\/span><\/p>&#8221; content_phone=&#8221;<p><span>Discover how Quloi\u2019s purchase order automation and collaboration software <\/span><span>can meet your business\u2019s unique challenges, needs, and product interests.<br \/><\/span><br \/><span>Please complete the form below to get your free personalized demo.<\/span><\/p>&#8221; content_last_edited=&#8221;on|tablet&#8221; _builder_version=&#8221;4.20.4&#8243; _module_preset=&#8221;default&#8221; text_font=&#8221;|600|||||||&#8221; text_text_color=&#8221;#08192d&#8221; text_font_size=&#8221;22px&#8221; text_line_height=&#8221;1.3em&#8221; custom_margin_tablet=&#8221;0px||45px||false|false&#8221; custom_margin_phone=&#8221;20px||45px||false|false&#8221; custom_margin_last_edited=&#8221;on|tablet&#8221; custom_padding=&#8221;0px||||false|false&#8221; animation_style=&#8221;slide&#8221; animation_direction=&#8221;top&#8221; text_font_size_tablet=&#8221;&#8221; text_font_size_phone=&#8221;&#8221; text_font_size_last_edited=&#8221;on|phone&#8221; global_colors_info=&#8221;{}&#8221;]<p style=\"text-align: center;\"><span style=\"color: #1d3e69;\">Quloi&#8217;nin sat\u0131n alma sipari\u015fi otomasyonu ve i\u015fbirli\u011fi yaz\u0131l\u0131m\u0131n\u0131n i\u015fletmenizin benzersiz zorluklar\u0131na, ihtiya\u00e7lar\u0131na ve \u00fcr\u00fcn ilgi alanlar\u0131na nas\u0131l uygun oldu\u011funu ke\u015ffedin.\u00a0<br \/><\/span><span style=\"color: #0d80ed;\">\u00dccretsiz ki\u015fiselle\u015ftirilmi\u015f demo i\u00e7in a\u015fa\u011f\u0131daki formu doldurun.<\/span><\/p>[\/et_pb_text][\/et_pb_column][\/et_pb_row][et_pb_row column_structure=&#8221;1_2,1_2&#8243; _builder_version=&#8221;4.24.2&#8243; _module_preset=&#8221;default&#8221; width_tablet=&#8221;80%&#8221; width_phone=&#8221;80%&#8221; width_last_edited=&#8221;on|tablet&#8221; max_width=&#8221;246%&#8221; custom_margin=&#8221;40px|auto|-2px|auto|false|false&#8221; custom_margin_tablet=&#8221;0px||40px||false|false&#8221; custom_margin_phone=&#8221;0px||40px||false|false&#8221; custom_margin_last_edited=&#8221;on|tablet&#8221; custom_padding=&#8221;0px||40px||false|false&#8221; hover_enabled=&#8221;0&#8243; global_colors_info=&#8221;{}&#8221; width=&#8221;90%&#8221; sticky_enabled=&#8221;0&#8243;][et_pb_column type=&#8221;1_2&#8243; _builder_version=&#8221;4.23.4&#8243; _module_preset=&#8221;default&#8221; global_colors_info=&#8221;{}&#8221;][et_pb_code _builder_version=&#8221;4.23.4&#8243; _module_preset=&#8221;default&#8221; custom_padding=&#8221;||0px|||&#8221; animation_style=&#8221;slide&#8221; animation_direction=&#8221;right&#8221; border_radii=&#8221;on|8px|8px|8px|8px&#8221; border_radii_tablet=&#8221;on|8px|8px|8px|8px&#8221; border_radii_phone=&#8221;on|0px|0px|0px|0px&#8221; border_radii_last_edited=&#8221;on|phone&#8221; box_shadow_style=&#8221;preset1&#8243; global_colors_info=&#8221;{}&#8221;]<iframe width='100%' height='750px' src='https:\/\/mg-quloi.zohobookings.in\/portal-embed#\/202474000000150004' frameborder='0' allowfullscreen=''> <\/iframe>[\/et_pb_code][\/et_pb_column][et_pb_column type=&#8221;1_2&#8243; _builder_version=&#8221;4.23.4&#8243; _module_preset=&#8221;default&#8221; global_colors_info=&#8221;{}&#8221;][et_pb_image src=&#8221;https:\/\/quloi.com\/tr\/wp-content\/uploads\/sites\/3\/2024\/05\/Hero-Image-2.png&#8221; title_text=&#8221;Hero Image&#8221; _builder_version=&#8221;4.24.2&#8243; _module_preset=&#8221;default&#8221; animation_style=&#8221;slide&#8221; animation_direction=&#8221;left&#8221; hover_enabled=&#8221;0&#8243; global_colors_info=&#8221;{}&#8221; sticky_enabled=&#8221;0&#8243; show_bottom_space=&#8221;off&#8221; custom_margin=&#8221;129px||18px||false|false&#8221;][\/et_pb_image][\/et_pb_column][\/et_pb_row][\/et_pb_section][et_pb_section fb_built=&#8221;1&#8243; _builder_version=&#8221;4.23.4&#8243; _module_preset=&#8221;default&#8221; background_color=&#8221;#1d3e69&#8243; global_colors_info=&#8221;{}&#8221;][et_pb_row _builder_version=&#8221;4.23.4&#8243; _module_preset=&#8221;default&#8221; max_width=&#8221;80%&#8221; global_colors_info=&#8221;{}&#8221;][et_pb_column type=&#8221;4_4&#8243; _builder_version=&#8221;4.23.4&#8243; _module_preset=&#8221;default&#8221; global_colors_info=&#8221;{}&#8221;][et_pb_text content_tablet=&#8221;<p><span>In this 30-minute demo, discover how Quloi\u2019s purchase order automation <\/span><span>and collaboration solution can revolutionize your processes.<\/span><\/p>&#8221; content_phone=&#8221;<p><span>In this 30-minute demo, discover how Quloi\u2019s purchase order automation<\/span><br \/><span>and collaboration solution can revolutionize your processes.<\/span><\/p>&#8221; content_last_edited=&#8221;on|tablet&#8221; _builder_version=&#8221;4.23.4&#8243; _module_preset=&#8221;default&#8221; text_font=&#8221;|600|||||||&#8221; text_text_color=&#8221;#0d80ed&#8221; text_font_size=&#8221;22px&#8221; text_line_height=&#8221;1.3em&#8221; custom_margin=&#8221;0px||||false|false&#8221; custom_padding=&#8221;15px||15px||false|false&#8221; animation_style=&#8221;slide&#8221; animation_direction=&#8221;top&#8221; text_font_size_tablet=&#8221;&#8221; text_font_size_phone=&#8221;&#8221; text_font_size_last_edited=&#8221;on|phone&#8221; global_colors_info=&#8221;{}&#8221;]<p style=\"text-align: center;\"><span style=\"color: #ffffff;\">Bu 30 dakikal\u0131k demo s\u00fcrecinde, Quloi&#8217;nin sat\u0131n alma sipari\u015fi otomasyonu ve i\u015fbirli\u011fi \u00e7\u00f6z\u00fcm\u00fcn\u00fcn s\u00fcre\u00e7lerinizi nas\u0131l k\u00f6kten de\u011fi\u015ftirebilece\u011fini ke\u015ffedin.\u00a0<\/span><\/p>[\/et_pb_text][\/et_pb_column][\/et_pb_row][\/et_pb_section][et_pb_section fb_built=&#8221;1&#8243; _builder_version=&#8221;4.23.3&#8243; _module_preset=&#8221;default&#8221; background_color=&#8221;RGBA(255,255,255,0)&#8221; custom_margin=&#8221;0px||0px||false|false&#8221; custom_padding=&#8221;50px||0px||false|false&#8221; custom_padding_tablet=&#8221;20px||||false|false&#8221; custom_padding_phone=&#8221;20px||||false|false&#8221; global_colors_info=&#8221;{}&#8221;][et_pb_row column_structure=&#8221;1_2,1_2&#8243; _builder_version=&#8221;4.23.4&#8243; _module_preset=&#8221;default&#8221; max_width=&#8221;80%&#8221; global_colors_info=&#8221;{}&#8221;][et_pb_column type=&#8221;1_2&#8243; _builder_version=&#8221;4.23.1&#8243; _module_preset=&#8221;default&#8221; global_colors_info=&#8221;{}&#8221;][et_pb_blurb title=&#8221;Kolayla\u015ft\u0131r\u0131lm\u0131\u015f Sat\u0131n Alma Sipari\u015fi Y\u00f6netimi&#8221; use_icon=&#8221;on&#8221; font_icon=&#8221;&#x69;||divi||400&#8243; icon_color=&#8221;#007dfe&#8221; image_icon_background_color=&#8221;RGBA(255,255,255,0)&#8221; icon_placement=&#8221;left&#8221; image_icon_width=&#8221;28px&#8221; content_tablet=&#8221;<p><span>Quloi simplifies the management of purchase<\/span><br \/><span>orders between buyers and suppliers, offering<\/span><br \/><span>precise visibility across the entire supply chain.<\/span><\/p>&#8221; content_phone=&#8221;<p><span>Quloi simplifies the management of purchase orders between buyers and suppliers, offering precise visibility across<br \/>the entire supply chain.<\/span><\/p>&#8221; content_last_edited=&#8221;on|phone&#8221; _builder_version=&#8221;4.24.2&#8243; _module_preset=&#8221;default&#8221; header_font=&#8221;|700|||||||&#8221; header_text_color=&#8221;#1d3e69&#8243; header_font_size=&#8221;26px&#8221; animation_style=&#8221;slide&#8221; animation_direction=&#8221;top&#8221; global_colors_info=&#8221;{}&#8221;]<p>Quloi, al\u0131c\u0131lar ve tedarik\u00e7iler aras\u0131ndaki sat\u0131n alma sipari\u015flerinin y\u00f6netimini basitle\u015ftirerek t\u00fcm tedarik zinciri boyunca y\u00fcksek \u015feffafl\u0131k sunar.<\/p>[\/et_pb_blurb][\/et_pb_column][et_pb_column type=&#8221;1_2&#8243; _builder_version=&#8221;4.23.1&#8243; _module_preset=&#8221;default&#8221; global_colors_info=&#8221;{}&#8221;][et_pb_blurb title=&#8221;Otomatik S\u00fcre\u00e7&#8221; use_icon=&#8221;on&#8221; font_icon=&#8221;&#xf0d0;||fa||900&#8243; icon_color=&#8221;#007dfe&#8221; icon_placement=&#8221;left&#8221; image_icon_width=&#8221;28px&#8221; _builder_version=&#8221;4.24.2&#8243; _module_preset=&#8221;default&#8221; header_font=&#8221;|700|||||||&#8221; header_text_color=&#8221;#1d3e69&#8243; header_font_size=&#8221;26px&#8221; animation_style=&#8221;slide&#8221; animation_direction=&#8221;top&#8221; global_colors_info=&#8221;{}&#8221;]<p>Quloi, s\u00fcrecim her ad\u0131m\u0131n\u0131 otomatikle\u015ftirerek,\u00a0 her sat\u0131n alma sipari\u015fi sat\u0131r\u0131n\u0131n ba\u011flam\u0131 i\u00e7inde sorunsuz ileti\u015fime imkan tan\u0131r. Say\u0131s\u0131z e-postalar\u0131 ve elektronik tablolar\u0131 takip etmek i\u00e7in saatler harcamaya elveda deyin.<\/p>[\/et_pb_blurb][\/et_pb_column][\/et_pb_row][et_pb_row column_structure=&#8221;1_2,1_2&#8243; _builder_version=&#8221;4.23.4&#8243; _module_preset=&#8221;default&#8221; max_width=&#8221;80%&#8221; global_colors_info=&#8221;{}&#8221;][et_pb_column type=&#8221;1_2&#8243; _builder_version=&#8221;4.23.1&#8243; _module_preset=&#8221;default&#8221; global_colors_info=&#8221;{}&#8221;][et_pb_blurb title=&#8221;\u0130stisna Y\u00f6netimi&#8221; use_icon=&#8221;on&#8221; font_icon=&#8221;&#xf0ae;||fa||900&#8243; icon_color=&#8221;#007dfe&#8221; image_icon_background_color=&#8221;RGBA(255,255,255,0)&#8221; icon_placement=&#8221;left&#8221; image_icon_width=&#8221;28px&#8221; content_tablet=&#8221;<p><span>Quloi empowers buyers to focus on what truly<\/span><br \/><span>matters by managing purchase orders by<\/span><br \/><span>exception. No more sifting through unnecessary<\/span><br \/><span>details \u2013 concentrate on the critical aspects.<\/span><\/p>&#8221; content_phone=&#8221;<p><span>Quloi empowers buyers to focus on what truly matters by managing purchase orders by exception. No more sifting through unnecessary details \u2013 concentrate on the critical aspects.<\/span><\/p>&#8221; content_last_edited=&#8221;on|phone&#8221; _builder_version=&#8221;4.24.2&#8243; _module_preset=&#8221;default&#8221; header_font=&#8221;|700|||||||&#8221; header_text_color=&#8221;#1d3e69&#8243; header_font_size=&#8221;26px&#8221; animation_style=&#8221;slide&#8221; animation_direction=&#8221;top&#8221; body_text_color_tablet=&#8221;#666666&#8243; body_text_color_phone=&#8221;#666666&#8243; body_text_color_last_edited=&#8221;on|tablet&#8221; global_colors_info=&#8221;{}&#8221;]<p><span style=\"color: #666666;\">Quloi, al\u0131c\u0131lar\u0131n sat\u0131n alma sipari\u015flerini istisna durumlar\u0131na g\u00f6re y\u00f6neterek, ger\u00e7ekten \u00f6nemli olanlara odaklanmalar\u0131n\u0131 sa\u011flar. Art\u0131k gereksiz ayr\u0131nt\u0131larda bo\u011fulmak yok &#8211; sadece \u00f6nemli bilgilere odaklan\u0131n.<\/span><\/p>[\/et_pb_blurb][\/et_pb_column][et_pb_column type=&#8221;1_2&#8243; _builder_version=&#8221;4.23.1&#8243; _module_preset=&#8221;default&#8221; global_colors_info=&#8221;{}&#8221;][et_pb_blurb title=&#8221;Ger\u00e7ek Zamanl\u0131 G\u00f6r\u00fcn\u00fcrl\u00fck&#8221; use_icon=&#8221;on&#8221; font_icon=&#8221;&#xf06e;||fa||900&#8243; icon_color=&#8221;#007dfe&#8221; icon_placement=&#8221;left&#8221; image_icon_width=&#8221;28px&#8221; _builder_version=&#8221;4.24.2&#8243; _module_preset=&#8221;default&#8221; header_font=&#8221;|700|||||||&#8221; header_text_color=&#8221;#1d3e69&#8243; header_font_size=&#8221;26px&#8221; animation_style=&#8221;slide&#8221; animation_direction=&#8221;top&#8221; global_colors_info=&#8221;{}&#8221;]<p>Ger\u00e7ek zamanl\u0131 olarak tedarik zinciri boyunca \u015feffafl\u0131k elde ederek, bilgiye dayal\u0131 kararlar alman\u0131za olanak tan\u0131r.<\/p>[\/et_pb_blurb][\/et_pb_column][\/et_pb_row][et_pb_row column_structure=&#8221;1_2,1_2&#8243; _builder_version=&#8221;4.23.4&#8243; _module_preset=&#8221;default&#8221; max_width=&#8221;80%&#8221; global_colors_info=&#8221;{}&#8221;][et_pb_column type=&#8221;1_2&#8243; _builder_version=&#8221;4.23.1&#8243; _module_preset=&#8221;default&#8221; global_colors_info=&#8221;{}&#8221;][et_pb_blurb title=&#8221;ERP Entegrasyonu&#8221; use_icon=&#8221;on&#8221; font_icon=&#8221;&#xf0c1;||fa||900&#8243; icon_color=&#8221;#007dfe&#8221; icon_placement=&#8221;left&#8221; image_icon_width=&#8221;28px&#8221; _builder_version=&#8221;4.24.2&#8243; _module_preset=&#8221;default&#8221; header_font=&#8221;|700|||||||&#8221; header_text_color=&#8221;#1d3e69&#8243; header_font_size=&#8221;26px&#8221; animation_style=&#8221;slide&#8221; animation_direction=&#8221;top&#8221; global_colors_info=&#8221;{}&#8221;]<p>Quloi, ERP sisteminizle kolayl\u0131kla entegre olur ve her ilgili veri par\u00e7as\u0131n\u0131n otomatik olarak g\u00fcncellendi\u011finden emin olur. Tedarik\u00e7ilerle tats\u0131z s\u00fcrprizler ya\u015famaya ve ileti\u015fimsizli\u011fe elveda deyin.<\/p>[\/et_pb_blurb][\/et_pb_column][et_pb_column type=&#8221;1_2&#8243; _builder_version=&#8221;4.23.1&#8243; _module_preset=&#8221;default&#8221; global_colors_info=&#8221;{}&#8221;][et_pb_blurb title=&#8221;Ak\u0131ll\u0131 Otomasyon&#8221; use_icon=&#8221;on&#8221; font_icon=&#8221;&#xf5dc;||fa||900&#8243; icon_color=&#8221;#007dfe&#8221; icon_placement=&#8221;left&#8221; image_icon_width=&#8221;28px&#8221; content_tablet=&#8221;<p><span>Experience intelligent automation that simplifies<br \/>processes and eliminates manual efforts, allowing<br \/>you to focus on strategic priorities.<\/span><\/p>&#8221; content_phone=&#8221;<p><span>Experience intelligent automation that simplifies processes and eliminates manual efforts, allowing you to focus on strategic priorities.<\/span><\/p>&#8221; content_last_edited=&#8221;on|phone&#8221; _builder_version=&#8221;4.24.2&#8243; _module_preset=&#8221;default&#8221; header_font=&#8221;|700|||||||&#8221; header_text_color=&#8221;#1d3e69&#8243; header_font_size=&#8221;26px&#8221; animation_style=&#8221;slide&#8221; animation_direction=&#8221;top&#8221; global_colors_info=&#8221;{}&#8221;]<p><span style=\"color: #666666;\">S\u00fcre\u00e7lerin basitle\u015ftirilmesini ve manuel olarak yap\u0131lan i\u015flerin ortadan kald\u0131r\u0131lmas\u0131n\u0131 sa\u011flayan zeki otomasyon deneyimine sahip olarak stratejik \u00f6nceliklerinize odaklan\u0131n.\u00a0<\/span><\/p>[\/et_pb_blurb][\/et_pb_column][\/et_pb_row][\/et_pb_section][et_pb_section fb_built=&#8221;1&#8243; _builder_version=&#8221;4.23.1&#8243; _module_preset=&#8221;default&#8221; background_color=&#8221;#0b3b72&#8243; use_background_color_gradient=&#8221;on&#8221; background_color_gradient_stops=&#8221;#ffffff 0%|#0b3b72 100%&#8221; global_colors_info=&#8221;{}&#8221;][et_pb_row _builder_version=&#8221;4.23.4&#8243; _module_preset=&#8221;default&#8221; max_width=&#8221;80%&#8221; global_colors_info=&#8221;{}&#8221;][et_pb_column type=&#8221;4_4&#8243; _builder_version=&#8221;4.23.1&#8243; _module_preset=&#8221;default&#8221; global_colors_info=&#8221;{}&#8221;][et_pb_text content_tablet=&#8221;<h2>Experience the transformative power of<br \/>Quloi &#8211; request your free demo today!<\/h2>&#8221; content_phone=&#8221;<h2>Experience the transformative power of Quloi &#8211; request your free demo today!<\/h2>&#8221; content_last_edited=&#8221;on|desktop&#8221; _builder_version=&#8221;4.23.1&#8243; _module_preset=&#8221;default&#8221; header_text_color=&#8221;#1d3e69&#8243; header_font_size=&#8221;48px&#8221; header_line_height=&#8221;1.2em&#8221; header_2_text_color=&#8221;#FFFFFF&#8221; header_2_font_size=&#8221;45px&#8221; header_2_line_height=&#8221;1.1em&#8221; custom_margin=&#8221;20px||||false|false&#8221; animation_style=&#8221;slide&#8221; animation_direction=&#8221;right&#8221; header_font_size_tablet=&#8221;48px&#8221; header_font_size_phone=&#8221;35px&#8221; header_font_size_last_edited=&#8221;on|phone&#8221; header_line_height_tablet=&#8221;1.2em&#8221; header_line_height_phone=&#8221;1.2em&#8221; header_line_height_last_edited=&#8221;on|phone&#8221; header_2_font_size_tablet=&#8221;45px&#8221; header_2_font_size_phone=&#8221;32px&#8221; global_colors_info=&#8221;{}&#8221;]<h2 style=\"text-align: center;\">Quloi&#8217;nin d\u00f6n\u00fc\u015ft\u00fcr\u00fcc\u00fc g\u00fcc\u00fcn\u00fc deneyimleyin &#8211; \u00dccretsiz demo randevunuzu hemen al\u0131n!<\/h2>[\/et_pb_text][\/et_pb_column][\/et_pb_row][\/et_pb_section]\n","protected":false},"excerpt":{"rendered":"<p>Sadece Bizim S\u00f6ylediklerimize Bakmay\u0131nQuloi&#8217;nin sat\u0131n alma sipari\u015fi otomasyonu ve i\u015fbirli\u011fi yaz\u0131l\u0131m\u0131n\u0131n i\u015fletmenizin benzersiz zorluklar\u0131na, ihtiya\u00e7lar\u0131na ve \u00fcr\u00fcn ilgi alanlar\u0131na nas\u0131l uygun oldu\u011funu ke\u015ffedin.\u00a0\u00dccretsiz ki\u015fiselle\u015ftirilmi\u015f demo i\u00e7in a\u015fa\u011f\u0131daki formu doldurun.Bu 30 dakikal\u0131k demo s\u00fcrecinde, Quloi&#8217;nin sat\u0131n alma sipari\u015fi otomasyonu ve i\u015fbirli\u011fi \u00e7\u00f6z\u00fcm\u00fcn\u00fcn s\u00fcre\u00e7lerinizi nas\u0131l k\u00f6kten de\u011fi\u015ftirebilece\u011fini ke\u015ffedin.\u00a0Quloi, al\u0131c\u0131lar ve tedarik\u00e7iler aras\u0131ndaki sat\u0131n alma sipari\u015flerinin y\u00f6netimini basitle\u015ftirerek [&hellip;]<\/p>\n","protected":false},"author":2,"featured_media":0,"parent":0,"menu_order":0,"comment_status":"closed","ping_status":"closed","template":"","meta":{"_et_pb_use_builder":"on","_et_pb_old_content":"","_et_gb_content_width":""},"_links":{"self":[{"href":"https:\/\/quloi.com\/tr\/wp-json\/wp\/v2\/pages\/4249"}],"collection":[{"href":"https:\/\/quloi.com\/tr\/wp-json\/wp\/v2\/pages"}],"about":[{"href":"https:\/\/quloi.com\/tr\/wp-json\/wp\/v2\/types\/page"}],"author":[{"embeddable":true,"href":"https:\/\/quloi.com\/tr\/wp-json\/wp\/v2\/users\/2"}],"replies":[{"embeddable":true,"href":"https:\/\/quloi.com\/tr\/wp-json\/wp\/v2\/comments?post=4249"}],"version-history":[{"count":13,"href":"https:\/\/quloi.com\/tr\/wp-json\/wp\/v2\/pages\/4249\/revisions"}],"predecessor-version":[{"id":6112,"href":"https:\/\/quloi.com\/tr\/wp-json\/wp\/v2\/pages\/4249\/revisions\/6112"}],"wp:attachment":[{"href":"https:\/\/quloi.com\/tr\/wp-json\/wp\/v2\/media?parent=4249"}],"curies":[{"name":"wp","href":"https:\/\/api.w.org\/{rel}","templated":true}]}}