{"id":4294,"date":"2024-01-18T04:59:13","date_gmt":"2024-01-18T04:59:13","guid":{"rendered":"https:\/\/www.quloi.com\/?page_id=4294"},"modified":"2024-07-18T05:31:37","modified_gmt":"2024-07-18T05:31:37","slug":"uzmanla-konusun","status":"publish","type":"page","link":"https:\/\/quloi.com\/tr\/uzmanla-konusun\/","title":{"rendered":"Uzmanla konu\u015fun"},"content":{"rendered":"<p>[et_pb_section fb_built=&#8221;1&#8243; _builder_version=&#8221;4.23.1&#8243; _module_preset=&#8221;default&#8221; background_color=&#8221;#f3f7fa&#8221; custom_padding=&#8221;||0px||false|false&#8221; global_colors_info=&#8221;{}&#8221;][et_pb_row column_structure=&#8221;1_2,1_2&#8243; _builder_version=&#8221;4.24.2&#8243; _module_preset=&#8221;default&#8221; max_width=&#8221;1200px&#8221; hover_enabled=&#8221;0&#8243; global_colors_info=&#8221;{}&#8221; animation_style=&#8221;fade&#8221; animation_duration=&#8221;650ms&#8221; sticky_enabled=&#8221;0&#8243;][et_pb_column type=&#8221;1_2&#8243; _builder_version=&#8221;4.23.4&#8243; _module_preset=&#8221;default&#8221; global_colors_info=&#8221;{}&#8221;][et_pb_text content_tablet=&#8221;<\/p>\n<h1>Seeing is Believing! Book a 15-Minute<br \/>Call with Our Product Specialist.<\/h1>\n<\/p>\n<p>&#8221; content_phone=&#8221;<\/p>\n<h1>Seeing is Believing! Book<br \/>a 15-Minute Call with Our Product Specialist.<\/h1>\n<\/p>\n<p>&#8221; content_last_edited=&#8221;on|tablet&#8221; _builder_version=&#8221;4.24.2&#8243; _module_preset=&#8221;default&#8221; header_font=&#8221;|700|||||||&#8221; header_text_color=&#8221;#1d3e69&#8243; header_font_size=&#8221;55px&#8221; header_line_height=&#8221;1.1em&#8221; custom_margin=&#8221;160px||15px||false|false&#8221; custom_margin_tablet=&#8221;20px||||false|false&#8221; custom_margin_phone=&#8221;20px||||false|false&#8221; custom_margin_last_edited=&#8221;on|tablet&#8221; animation_direction=&#8221;bottom&#8221; hover_enabled=&#8221;0&#8243; header_font_tablet=&#8221;&#8221; header_font_phone=&#8221;&#8221; header_font_last_edited=&#8221;on|tablet&#8221; header_font_size_tablet=&#8221;55px&#8221; header_font_size_phone=&#8221;35px&#8221; header_font_size_last_edited=&#8221;on|phone&#8221; global_colors_info=&#8221;{}&#8221; sticky_enabled=&#8221;0&#8243;]<\/p>\n<h1 style=\"text-align: left;\">G\u00f6rmek \u0130nanmakt\u0131r! \u00dcr\u00fcn Uzman\u0131m\u0131zla 15 Dakikal\u0131k Bir G\u00f6r\u00fc\u015fme Yap\u0131n.<\/h1>\n<p>[\/et_pb_text][et_pb_text content_tablet=&#8221;&#8221; content_phone=&#8221;<\/p>\n<p><span>See for yourself how Quloi\u2019s purchase order automation and collaboration software <\/span><span>can meet your business\u2019s unique challenges, needs, and product interests.<br \/><\/span><br \/><span>Please complete the form below to get your free personalized free demo.<\/span><\/p>\n<p>&#8221; content_last_edited=&#8221;on|tablet&#8221; _builder_version=&#8221;4.24.2&#8243; _module_preset=&#8221;default&#8221; text_font=&#8221;|600|||||||&#8221; text_text_color=&#8221;#08192d&#8221; text_font_size=&#8221;22px&#8221; text_line_height=&#8221;1.3em&#8221; animation_direction=&#8221;top&#8221; hover_enabled=&#8221;0&#8243; text_font_size_tablet=&#8221;&#8221; text_font_size_phone=&#8221;&#8221; text_font_size_last_edited=&#8221;on|phone&#8221; global_colors_info=&#8221;{}&#8221; sticky_enabled=&#8221;0&#8243;]<\/p>\n<p style=\"text-align: left;\"><span style=\"color: #1d3e69;\">Size uygun bir zamanda bilgili \u00fcr\u00fcn uzmanlar\u0131m\u0131zdan biriyle 15 dakikal\u0131k bir g\u00f6r\u00fc\u015fme planlay\u0131n.<\/span><\/p>\n<p>[\/et_pb_text][\/et_pb_column][et_pb_column type=&#8221;1_2&#8243; _builder_version=&#8221;4.23.4&#8243; _module_preset=&#8221;default&#8221; global_colors_info=&#8221;{}&#8221;][et_pb_code _builder_version=&#8221;4.23.4&#8243; _module_preset=&#8221;default&#8221; border_radii=&#8221;on|8px|8px|8px|8px&#8221; box_shadow_style=&#8221;preset1&#8243; global_colors_info=&#8221;{}&#8221;]<iframe width='100%' height='750px' src='https:\/\/mg-quloi.zohobookings.in\/portal-embed#\/202474000000150040' frameborder='0' allowfullscreen=''> <\/iframe>[\/et_pb_code][\/et_pb_column][\/et_pb_row][\/et_pb_section][et_pb_section fb_built=&#8221;1&#8243; _builder_version=&#8221;4.23.1&#8243; _module_preset=&#8221;default&#8221; background_color=&#8221;#f3f7fa&#8221; global_colors_info=&#8221;{}&#8221;][et_pb_row column_structure=&#8221;1_2,1_2&#8243; _builder_version=&#8221;4.24.2&#8243; _module_preset=&#8221;default&#8221; hover_enabled=&#8221;0&#8243; global_colors_info=&#8221;{}&#8221; animation_style=&#8221;fade&#8221; animation_duration=&#8221;650ms&#8221; sticky_enabled=&#8221;0&#8243;][et_pb_column type=&#8221;1_2&#8243; _builder_version=&#8221;4.23.1&#8243; _module_preset=&#8221;default&#8221; global_colors_info=&#8221;{}&#8221;][et_pb_blurb title=&#8221;Size \u00d6zel \u00c7\u00f6z\u00fcmler&#8221; content_tablet=&#8221;<\/p>\n<p><span>Quloi simplifies the management of purchase<\/span><br \/><span>orders between buyers and suppliers, offering<\/span><br \/><span>precise visibility across the entire supply chain.<\/span><\/p>\n<p>&#8221; content_phone=&#8221;<\/p>\n<p><span>Quloi simplifies the management of purchase orders between buyers and suppliers, offering precise visibility across<br \/>the entire supply chain.<\/span><\/p>\n<p>&#8221; content_last_edited=&#8221;on|phone&#8221; _builder_version=&#8221;4.24.2&#8243; _module_preset=&#8221;default&#8221; header_font=&#8221;|700|||||||&#8221; header_text_color=&#8221;#0d80ed&#8221; header_font_size=&#8221;26px&#8221; animation_direction=&#8221;top&#8221; hover_enabled=&#8221;0&#8243; global_colors_info=&#8221;{}&#8221; width=&#8221;69%&#8221; sticky_enabled=&#8221;0&#8243;]<\/p>\n<p>Uzmanlar\u0131m\u0131z a\u015fa\u011f\u0131dakilerin benzersizli\u011fini anlar ve size \u00f6zel \u00e7\u00f6z\u00fcmler sunmak hedeflerinizle uyumlu.<\/p>\n<p>[\/et_pb_blurb][\/et_pb_column][et_pb_column type=&#8221;1_2&#8243; _builder_version=&#8221;4.23.1&#8243; _module_preset=&#8221;default&#8221; global_colors_info=&#8221;{}&#8221;][et_pb_blurb title=&#8221;Kan\u0131tlanm\u0131\u015f Uzmanl\u0131k&#8221; content_tablet=&#8221;<\/p>\n<p>Benefit from the expertise of professionals<br \/>well-versed in supply chain dynamics, business<br \/>intelligence, and technology.<\/p>\n<p>&#8221; content_phone=&#8221;<\/p>\n<p>Benefit from the expertise of professionals<br \/>well-versed in supply chain dynamics, business intelligence, and technology.<\/p>\n<p>&#8221; content_last_edited=&#8221;on|phone&#8221; _builder_version=&#8221;4.24.2&#8243; _module_preset=&#8221;default&#8221; header_font=&#8221;|700|||||||&#8221; header_text_color=&#8221;#0d80ed&#8221; header_font_size=&#8221;26px&#8221; animation_direction=&#8221;top&#8221; hover_enabled=&#8221;0&#8243; global_colors_info=&#8221;{}&#8221; width=&#8221;73%&#8221; sticky_enabled=&#8221;0&#8243;]<\/p>\n<p>Profesyonellerin uzmanl\u0131\u011f\u0131ndan yararlan\u0131n Tedarik zinciri dinamikleri, i\u015f zekas\u0131 ve teknoloji konular\u0131nda bilgili.<\/p>\n<p>[\/et_pb_blurb][\/et_pb_column][\/et_pb_row][et_pb_row column_structure=&#8221;1_2,1_2&#8243; _builder_version=&#8221;4.24.2&#8243; _module_preset=&#8221;default&#8221; hover_enabled=&#8221;0&#8243; global_colors_info=&#8221;{}&#8221; animation_style=&#8221;fade&#8221; animation_duration=&#8221;650ms&#8221; sticky_enabled=&#8221;0&#8243;][et_pb_column type=&#8221;1_2&#8243; _builder_version=&#8221;4.23.1&#8243; _module_preset=&#8221;default&#8221; global_colors_info=&#8221;{}&#8221;][et_pb_blurb title=&#8221;Stratejik Rehberlik&#8221; content_tablet=&#8221;<\/p>\n<p>Receive strategic guidance on how Quloi can be<br \/>customized to address your specific challenges<br \/>and objectives.<\/p>\n<p>&#8221; content_phone=&#8221;<\/p>\n<p>Receive strategic guidance on how Quloi can be customized to address your specific challenges and objectives.<\/p>\n<p>&#8221; content_last_edited=&#8221;on|phone&#8221; _builder_version=&#8221;4.24.2&#8243; _module_preset=&#8221;default&#8221; header_font=&#8221;|700|||||||&#8221; header_text_color=&#8221;#0d80ed&#8221; header_font_size=&#8221;26px&#8221; animation_direction=&#8221;top&#8221; hover_enabled=&#8221;0&#8243; global_colors_info=&#8221;{}&#8221; width=&#8221;65%&#8221; sticky_enabled=&#8221;0&#8243;]<\/p>\n<p>Quloi&#8217;nin nas\u0131l olabilece\u011fi konusunda stratejik rehberlik al\u0131n \u00f6zel zorluklar\u0131n\u0131z\u0131 ele almak i\u00e7in \u00f6zelle\u015ftirilmi\u015f ve hedefler.<\/p>\n<p>[\/et_pb_blurb][\/et_pb_column][et_pb_column type=&#8221;1_2&#8243; _builder_version=&#8221;4.23.1&#8243; _module_preset=&#8221;default&#8221; global_colors_info=&#8221;{}&#8221;][et_pb_blurb title=&#8221;Ger\u00e7ek Zamanl\u0131 G\u00f6r\u00fcn\u00fcrl\u00fck&#8221; content_tablet=&#8221;<\/p>\n<p>Gain accurate visibility across the supply chain in real-time,<br \/>empowering you to make informed decisions promptly.<\/p>\n<p>&#8221; content_phone=&#8221;<\/p>\n<p>Gain accurate visibility across the supply chain in real-time, empowering you to make informed decisions promptly.<\/p>\n<p>&#8221; content_last_edited=&#8221;on|tablet&#8221; _builder_version=&#8221;4.24.2&#8243; _module_preset=&#8221;default&#8221; header_font=&#8221;|700|||||||&#8221; header_text_color=&#8221;#0d80ed&#8221; header_font_size=&#8221;26px&#8221; animation_direction=&#8221;top&#8221; hover_enabled=&#8221;0&#8243; global_colors_info=&#8221;{}&#8221; sticky_enabled=&#8221;0&#8243; width=&#8221;78%&#8221;]<\/p>\n<p>Tedarik zinciri boyunca ger\u00e7ek zamanl\u0131 olarak do\u011fru g\u00f6r\u00fcn\u00fcrl\u00fck elde edin ve an\u0131nda bilin\u00e7li kararlar alman\u0131z\u0131 sa\u011flay\u0131n.<\/p>\n<p>[\/et_pb_blurb][\/et_pb_column][\/et_pb_row][\/et_pb_section][et_pb_section fb_built=&#8221;1&#8243; _builder_version=&#8221;4.23.1&#8243; _module_preset=&#8221;default&#8221; background_color=&#8221;#0b3b72&#8243; use_background_color_gradient=&#8221;on&#8221; background_color_gradient_stops=&#8221;#f3f7fa 0%|#0b3b72 100%&#8221; global_colors_info=&#8221;{}&#8221;][et_pb_row _builder_version=&#8221;4.24.2&#8243; _module_preset=&#8221;default&#8221; width=&#8221;90%&#8221; max_width=&#8221;80%&#8221; hover_enabled=&#8221;0&#8243; global_colors_info=&#8221;{}&#8221; animation_style=&#8221;fade&#8221; animation_duration=&#8221;650ms&#8221; sticky_enabled=&#8221;0&#8243;][et_pb_column type=&#8221;4_4&#8243; _builder_version=&#8221;4.23.1&#8243; _module_preset=&#8221;default&#8221; global_colors_info=&#8221;{}&#8221;][et_pb_text content_tablet=&#8221;<\/p>\n<h2>Experience the transformative power of<br \/>Quloi &#8211; request your free demo today!<\/h2>\n<p>&#8221; content_phone=&#8221;<\/p>\n<h2>Experience the transformative power of Quloi &#8211; request your free demo today!<\/h2>\n<p>&#8221; content_last_edited=&#8221;on|desktop&#8221; _builder_version=&#8221;4.24.2&#8243; _module_preset=&#8221;default&#8221; header_text_color=&#8221;#1d3e69&#8243; header_font_size=&#8221;48px&#8221; header_line_height=&#8221;1.2em&#8221; header_2_text_color=&#8221;#FFFFFF&#8221; header_2_font_size=&#8221;45px&#8221; header_2_line_height=&#8221;1.2em&#8221; custom_margin=&#8221;20px||||false|false&#8221; animation_direction=&#8221;right&#8221; hover_enabled=&#8221;0&#8243; header_font_size_tablet=&#8221;48px&#8221; header_font_size_phone=&#8221;35px&#8221; header_font_size_last_edited=&#8221;on|phone&#8221; header_line_height_tablet=&#8221;1.2em&#8221; header_line_height_phone=&#8221;1.2em&#8221; header_line_height_last_edited=&#8221;on|phone&#8221; header_2_font_size_tablet=&#8221;45px&#8221; header_2_font_size_phone=&#8221;32px&#8221; global_colors_info=&#8221;{}&#8221; width=&#8221;78%&#8221; module_alignment=&#8221;center&#8221; header_2_font=&#8221;Poppins|600|||||||&#8221; sticky_enabled=&#8221;0&#8243;]<\/p>\n<h2 style=\"text-align: center;\">A\u015fa\u011f\u0131dakilerin d\u00f6n\u00fc\u015ft\u00fcr\u00fcc\u00fc g\u00fcc\u00fcn\u00fc deneyimleyin Quloi &#8211; \u00fccretsiz demonuzu bug\u00fcn talep edin!<\/h2>\n<p>[\/et_pb_text][\/et_pb_column][\/et_pb_row][\/et_pb_section]<\/p>\n","protected":false},"excerpt":{"rendered":"<p>G\u00f6rmek \u0130nanmakt\u0131r! \u00dcr\u00fcn Uzman\u0131m\u0131zla 15 Dakikal\u0131k Bir G\u00f6r\u00fc\u015fme Yap\u0131n.Size uygun bir zamanda bilgili \u00fcr\u00fcn uzmanlar\u0131m\u0131zdan biriyle 15 dakikal\u0131k bir g\u00f6r\u00fc\u015fme planlay\u0131n.Uzmanlar\u0131m\u0131z a\u015fa\u011f\u0131dakilerin benzersizli\u011fini anlar ve size \u00f6zel \u00e7\u00f6z\u00fcmler sunmak hedeflerinizle uyumlu.Profesyonellerin uzmanl\u0131\u011f\u0131ndan yararlan\u0131n Tedarik zinciri dinamikleri, i\u015f zekas\u0131 ve teknoloji konular\u0131nda bilgili.Quloi&#8217;nin nas\u0131l olabilece\u011fi konusunda stratejik rehberlik al\u0131n \u00f6zel zorluklar\u0131n\u0131z\u0131 ele almak i\u00e7in \u00f6zelle\u015ftirilmi\u015f ve [&hellip;]<\/p>\n","protected":false},"author":2,"featured_media":0,"parent":0,"menu_order":0,"comment_status":"closed","ping_status":"closed","template":"","meta":{"_et_pb_use_builder":"on","_et_pb_old_content":"","_et_gb_content_width":""},"_links":{"self":[{"href":"https:\/\/quloi.com\/tr\/wp-json\/wp\/v2\/pages\/4294"}],"collection":[{"href":"https:\/\/quloi.com\/tr\/wp-json\/wp\/v2\/pages"}],"about":[{"href":"https:\/\/quloi.com\/tr\/wp-json\/wp\/v2\/types\/page"}],"author":[{"embeddable":true,"href":"https:\/\/quloi.com\/tr\/wp-json\/wp\/v2\/users\/2"}],"replies":[{"embeddable":true,"href":"https:\/\/quloi.com\/tr\/wp-json\/wp\/v2\/comments?post=4294"}],"version-history":[{"count":8,"href":"https:\/\/quloi.com\/tr\/wp-json\/wp\/v2\/pages\/4294\/revisions"}],"predecessor-version":[{"id":6215,"href":"https:\/\/quloi.com\/tr\/wp-json\/wp\/v2\/pages\/4294\/revisions\/6215"}],"wp:attachment":[{"href":"https:\/\/quloi.com\/tr\/wp-json\/wp\/v2\/media?parent=4294"}],"curies":[{"name":"wp","href":"https:\/\/api.w.org\/{rel}","templated":true}]}}