{"id":509,"date":"2023-01-28T02:28:08","date_gmt":"2023-01-28T02:28:08","guid":{"rendered":"https:\/\/quloi.com\/?page_id=509"},"modified":"2024-09-06T09:15:34","modified_gmt":"2024-09-06T09:15:34","slug":"talk-to-specialist","status":"publish","type":"page","link":"https:\/\/quloi.com\/tr\/talk-to-specialist\/","title":{"rendered":"Talk to Specialist"},"content":{"rendered":"\n\n[et_pb_section fb_built=&#8221;1&#8243; _builder_version=&#8221;4.20.4&#8243; _module_preset=&#8221;1315e8f6-e38e-4400-89e7-be4a988fcfa5&#8243; background_color=&#8221;#FFFFFF&#8221; background_enable_image=&#8221;off&#8221; custom_padding=&#8221;2vh||2vh||true|false&#8221; global_colors_info=&#8221;{}&#8221;][et_pb_row make_equal=&#8221;on&#8221; _builder_version=&#8221;4.19.4&#8243; _module_preset=&#8221;default&#8221; global_colors_info=&#8221;{}&#8221;][et_pb_column type=&#8221;4_4&#8243; _builder_version=&#8221;4.19.4&#8243; _module_preset=&#8221;default&#8221; global_colors_info=&#8221;{}&#8221;][et_pb_text content_tablet=&#8221;<h2>Let\u2019s talk about<br \/>your business.<\/h2>&#8221; content_phone=&#8221;<h2>Let\u2019s talk about<br \/>your business.<\/h2>&#8221; content_last_edited=&#8221;on|phone&#8221; _builder_version=&#8221;4.20.4&#8243; _module_preset=&#8221;bd593af9-12e1-4761-9e94-dc29e77b7987&#8243; header_2_font_size=&#8221;38px&#8221; header_2_line_height=&#8221;1.2em&#8221; custom_margin=&#8221;40px||0px||false|false&#8221; custom_margin_tablet=&#8221;230px||0px||false|false&#8221; custom_margin_phone=&#8221;20px||||false|false&#8221; custom_margin_last_edited=&#8221;on|phone&#8221; global_colors_info=&#8221;{}&#8221;]<h1 style=\"text-align: center;\">\u0130\u015finiz Hakk\u0131nda Konu\u015fal\u0131m.<\/h1>[\/et_pb_text][et_pb_text _builder_version=&#8221;4.20.4&#8243; _module_preset=&#8221;8e50be40-41ff-480c-b26a-75dc68d4c4a4&#8243; custom_margin=&#8221;||20px||false|false&#8221; global_colors_info=&#8221;{}&#8221;]<p style=\"text-align: center;\">Quloi&#8217;nin geli\u015fmi\u015f i\u015fbirli\u011fine dayal\u0131 tedarik\u00e7i ve sipari\u015f y\u00f6netimi platformunun lojistik stratejinizde nas\u0131l devrim yaratabilece\u011fini ve i\u015finizi nas\u0131l ilerletebilece\u011fini ke\u015ffedin.<\/p>[\/et_pb_text][\/et_pb_column][\/et_pb_row][\/et_pb_section][et_pb_section fb_built=&#8221;1&#8243; _builder_version=&#8221;4.20.4&#8243; _module_preset=&#8221;default&#8221; global_colors_info=&#8221;{}&#8221;][et_pb_row _builder_version=&#8221;4.20.4&#8243; _module_preset=&#8221;default&#8221; global_colors_info=&#8221;{}&#8221;][et_pb_column type=&#8221;4_4&#8243; _builder_version=&#8221;4.20.4&#8243; _module_preset=&#8221;default&#8221; global_colors_info=&#8221;{}&#8221;][et_pb_code _builder_version=&#8221;4.20.4&#8243; _module_preset=&#8221;default&#8221; hover_enabled=&#8221;0&#8243; global_colors_info=&#8221;{}&#8221; sticky_enabled=&#8221;0&#8243;]<iframe width='100%' height='750px' src='https:\/\/mg-quloi.zohobookings.in\/portal-embed#\/customer\/202474000000029010' frameborder='0' allowfullscreen=''> <\/iframe>[\/et_pb_code][\/et_pb_column][\/et_pb_row][\/et_pb_section][et_pb_section fb_built=&#8221;1&#8243; _builder_version=&#8221;4.20.4&#8243; _module_preset=&#8221;default&#8221; background_color=&#8221;#f7f7f7&#8243; global_colors_info=&#8221;{}&#8221;][et_pb_row _builder_version=&#8221;4.19.4&#8243; _module_preset=&#8221;default&#8221; global_colors_info=&#8221;{}&#8221;][et_pb_column type=&#8221;4_4&#8243; _builder_version=&#8221;4.19.4&#8243; _module_preset=&#8221;default&#8221; global_colors_info=&#8221;{}&#8221;][et_pb_text _builder_version=&#8221;4.24.2&#8243; _module_preset=&#8221;bd593af9-12e1-4761-9e94-dc29e77b7987&#8243; header_2_text_align=&#8221;center&#8221; header_2_font_size=&#8221;38px&#8221; header_2_line_height=&#8221;1.2em&#8221; global_colors_info=&#8221;{}&#8221;]<h2>\u0130lk mil bo\u015flu\u011fu zorluklar\u0131n\u0131n azalt\u0131lmas\u0131<\/h2>[\/et_pb_text][et_pb_text _builder_version=&#8221;4.24.2&#8243; _module_preset=&#8221;8e50be40-41ff-480c-b26a-75dc68d4c4a4&#8243; text_orientation=&#8221;center&#8221; custom_margin=&#8221;||20px||false|false&#8221; hover_enabled=&#8221;0&#8243; global_colors_info=&#8221;{}&#8221; sticky_enabled=&#8221;0&#8243;]<p>Quloi&#8217;nin i\u015fbirli\u011fine dayal\u0131 tedarik\u00e7i ve sipari\u015f y\u00f6netimi platformu insanlara &#8211; al\u0131c\u0131lara, tedarik\u00e7ilere, nakliye firmalar\u0131na, ta\u015f\u0131y\u0131c\u0131lara ve di\u011fer lojistik ortaklar\u0131na ve ilk mil bo\u015flu\u011fu zorluklar\u0131n\u0131n nas\u0131l azalt\u0131laca\u011f\u0131na odaklan\u0131r<\/p>[\/et_pb_text][et_pb_image src=&#8221;https:\/\/quloi.com\/wp-content\/uploads\/2023\/01\/Graphic-Landing.png&#8221; title_text=&#8221;Graphic-Landing&#8221; align=&#8221;center&#8221; _builder_version=&#8221;4.19.4&#8243; _module_preset=&#8221;default&#8221; global_colors_info=&#8221;{}&#8221;][\/et_pb_image][\/et_pb_column][\/et_pb_row][\/et_pb_section][et_pb_section fb_built=&#8221;1&#8243; _builder_version=&#8221;4.19.4&#8243; _module_preset=&#8221;default&#8221; background_color=&#8221;#0580DB&#8221; global_colors_info=&#8221;{}&#8221;][et_pb_row column_structure=&#8221;2_5,3_5&#8243; make_equal=&#8221;on&#8221; _builder_version=&#8221;4.19.4&#8243; _module_preset=&#8221;default&#8221; custom_css_main_element=&#8221;align-items:center;&#8221; global_colors_info=&#8221;{}&#8221;][et_pb_column type=&#8221;2_5&#8243; _builder_version=&#8221;4.19.4&#8243; _module_preset=&#8221;default&#8221; global_colors_info=&#8221;{}&#8221;][et_pb_image src=&#8221;https:\/\/quloi.com\/wp-content\/uploads\/2023\/01\/Q-White-01-300&#215;282.png&#8221; title_text=&#8221;Q-White-01&#8243; _builder_version=&#8221;4.19.4&#8243; _module_preset=&#8221;default&#8221; global_colors_info=&#8221;{}&#8221;][\/et_pb_image][\/et_pb_column][et_pb_column type=&#8221;3_5&#8243; _builder_version=&#8221;4.19.4&#8243; _module_preset=&#8221;default&#8221; global_colors_info=&#8221;{}&#8221;][et_pb_text _builder_version=&#8221;4.24.2&#8243; _module_preset=&#8221;4fd1d8af-cbcd-4be2-964f-b6fa8525a1b7&#8243; text_text_color=&#8221;#FFFFFF&#8221; header_3_font=&#8221;Poppins|600|||||||&#8221; header_3_text_color=&#8221;#FFFFFF&#8221; header_3_font_size=&#8221;24px&#8221; hover_enabled=&#8221;0&#8243; global_colors_info=&#8221;{}&#8221; sticky_enabled=&#8221;0&#8243;]<h3>\u201cQuloi&#8217;nin sevkiyat g\u00f6r\u00fcn\u00fcrl\u00fck mod\u00fcl\u00fc ile teslimat tarihlerindeki de\u011fi\u015fiklikleri h\u0131zl\u0131 bir \u015fekilde tespit edebiliyor ve k\u0131rm\u0131z\u0131 bayrakl\u0131 malzeme kalemlerindeki gecikmeler konusunda \u00fcretimi bilgilendirebiliyorum.\u201d<\/h3>\n<p><strong>Malzeme \u0130htiya\u00e7 Planlay\u0131c\u0131s\u0131, Fortune 500 \u015eirketi<\/strong><\/p>[\/et_pb_text][\/et_pb_column][\/et_pb_row][\/et_pb_section]\n\n","protected":false},"excerpt":{"rendered":"<p>\u0130\u015finiz Hakk\u0131nda Konu\u015fal\u0131m.Quloi&#8217;nin geli\u015fmi\u015f i\u015fbirli\u011fine dayal\u0131 tedarik\u00e7i ve sipari\u015f y\u00f6netimi platformunun lojistik stratejinizde nas\u0131l devrim yaratabilece\u011fini ve i\u015finizi nas\u0131l ilerletebilece\u011fini ke\u015ffedin.\u0130lk mil bo\u015flu\u011fu zorluklar\u0131n\u0131n azalt\u0131lmas\u0131Quloi&#8217;nin i\u015fbirli\u011fine dayal\u0131 tedarik\u00e7i ve sipari\u015f y\u00f6netimi platformu insanlara &#8211; al\u0131c\u0131lara, tedarik\u00e7ilere, nakliye firmalar\u0131na, ta\u015f\u0131y\u0131c\u0131lara ve di\u011fer lojistik ortaklar\u0131na ve ilk mil bo\u015flu\u011fu zorluklar\u0131n\u0131n nas\u0131l azalt\u0131laca\u011f\u0131na odaklan\u0131r\u201cQuloi&#8217;nin sevkiyat g\u00f6r\u00fcn\u00fcrl\u00fck mod\u00fcl\u00fc ile [&hellip;]<\/p>\n","protected":false},"author":4,"featured_media":0,"parent":0,"menu_order":0,"comment_status":"closed","ping_status":"closed","template":"","meta":{"_et_pb_use_builder":"on","_et_pb_old_content":"<!-- wp:divi\/placeholder \/-->","_et_gb_content_width":""},"_links":{"self":[{"href":"https:\/\/quloi.com\/tr\/wp-json\/wp\/v2\/pages\/509"}],"collection":[{"href":"https:\/\/quloi.com\/tr\/wp-json\/wp\/v2\/pages"}],"about":[{"href":"https:\/\/quloi.com\/tr\/wp-json\/wp\/v2\/types\/page"}],"author":[{"embeddable":true,"href":"https:\/\/quloi.com\/tr\/wp-json\/wp\/v2\/users\/4"}],"replies":[{"embeddable":true,"href":"https:\/\/quloi.com\/tr\/wp-json\/wp\/v2\/comments?post=509"}],"version-history":[{"count":2,"href":"https:\/\/quloi.com\/tr\/wp-json\/wp\/v2\/pages\/509\/revisions"}],"predecessor-version":[{"id":6298,"href":"https:\/\/quloi.com\/tr\/wp-json\/wp\/v2\/pages\/509\/revisions\/6298"}],"wp:attachment":[{"href":"https:\/\/quloi.com\/tr\/wp-json\/wp\/v2\/media?parent=509"}],"curies":[{"name":"wp","href":"https:\/\/api.w.org\/{rel}","templated":true}]}}