{"id":5165,"date":"2024-03-14T16:40:29","date_gmt":"2024-03-14T16:40:29","guid":{"rendered":"https:\/\/www.quloi.com\/?page_id=5165"},"modified":"2024-05-29T02:25:54","modified_gmt":"2024-05-29T02:25:54","slug":"entegre-tedarik-zinciri-ureticiler-icin-artik-bir-secenek-degil","status":"publish","type":"page","link":"https:\/\/quloi.com\/tr\/kaynaklar\/whitepaper\/entegre-tedarik-zinciri-ureticiler-icin-artik-bir-secenek-degil\/","title":{"rendered":"Integrated Supply Chain: No Longer Optional For Manufacturers"},"content":{"rendered":"<p>[et_pb_section fb_built=&#8221;1&#8243; _builder_version=&#8221;4.23.3&#8243; _module_preset=&#8221;default&#8221; background_color=&#8221;#f3f7fa&#8221; global_colors_info=&#8221;{}&#8221;][et_pb_row column_structure=&#8221;1_2,1_2&#8243; _builder_version=&#8221;4.23.3&#8243; _module_preset=&#8221;default&#8221; max_width=&#8221;80%&#8221; global_colors_info=&#8221;{}&#8221;][et_pb_column type=&#8221;1_2&#8243; _builder_version=&#8221;4.23.1&#8243; _module_preset=&#8221;default&#8221; global_colors_info=&#8221;{}&#8221;][et_pb_text content_tablet=&#8221;<\/p>\n<p>\u00a0<\/p>\n<h1><strong>Entegre Tedarik Zinciri: \u00dcreticiler \u0130\u00e7in Art\u0131k Bir Se\u00e7enek De\u011fil<\/strong><\/h1>\n<p>&#8221; content_phone=&#8221;<\/p>\n<p>\u00a0<\/p>\n<h1><strong>Entegre Tedarik Zinciri: \u00dcreticiler \u0130\u00e7in Art\u0131k Bir Se\u00e7enek De\u011fil<\/strong><\/h1>\n<p>&#8221; content_last_edited=&#8221;on|tablet&#8221; _builder_version=&#8221;4.24.2&#8243; _module_preset=&#8221;default&#8221; header_text_color=&#8221;#1d3e69&#8243; header_font_size=&#8221;55px&#8221; header_line_height=&#8221;1.1em&#8221; custom_margin=&#8221;0px||100px||false|false&#8221; custom_margin_tablet=&#8221;20px||30px||false|false&#8221; custom_margin_phone=&#8221;20px||0px||false|false&#8221; custom_margin_last_edited=&#8221;on|phone&#8221; animation_style=&#8221;slide&#8221; animation_direction=&#8221;top&#8221; header_font_tablet=&#8221;&#8221; header_font_phone=&#8221;&#8221; header_font_last_edited=&#8221;on|tablet&#8221; header_font_size_tablet=&#8221;55px&#8221; header_font_size_phone=&#8221;35px&#8221; header_font_size_last_edited=&#8221;on|phone&#8221; global_colors_info=&#8221;{}&#8221;]<\/p>\n<h1><strong>Entegre Tedarik Zinciri: \u00dcreticiler \u0130\u00e7in Art\u0131k Bir Se\u00e7enek De\u011fil\u00a0<\/strong><\/h1>\n<p>[\/et_pb_text][\/et_pb_column][et_pb_column type=&#8221;1_2&#8243; _builder_version=&#8221;4.23.1&#8243; _module_preset=&#8221;default&#8221; global_colors_info=&#8221;{}&#8221;][et_pb_image src=&#8221;https:\/\/www.quloi.com\/wp-content\/uploads\/2024\/02\/Whitepaper-SupplyChain.webp&#8221; title_text=&#8221;Whitepaper-SupplyChain&#8221; _builder_version=&#8221;4.23.3&#8243; _module_preset=&#8221;default&#8221; border_radii=&#8221;on|8px|8px|8px|8px&#8221; global_colors_info=&#8221;{}&#8221;][\/et_pb_image][\/et_pb_column][\/et_pb_row][et_pb_row _builder_version=&#8221;4.23.3&#8243; _module_preset=&#8221;default&#8221; background_color=&#8221;#08192d&#8221; max_width=&#8221;80%&#8221; border_radii=&#8221;on|8px|8px|8px|8px&#8221; global_colors_info=&#8221;{}&#8221;][et_pb_column type=&#8221;4_4&#8243; _builder_version=&#8221;4.23.3&#8243; _module_preset=&#8221;default&#8221; global_colors_info=&#8221;{}&#8221;][et_pb_text content_tablet=&#8221;<\/p>\n<p>D\u00fcnyan\u0131n d\u00f6rt bir yan\u0131nda \u00fcreticiler, sekt\u00f6r\u00fcn b\u00fcy\u00fcme ivmesini s\u0131n\u0131rlayabilecek zay\u0131f veri, s\u0131n\u0131rl\u0131 g\u00f6r\u00fcn\u00fcrl\u00fck, kalite sorunlar\u0131, stok s\u0131k\u0131nt\u0131s\u0131, teslimat gecikmeleri vb. sorunlar\u0131n a\u011f\u0131rl\u0131\u011f\u0131 alt\u0131nda inliyor. Geleneksel \u00fcretim uygulamalar\u0131na s\u00fcrekli ve yo\u011fun bir \u015fekilde bel ba\u011flanmas\u0131 operasyonel verimlili\u011fi engellemektedir. Daha da k\u00f6t\u00fcs\u00fc, sat\u0131n alma uzmanlar\u0131 g\u00fcvenebilecekleri tek bir do\u011fruluk kayna\u011f\u0131na sahip olmad\u0131klar\u0131nda, farkl\u0131 sistemlerden gelen zay\u0131f veriler i\u015f s\u00fcreklili\u011fini engeller. As\u0131l soru, \u00fcreticilerin par\u00e7alanm\u0131\u015f tedarik zincirleriyle nas\u0131l kal\u0131c\u0131 de\u011fer olu\u015fturabilecekleridir.<\/p>\n<p>Tedarik zinciri entegrasyonu yard\u0131mc\u0131 olurken neden par\u00e7al\u0131 sistemlere g\u00fcvenelim?<\/p>\n<p>&#8221; content_phone=&#8221;<\/p>\n<p>D\u00fcnyan\u0131n d\u00f6rt bir yan\u0131nda \u00fcreticiler, sekt\u00f6r\u00fcn b\u00fcy\u00fcme ivmesini s\u0131n\u0131rlayabilecek zay\u0131f veri, s\u0131n\u0131rl\u0131 g\u00f6r\u00fcn\u00fcrl\u00fck, kalite sorunlar\u0131, stok s\u0131k\u0131nt\u0131s\u0131, teslimat gecikmeleri vb. sorunlar\u0131n a\u011f\u0131rl\u0131\u011f\u0131 alt\u0131nda inliyor. Geleneksel \u00fcretim uygulamalar\u0131na s\u00fcrekli ve yo\u011fun bir \u015fekilde bel ba\u011flanmas\u0131 operasyonel verimlili\u011fi engellemektedir. Daha da k\u00f6t\u00fcs\u00fc, sat\u0131n alma uzmanlar\u0131 g\u00fcvenebilecekleri tek bir do\u011fruluk kayna\u011f\u0131na sahip olmad\u0131klar\u0131nda, farkl\u0131 sistemlerden gelen zay\u0131f veriler i\u015f s\u00fcreklili\u011fini engeller. As\u0131l soru, \u00fcreticilerin par\u00e7alanm\u0131\u015f tedarik zincirleriyle nas\u0131l kal\u0131c\u0131 de\u011fer olu\u015fturabilecekleridir.<\/p>\n<p>Tedarik zinciri entegrasyonu yard\u0131mc\u0131 olurken neden par\u00e7al\u0131 sistemlere g\u00fcvenelim?<\/p>\n<p>&#8221; content_last_edited=&#8221;on|phone&#8221; _builder_version=&#8221;4.24.2&#8243; _module_preset=&#8221;default&#8221; text_text_color=&#8221;#FFFFFF&#8221; text_font_size=&#8221;18px&#8221; custom_padding=&#8221;20px|30px|20px|30px|false|false&#8221; animation_style=&#8221;slide&#8221; animation_direction=&#8221;top&#8221; text_font_size_tablet=&#8221;&#8221; text_font_size_phone=&#8221;&#8221; text_font_size_last_edited=&#8221;on|phone&#8221; global_colors_info=&#8221;{}&#8221;]<\/p>\n<p><span>D\u00fcnyan\u0131n d\u00f6rt bir yan\u0131nda \u00fcreticiler, sekt\u00f6r\u00fcn b\u00fcy\u00fcme ivmesini s\u0131n\u0131rlayabilecek zay\u0131f veri, s\u0131n\u0131rl\u0131 g\u00f6r\u00fcn\u00fcrl\u00fck, kalite sorunlar\u0131, stok s\u0131k\u0131nt\u0131s\u0131, teslimat gecikmeleri vb. sorunlar\u0131n a\u011f\u0131rl\u0131\u011f\u0131 alt\u0131nda inliyor. Geleneksel \u00fcretim uygulamalar\u0131na s\u00fcrekli ve yo\u011fun bir \u015fekilde bel ba\u011flanmas\u0131 operasyonel verimlili\u011fi engellemektedir. Daha da k\u00f6t\u00fcs\u00fc, sat\u0131n alma uzmanlar\u0131 g\u00fcvenebilecekleri tek bir do\u011fruluk kayna\u011f\u0131na sahip olmad\u0131klar\u0131nda, farkl\u0131 sistemlerden gelen zay\u0131f veriler i\u015f s\u00fcreklili\u011fini engeller. As\u0131l soru, \u00fcreticilerin par\u00e7alanm\u0131\u015f tedarik zincirleriyle nas\u0131l kal\u0131c\u0131 de\u011fer olu\u015fturabilecekleridir.<\/span><span><\/span><\/p>\n<p><span>Tedarik zinciri entegrasyonu yard\u0131mc\u0131 olurken neden par\u00e7al\u0131 sistemlere g\u00fcvenelim?<\/span><\/p>\n<p>[\/et_pb_text][\/et_pb_column][\/et_pb_row][\/et_pb_section][et_pb_section fb_built=&#8221;1&#8243; _builder_version=&#8221;4.24.2&#8243; _module_preset=&#8221;default&#8221; custom_margin=&#8221;0px||||false|false&#8221; custom_padding=&#8221;0px||||false|false&#8221; custom_padding_tablet=&#8221;0vh||0vh||true|false&#8221; global_colors_info=&#8221;{}&#8221;][et_pb_row column_structure=&#8221;1_2,1_2&#8243; _builder_version=&#8221;4.23.3&#8243; _module_preset=&#8221;default&#8221; max_width=&#8221;80%&#8221; global_colors_info=&#8221;{}&#8221;][et_pb_column type=&#8221;1_2&#8243; _builder_version=&#8221;4.23.3&#8243; _module_preset=&#8221;default&#8221; global_colors_info=&#8221;{}&#8221;][et_pb_text content_tablet=&#8221;<\/p>\n<p><span style=%22color: #000000;%22>Dijitalle\u015fmenin i\u015f d\u00fcnyas\u0131n\u0131 etkilemesiyle birlikte, veri ve bilgi ak\u0131\u015f\u0131n\u0131 iyile\u015ftirecek y\u00f6ntemlere ihtiya\u00e7 duyulmaktad\u0131r. Bu sadece bir zamanlar manuel ve ka\u011f\u0131t tabanl\u0131 olan veri ve bilgilerin dijitalle\u015ftirilmesi anlam\u0131na gelmiyor.<\/span><\/p>\n<p><span style=%22color: #000000;%22>Oda\u011f\u0131n, gereksiz manuel g\u00f6revler i\u00e7in harcanan zaman\u0131 azaltarak, daha d\u00fc\u015f\u00fck maliyetler yoluyla rekabet g\u00fcc\u00fcn\u00fc art\u0131rarak ve m\u00fc\u015fterilere de\u011fer temelli hizmetler sunarak \u00fcretkenli\u011fi potansiyel olarak art\u0131rabilecek ba\u011flant\u0131l\u0131, entegre tedarik zincirlerine kayd\u0131r\u0131lmas\u0131n\u0131 gerektirir.<\/span><span><\/span><\/p>\n<p>&#8221; content_phone=&#8221;<\/p>\n<p><span style=%22color: #000000;%22>Dijitalle\u015fmenin i\u015f d\u00fcnyas\u0131n\u0131 etkilemesiyle birlikte, veri ve bilgi ak\u0131\u015f\u0131n\u0131 iyile\u015ftirecek y\u00f6ntemlere ihtiya\u00e7 duyulmaktad\u0131r. Bu sadece bir zamanlar manuel ve ka\u011f\u0131t tabanl\u0131 olan veri ve bilgilerin dijitalle\u015ftirilmesi anlam\u0131na gelmiyor.<\/span><\/p>\n<p><span style=%22color: #000000;%22>Oda\u011f\u0131n, gereksiz manuel g\u00f6revler i\u00e7in harcanan zaman\u0131 azaltarak, daha d\u00fc\u015f\u00fck maliyetler yoluyla rekabet g\u00fcc\u00fcn\u00fc art\u0131rarak ve m\u00fc\u015fterilere de\u011fer temelli hizmetler sunarak \u00fcretkenli\u011fi potansiyel olarak art\u0131rabilecek ba\u011flant\u0131l\u0131, entegre tedarik zincirlerine kayd\u0131r\u0131lmas\u0131n\u0131 gerektirir.<\/span><\/p>\n<p>&#8221; content_last_edited=&#8221;on|phone&#8221; _builder_version=&#8221;4.24.2&#8243; _module_preset=&#8221;default&#8221; text_text_color=&#8221;#FFFFFF&#8221; text_font_size=&#8221;18px&#8221; animation_style=&#8221;slide&#8221; animation_direction=&#8221;top&#8221; text_font_size_tablet=&#8221;&#8221; text_font_size_phone=&#8221;&#8221; text_font_size_last_edited=&#8221;on|phone&#8221; global_colors_info=&#8221;{}&#8221;]<\/p>\n<p><span style=\"color: #000000;\">Dijitalle\u015fmenin i\u015f d\u00fcnyas\u0131n\u0131 etkilemesiyle birlikte, veri ve bilgi ak\u0131\u015f\u0131n\u0131 iyile\u015ftirecek y\u00f6ntemlere ihtiya\u00e7 duyulmaktad\u0131r. Bu sadece bir zamanlar manuel ve ka\u011f\u0131t tabanl\u0131 olan veri ve bilgilerin dijitalle\u015ftirilmesi anlam\u0131na gelmiyor.<\/span><\/p>\n<p><span style=\"color: #000000;\">Oda\u011f\u0131n, gereksiz manuel g\u00f6revler i\u00e7in harcanan zaman\u0131 azaltarak, daha d\u00fc\u015f\u00fck maliyetler yoluyla rekabet g\u00fcc\u00fcn\u00fc art\u0131rarak ve m\u00fc\u015fterilere de\u011fer temelli hizmetler sunarak \u00fcretkenli\u011fi potansiyel olarak art\u0131rabilecek ba\u011flant\u0131l\u0131, entegre tedarik zincirlerine kayd\u0131r\u0131lmas\u0131n\u0131 gerektirir.<\/span><span style=\"color: #606060;\"> <\/span><span style=\"color: #606060;\"><\/span><\/p>\n<p>[\/et_pb_text][et_pb_text content_tablet=&#8221;<\/p>\n<p><span style=%22color: #000000;%22>Entegre bir yakla\u015f\u0131m, \u00fcreticilerin s\u0131radan g\u00f6revleri otomatikle\u015ftirmesine ve proje tamamlama gecikmeleri, a\u015f\u0131lan b\u00fct\u00e7eler ve kar\u015f\u0131lanamayan t\u00fcketici talepleriyle m\u00fccadele etmesine olanak tan\u0131r. Entegre bir yakla\u015f\u0131m\u0131n \u00fcreticiler i\u00e7in nas\u0131l bir oyun de\u011fi\u015ftirici oldu\u011funu anlamak, \u00fcretim s\u00fcre\u00e7lerini optimize etmede \u00e7ok \u00f6nemlidir.<\/span><\/p>\n<p><span style=%22color: #000000;%22>Tedarik zincirleri birbirine ba\u011fl\u0131 ve entegre oldu\u011funda, \u00fcreticiler envanter seviyeleri, \u00fcretim durumu, sevkiyatlar ve daha fazlas\u0131yla ilgili verilere eri\u015febilir. Sonu\u00e7 olarak, stratejik kararlara y\u00f6n verebilirler. U\u00e7tan uca g\u00f6r\u00fcn\u00fcrl\u00fck, etkin i\u015fbirli\u011fi ve sipari\u015f otomasyonu, \u00fcreticilerin darbo\u011fazlar\u0131, potansiyel aksakl\u0131klar\u0131 veya gecikmeleri b\u00fcy\u00fcmeden ve \u00fcretim veya teslimat programlar\u0131n\u0131 etkilemeden \u00f6nce belirlemelerine ve ele almalar\u0131na olanak tan\u0131r.<\/span><\/p>\n<p>&#8221; content_phone=&#8221;<\/p>\n<p><span style=%22color: #000000;%22>Tedarik zincirleri birbirine ba\u011fl\u0131 ve entegre oldu\u011funda, \u00fcreticiler envanter seviyeleri, \u00fcretim durumu, sevkiyatlar ve daha fazlas\u0131yla ilgili verilere eri\u015febilir. Sonu\u00e7 olarak, stratejik kararlara y\u00f6n verebilirler. U\u00e7tan uca g\u00f6r\u00fcn\u00fcrl\u00fck, etkin i\u015fbirli\u011fi ve sipari\u015f otomasyonu, \u00fcreticilerin darbo\u011fazlar\u0131, potansiyel aksakl\u0131klar\u0131 veya gecikmeleri b\u00fcy\u00fcmeden ve \u00fcretim veya teslimat programlar\u0131n\u0131 etkilemeden \u00f6nce belirlemelerine ve ele almalar\u0131na olanak tan\u0131r.<\/span><\/p>\n<p>&#8221; content_last_edited=&#8221;on|phone&#8221; _builder_version=&#8221;4.24.2&#8243; _module_preset=&#8221;default&#8221; text_text_color=&#8221;#FFFFFF&#8221; text_font_size=&#8221;18px&#8221; animation_style=&#8221;slide&#8221; animation_direction=&#8221;top&#8221; text_font_size_tablet=&#8221;&#8221; text_font_size_phone=&#8221;&#8221; text_font_size_last_edited=&#8221;on|phone&#8221; global_colors_info=&#8221;{}&#8221;]<\/p>\n<p><span style=\"color: #000000;\">Entegre bir yakla\u015f\u0131m, \u00fcreticilerin s\u0131radan g\u00f6revleri otomatikle\u015ftirmesine ve proje tamamlama gecikmeleri, a\u015f\u0131lan b\u00fct\u00e7eler ve kar\u015f\u0131lanamayan t\u00fcketici talepleriyle m\u00fccadele etmesine olanak tan\u0131r. Entegre bir yakla\u015f\u0131m\u0131n \u00fcreticiler i\u00e7in nas\u0131l bir oyun de\u011fi\u015ftirici oldu\u011funu anlamak, \u00fcretim s\u00fcre\u00e7lerini optimize etmede \u00e7ok \u00f6nemlidir.<\/span><\/p>\n<p><span style=\"color: #000000;\">Tedarik zincirleri birbirine ba\u011fl\u0131 ve entegre oldu\u011funda, \u00fcreticiler envanter seviyeleri, \u00fcretim durumu, sevkiyatlar ve daha fazlas\u0131yla ilgili verilere eri\u015febilir. Sonu\u00e7 olarak, stratejik kararlara y\u00f6n verebilirler. U\u00e7tan uca g\u00f6r\u00fcn\u00fcrl\u00fck, etkin i\u015fbirli\u011fi ve sipari\u015f otomasyonu, \u00fcreticilerin darbo\u011fazlar\u0131, potansiyel aksakl\u0131klar\u0131 veya gecikmeleri b\u00fcy\u00fcmeden ve \u00fcretim veya teslimat programlar\u0131n\u0131 etkilemeden \u00f6nce belirlemelerine ve ele almalar\u0131na olanak tan\u0131r.<\/span><\/p>\n<p>[\/et_pb_text][\/et_pb_column][et_pb_column type=&#8221;1_2&#8243; _builder_version=&#8221;4.23.3&#8243; _module_preset=&#8221;default&#8221; global_colors_info=&#8221;{}&#8221;][et_pb_text content_tablet=&#8221;<\/p>\n<h2><span>Entegre Tedarik Zinciri \u00c7\u00f6z\u00fcmleri ile \u00dcretim S\u00fcre\u00e7lerini Otomatikle\u015ftirin ve Optimize Edin<\/span><\/h2>\n<p>&#8221; content_phone=&#8221;<\/p>\n<h2>Entegre Tedarik Zinciri \u00c7\u00f6z\u00fcmleri ile \u00dcretim S\u00fcre\u00e7lerini Otomatikle\u015ftirin ve Optimize Edin<\/h2>\n<p>&#8221; content_last_edited=&#8221;on|phone&#8221; _builder_version=&#8221;4.24.2&#8243; _module_preset=&#8221;default&#8221; header_text_color=&#8221;#1d3e69&#8243; header_font_size=&#8221;48px&#8221; header_line_height=&#8221;1.1em&#8221; header_2_text_color=&#8221;#0d80ed&#8221; header_2_font_size=&#8221;45px&#8221; header_2_line_height=&#8221;1.1em&#8221; custom_margin=&#8221;180px||||false|false&#8221; custom_margin_tablet=&#8221;20px||||false|false&#8221; custom_margin_phone=&#8221;20px||||false|false&#8221; custom_margin_last_edited=&#8221;on|tablet&#8221; animation_style=&#8221;slide&#8221; animation_direction=&#8221;bottom&#8221; header_2_font_size_tablet=&#8221;45px&#8221; header_2_font_size_phone=&#8221;35px&#8221; global_colors_info=&#8221;{}&#8221;]<\/p>\n<h2 style=\"text-align: left;\"><span style=\"color: #1d3e69;\">Entegre Tedarik Zinciri \u00c7\u00f6z\u00fcmleri ile \u00dcretim S\u00fcre\u00e7lerini Otomatikle\u015ftirin ve Optimize Edin<\/span><\/h2>\n<p>[\/et_pb_text][\/et_pb_column][\/et_pb_row][\/et_pb_section][et_pb_section fb_built=&#8221;1&#8243; _builder_version=&#8221;4.23.3&#8243; _module_preset=&#8221;default&#8221; background_color=&#8221;#f3f7fa&#8221; min_height=&#8221;3094px&#8221; global_colors_info=&#8221;{}&#8221;][et_pb_row column_structure=&#8221;1_2,1_2&#8243; _builder_version=&#8221;4.24.2&#8243; _module_preset=&#8221;default&#8221; max_width=&#8221;80%&#8221; global_colors_info=&#8221;{}&#8221;][et_pb_column type=&#8221;1_2&#8243; _builder_version=&#8221;4.23.3&#8243; _module_preset=&#8221;default&#8221; global_colors_info=&#8221;{}&#8221;][et_pb_text content_tablet=&#8221;<\/p>\n<h2><span>\u015eimdi indirin ve optimize edilmi\u015f bir tedarik zincirinin potansiyelini ortaya \u00e7\u0131kar\u0131n.<\/span><\/h2>\n<p>&#8221; content_phone=&#8221;<\/p>\n<h2><span>\u015eimdi indirin ve optimize edilmi\u015f bir tedarik zincirinin potansiyelini ortaya \u00e7\u0131kar\u0131n.<\/span><\/h2>\n<p>&#8221; content_last_edited=&#8221;on|phone&#8221; _builder_version=&#8221;4.24.2&#8243; _module_preset=&#8221;default&#8221; header_text_color=&#8221;#1d3e69&#8243; header_font_size=&#8221;48px&#8221; header_line_height=&#8221;1.1em&#8221; header_2_text_color=&#8221;#0d80ed&#8221; header_2_font_size=&#8221;45px&#8221; header_2_line_height=&#8221;1.1em&#8221; min_height=&#8221;3136px&#8221; custom_margin=&#8221;-1px||||false|false&#8221; custom_margin_tablet=&#8221;20px||||false|false&#8221; custom_margin_phone=&#8221;20px||||false|false&#8221; custom_margin_last_edited=&#8221;on|tablet&#8221; animation_style=&#8221;slide&#8221; animation_direction=&#8221;bottom&#8221; header_2_font_size_tablet=&#8221;45px&#8221; header_2_font_size_phone=&#8221;35px&#8221; global_colors_info=&#8221;{}&#8221;]<\/p>\n<h2><span style=\"color: #1d3e69;\">\u015eimdi indirin ve optimize edilmi\u015f bir tedarik zincirinin potansiyelini ortaya \u00e7\u0131kar\u0131n.<\/span><\/h2>\n<p>[\/et_pb_text][\/et_pb_column][et_pb_column type=&#8221;1_2&#8243; _builder_version=&#8221;4.23.3&#8243; _module_preset=&#8221;default&#8221; global_colors_info=&#8221;{}&#8221;][et_pb_code _builder_version=&#8221;4.24.2&#8243; _module_preset=&#8221;default&#8221; min_height=&#8221;359.1px&#8221; hover_enabled=&#8221;0&#8243; global_colors_info=&#8221;{}&#8221; sticky_enabled=&#8221;0&#8243;]<iframe aria-label='Entegre Tedarik Zinciri: \u00dcreticiler \u0130\u00e7in Art\u0131k Bir Se\u00e7enek De\u011fil' frameborder=\"0\" style=\"height:850px;width:99%;border:none;\" src='https:\/\/forms.zohopublic.in\/quloiportal712\/form\/EntegreTedarikZincirireticilerinArtkBirSeenekDeil\/formperma\/x29uKuHBnfLyxJcUZdXQi2jZvEQMzO0x9qgT-WH6ffA'><\/iframe>[\/et_pb_code][\/et_pb_column][\/et_pb_row][\/et_pb_section]<\/p>\n","protected":false},"excerpt":{"rendered":"<p>Entegre Tedarik Zinciri: \u00dcreticiler \u0130\u00e7in Art\u0131k Bir Se\u00e7enek De\u011fil\u00a0D\u00fcnyan\u0131n d\u00f6rt bir yan\u0131nda \u00fcreticiler, sekt\u00f6r\u00fcn b\u00fcy\u00fcme ivmesini s\u0131n\u0131rlayabilecek zay\u0131f veri, s\u0131n\u0131rl\u0131 g\u00f6r\u00fcn\u00fcrl\u00fck, kalite sorunlar\u0131, stok s\u0131k\u0131nt\u0131s\u0131, teslimat gecikmeleri vb. sorunlar\u0131n a\u011f\u0131rl\u0131\u011f\u0131 alt\u0131nda inliyor. Geleneksel \u00fcretim uygulamalar\u0131na s\u00fcrekli ve yo\u011fun bir \u015fekilde bel ba\u011flanmas\u0131 operasyonel verimlili\u011fi engellemektedir. Daha da k\u00f6t\u00fcs\u00fc, sat\u0131n alma uzmanlar\u0131 g\u00fcvenebilecekleri tek bir do\u011fruluk [&hellip;]<\/p>\n","protected":false},"author":4,"featured_media":5175,"parent":2422,"menu_order":0,"comment_status":"closed","ping_status":"closed","template":"","meta":{"_et_pb_use_builder":"on","_et_pb_old_content":"","_et_gb_content_width":""},"_links":{"self":[{"href":"https:\/\/quloi.com\/tr\/wp-json\/wp\/v2\/pages\/5165"}],"collection":[{"href":"https:\/\/quloi.com\/tr\/wp-json\/wp\/v2\/pages"}],"about":[{"href":"https:\/\/quloi.com\/tr\/wp-json\/wp\/v2\/types\/page"}],"author":[{"embeddable":true,"href":"https:\/\/quloi.com\/tr\/wp-json\/wp\/v2\/users\/4"}],"replies":[{"embeddable":true,"href":"https:\/\/quloi.com\/tr\/wp-json\/wp\/v2\/comments?post=5165"}],"version-history":[{"count":11,"href":"https:\/\/quloi.com\/tr\/wp-json\/wp\/v2\/pages\/5165\/revisions"}],"predecessor-version":[{"id":5917,"href":"https:\/\/quloi.com\/tr\/wp-json\/wp\/v2\/pages\/5165\/revisions\/5917"}],"up":[{"embeddable":true,"href":"https:\/\/quloi.com\/tr\/wp-json\/wp\/v2\/pages\/2422"}],"wp:featuredmedia":[{"embeddable":true,"href":"https:\/\/quloi.com\/tr\/wp-json\/"}],"wp:attachment":[{"href":"https:\/\/quloi.com\/tr\/wp-json\/wp\/v2\/media?parent=5165"}],"curies":[{"name":"wp","href":"https:\/\/api.w.org\/{rel}","templated":true}]}}